{"id":6481,"date":"2024-10-31T13:59:07","date_gmt":"2024-10-31T06:59:07","guid":{"rendered":"https:\/\/biosciences.vn\/?post_type=product&#038;p=6481"},"modified":"2025-08-28T14:55:09","modified_gmt":"2025-08-28T07:55:09","slug":"nzy-lamp-fluorescent-dye-50x-1","status":"publish","type":"product","link":"https:\/\/biosciences.vn\/index.php\/product\/nzy-lamp-fluorescent-dye-50x-1\/","title":{"rendered":"NZY LAMP Fluorescent dye 50x\n  (MB45401)"},"content":{"rendered":"<p><strong>Unit size:<\/strong> 250 \u00b5L<\/p>\n<p><span>Thu\u1ed1c nhu\u1ed9m hu\u1ef3nh quang t\u01b0\u01a1ng th\u00edch v\u1edbi NZY Bst DNA Polymerase, ph\u00f9 h\u1ee3p \u0111\u1ec3 b\u00e1o c\u00e1o qLAMP trong thi\u1ebft b\u1ecb PCR th\u1eddi gian th\u1ef1c khi \u0111o trong k\u00eanh SYBR\/FAM.<\/span><\/p>\n<p><span>Thu\u1ed1c nhu\u1ed9m hu\u1ef3nh quang NZY LAMP 50x l\u00e0 thu\u1ed1c nhu\u1ed9m hu\u1ef3nh quang xen k\u1ebd DNA \u0111\u01b0\u1ee3c t\u1ed1i \u01b0u h\u00f3a v\u00e0 hi\u1ec7u qu\u1ea3 cao \u0111\u01b0\u1ee3c ph\u00e1t tri\u1ec3n tr\u1ef1c ti\u1ebfp cho c\u00e1c x\u00e9t nghi\u1ec7m khu\u1ebfch \u0111\u1ea1i \u0111\u1eb3ng nhi\u1ec7t trung gian v\u00f2ng l\u1eb7p (LAMP). Thu\u1ed1c nhu\u1ed9m hu\u1ef3nh quang n\u00e0y cho ph\u00e9p c\u00e1c quy tr\u00ecnh nhanh v\u00e0 c\u00f3 kh\u1ea3 n\u0103ng t\u00e1i t\u1ea1o cao tr\u00ean thi\u1ebft b\u1ecb PCR th\u1eddi gian th\u1ef1c ph\u1ed5 bi\u1ebfn nh\u1ea5t, v\u1edbi \u0111i\u1ec1u ki\u1ec7n l\u00e0 n\u00f3 \u0111\u01b0\u1ee3c k\u00edch th\u00edch v\u00e0 b\u00e1o c\u00e1o hu\u1ef3nh quang b\u1eb1ng k\u00eanh SYBR\/FAM, m\u1ed9t k\u00eanh hu\u1ef3nh quang ph\u1ed5 bi\u1ebfn.<\/span><\/p>\n<p><span>Nh\u1eefng ti\u1ebfn b\u1ed9 m\u1edbi nh\u1ea5t trong c\u00f4ng ngh\u1ec7 LAMP \u0111\u00e3 \u0111\u01b0\u1ee3c k\u1ebft h\u1ee3p trong qu\u00e1 tr\u00ecnh ph\u00e1t tri\u1ec3n thu\u1ed1c nhu\u1ed9m n\u00e0y, do \u0111\u00f3 cho ph\u00e9p b\u00e1o c\u00e1o DNA ch\u00ednh x\u00e1c, \u0111\u00e1ng tin c\u1eady v\u00e0 \u1ed5n \u0111\u1ecbnh. \u0110i\u1ec1u n\u00e0y \u0111\u1ea3m b\u1ea3o r\u1eb1ng thu\u1ed1c nhu\u1ed9m hu\u1ef3nh quang NZY LAMP 50x mang l\u1ea1i \u0111\u1ed9 nh\u1ea1y k\u1ebft h\u1ee3p v\u1edbi c\u00e1c giao th\u1ee9c LAMP c\u00f3 kh\u1ea3 n\u0103ng t\u00e1i t\u1ea1o cao v\u00e0 nhanh ch\u00f3ng.<\/span><\/p>\n","protected":false},"excerpt":{"rendered":"<p>Unit size: 250 \u00b5L Thu\u1ed1c nhu\u1ed9m hu\u1ef3nh quang t\u01b0\u01a1ng th\u00edch v\u1edbi NZY Bst DNA Polymerase, ph\u00f9 h\u1ee3p \u0111\u1ec3 b\u00e1o c\u00e1o qLAMP trong thi\u1ebft b\u1ecb PCR th\u1eddi gian th\u1ef1c khi \u0111o trong k\u00eanh SYBR\/FAM. Thu\u1ed1c nhu\u1ed9m hu\u1ef3nh quang NZY LAMP 50x l\u00e0 thu\u1ed1c nhu\u1ed9m hu\u1ef3nh quang xen k\u1ebd DNA \u0111\u01b0\u1ee3c t\u1ed1i \u01b0u h\u00f3a v\u00e0 hi\u1ec7u qu\u1ea3 [&hellip;]<\/p>\n","protected":false},"featured_media":6394,"comment_status":"open","ping_status":"closed","template":"","meta":[],"pwb-brand":[933],"product_cat":[434,731,822],"product_tag":[],"class_list":{"0":"post-6481","1":"product","2":"type-product","3":"status-publish","4":"has-post-thumbnail","6":"pwb-brand-nzytech","7":"product_cat-khoa-hoc-su-song","8":"product_cat-sinh-hoc-phan-tu","9":"product_cat-isothermal-amplification-vi","11":"first","12":"onbackorder","13":"shipping-taxable","14":"purchasable","15":"product-type-simple"},"yoast_head":"<!-- This site is optimized with the Yoast SEO plugin v23.6 - https:\/\/yoast.com\/wordpress\/plugins\/seo\/ -->\n<title>NZY LAMP Fluorescent dye 50x  (MB45401) - Biosciences<\/title>\n<meta name=\"robots\" content=\"index, follow, max-snippet:-1, max-image-preview:large, max-video-preview:-1\" \/>\n<link rel=\"canonical\" href=\"https:\/\/biosciences.vn\/index.php\/product\/nzy-lamp-fluorescent-dye-50x-1\/\" \/>\n<meta property=\"og:locale\" content=\"en_US\" \/>\n<meta property=\"og:type\" content=\"article\" \/>\n<meta property=\"og:title\" content=\"NZY LAMP Fluorescent dye 50x  (MB45401) - Biosciences\" \/>\n<meta property=\"og:description\" content=\"Unit size: 250 \u00b5L Thu\u1ed1c nhu\u1ed9m hu\u1ef3nh quang t\u01b0\u01a1ng th\u00edch v\u1edbi NZY Bst DNA Polymerase, ph\u00f9 h\u1ee3p \u0111\u1ec3 b\u00e1o c\u00e1o qLAMP trong thi\u1ebft b\u1ecb PCR th\u1eddi gian th\u1ef1c khi \u0111o trong k\u00eanh SYBR\/FAM. Thu\u1ed1c nhu\u1ed9m hu\u1ef3nh quang NZY LAMP 50x l\u00e0 thu\u1ed1c nhu\u1ed9m hu\u1ef3nh quang xen k\u1ebd DNA \u0111\u01b0\u1ee3c t\u1ed1i \u01b0u h\u00f3a v\u00e0 hi\u1ec7u qu\u1ea3 [&hellip;]\" \/>\n<meta property=\"og:url\" content=\"https:\/\/biosciences.vn\/index.php\/product\/nzy-lamp-fluorescent-dye-50x-1\/\" \/>\n<meta property=\"og:site_name\" content=\"Biosciences\" \/>\n<meta property=\"article:modified_time\" content=\"2025-08-28T07:55:09+00:00\" \/>\n<meta property=\"og:image\" content=\"https:\/\/biosciences.vn\/wp-content\/uploads\/2024\/10\/NZYtech-.jpg\" \/>\n\t<meta property=\"og:image:width\" content=\"700\" \/>\n\t<meta property=\"og:image:height\" content=\"700\" \/>\n\t<meta property=\"og:image:type\" content=\"image\/jpeg\" \/>\n<meta name=\"twitter:card\" content=\"summary_large_image\" \/>\n<meta name=\"twitter:label1\" content=\"Est. reading time\" \/>\n\t<meta name=\"twitter:data1\" content=\"1 minute\" \/>\n<script type=\"application\/ld+json\" class=\"yoast-schema-graph\">{\"@context\":\"https:\/\/schema.org\",\"@graph\":[{\"@type\":\"WebPage\",\"@id\":\"https:\/\/biosciences.vn\/index.php\/product\/nzy-lamp-fluorescent-dye-50x-1\/\",\"url\":\"https:\/\/biosciences.vn\/index.php\/product\/nzy-lamp-fluorescent-dye-50x-1\/\",\"name\":\"NZY LAMP Fluorescent dye 50x (MB45401) - Biosciences\",\"isPartOf\":{\"@id\":\"https:\/\/biosciences.vn\/#website\"},\"primaryImageOfPage\":{\"@id\":\"https:\/\/biosciences.vn\/index.php\/product\/nzy-lamp-fluorescent-dye-50x-1\/#primaryimage\"},\"image\":{\"@id\":\"https:\/\/biosciences.vn\/index.php\/product\/nzy-lamp-fluorescent-dye-50x-1\/#primaryimage\"},\"thumbnailUrl\":\"https:\/\/biosciences.vn\/wp-content\/uploads\/2024\/10\/NZYtech-.jpg\",\"datePublished\":\"2024-10-31T06:59:07+00:00\",\"dateModified\":\"2025-08-28T07:55:09+00:00\",\"breadcrumb\":{\"@id\":\"https:\/\/biosciences.vn\/index.php\/product\/nzy-lamp-fluorescent-dye-50x-1\/#breadcrumb\"},\"inLanguage\":\"en-US\",\"potentialAction\":[{\"@type\":\"ReadAction\",\"target\":[\"https:\/\/biosciences.vn\/index.php\/product\/nzy-lamp-fluorescent-dye-50x-1\/\"]}]},{\"@type\":\"ImageObject\",\"inLanguage\":\"en-US\",\"@id\":\"https:\/\/biosciences.vn\/index.php\/product\/nzy-lamp-fluorescent-dye-50x-1\/#primaryimage\",\"url\":\"https:\/\/biosciences.vn\/wp-content\/uploads\/2024\/10\/NZYtech-.jpg\",\"contentUrl\":\"https:\/\/biosciences.vn\/wp-content\/uploads\/2024\/10\/NZYtech-.jpg\",\"width\":700,\"height\":700},{\"@type\":\"BreadcrumbList\",\"@id\":\"https:\/\/biosciences.vn\/index.php\/product\/nzy-lamp-fluorescent-dye-50x-1\/#breadcrumb\",\"itemListElement\":[{\"@type\":\"ListItem\",\"position\":1,\"name\":\"Trang ch\u1ee7\",\"item\":\"https:\/\/biosciences.vn\/index.php\/en\/home\/\"},{\"@type\":\"ListItem\",\"position\":2,\"name\":\"Shop\",\"item\":\"https:\/\/biosciences.vn\/index.php\/shop\/\"},{\"@type\":\"ListItem\",\"position\":3,\"name\":\"NZY LAMP Fluorescent dye 50x (MB45401)\"}]},{\"@type\":\"WebSite\",\"@id\":\"https:\/\/biosciences.vn\/#website\",\"url\":\"https:\/\/biosciences.vn\/\",\"name\":\"Biosciences\",\"description\":\"\",\"publisher\":{\"@id\":\"https:\/\/biosciences.vn\/#organization\"},\"potentialAction\":[{\"@type\":\"SearchAction\",\"target\":{\"@type\":\"EntryPoint\",\"urlTemplate\":\"https:\/\/biosciences.vn\/?s={search_term_string}\"},\"query-input\":{\"@type\":\"PropertyValueSpecification\",\"valueRequired\":true,\"valueName\":\"search_term_string\"}}],\"inLanguage\":\"en-US\"},{\"@type\":\"Organization\",\"@id\":\"https:\/\/biosciences.vn\/#organization\",\"name\":\"Biosciences\",\"url\":\"https:\/\/biosciences.vn\/\",\"logo\":{\"@type\":\"ImageObject\",\"inLanguage\":\"en-US\",\"@id\":\"https:\/\/biosciences.vn\/#\/schema\/logo\/image\/\",\"url\":\"https:\/\/biosciences.vn\/wp-content\/uploads\/2024\/04\/LOGO-BIOSCIENCES-PNG.png\",\"contentUrl\":\"https:\/\/biosciences.vn\/wp-content\/uploads\/2024\/04\/LOGO-BIOSCIENCES-PNG.png\",\"width\":2536,\"height\":638,\"caption\":\"Biosciences\"},\"image\":{\"@id\":\"https:\/\/biosciences.vn\/#\/schema\/logo\/image\/\"}}]}<\/script>\n<!-- \/ Yoast SEO plugin. -->","yoast_head_json":{"title":"NZY LAMP Fluorescent dye 50x  (MB45401) - Biosciences","robots":{"index":"index","follow":"follow","max-snippet":"max-snippet:-1","max-image-preview":"max-image-preview:large","max-video-preview":"max-video-preview:-1"},"canonical":"https:\/\/biosciences.vn\/index.php\/product\/nzy-lamp-fluorescent-dye-50x-1\/","og_locale":"en_US","og_type":"article","og_title":"NZY LAMP Fluorescent dye 50x  (MB45401) - Biosciences","og_description":"Unit size: 250 \u00b5L Thu\u1ed1c nhu\u1ed9m hu\u1ef3nh quang t\u01b0\u01a1ng th\u00edch v\u1edbi NZY Bst DNA Polymerase, ph\u00f9 h\u1ee3p \u0111\u1ec3 b\u00e1o c\u00e1o qLAMP trong thi\u1ebft b\u1ecb PCR th\u1eddi gian th\u1ef1c khi \u0111o trong k\u00eanh SYBR\/FAM. Thu\u1ed1c nhu\u1ed9m hu\u1ef3nh quang NZY LAMP 50x l\u00e0 thu\u1ed1c nhu\u1ed9m hu\u1ef3nh quang xen k\u1ebd DNA \u0111\u01b0\u1ee3c t\u1ed1i \u01b0u h\u00f3a v\u00e0 hi\u1ec7u qu\u1ea3 [&hellip;]","og_url":"https:\/\/biosciences.vn\/index.php\/product\/nzy-lamp-fluorescent-dye-50x-1\/","og_site_name":"Biosciences","article_modified_time":"2025-08-28T07:55:09+00:00","og_image":[{"width":700,"height":700,"url":"https:\/\/biosciences.vn\/wp-content\/uploads\/2024\/10\/NZYtech-.jpg","type":"image\/jpeg"}],"twitter_card":"summary_large_image","twitter_misc":{"Est. reading time":"1 minute"},"schema":{"@context":"https:\/\/schema.org","@graph":[{"@type":"WebPage","@id":"https:\/\/biosciences.vn\/index.php\/product\/nzy-lamp-fluorescent-dye-50x-1\/","url":"https:\/\/biosciences.vn\/index.php\/product\/nzy-lamp-fluorescent-dye-50x-1\/","name":"NZY LAMP Fluorescent dye 50x (MB45401) - Biosciences","isPartOf":{"@id":"https:\/\/biosciences.vn\/#website"},"primaryImageOfPage":{"@id":"https:\/\/biosciences.vn\/index.php\/product\/nzy-lamp-fluorescent-dye-50x-1\/#primaryimage"},"image":{"@id":"https:\/\/biosciences.vn\/index.php\/product\/nzy-lamp-fluorescent-dye-50x-1\/#primaryimage"},"thumbnailUrl":"https:\/\/biosciences.vn\/wp-content\/uploads\/2024\/10\/NZYtech-.jpg","datePublished":"2024-10-31T06:59:07+00:00","dateModified":"2025-08-28T07:55:09+00:00","breadcrumb":{"@id":"https:\/\/biosciences.vn\/index.php\/product\/nzy-lamp-fluorescent-dye-50x-1\/#breadcrumb"},"inLanguage":"en-US","potentialAction":[{"@type":"ReadAction","target":["https:\/\/biosciences.vn\/index.php\/product\/nzy-lamp-fluorescent-dye-50x-1\/"]}]},{"@type":"ImageObject","inLanguage":"en-US","@id":"https:\/\/biosciences.vn\/index.php\/product\/nzy-lamp-fluorescent-dye-50x-1\/#primaryimage","url":"https:\/\/biosciences.vn\/wp-content\/uploads\/2024\/10\/NZYtech-.jpg","contentUrl":"https:\/\/biosciences.vn\/wp-content\/uploads\/2024\/10\/NZYtech-.jpg","width":700,"height":700},{"@type":"BreadcrumbList","@id":"https:\/\/biosciences.vn\/index.php\/product\/nzy-lamp-fluorescent-dye-50x-1\/#breadcrumb","itemListElement":[{"@type":"ListItem","position":1,"name":"Trang ch\u1ee7","item":"https:\/\/biosciences.vn\/index.php\/en\/home\/"},{"@type":"ListItem","position":2,"name":"Shop","item":"https:\/\/biosciences.vn\/index.php\/shop\/"},{"@type":"ListItem","position":3,"name":"NZY LAMP Fluorescent dye 50x (MB45401)"}]},{"@type":"WebSite","@id":"https:\/\/biosciences.vn\/#website","url":"https:\/\/biosciences.vn\/","name":"Biosciences","description":"","publisher":{"@id":"https:\/\/biosciences.vn\/#organization"},"potentialAction":[{"@type":"SearchAction","target":{"@type":"EntryPoint","urlTemplate":"https:\/\/biosciences.vn\/?s={search_term_string}"},"query-input":{"@type":"PropertyValueSpecification","valueRequired":true,"valueName":"search_term_string"}}],"inLanguage":"en-US"},{"@type":"Organization","@id":"https:\/\/biosciences.vn\/#organization","name":"Biosciences","url":"https:\/\/biosciences.vn\/","logo":{"@type":"ImageObject","inLanguage":"en-US","@id":"https:\/\/biosciences.vn\/#\/schema\/logo\/image\/","url":"https:\/\/biosciences.vn\/wp-content\/uploads\/2024\/04\/LOGO-BIOSCIENCES-PNG.png","contentUrl":"https:\/\/biosciences.vn\/wp-content\/uploads\/2024\/04\/LOGO-BIOSCIENCES-PNG.png","width":2536,"height":638,"caption":"Biosciences"},"image":{"@id":"https:\/\/biosciences.vn\/#\/schema\/logo\/image\/"}}]}},"brands":[{"id":933,"name":"NZYtech","slug":"nzytech"}],"_links":{"self":[{"href":"https:\/\/biosciences.vn\/index.php\/wp-json\/wp\/v2\/product\/6481"}],"collection":[{"href":"https:\/\/biosciences.vn\/index.php\/wp-json\/wp\/v2\/product"}],"about":[{"href":"https:\/\/biosciences.vn\/index.php\/wp-json\/wp\/v2\/types\/product"}],"replies":[{"embeddable":true,"href":"https:\/\/biosciences.vn\/index.php\/wp-json\/wp\/v2\/comments?post=6481"}],"wp:featuredmedia":[{"embeddable":true,"href":"https:\/\/biosciences.vn\/index.php\/wp-json\/wp\/v2\/media\/6394"}],"wp:attachment":[{"href":"https:\/\/biosciences.vn\/index.php\/wp-json\/wp\/v2\/media?parent=6481"}],"wp:term":[{"taxonomy":"pwb-brand","embeddable":true,"href":"https:\/\/biosciences.vn\/index.php\/wp-json\/wp\/v2\/pwb-brand?post=6481"},{"taxonomy":"product_cat","embeddable":true,"href":"https:\/\/biosciences.vn\/index.php\/wp-json\/wp\/v2\/product_cat?post=6481"},{"taxonomy":"product_tag","embeddable":true,"href":"https:\/\/biosciences.vn\/index.php\/wp-json\/wp\/v2\/product_tag?post=6481"}],"curies":[{"name":"wp","href":"https:\/\/api.w.org\/{rel}","templated":true}]}}