{"id":6491,"date":"2024-10-31T14:00:17","date_gmt":"2024-10-31T07:00:17","guid":{"rendered":"https:\/\/biosciences.vn\/?post_type=product&#038;p=6491"},"modified":"2025-08-28T14:55:09","modified_gmt":"2025-08-28T07:55:09","slug":"nzyspeedy-qpcr-green-master-mix-2x-2-2","status":"publish","type":"product","link":"https:\/\/biosciences.vn\/index.php\/product\/nzyspeedy-qpcr-green-master-mix-2x-2-2\/","title":{"rendered":"NZYSpeedy qPCR Green Master\n  Mix (2x) (MB22402)"},"content":{"rendered":"<p><strong>Unit size:<\/strong> 5mL<\/p>\n<p>NZYSpeedy qPCR Green Master Mix (2x) l\u00e0 h\u1ed7n h\u1ee3p ph\u1ea3n \u1ee9ng \u0111\u01b0\u1ee3c t\u1ed1i \u01b0u h\u00f3a v\u00e0 hi\u1ec7u qu\u1ea3 cao \u0111\u01b0\u1ee3c ph\u00e1t tri\u1ec3n cho PCR th\u1eddi gian th\u1ef1c. H\u1ed7n h\u1ee3p ch\u00ednh n\u00e0y cho ph\u00e9p c\u00e1c quy tr\u00ecnh nhanh ch\u00f3ng v\u00e0 c\u00f3 kh\u1ea3 n\u0103ng t\u00e1i t\u1ea1o cao tr\u00ean c\u00e1c thi\u1ebft b\u1ecb PCR th\u1eddi gian th\u1ef1c ph\u1ed5 bi\u1ebfn nh\u1ea5t. Nh\u1eefng ph\u00e1t tri\u1ec3n m\u1edbi nh\u1ea5t v\u1ec1 ch\u1ea5t t\u0103ng c\u01b0\u1eddng PCR \u0111\u00e3 \u0111\u01b0\u1ee3c k\u1ebft h\u1ee3p trong h\u1ed7n h\u1ee3p ch\u00ednh n\u00e0y, bao g\u1ed3m h\u00f3a h\u1ecdc \u0111\u1ec7m v\u00e0 m\u1ed9t polymerase c\u00f3 ho\u1ea1t t\u00ednh gi\u1ed1ng nh\u01b0 kh\u1edfi \u0111\u1ed9ng n\u00f3ng. Nh\u1eefng s\u1ef1 k\u1ebft h\u1ee3p n\u00e0y \u0111\u1ea3m b\u1ea3o r\u1eb1ng NZYSpeedy qPCR Green Master Mix (2x) mang l\u1ea1i \u0111\u1ed9 nh\u1ea1y c\u1ef1c cao c\u00f9ng v\u1edbi c\u00e1c giao th\u1ee9c PCR th\u1eddi gian th\u1ef1c c\u00f3 kh\u1ea3 n\u0103ng t\u00e1i t\u1ea1o cao v\u00e0 nhanh ch\u00f3ng. H\u1ed7n h\u1ee3p ch\u00ednh \u0111\u01b0\u1ee3c cung c\u1ea5p d\u01b0\u1edbi d\u1ea1ng h\u1ed7n h\u1ee3p ph\u1ea3n \u1ee9ng 2x ch\u1ee9a t\u1ea5t c\u1ea3 c\u00e1c th\u00e0nh ph\u1ea7n c\u1ea7n thi\u1ebft cho PCR th\u1eddi gian th\u1ef1c, bao g\u1ed3m thu\u1ed1c nhu\u1ed9m xen k\u1ebd xanh, dNTP, ch\u1ea5t \u1ed5n \u0111\u1ecbnh v\u00e0 ch\u1ea5t t\u0103ng c\u01b0\u1eddng. NZYSpeedy qPCR Green Master Mix (2x) \u0111\u00e3 s\u1eb5n s\u00e0ng s\u1eed d\u1ee5ng v\u00e0 ch\u1ec9 c\u1ea7n th\u00eam m\u1ed3i v\u00e0 khu\u00f4n m\u1eabu. N\u00f3 \u0111\u01b0\u1ee3c t\u1ed1i \u01b0u h\u00f3a \u0111\u1ec3 ph\u00e1t hi\u1ec7n thu\u1ed1c nhu\u1ed9m xen k\u1ebd xanh tr\u00ean c\u00e1c thi\u1ebft b\u1ecb kh\u00e1c nhau.<\/p>\n","protected":false},"excerpt":{"rendered":"<p>Unit size: 5mL NZYSpeedy qPCR Green Master Mix (2x) l\u00e0 h\u1ed7n h\u1ee3p ph\u1ea3n \u1ee9ng \u0111\u01b0\u1ee3c t\u1ed1i \u01b0u h\u00f3a v\u00e0 hi\u1ec7u qu\u1ea3 cao \u0111\u01b0\u1ee3c ph\u00e1t tri\u1ec3n cho PCR th\u1eddi gian th\u1ef1c. H\u1ed7n h\u1ee3p ch\u00ednh n\u00e0y cho ph\u00e9p c\u00e1c quy tr\u00ecnh nhanh ch\u00f3ng v\u00e0 c\u00f3 kh\u1ea3 n\u0103ng t\u00e1i t\u1ea1o cao tr\u00ean c\u00e1c thi\u1ebft b\u1ecb PCR th\u1eddi gian [&hellip;]<\/p>\n","protected":false},"featured_media":6394,"comment_status":"open","ping_status":"closed","template":"","meta":[],"pwb-brand":[933],"product_cat":[434,731,818],"product_tag":[],"class_list":{"0":"post-6491","1":"product","2":"type-product","3":"status-publish","4":"has-post-thumbnail","6":"pwb-brand-nzytech","7":"product_cat-khoa-hoc-su-song","8":"product_cat-sinh-hoc-phan-tu","9":"product_cat-real-time-pcr","11":"first","12":"onbackorder","13":"shipping-taxable","14":"purchasable","15":"product-type-simple"},"yoast_head":"<!-- This site is optimized with the Yoast SEO plugin v23.6 - https:\/\/yoast.com\/wordpress\/plugins\/seo\/ -->\n<title>NZYSpeedy qPCR Green Master  Mix (2x) (MB22402) - Biosciences<\/title>\n<meta name=\"robots\" content=\"index, follow, max-snippet:-1, max-image-preview:large, max-video-preview:-1\" \/>\n<link rel=\"canonical\" href=\"https:\/\/biosciences.vn\/index.php\/product\/nzyspeedy-qpcr-green-master-mix-2x-2-2\/\" \/>\n<meta property=\"og:locale\" content=\"en_US\" \/>\n<meta property=\"og:type\" content=\"article\" \/>\n<meta property=\"og:title\" content=\"NZYSpeedy qPCR Green Master  Mix (2x) (MB22402) - Biosciences\" \/>\n<meta property=\"og:description\" content=\"Unit size: 5mL NZYSpeedy qPCR Green Master Mix (2x) l\u00e0 h\u1ed7n h\u1ee3p ph\u1ea3n \u1ee9ng \u0111\u01b0\u1ee3c t\u1ed1i \u01b0u h\u00f3a v\u00e0 hi\u1ec7u qu\u1ea3 cao \u0111\u01b0\u1ee3c ph\u00e1t tri\u1ec3n cho PCR th\u1eddi gian th\u1ef1c. H\u1ed7n h\u1ee3p ch\u00ednh n\u00e0y cho ph\u00e9p c\u00e1c quy tr\u00ecnh nhanh ch\u00f3ng v\u00e0 c\u00f3 kh\u1ea3 n\u0103ng t\u00e1i t\u1ea1o cao tr\u00ean c\u00e1c thi\u1ebft b\u1ecb PCR th\u1eddi gian [&hellip;]\" \/>\n<meta property=\"og:url\" content=\"https:\/\/biosciences.vn\/index.php\/product\/nzyspeedy-qpcr-green-master-mix-2x-2-2\/\" \/>\n<meta property=\"og:site_name\" content=\"Biosciences\" \/>\n<meta property=\"article:modified_time\" content=\"2025-08-28T07:55:09+00:00\" \/>\n<meta property=\"og:image\" content=\"https:\/\/biosciences.vn\/wp-content\/uploads\/2024\/10\/NZYtech-.jpg\" \/>\n\t<meta property=\"og:image:width\" content=\"700\" \/>\n\t<meta property=\"og:image:height\" content=\"700\" \/>\n\t<meta property=\"og:image:type\" content=\"image\/jpeg\" \/>\n<meta name=\"twitter:card\" content=\"summary_large_image\" \/>\n<meta name=\"twitter:label1\" content=\"Est. reading time\" \/>\n\t<meta name=\"twitter:data1\" content=\"2 minutes\" \/>\n<script type=\"application\/ld+json\" class=\"yoast-schema-graph\">{\"@context\":\"https:\/\/schema.org\",\"@graph\":[{\"@type\":\"WebPage\",\"@id\":\"https:\/\/biosciences.vn\/index.php\/product\/nzyspeedy-qpcr-green-master-mix-2x-2-2\/\",\"url\":\"https:\/\/biosciences.vn\/index.php\/product\/nzyspeedy-qpcr-green-master-mix-2x-2-2\/\",\"name\":\"NZYSpeedy qPCR Green Master Mix (2x) (MB22402) - Biosciences\",\"isPartOf\":{\"@id\":\"https:\/\/biosciences.vn\/#website\"},\"primaryImageOfPage\":{\"@id\":\"https:\/\/biosciences.vn\/index.php\/product\/nzyspeedy-qpcr-green-master-mix-2x-2-2\/#primaryimage\"},\"image\":{\"@id\":\"https:\/\/biosciences.vn\/index.php\/product\/nzyspeedy-qpcr-green-master-mix-2x-2-2\/#primaryimage\"},\"thumbnailUrl\":\"https:\/\/biosciences.vn\/wp-content\/uploads\/2024\/10\/NZYtech-.jpg\",\"datePublished\":\"2024-10-31T07:00:17+00:00\",\"dateModified\":\"2025-08-28T07:55:09+00:00\",\"breadcrumb\":{\"@id\":\"https:\/\/biosciences.vn\/index.php\/product\/nzyspeedy-qpcr-green-master-mix-2x-2-2\/#breadcrumb\"},\"inLanguage\":\"en-US\",\"potentialAction\":[{\"@type\":\"ReadAction\",\"target\":[\"https:\/\/biosciences.vn\/index.php\/product\/nzyspeedy-qpcr-green-master-mix-2x-2-2\/\"]}]},{\"@type\":\"ImageObject\",\"inLanguage\":\"en-US\",\"@id\":\"https:\/\/biosciences.vn\/index.php\/product\/nzyspeedy-qpcr-green-master-mix-2x-2-2\/#primaryimage\",\"url\":\"https:\/\/biosciences.vn\/wp-content\/uploads\/2024\/10\/NZYtech-.jpg\",\"contentUrl\":\"https:\/\/biosciences.vn\/wp-content\/uploads\/2024\/10\/NZYtech-.jpg\",\"width\":700,\"height\":700},{\"@type\":\"BreadcrumbList\",\"@id\":\"https:\/\/biosciences.vn\/index.php\/product\/nzyspeedy-qpcr-green-master-mix-2x-2-2\/#breadcrumb\",\"itemListElement\":[{\"@type\":\"ListItem\",\"position\":1,\"name\":\"Trang ch\u1ee7\",\"item\":\"https:\/\/biosciences.vn\/index.php\/en\/home\/\"},{\"@type\":\"ListItem\",\"position\":2,\"name\":\"Shop\",\"item\":\"https:\/\/biosciences.vn\/index.php\/shop\/\"},{\"@type\":\"ListItem\",\"position\":3,\"name\":\"NZYSpeedy qPCR Green Master Mix (2x) (MB22402)\"}]},{\"@type\":\"WebSite\",\"@id\":\"https:\/\/biosciences.vn\/#website\",\"url\":\"https:\/\/biosciences.vn\/\",\"name\":\"Biosciences\",\"description\":\"\",\"publisher\":{\"@id\":\"https:\/\/biosciences.vn\/#organization\"},\"potentialAction\":[{\"@type\":\"SearchAction\",\"target\":{\"@type\":\"EntryPoint\",\"urlTemplate\":\"https:\/\/biosciences.vn\/?s={search_term_string}\"},\"query-input\":{\"@type\":\"PropertyValueSpecification\",\"valueRequired\":true,\"valueName\":\"search_term_string\"}}],\"inLanguage\":\"en-US\"},{\"@type\":\"Organization\",\"@id\":\"https:\/\/biosciences.vn\/#organization\",\"name\":\"Biosciences\",\"url\":\"https:\/\/biosciences.vn\/\",\"logo\":{\"@type\":\"ImageObject\",\"inLanguage\":\"en-US\",\"@id\":\"https:\/\/biosciences.vn\/#\/schema\/logo\/image\/\",\"url\":\"https:\/\/biosciences.vn\/wp-content\/uploads\/2024\/04\/LOGO-BIOSCIENCES-PNG.png\",\"contentUrl\":\"https:\/\/biosciences.vn\/wp-content\/uploads\/2024\/04\/LOGO-BIOSCIENCES-PNG.png\",\"width\":2536,\"height\":638,\"caption\":\"Biosciences\"},\"image\":{\"@id\":\"https:\/\/biosciences.vn\/#\/schema\/logo\/image\/\"}}]}<\/script>\n<!-- \/ Yoast SEO plugin. -->","yoast_head_json":{"title":"NZYSpeedy qPCR Green Master  Mix (2x) (MB22402) - Biosciences","robots":{"index":"index","follow":"follow","max-snippet":"max-snippet:-1","max-image-preview":"max-image-preview:large","max-video-preview":"max-video-preview:-1"},"canonical":"https:\/\/biosciences.vn\/index.php\/product\/nzyspeedy-qpcr-green-master-mix-2x-2-2\/","og_locale":"en_US","og_type":"article","og_title":"NZYSpeedy qPCR Green Master  Mix (2x) (MB22402) - Biosciences","og_description":"Unit size: 5mL NZYSpeedy qPCR Green Master Mix (2x) l\u00e0 h\u1ed7n h\u1ee3p ph\u1ea3n \u1ee9ng \u0111\u01b0\u1ee3c t\u1ed1i \u01b0u h\u00f3a v\u00e0 hi\u1ec7u qu\u1ea3 cao \u0111\u01b0\u1ee3c ph\u00e1t tri\u1ec3n cho PCR th\u1eddi gian th\u1ef1c. H\u1ed7n h\u1ee3p ch\u00ednh n\u00e0y cho ph\u00e9p c\u00e1c quy tr\u00ecnh nhanh ch\u00f3ng v\u00e0 c\u00f3 kh\u1ea3 n\u0103ng t\u00e1i t\u1ea1o cao tr\u00ean c\u00e1c thi\u1ebft b\u1ecb PCR th\u1eddi gian [&hellip;]","og_url":"https:\/\/biosciences.vn\/index.php\/product\/nzyspeedy-qpcr-green-master-mix-2x-2-2\/","og_site_name":"Biosciences","article_modified_time":"2025-08-28T07:55:09+00:00","og_image":[{"width":700,"height":700,"url":"https:\/\/biosciences.vn\/wp-content\/uploads\/2024\/10\/NZYtech-.jpg","type":"image\/jpeg"}],"twitter_card":"summary_large_image","twitter_misc":{"Est. reading time":"2 minutes"},"schema":{"@context":"https:\/\/schema.org","@graph":[{"@type":"WebPage","@id":"https:\/\/biosciences.vn\/index.php\/product\/nzyspeedy-qpcr-green-master-mix-2x-2-2\/","url":"https:\/\/biosciences.vn\/index.php\/product\/nzyspeedy-qpcr-green-master-mix-2x-2-2\/","name":"NZYSpeedy qPCR Green Master Mix (2x) (MB22402) - Biosciences","isPartOf":{"@id":"https:\/\/biosciences.vn\/#website"},"primaryImageOfPage":{"@id":"https:\/\/biosciences.vn\/index.php\/product\/nzyspeedy-qpcr-green-master-mix-2x-2-2\/#primaryimage"},"image":{"@id":"https:\/\/biosciences.vn\/index.php\/product\/nzyspeedy-qpcr-green-master-mix-2x-2-2\/#primaryimage"},"thumbnailUrl":"https:\/\/biosciences.vn\/wp-content\/uploads\/2024\/10\/NZYtech-.jpg","datePublished":"2024-10-31T07:00:17+00:00","dateModified":"2025-08-28T07:55:09+00:00","breadcrumb":{"@id":"https:\/\/biosciences.vn\/index.php\/product\/nzyspeedy-qpcr-green-master-mix-2x-2-2\/#breadcrumb"},"inLanguage":"en-US","potentialAction":[{"@type":"ReadAction","target":["https:\/\/biosciences.vn\/index.php\/product\/nzyspeedy-qpcr-green-master-mix-2x-2-2\/"]}]},{"@type":"ImageObject","inLanguage":"en-US","@id":"https:\/\/biosciences.vn\/index.php\/product\/nzyspeedy-qpcr-green-master-mix-2x-2-2\/#primaryimage","url":"https:\/\/biosciences.vn\/wp-content\/uploads\/2024\/10\/NZYtech-.jpg","contentUrl":"https:\/\/biosciences.vn\/wp-content\/uploads\/2024\/10\/NZYtech-.jpg","width":700,"height":700},{"@type":"BreadcrumbList","@id":"https:\/\/biosciences.vn\/index.php\/product\/nzyspeedy-qpcr-green-master-mix-2x-2-2\/#breadcrumb","itemListElement":[{"@type":"ListItem","position":1,"name":"Trang ch\u1ee7","item":"https:\/\/biosciences.vn\/index.php\/en\/home\/"},{"@type":"ListItem","position":2,"name":"Shop","item":"https:\/\/biosciences.vn\/index.php\/shop\/"},{"@type":"ListItem","position":3,"name":"NZYSpeedy qPCR Green Master Mix (2x) (MB22402)"}]},{"@type":"WebSite","@id":"https:\/\/biosciences.vn\/#website","url":"https:\/\/biosciences.vn\/","name":"Biosciences","description":"","publisher":{"@id":"https:\/\/biosciences.vn\/#organization"},"potentialAction":[{"@type":"SearchAction","target":{"@type":"EntryPoint","urlTemplate":"https:\/\/biosciences.vn\/?s={search_term_string}"},"query-input":{"@type":"PropertyValueSpecification","valueRequired":true,"valueName":"search_term_string"}}],"inLanguage":"en-US"},{"@type":"Organization","@id":"https:\/\/biosciences.vn\/#organization","name":"Biosciences","url":"https:\/\/biosciences.vn\/","logo":{"@type":"ImageObject","inLanguage":"en-US","@id":"https:\/\/biosciences.vn\/#\/schema\/logo\/image\/","url":"https:\/\/biosciences.vn\/wp-content\/uploads\/2024\/04\/LOGO-BIOSCIENCES-PNG.png","contentUrl":"https:\/\/biosciences.vn\/wp-content\/uploads\/2024\/04\/LOGO-BIOSCIENCES-PNG.png","width":2536,"height":638,"caption":"Biosciences"},"image":{"@id":"https:\/\/biosciences.vn\/#\/schema\/logo\/image\/"}}]}},"brands":[{"id":933,"name":"NZYtech","slug":"nzytech"}],"_links":{"self":[{"href":"https:\/\/biosciences.vn\/index.php\/wp-json\/wp\/v2\/product\/6491"}],"collection":[{"href":"https:\/\/biosciences.vn\/index.php\/wp-json\/wp\/v2\/product"}],"about":[{"href":"https:\/\/biosciences.vn\/index.php\/wp-json\/wp\/v2\/types\/product"}],"replies":[{"embeddable":true,"href":"https:\/\/biosciences.vn\/index.php\/wp-json\/wp\/v2\/comments?post=6491"}],"wp:featuredmedia":[{"embeddable":true,"href":"https:\/\/biosciences.vn\/index.php\/wp-json\/wp\/v2\/media\/6394"}],"wp:attachment":[{"href":"https:\/\/biosciences.vn\/index.php\/wp-json\/wp\/v2\/media?parent=6491"}],"wp:term":[{"taxonomy":"pwb-brand","embeddable":true,"href":"https:\/\/biosciences.vn\/index.php\/wp-json\/wp\/v2\/pwb-brand?post=6491"},{"taxonomy":"product_cat","embeddable":true,"href":"https:\/\/biosciences.vn\/index.php\/wp-json\/wp\/v2\/product_cat?post=6491"},{"taxonomy":"product_tag","embeddable":true,"href":"https:\/\/biosciences.vn\/index.php\/wp-json\/wp\/v2\/product_tag?post=6491"}],"curies":[{"name":"wp","href":"https:\/\/api.w.org\/{rel}","templated":true}]}}