{"id":6521,"date":"2024-10-31T14:01:18","date_gmt":"2024-10-31T07:01:18","guid":{"rendered":"https:\/\/biosciences.vn\/?post_type=product&#038;p=6521"},"modified":"2025-08-28T14:55:09","modified_gmt":"2025-08-28T07:55:09","slug":"lyo-nzysupreme-qpcr-probe-master-mix-2x-2","status":"publish","type":"product","link":"https:\/\/biosciences.vn\/index.php\/product\/lyo-nzysupreme-qpcr-probe-master-mix-2x-2\/","title":{"rendered":"Lyo NZYSupreme qPCR Probe\n  Master Mix (2x) (MB41702)"},"content":{"rendered":"<p>Lyo NZYSupreme qPCR Probe Master Mix (2x) l\u00e0 h\u1ed7n h\u1ee3p ph\u1ea3n \u1ee9ng \u0111\u00f4ng kh\u00f4 \u0111\u01b0\u1ee3c t\u1ed1i \u01b0u h\u00f3a v\u00e0 hi\u1ec7u qu\u1ea3 cao \u0111\u01b0\u1ee3c ph\u00e1t tri\u1ec3n cho PCR th\u1eddi gian th\u1ef1c. H\u1ed7n h\u1ee3p ch\u00ednh n\u00e0y \u0111\u01b0\u1ee3c thi\u1ebft k\u1ebf v\u1edbi c\u01a1 ch\u1ebf ki\u1ec3m so\u00e1t enzyme kh\u1edfi \u0111\u1ed9ng n\u00f3ng k\u00e9p \u0111\u1ec3 cung c\u1ea5p \u0111\u1ed9 nh\u1ea1y ph\u00e1t hi\u1ec7n cao nh\u1ea5t. Ngo\u00e0i ra, nh\u1eefng ph\u00e1t tri\u1ec3n m\u1edbi nh\u1ea5t v\u1ec1 ch\u1ea5t t\u0103ng c\u01b0\u1eddng PCR \u0111\u00e3 \u0111\u01b0\u1ee3c k\u1ebft h\u1ee3p trong Lyo NZYSupreme qPCR Probe Master Mix, bao g\u1ed3m h\u00f3a h\u1ecdc \u0111\u1ec7m v\u00e0 k\u1ebft h\u1ee3p c\u00e1c enzyme \u0111\u01b0\u1ee3c thi\u1ebft k\u1ebf c\u1ef1c k\u1ef3 m\u1ea1nh m\u1ebd. H\u1ed7n h\u1ee3p ch\u00ednh n\u00e0y kh\u00f4ng ch\u1ee9a ROX v\u00e0 \u0111\u01b0\u1ee3c ph\u00e1t tri\u1ec3n ri\u00eang cho c\u00f4ng ngh\u1ec7 ph\u00e1t hi\u1ec7n \u0111\u1ea7u d\u00f2, bao g\u1ed3m c\u00e1c \u0111\u00e8n hi\u1ec7u ph\u00e2n t\u1eed. \u0110\u1ed1i v\u1edbi c\u00e1c thi\u1ebft b\u1ecb qPCR y\u00eau c\u1ea7u thu\u1ed1c nhu\u1ed9m tham chi\u1ebfu n\u00e0y, ch\u00fang t\u00f4i ch\u1ec9 \u0111\u1ecbnh ph\u1ea1m vi n\u1ed3ng \u0111\u1ed9 cho x\u00e9t nghi\u1ec7m c\u1ee7a b\u1ea1n theo b\u1ea3ng \u0111\u01b0\u1ee3c hi\u1ec3n th\u1ecb trong ph\u1ea7n &#8220;Thu\u1ed1c nhu\u1ed9m tham chi\u1ebfu ROX&#8221; (ROX kh\u00f4ng \u0111\u01b0\u1ee3c cung c\u1ea5p). Lyo NZYSupreme qPCR Probe Master Mix (2x) \u0111\u01b0\u1ee3c cung c\u1ea5p d\u01b0\u1edbi d\u1ea1ng h\u1ed7n h\u1ee3p ph\u1ea3n \u1ee9ng 2x \u1ed5n \u0111\u1ecbnh, d\u1ec5 s\u1eed d\u1ee5ng bao g\u1ed3m t\u1ea5t c\u1ea3 c\u00e1c th\u00e0nh ph\u1ea7n cho PCR \u0111\u1ecbnh l\u01b0\u1ee3ng, ngo\u1ea1i tr\u1eeb DNA m\u1eabu, m\u1ed3i, \u0111\u1ea7u d\u00f2 v\u00e0 n\u01b0\u1edbc.<\/p>\n","protected":false},"excerpt":{"rendered":"<p>Lyo NZYSupreme qPCR Probe Master Mix (2x) l\u00e0 h\u1ed7n h\u1ee3p ph\u1ea3n \u1ee9ng \u0111\u00f4ng kh\u00f4 \u0111\u01b0\u1ee3c t\u1ed1i \u01b0u h\u00f3a v\u00e0 hi\u1ec7u qu\u1ea3 cao \u0111\u01b0\u1ee3c ph\u00e1t tri\u1ec3n cho PCR th\u1eddi gian th\u1ef1c. H\u1ed7n h\u1ee3p ch\u00ednh n\u00e0y \u0111\u01b0\u1ee3c thi\u1ebft k\u1ebf v\u1edbi c\u01a1 ch\u1ebf ki\u1ec3m so\u00e1t enzyme kh\u1edfi \u0111\u1ed9ng n\u00f3ng k\u00e9p \u0111\u1ec3 cung c\u1ea5p \u0111\u1ed9 nh\u1ea1y ph\u00e1t hi\u1ec7n cao [&hellip;]<\/p>\n","protected":false},"featured_media":6394,"comment_status":"open","ping_status":"closed","template":"","meta":[],"pwb-brand":[933],"product_cat":[434,731,818],"product_tag":[],"class_list":{"0":"post-6521","1":"product","2":"type-product","3":"status-publish","4":"has-post-thumbnail","6":"pwb-brand-nzytech","7":"product_cat-khoa-hoc-su-song","8":"product_cat-sinh-hoc-phan-tu","9":"product_cat-real-time-pcr","11":"first","12":"onbackorder","13":"shipping-taxable","14":"purchasable","15":"product-type-simple"},"yoast_head":"<!-- This site is optimized with the Yoast SEO plugin v23.6 - https:\/\/yoast.com\/wordpress\/plugins\/seo\/ -->\n<title>Lyo NZYSupreme qPCR Probe  Master Mix (2x) (MB41702) - Biosciences<\/title>\n<meta name=\"robots\" content=\"index, follow, max-snippet:-1, max-image-preview:large, max-video-preview:-1\" \/>\n<link rel=\"canonical\" href=\"https:\/\/biosciences.vn\/index.php\/product\/lyo-nzysupreme-qpcr-probe-master-mix-2x-2\/\" \/>\n<meta property=\"og:locale\" content=\"en_US\" \/>\n<meta property=\"og:type\" content=\"article\" \/>\n<meta property=\"og:title\" content=\"Lyo NZYSupreme qPCR Probe  Master Mix (2x) (MB41702) - Biosciences\" \/>\n<meta property=\"og:description\" content=\"Lyo NZYSupreme qPCR Probe Master Mix (2x) l\u00e0 h\u1ed7n h\u1ee3p ph\u1ea3n \u1ee9ng \u0111\u00f4ng kh\u00f4 \u0111\u01b0\u1ee3c t\u1ed1i \u01b0u h\u00f3a v\u00e0 hi\u1ec7u qu\u1ea3 cao \u0111\u01b0\u1ee3c ph\u00e1t tri\u1ec3n cho PCR th\u1eddi gian th\u1ef1c. H\u1ed7n h\u1ee3p ch\u00ednh n\u00e0y \u0111\u01b0\u1ee3c thi\u1ebft k\u1ebf v\u1edbi c\u01a1 ch\u1ebf ki\u1ec3m so\u00e1t enzyme kh\u1edfi \u0111\u1ed9ng n\u00f3ng k\u00e9p \u0111\u1ec3 cung c\u1ea5p \u0111\u1ed9 nh\u1ea1y ph\u00e1t hi\u1ec7n cao [&hellip;]\" \/>\n<meta property=\"og:url\" content=\"https:\/\/biosciences.vn\/index.php\/product\/lyo-nzysupreme-qpcr-probe-master-mix-2x-2\/\" \/>\n<meta property=\"og:site_name\" content=\"Biosciences\" \/>\n<meta property=\"article:modified_time\" content=\"2025-08-28T07:55:09+00:00\" \/>\n<meta property=\"og:image\" content=\"https:\/\/biosciences.vn\/wp-content\/uploads\/2024\/10\/NZYtech-.jpg\" \/>\n\t<meta property=\"og:image:width\" content=\"700\" \/>\n\t<meta property=\"og:image:height\" content=\"700\" \/>\n\t<meta property=\"og:image:type\" content=\"image\/jpeg\" \/>\n<meta name=\"twitter:card\" content=\"summary_large_image\" \/>\n<meta name=\"twitter:label1\" content=\"Est. reading time\" \/>\n\t<meta name=\"twitter:data1\" content=\"2 minutes\" \/>\n<script type=\"application\/ld+json\" class=\"yoast-schema-graph\">{\"@context\":\"https:\/\/schema.org\",\"@graph\":[{\"@type\":\"WebPage\",\"@id\":\"https:\/\/biosciences.vn\/index.php\/product\/lyo-nzysupreme-qpcr-probe-master-mix-2x-2\/\",\"url\":\"https:\/\/biosciences.vn\/index.php\/product\/lyo-nzysupreme-qpcr-probe-master-mix-2x-2\/\",\"name\":\"Lyo NZYSupreme qPCR Probe Master Mix (2x) (MB41702) - Biosciences\",\"isPartOf\":{\"@id\":\"https:\/\/biosciences.vn\/#website\"},\"primaryImageOfPage\":{\"@id\":\"https:\/\/biosciences.vn\/index.php\/product\/lyo-nzysupreme-qpcr-probe-master-mix-2x-2\/#primaryimage\"},\"image\":{\"@id\":\"https:\/\/biosciences.vn\/index.php\/product\/lyo-nzysupreme-qpcr-probe-master-mix-2x-2\/#primaryimage\"},\"thumbnailUrl\":\"https:\/\/biosciences.vn\/wp-content\/uploads\/2024\/10\/NZYtech-.jpg\",\"datePublished\":\"2024-10-31T07:01:18+00:00\",\"dateModified\":\"2025-08-28T07:55:09+00:00\",\"breadcrumb\":{\"@id\":\"https:\/\/biosciences.vn\/index.php\/product\/lyo-nzysupreme-qpcr-probe-master-mix-2x-2\/#breadcrumb\"},\"inLanguage\":\"en-US\",\"potentialAction\":[{\"@type\":\"ReadAction\",\"target\":[\"https:\/\/biosciences.vn\/index.php\/product\/lyo-nzysupreme-qpcr-probe-master-mix-2x-2\/\"]}]},{\"@type\":\"ImageObject\",\"inLanguage\":\"en-US\",\"@id\":\"https:\/\/biosciences.vn\/index.php\/product\/lyo-nzysupreme-qpcr-probe-master-mix-2x-2\/#primaryimage\",\"url\":\"https:\/\/biosciences.vn\/wp-content\/uploads\/2024\/10\/NZYtech-.jpg\",\"contentUrl\":\"https:\/\/biosciences.vn\/wp-content\/uploads\/2024\/10\/NZYtech-.jpg\",\"width\":700,\"height\":700},{\"@type\":\"BreadcrumbList\",\"@id\":\"https:\/\/biosciences.vn\/index.php\/product\/lyo-nzysupreme-qpcr-probe-master-mix-2x-2\/#breadcrumb\",\"itemListElement\":[{\"@type\":\"ListItem\",\"position\":1,\"name\":\"Trang ch\u1ee7\",\"item\":\"https:\/\/biosciences.vn\/index.php\/en\/home\/\"},{\"@type\":\"ListItem\",\"position\":2,\"name\":\"Shop\",\"item\":\"https:\/\/biosciences.vn\/index.php\/shop\/\"},{\"@type\":\"ListItem\",\"position\":3,\"name\":\"Lyo NZYSupreme qPCR Probe Master Mix (2x) (MB41702)\"}]},{\"@type\":\"WebSite\",\"@id\":\"https:\/\/biosciences.vn\/#website\",\"url\":\"https:\/\/biosciences.vn\/\",\"name\":\"Biosciences\",\"description\":\"\",\"publisher\":{\"@id\":\"https:\/\/biosciences.vn\/#organization\"},\"potentialAction\":[{\"@type\":\"SearchAction\",\"target\":{\"@type\":\"EntryPoint\",\"urlTemplate\":\"https:\/\/biosciences.vn\/?s={search_term_string}\"},\"query-input\":{\"@type\":\"PropertyValueSpecification\",\"valueRequired\":true,\"valueName\":\"search_term_string\"}}],\"inLanguage\":\"en-US\"},{\"@type\":\"Organization\",\"@id\":\"https:\/\/biosciences.vn\/#organization\",\"name\":\"Biosciences\",\"url\":\"https:\/\/biosciences.vn\/\",\"logo\":{\"@type\":\"ImageObject\",\"inLanguage\":\"en-US\",\"@id\":\"https:\/\/biosciences.vn\/#\/schema\/logo\/image\/\",\"url\":\"https:\/\/biosciences.vn\/wp-content\/uploads\/2024\/04\/LOGO-BIOSCIENCES-PNG.png\",\"contentUrl\":\"https:\/\/biosciences.vn\/wp-content\/uploads\/2024\/04\/LOGO-BIOSCIENCES-PNG.png\",\"width\":2536,\"height\":638,\"caption\":\"Biosciences\"},\"image\":{\"@id\":\"https:\/\/biosciences.vn\/#\/schema\/logo\/image\/\"}}]}<\/script>\n<!-- \/ Yoast SEO plugin. -->","yoast_head_json":{"title":"Lyo NZYSupreme qPCR Probe  Master Mix (2x) (MB41702) - Biosciences","robots":{"index":"index","follow":"follow","max-snippet":"max-snippet:-1","max-image-preview":"max-image-preview:large","max-video-preview":"max-video-preview:-1"},"canonical":"https:\/\/biosciences.vn\/index.php\/product\/lyo-nzysupreme-qpcr-probe-master-mix-2x-2\/","og_locale":"en_US","og_type":"article","og_title":"Lyo NZYSupreme qPCR Probe  Master Mix (2x) (MB41702) - Biosciences","og_description":"Lyo NZYSupreme qPCR Probe Master Mix (2x) l\u00e0 h\u1ed7n h\u1ee3p ph\u1ea3n \u1ee9ng \u0111\u00f4ng kh\u00f4 \u0111\u01b0\u1ee3c t\u1ed1i \u01b0u h\u00f3a v\u00e0 hi\u1ec7u qu\u1ea3 cao \u0111\u01b0\u1ee3c ph\u00e1t tri\u1ec3n cho PCR th\u1eddi gian th\u1ef1c. H\u1ed7n h\u1ee3p ch\u00ednh n\u00e0y \u0111\u01b0\u1ee3c thi\u1ebft k\u1ebf v\u1edbi c\u01a1 ch\u1ebf ki\u1ec3m so\u00e1t enzyme kh\u1edfi \u0111\u1ed9ng n\u00f3ng k\u00e9p \u0111\u1ec3 cung c\u1ea5p \u0111\u1ed9 nh\u1ea1y ph\u00e1t hi\u1ec7n cao [&hellip;]","og_url":"https:\/\/biosciences.vn\/index.php\/product\/lyo-nzysupreme-qpcr-probe-master-mix-2x-2\/","og_site_name":"Biosciences","article_modified_time":"2025-08-28T07:55:09+00:00","og_image":[{"width":700,"height":700,"url":"https:\/\/biosciences.vn\/wp-content\/uploads\/2024\/10\/NZYtech-.jpg","type":"image\/jpeg"}],"twitter_card":"summary_large_image","twitter_misc":{"Est. reading time":"2 minutes"},"schema":{"@context":"https:\/\/schema.org","@graph":[{"@type":"WebPage","@id":"https:\/\/biosciences.vn\/index.php\/product\/lyo-nzysupreme-qpcr-probe-master-mix-2x-2\/","url":"https:\/\/biosciences.vn\/index.php\/product\/lyo-nzysupreme-qpcr-probe-master-mix-2x-2\/","name":"Lyo NZYSupreme qPCR Probe Master Mix (2x) (MB41702) - Biosciences","isPartOf":{"@id":"https:\/\/biosciences.vn\/#website"},"primaryImageOfPage":{"@id":"https:\/\/biosciences.vn\/index.php\/product\/lyo-nzysupreme-qpcr-probe-master-mix-2x-2\/#primaryimage"},"image":{"@id":"https:\/\/biosciences.vn\/index.php\/product\/lyo-nzysupreme-qpcr-probe-master-mix-2x-2\/#primaryimage"},"thumbnailUrl":"https:\/\/biosciences.vn\/wp-content\/uploads\/2024\/10\/NZYtech-.jpg","datePublished":"2024-10-31T07:01:18+00:00","dateModified":"2025-08-28T07:55:09+00:00","breadcrumb":{"@id":"https:\/\/biosciences.vn\/index.php\/product\/lyo-nzysupreme-qpcr-probe-master-mix-2x-2\/#breadcrumb"},"inLanguage":"en-US","potentialAction":[{"@type":"ReadAction","target":["https:\/\/biosciences.vn\/index.php\/product\/lyo-nzysupreme-qpcr-probe-master-mix-2x-2\/"]}]},{"@type":"ImageObject","inLanguage":"en-US","@id":"https:\/\/biosciences.vn\/index.php\/product\/lyo-nzysupreme-qpcr-probe-master-mix-2x-2\/#primaryimage","url":"https:\/\/biosciences.vn\/wp-content\/uploads\/2024\/10\/NZYtech-.jpg","contentUrl":"https:\/\/biosciences.vn\/wp-content\/uploads\/2024\/10\/NZYtech-.jpg","width":700,"height":700},{"@type":"BreadcrumbList","@id":"https:\/\/biosciences.vn\/index.php\/product\/lyo-nzysupreme-qpcr-probe-master-mix-2x-2\/#breadcrumb","itemListElement":[{"@type":"ListItem","position":1,"name":"Trang ch\u1ee7","item":"https:\/\/biosciences.vn\/index.php\/en\/home\/"},{"@type":"ListItem","position":2,"name":"Shop","item":"https:\/\/biosciences.vn\/index.php\/shop\/"},{"@type":"ListItem","position":3,"name":"Lyo NZYSupreme qPCR Probe Master Mix (2x) (MB41702)"}]},{"@type":"WebSite","@id":"https:\/\/biosciences.vn\/#website","url":"https:\/\/biosciences.vn\/","name":"Biosciences","description":"","publisher":{"@id":"https:\/\/biosciences.vn\/#organization"},"potentialAction":[{"@type":"SearchAction","target":{"@type":"EntryPoint","urlTemplate":"https:\/\/biosciences.vn\/?s={search_term_string}"},"query-input":{"@type":"PropertyValueSpecification","valueRequired":true,"valueName":"search_term_string"}}],"inLanguage":"en-US"},{"@type":"Organization","@id":"https:\/\/biosciences.vn\/#organization","name":"Biosciences","url":"https:\/\/biosciences.vn\/","logo":{"@type":"ImageObject","inLanguage":"en-US","@id":"https:\/\/biosciences.vn\/#\/schema\/logo\/image\/","url":"https:\/\/biosciences.vn\/wp-content\/uploads\/2024\/04\/LOGO-BIOSCIENCES-PNG.png","contentUrl":"https:\/\/biosciences.vn\/wp-content\/uploads\/2024\/04\/LOGO-BIOSCIENCES-PNG.png","width":2536,"height":638,"caption":"Biosciences"},"image":{"@id":"https:\/\/biosciences.vn\/#\/schema\/logo\/image\/"}}]}},"brands":[{"id":933,"name":"NZYtech","slug":"nzytech"}],"_links":{"self":[{"href":"https:\/\/biosciences.vn\/index.php\/wp-json\/wp\/v2\/product\/6521"}],"collection":[{"href":"https:\/\/biosciences.vn\/index.php\/wp-json\/wp\/v2\/product"}],"about":[{"href":"https:\/\/biosciences.vn\/index.php\/wp-json\/wp\/v2\/types\/product"}],"replies":[{"embeddable":true,"href":"https:\/\/biosciences.vn\/index.php\/wp-json\/wp\/v2\/comments?post=6521"}],"wp:featuredmedia":[{"embeddable":true,"href":"https:\/\/biosciences.vn\/index.php\/wp-json\/wp\/v2\/media\/6394"}],"wp:attachment":[{"href":"https:\/\/biosciences.vn\/index.php\/wp-json\/wp\/v2\/media?parent=6521"}],"wp:term":[{"taxonomy":"pwb-brand","embeddable":true,"href":"https:\/\/biosciences.vn\/index.php\/wp-json\/wp\/v2\/pwb-brand?post=6521"},{"taxonomy":"product_cat","embeddable":true,"href":"https:\/\/biosciences.vn\/index.php\/wp-json\/wp\/v2\/product_cat?post=6521"},{"taxonomy":"product_tag","embeddable":true,"href":"https:\/\/biosciences.vn\/index.php\/wp-json\/wp\/v2\/product_tag?post=6521"}],"curies":[{"name":"wp","href":"https:\/\/api.w.org\/{rel}","templated":true}]}}