{"id":6541,"date":"2024-10-31T14:02:28","date_gmt":"2024-10-31T07:02:28","guid":{"rendered":"https:\/\/biosciences.vn\/?post_type=product&#038;p=6541"},"modified":"2025-08-28T14:55:09","modified_gmt":"2025-08-28T07:55:09","slug":"lyo-nzysupreme-multiplex-one-step-rt-qpcr-probe-master-mix-2x-1","status":"publish","type":"product","link":"https:\/\/biosciences.vn\/index.php\/product\/lyo-nzysupreme-multiplex-one-step-rt-qpcr-probe-master-mix-2x-1\/","title":{"rendered":"Lyo NZYSupreme Multiplex\n  One-Step RT-qPCR Probe Master Mix (2x) (MB44301)"},"content":{"rendered":"<p>Lyo NZYSupreme Multiplex One-step RT-qPCR Probe Master Mix l\u00e0 h\u1ed7n h\u1ee3p ph\u1ea3n \u1ee9ng \u0111\u00f4ng kh\u00f4 \u0111\u01b0\u1ee3c t\u1ed1i \u01b0u h\u00f3a v\u00e0 hi\u1ec7u qu\u1ea3 cao \u0111\u01b0\u1ee3c ph\u00e1t tri\u1ec3n cho qu\u00e1 tr\u00ecnh t\u1ed5ng h\u1ee3p cDNA s\u1ee3i \u0111\u1ea7u ti\u00ean v\u00e0 PCR th\u1eddi gian th\u1ef1c ti\u1ebfp theo trong m\u1ed9t \u1ed1ng duy nh\u1ea5t. \u0110i\u1ec1u n\u00e0y mang l\u1ea1i s\u1ef1 ti\u1ec7n l\u1ee3i tuy\u1ec7t v\u1eddi v\u00e0 gi\u1ea3m thi\u1ec3u r\u1ee7i ro sai s\u00f3t v\u00e0 nhi\u1ec5m b\u1ea9n. H\u1ed7n h\u1ee3p ch\u00ednh, \u0111\u01b0\u1ee3c b\u00e0o ch\u1ebf d\u01b0\u1edbi d\u1ea1ng h\u1ed7n h\u1ee3p ph\u1ea3n \u1ee9ng 2\u00d7, ch\u1ee9a t\u1ea5t c\u1ea3 c\u00e1c th\u00e0nh ph\u1ea7n c\u1ea7n thi\u1ebft cho c\u1ea3 qu\u00e1 tr\u00ecnh t\u1ed5ng h\u1ee3p cDNA v\u00e0 khu\u1ebfch \u0111\u1ea1i qPCR multiplex (bao g\u1ed3m enzyme, dNTP, ch\u1ea5t \u1ed5n \u0111\u1ecbnh v\u00e0 ch\u1ea5t t\u0103ng c\u01b0\u1eddng). T\u00f9y thu\u1ed9c v\u00e0o m\u00e1y lu\u00e2n nhi\u1ec7t th\u1eddi gian th\u1ef1c \u0111\u01b0\u1ee3c s\u1eed d\u1ee5ng, c\u00f3 th\u1ec3 \u0111\u1ecbnh l\u01b0\u1ee3ng \u0111\u1ed3ng th\u1eddi t\u1edbi 5-6 m\u1ee5c ti\u00eau trong c\u00f9ng m\u1ed9t gi\u1ebfng ho\u1eb7c \u1ed1ng. H\u1ed7n h\u1ee3p ch\u00ednh n\u00e0y \u0111\u01b0\u1ee3c thi\u1ebft k\u1ebf v\u1edbi c\u01a1 ch\u1ebf ki\u1ec3m so\u00e1t enzyme kh\u1edfi \u0111\u1ed9ng n\u00f3ng k\u00e9p \u0111\u1ec3 cung c\u1ea5p \u0111\u1ed9 nh\u1ea1y ph\u00e1t hi\u1ec7n cao nh\u1ea5t. Ngo\u00e0i ra, nh\u1eefng ph\u00e1t tri\u1ec3n m\u1edbi nh\u1ea5t v\u1ec1 ch\u1ea5t t\u0103ng c\u01b0\u1eddng PCR \u0111\u00e3 \u0111\u01b0\u1ee3c k\u1ebft h\u1ee3p trong Lyo NZYSupreme Multiplex One-step RT-qPCR Probe Master Mix, bao g\u1ed3m h\u00f3a h\u1ecdc \u0111\u1ec7m v\u00e0 k\u1ebft h\u1ee3p c\u00e1c enzyme \u0111\u01b0\u1ee3c thi\u1ebft k\u1ebf c\u1ef1c k\u1ef3 m\u1ea1nh m\u1ebd \u0111\u01b0\u1ee3c tr\u1ed9n theo t\u1ef7 l\u1ec7 t\u1ed1i \u01b0u \u0111\u01b0\u1ee3c thi\u1ebft k\u1ebf ri\u00eang \u0111\u1ec3 c\u00f3 hi\u1ec7u su\u1ea5t cao nh\u1ea5t. H\u1ed7n h\u1ee3p ch\u00ednh n\u00e0y kh\u00f4ng ch\u1ee9a ROX v\u00e0 \u0111\u01b0\u1ee3c ph\u00e1t tri\u1ec3n ri\u00eang cho c\u00f4ng ngh\u1ec7 ph\u00e1t hi\u1ec7n \u0111\u1ea7u d\u00f2. \u0110\u1ed1i v\u1edbi c\u00e1c thi\u1ebft b\u1ecb qPCR y\u00eau c\u1ea7u thu\u1ed1c nhu\u1ed9m tham chi\u1ebfu n\u00e0y, ch\u00fang t\u00f4i ch\u1ec9 \u0111\u1ecbnh ph\u1ea1m vi n\u1ed3ng \u0111\u1ed9 cho x\u00e9t nghi\u1ec7m c\u1ee7a b\u1ea1n theo b\u1ea3ng \u0111\u01b0\u1ee3c hi\u1ec3n th\u1ecb trong ph\u1ea7n \u201cthu\u1ed1c nhu\u1ed9m tham chi\u1ebfu ROX\u201d (ROX kh\u00f4ng \u0111\u01b0\u1ee3c cung c\u1ea5p).<\/p>\n","protected":false},"excerpt":{"rendered":"<p>Lyo NZYSupreme Multiplex One-step RT-qPCR Probe Master Mix l\u00e0 h\u1ed7n h\u1ee3p ph\u1ea3n \u1ee9ng \u0111\u00f4ng kh\u00f4 \u0111\u01b0\u1ee3c t\u1ed1i \u01b0u h\u00f3a v\u00e0 hi\u1ec7u qu\u1ea3 cao \u0111\u01b0\u1ee3c ph\u00e1t tri\u1ec3n cho qu\u00e1 tr\u00ecnh t\u1ed5ng h\u1ee3p cDNA s\u1ee3i \u0111\u1ea7u ti\u00ean v\u00e0 PCR th\u1eddi gian th\u1ef1c ti\u1ebfp theo trong m\u1ed9t \u1ed1ng duy nh\u1ea5t. \u0110i\u1ec1u n\u00e0y mang l\u1ea1i s\u1ef1 ti\u1ec7n l\u1ee3i tuy\u1ec7t [&hellip;]<\/p>\n","protected":false},"featured_media":6394,"comment_status":"open","ping_status":"closed","template":"","meta":[],"pwb-brand":[933],"product_cat":[434,731,818],"product_tag":[],"class_list":{"0":"post-6541","1":"product","2":"type-product","3":"status-publish","4":"has-post-thumbnail","6":"pwb-brand-nzytech","7":"product_cat-khoa-hoc-su-song","8":"product_cat-sinh-hoc-phan-tu","9":"product_cat-real-time-pcr","11":"first","12":"onbackorder","13":"shipping-taxable","14":"purchasable","15":"product-type-simple"},"yoast_head":"<!-- This site is optimized with the Yoast SEO plugin v23.6 - https:\/\/yoast.com\/wordpress\/plugins\/seo\/ -->\n<title>Lyo NZYSupreme Multiplex  One-Step RT-qPCR Probe Master Mix (2x) (MB44301) - Biosciences<\/title>\n<meta name=\"robots\" content=\"index, follow, max-snippet:-1, max-image-preview:large, max-video-preview:-1\" \/>\n<link rel=\"canonical\" href=\"https:\/\/biosciences.vn\/index.php\/product\/lyo-nzysupreme-multiplex-one-step-rt-qpcr-probe-master-mix-2x-1\/\" \/>\n<meta property=\"og:locale\" content=\"en_US\" \/>\n<meta property=\"og:type\" content=\"article\" \/>\n<meta property=\"og:title\" content=\"Lyo NZYSupreme Multiplex  One-Step RT-qPCR Probe Master Mix (2x) (MB44301) - Biosciences\" \/>\n<meta property=\"og:description\" content=\"Lyo NZYSupreme Multiplex One-step RT-qPCR Probe Master Mix l\u00e0 h\u1ed7n h\u1ee3p ph\u1ea3n \u1ee9ng \u0111\u00f4ng kh\u00f4 \u0111\u01b0\u1ee3c t\u1ed1i \u01b0u h\u00f3a v\u00e0 hi\u1ec7u qu\u1ea3 cao \u0111\u01b0\u1ee3c ph\u00e1t tri\u1ec3n cho qu\u00e1 tr\u00ecnh t\u1ed5ng h\u1ee3p cDNA s\u1ee3i \u0111\u1ea7u ti\u00ean v\u00e0 PCR th\u1eddi gian th\u1ef1c ti\u1ebfp theo trong m\u1ed9t \u1ed1ng duy nh\u1ea5t. \u0110i\u1ec1u n\u00e0y mang l\u1ea1i s\u1ef1 ti\u1ec7n l\u1ee3i tuy\u1ec7t [&hellip;]\" \/>\n<meta property=\"og:url\" content=\"https:\/\/biosciences.vn\/index.php\/product\/lyo-nzysupreme-multiplex-one-step-rt-qpcr-probe-master-mix-2x-1\/\" \/>\n<meta property=\"og:site_name\" content=\"Biosciences\" \/>\n<meta property=\"article:modified_time\" content=\"2025-08-28T07:55:09+00:00\" \/>\n<meta property=\"og:image\" content=\"https:\/\/biosciences.vn\/wp-content\/uploads\/2024\/10\/NZYtech-.jpg\" \/>\n\t<meta property=\"og:image:width\" content=\"700\" \/>\n\t<meta property=\"og:image:height\" content=\"700\" \/>\n\t<meta property=\"og:image:type\" content=\"image\/jpeg\" \/>\n<meta name=\"twitter:card\" content=\"summary_large_image\" \/>\n<meta name=\"twitter:label1\" content=\"Est. reading time\" \/>\n\t<meta name=\"twitter:data1\" content=\"2 minutes\" \/>\n<script type=\"application\/ld+json\" class=\"yoast-schema-graph\">{\"@context\":\"https:\/\/schema.org\",\"@graph\":[{\"@type\":\"WebPage\",\"@id\":\"https:\/\/biosciences.vn\/index.php\/product\/lyo-nzysupreme-multiplex-one-step-rt-qpcr-probe-master-mix-2x-1\/\",\"url\":\"https:\/\/biosciences.vn\/index.php\/product\/lyo-nzysupreme-multiplex-one-step-rt-qpcr-probe-master-mix-2x-1\/\",\"name\":\"Lyo NZYSupreme Multiplex One-Step RT-qPCR Probe Master Mix (2x) (MB44301) - Biosciences\",\"isPartOf\":{\"@id\":\"https:\/\/biosciences.vn\/#website\"},\"primaryImageOfPage\":{\"@id\":\"https:\/\/biosciences.vn\/index.php\/product\/lyo-nzysupreme-multiplex-one-step-rt-qpcr-probe-master-mix-2x-1\/#primaryimage\"},\"image\":{\"@id\":\"https:\/\/biosciences.vn\/index.php\/product\/lyo-nzysupreme-multiplex-one-step-rt-qpcr-probe-master-mix-2x-1\/#primaryimage\"},\"thumbnailUrl\":\"https:\/\/biosciences.vn\/wp-content\/uploads\/2024\/10\/NZYtech-.jpg\",\"datePublished\":\"2024-10-31T07:02:28+00:00\",\"dateModified\":\"2025-08-28T07:55:09+00:00\",\"breadcrumb\":{\"@id\":\"https:\/\/biosciences.vn\/index.php\/product\/lyo-nzysupreme-multiplex-one-step-rt-qpcr-probe-master-mix-2x-1\/#breadcrumb\"},\"inLanguage\":\"en-US\",\"potentialAction\":[{\"@type\":\"ReadAction\",\"target\":[\"https:\/\/biosciences.vn\/index.php\/product\/lyo-nzysupreme-multiplex-one-step-rt-qpcr-probe-master-mix-2x-1\/\"]}]},{\"@type\":\"ImageObject\",\"inLanguage\":\"en-US\",\"@id\":\"https:\/\/biosciences.vn\/index.php\/product\/lyo-nzysupreme-multiplex-one-step-rt-qpcr-probe-master-mix-2x-1\/#primaryimage\",\"url\":\"https:\/\/biosciences.vn\/wp-content\/uploads\/2024\/10\/NZYtech-.jpg\",\"contentUrl\":\"https:\/\/biosciences.vn\/wp-content\/uploads\/2024\/10\/NZYtech-.jpg\",\"width\":700,\"height\":700},{\"@type\":\"BreadcrumbList\",\"@id\":\"https:\/\/biosciences.vn\/index.php\/product\/lyo-nzysupreme-multiplex-one-step-rt-qpcr-probe-master-mix-2x-1\/#breadcrumb\",\"itemListElement\":[{\"@type\":\"ListItem\",\"position\":1,\"name\":\"Trang ch\u1ee7\",\"item\":\"https:\/\/biosciences.vn\/index.php\/en\/home\/\"},{\"@type\":\"ListItem\",\"position\":2,\"name\":\"Shop\",\"item\":\"https:\/\/biosciences.vn\/index.php\/shop\/\"},{\"@type\":\"ListItem\",\"position\":3,\"name\":\"Lyo NZYSupreme Multiplex One-Step RT-qPCR Probe Master Mix (2x) (MB44301)\"}]},{\"@type\":\"WebSite\",\"@id\":\"https:\/\/biosciences.vn\/#website\",\"url\":\"https:\/\/biosciences.vn\/\",\"name\":\"Biosciences\",\"description\":\"\",\"publisher\":{\"@id\":\"https:\/\/biosciences.vn\/#organization\"},\"potentialAction\":[{\"@type\":\"SearchAction\",\"target\":{\"@type\":\"EntryPoint\",\"urlTemplate\":\"https:\/\/biosciences.vn\/?s={search_term_string}\"},\"query-input\":{\"@type\":\"PropertyValueSpecification\",\"valueRequired\":true,\"valueName\":\"search_term_string\"}}],\"inLanguage\":\"en-US\"},{\"@type\":\"Organization\",\"@id\":\"https:\/\/biosciences.vn\/#organization\",\"name\":\"Biosciences\",\"url\":\"https:\/\/biosciences.vn\/\",\"logo\":{\"@type\":\"ImageObject\",\"inLanguage\":\"en-US\",\"@id\":\"https:\/\/biosciences.vn\/#\/schema\/logo\/image\/\",\"url\":\"https:\/\/biosciences.vn\/wp-content\/uploads\/2024\/04\/LOGO-BIOSCIENCES-PNG.png\",\"contentUrl\":\"https:\/\/biosciences.vn\/wp-content\/uploads\/2024\/04\/LOGO-BIOSCIENCES-PNG.png\",\"width\":2536,\"height\":638,\"caption\":\"Biosciences\"},\"image\":{\"@id\":\"https:\/\/biosciences.vn\/#\/schema\/logo\/image\/\"}}]}<\/script>\n<!-- \/ Yoast SEO plugin. -->","yoast_head_json":{"title":"Lyo NZYSupreme Multiplex  One-Step RT-qPCR Probe Master Mix (2x) (MB44301) - Biosciences","robots":{"index":"index","follow":"follow","max-snippet":"max-snippet:-1","max-image-preview":"max-image-preview:large","max-video-preview":"max-video-preview:-1"},"canonical":"https:\/\/biosciences.vn\/index.php\/product\/lyo-nzysupreme-multiplex-one-step-rt-qpcr-probe-master-mix-2x-1\/","og_locale":"en_US","og_type":"article","og_title":"Lyo NZYSupreme Multiplex  One-Step RT-qPCR Probe Master Mix (2x) (MB44301) - Biosciences","og_description":"Lyo NZYSupreme Multiplex One-step RT-qPCR Probe Master Mix l\u00e0 h\u1ed7n h\u1ee3p ph\u1ea3n \u1ee9ng \u0111\u00f4ng kh\u00f4 \u0111\u01b0\u1ee3c t\u1ed1i \u01b0u h\u00f3a v\u00e0 hi\u1ec7u qu\u1ea3 cao \u0111\u01b0\u1ee3c ph\u00e1t tri\u1ec3n cho qu\u00e1 tr\u00ecnh t\u1ed5ng h\u1ee3p cDNA s\u1ee3i \u0111\u1ea7u ti\u00ean v\u00e0 PCR th\u1eddi gian th\u1ef1c ti\u1ebfp theo trong m\u1ed9t \u1ed1ng duy nh\u1ea5t. \u0110i\u1ec1u n\u00e0y mang l\u1ea1i s\u1ef1 ti\u1ec7n l\u1ee3i tuy\u1ec7t [&hellip;]","og_url":"https:\/\/biosciences.vn\/index.php\/product\/lyo-nzysupreme-multiplex-one-step-rt-qpcr-probe-master-mix-2x-1\/","og_site_name":"Biosciences","article_modified_time":"2025-08-28T07:55:09+00:00","og_image":[{"width":700,"height":700,"url":"https:\/\/biosciences.vn\/wp-content\/uploads\/2024\/10\/NZYtech-.jpg","type":"image\/jpeg"}],"twitter_card":"summary_large_image","twitter_misc":{"Est. reading time":"2 minutes"},"schema":{"@context":"https:\/\/schema.org","@graph":[{"@type":"WebPage","@id":"https:\/\/biosciences.vn\/index.php\/product\/lyo-nzysupreme-multiplex-one-step-rt-qpcr-probe-master-mix-2x-1\/","url":"https:\/\/biosciences.vn\/index.php\/product\/lyo-nzysupreme-multiplex-one-step-rt-qpcr-probe-master-mix-2x-1\/","name":"Lyo NZYSupreme Multiplex One-Step RT-qPCR Probe Master Mix (2x) (MB44301) - Biosciences","isPartOf":{"@id":"https:\/\/biosciences.vn\/#website"},"primaryImageOfPage":{"@id":"https:\/\/biosciences.vn\/index.php\/product\/lyo-nzysupreme-multiplex-one-step-rt-qpcr-probe-master-mix-2x-1\/#primaryimage"},"image":{"@id":"https:\/\/biosciences.vn\/index.php\/product\/lyo-nzysupreme-multiplex-one-step-rt-qpcr-probe-master-mix-2x-1\/#primaryimage"},"thumbnailUrl":"https:\/\/biosciences.vn\/wp-content\/uploads\/2024\/10\/NZYtech-.jpg","datePublished":"2024-10-31T07:02:28+00:00","dateModified":"2025-08-28T07:55:09+00:00","breadcrumb":{"@id":"https:\/\/biosciences.vn\/index.php\/product\/lyo-nzysupreme-multiplex-one-step-rt-qpcr-probe-master-mix-2x-1\/#breadcrumb"},"inLanguage":"en-US","potentialAction":[{"@type":"ReadAction","target":["https:\/\/biosciences.vn\/index.php\/product\/lyo-nzysupreme-multiplex-one-step-rt-qpcr-probe-master-mix-2x-1\/"]}]},{"@type":"ImageObject","inLanguage":"en-US","@id":"https:\/\/biosciences.vn\/index.php\/product\/lyo-nzysupreme-multiplex-one-step-rt-qpcr-probe-master-mix-2x-1\/#primaryimage","url":"https:\/\/biosciences.vn\/wp-content\/uploads\/2024\/10\/NZYtech-.jpg","contentUrl":"https:\/\/biosciences.vn\/wp-content\/uploads\/2024\/10\/NZYtech-.jpg","width":700,"height":700},{"@type":"BreadcrumbList","@id":"https:\/\/biosciences.vn\/index.php\/product\/lyo-nzysupreme-multiplex-one-step-rt-qpcr-probe-master-mix-2x-1\/#breadcrumb","itemListElement":[{"@type":"ListItem","position":1,"name":"Trang ch\u1ee7","item":"https:\/\/biosciences.vn\/index.php\/en\/home\/"},{"@type":"ListItem","position":2,"name":"Shop","item":"https:\/\/biosciences.vn\/index.php\/shop\/"},{"@type":"ListItem","position":3,"name":"Lyo NZYSupreme Multiplex One-Step RT-qPCR Probe Master Mix (2x) (MB44301)"}]},{"@type":"WebSite","@id":"https:\/\/biosciences.vn\/#website","url":"https:\/\/biosciences.vn\/","name":"Biosciences","description":"","publisher":{"@id":"https:\/\/biosciences.vn\/#organization"},"potentialAction":[{"@type":"SearchAction","target":{"@type":"EntryPoint","urlTemplate":"https:\/\/biosciences.vn\/?s={search_term_string}"},"query-input":{"@type":"PropertyValueSpecification","valueRequired":true,"valueName":"search_term_string"}}],"inLanguage":"en-US"},{"@type":"Organization","@id":"https:\/\/biosciences.vn\/#organization","name":"Biosciences","url":"https:\/\/biosciences.vn\/","logo":{"@type":"ImageObject","inLanguage":"en-US","@id":"https:\/\/biosciences.vn\/#\/schema\/logo\/image\/","url":"https:\/\/biosciences.vn\/wp-content\/uploads\/2024\/04\/LOGO-BIOSCIENCES-PNG.png","contentUrl":"https:\/\/biosciences.vn\/wp-content\/uploads\/2024\/04\/LOGO-BIOSCIENCES-PNG.png","width":2536,"height":638,"caption":"Biosciences"},"image":{"@id":"https:\/\/biosciences.vn\/#\/schema\/logo\/image\/"}}]}},"brands":[{"id":933,"name":"NZYtech","slug":"nzytech"}],"_links":{"self":[{"href":"https:\/\/biosciences.vn\/index.php\/wp-json\/wp\/v2\/product\/6541"}],"collection":[{"href":"https:\/\/biosciences.vn\/index.php\/wp-json\/wp\/v2\/product"}],"about":[{"href":"https:\/\/biosciences.vn\/index.php\/wp-json\/wp\/v2\/types\/product"}],"replies":[{"embeddable":true,"href":"https:\/\/biosciences.vn\/index.php\/wp-json\/wp\/v2\/comments?post=6541"}],"wp:featuredmedia":[{"embeddable":true,"href":"https:\/\/biosciences.vn\/index.php\/wp-json\/wp\/v2\/media\/6394"}],"wp:attachment":[{"href":"https:\/\/biosciences.vn\/index.php\/wp-json\/wp\/v2\/media?parent=6541"}],"wp:term":[{"taxonomy":"pwb-brand","embeddable":true,"href":"https:\/\/biosciences.vn\/index.php\/wp-json\/wp\/v2\/pwb-brand?post=6541"},{"taxonomy":"product_cat","embeddable":true,"href":"https:\/\/biosciences.vn\/index.php\/wp-json\/wp\/v2\/product_cat?post=6541"},{"taxonomy":"product_tag","embeddable":true,"href":"https:\/\/biosciences.vn\/index.php\/wp-json\/wp\/v2\/product_tag?post=6541"}],"curies":[{"name":"wp","href":"https:\/\/api.w.org\/{rel}","templated":true}]}}