{"id":6552,"date":"2024-10-31T14:02:54","date_gmt":"2024-10-31T07:02:54","guid":{"rendered":"https:\/\/biosciences.vn\/?post_type=product&#038;p=6552"},"modified":"2025-08-28T14:55:09","modified_gmt":"2025-08-28T07:55:09","slug":"t7-rna-polymerase-1","status":"publish","type":"product","link":"https:\/\/biosciences.vn\/index.php\/product\/t7-rna-polymerase-1\/","title":{"rendered":"T7 RNA Polymerase (MB08001)"},"content":{"rendered":"<p>T7 RNA polymerase l\u00e0 m\u1ed9t enzyme t\u00e1i t\u1ed5 h\u1ee3p \u0111\u01b0\u1ee3c tinh ch\u1ebf t\u1eeb\u00a0Escherichia coli\u00a0, \u0111\u1ec3 t\u1ed5ng h\u1ee3p c\u00e1c \u0111\u1ea7u d\u00f2 RNA c\u00f3 ho\u1ea1t t\u00ednh \u0111\u1eb7c hi\u1ec7u cao, mRNA c\u00f3 ho\u1ea1t t\u00ednh sinh h\u1ecdc v\u00e0 RNA antisense. T7 RNA polymerase ph\u1ee5 thu\u1ed9c v\u00e0o DNA v\u1edbi t\u00ednh \u0111\u1eb7c hi\u1ec7u nghi\u00eam ng\u1eb7t \u0111\u1ed1i v\u1edbi promoter s\u1ee3i \u0111\u00f4i c\u1ee7a ri\u00eang n\u00f3 m\u00e0 kh\u00f4ng \u0111\u01b0\u1ee3c nh\u1eadn d\u1ea1ng hi\u1ec7u qu\u1ea3 b\u1edfi SP6 ho\u1eb7c T3 RNA polymerase. T7 RNA polymerase x\u00fac t\u00e1c qu\u00e1 tr\u00ecnh t\u1ed5ng h\u1ee3p RNA 5&#8217;\u21923&#8242; t\u1eeb ribonucleoside triphosphate tr\u00ean DNA s\u1ee3i \u0111\u01a1n ho\u1eb7c s\u1ee3i \u0111\u00f4i h\u1ea1 l\u01b0u t\u1eeb promoter T7. S\u1eed d\u1ee5ng DNA plasmid d\u1ea1ng v\u00f2ng l\u00e0m khu\u00f4n m\u1eabu s\u1ebd t\u1ea1o ra c\u00e1c b\u1ea3n sao kh\u00f4ng \u0111\u1ed3ng nh\u1ea5t c\u00f3 nhi\u1ec1u \u0111\u1ed9 d\u00e0i. T7 RNA polymerase ch\u1ea5p nh\u1eadn c\u00e1c nucleotide \u0111\u00e3 bi\u1ebfn \u0111\u1ed5i l\u00e0m ch\u1ea5t n\u1ec1n \u0111\u1ec3 t\u1ed5ng h\u1ee3p RNA.<\/p>\n","protected":false},"excerpt":{"rendered":"<p>T7 RNA polymerase l\u00e0 m\u1ed9t enzyme t\u00e1i t\u1ed5 h\u1ee3p \u0111\u01b0\u1ee3c tinh ch\u1ebf t\u1eeb\u00a0Escherichia coli\u00a0, \u0111\u1ec3 t\u1ed5ng h\u1ee3p c\u00e1c \u0111\u1ea7u d\u00f2 RNA c\u00f3 ho\u1ea1t t\u00ednh \u0111\u1eb7c hi\u1ec7u cao, mRNA c\u00f3 ho\u1ea1t t\u00ednh sinh h\u1ecdc v\u00e0 RNA antisense. T7 RNA polymerase ph\u1ee5 thu\u1ed9c v\u00e0o DNA v\u1edbi t\u00ednh \u0111\u1eb7c hi\u1ec7u nghi\u00eam ng\u1eb7t \u0111\u1ed1i v\u1edbi promoter s\u1ee3i \u0111\u00f4i c\u1ee7a [&hellip;]<\/p>\n","protected":false},"featured_media":6394,"comment_status":"open","ping_status":"closed","template":"","meta":[],"pwb-brand":[933],"product_cat":[434,731,820],"product_tag":[],"class_list":{"0":"post-6552","1":"product","2":"type-product","3":"status-publish","4":"has-post-thumbnail","6":"pwb-brand-nzytech","7":"product_cat-khoa-hoc-su-song","8":"product_cat-sinh-hoc-phan-tu","9":"product_cat-rna-cdna-vi","11":"first","12":"onbackorder","13":"shipping-taxable","14":"purchasable","15":"product-type-simple"},"yoast_head":"<!-- This site is optimized with the Yoast SEO plugin v23.6 - https:\/\/yoast.com\/wordpress\/plugins\/seo\/ -->\n<title>T7 RNA Polymerase (MB08001) - Biosciences<\/title>\n<meta name=\"robots\" content=\"index, follow, max-snippet:-1, max-image-preview:large, max-video-preview:-1\" \/>\n<link rel=\"canonical\" href=\"https:\/\/biosciences.vn\/index.php\/product\/t7-rna-polymerase-1\/\" \/>\n<meta property=\"og:locale\" content=\"en_US\" \/>\n<meta property=\"og:type\" content=\"article\" \/>\n<meta property=\"og:title\" content=\"T7 RNA Polymerase (MB08001) - Biosciences\" \/>\n<meta property=\"og:description\" content=\"T7 RNA polymerase l\u00e0 m\u1ed9t enzyme t\u00e1i t\u1ed5 h\u1ee3p \u0111\u01b0\u1ee3c tinh ch\u1ebf t\u1eeb\u00a0Escherichia coli\u00a0, \u0111\u1ec3 t\u1ed5ng h\u1ee3p c\u00e1c \u0111\u1ea7u d\u00f2 RNA c\u00f3 ho\u1ea1t t\u00ednh \u0111\u1eb7c hi\u1ec7u cao, mRNA c\u00f3 ho\u1ea1t t\u00ednh sinh h\u1ecdc v\u00e0 RNA antisense. T7 RNA polymerase ph\u1ee5 thu\u1ed9c v\u00e0o DNA v\u1edbi t\u00ednh \u0111\u1eb7c hi\u1ec7u nghi\u00eam ng\u1eb7t \u0111\u1ed1i v\u1edbi promoter s\u1ee3i \u0111\u00f4i c\u1ee7a [&hellip;]\" \/>\n<meta property=\"og:url\" content=\"https:\/\/biosciences.vn\/index.php\/product\/t7-rna-polymerase-1\/\" \/>\n<meta property=\"og:site_name\" content=\"Biosciences\" \/>\n<meta property=\"article:modified_time\" content=\"2025-08-28T07:55:09+00:00\" \/>\n<meta property=\"og:image\" content=\"https:\/\/biosciences.vn\/wp-content\/uploads\/2024\/10\/NZYtech-.jpg\" \/>\n\t<meta property=\"og:image:width\" content=\"700\" \/>\n\t<meta property=\"og:image:height\" content=\"700\" \/>\n\t<meta property=\"og:image:type\" content=\"image\/jpeg\" \/>\n<meta name=\"twitter:card\" content=\"summary_large_image\" \/>\n<meta name=\"twitter:label1\" content=\"Est. reading time\" \/>\n\t<meta name=\"twitter:data1\" content=\"1 minute\" \/>\n<script type=\"application\/ld+json\" class=\"yoast-schema-graph\">{\"@context\":\"https:\/\/schema.org\",\"@graph\":[{\"@type\":\"WebPage\",\"@id\":\"https:\/\/biosciences.vn\/index.php\/product\/t7-rna-polymerase-1\/\",\"url\":\"https:\/\/biosciences.vn\/index.php\/product\/t7-rna-polymerase-1\/\",\"name\":\"T7 RNA Polymerase (MB08001) - Biosciences\",\"isPartOf\":{\"@id\":\"https:\/\/biosciences.vn\/#website\"},\"primaryImageOfPage\":{\"@id\":\"https:\/\/biosciences.vn\/index.php\/product\/t7-rna-polymerase-1\/#primaryimage\"},\"image\":{\"@id\":\"https:\/\/biosciences.vn\/index.php\/product\/t7-rna-polymerase-1\/#primaryimage\"},\"thumbnailUrl\":\"https:\/\/biosciences.vn\/wp-content\/uploads\/2024\/10\/NZYtech-.jpg\",\"datePublished\":\"2024-10-31T07:02:54+00:00\",\"dateModified\":\"2025-08-28T07:55:09+00:00\",\"breadcrumb\":{\"@id\":\"https:\/\/biosciences.vn\/index.php\/product\/t7-rna-polymerase-1\/#breadcrumb\"},\"inLanguage\":\"en-US\",\"potentialAction\":[{\"@type\":\"ReadAction\",\"target\":[\"https:\/\/biosciences.vn\/index.php\/product\/t7-rna-polymerase-1\/\"]}]},{\"@type\":\"ImageObject\",\"inLanguage\":\"en-US\",\"@id\":\"https:\/\/biosciences.vn\/index.php\/product\/t7-rna-polymerase-1\/#primaryimage\",\"url\":\"https:\/\/biosciences.vn\/wp-content\/uploads\/2024\/10\/NZYtech-.jpg\",\"contentUrl\":\"https:\/\/biosciences.vn\/wp-content\/uploads\/2024\/10\/NZYtech-.jpg\",\"width\":700,\"height\":700},{\"@type\":\"BreadcrumbList\",\"@id\":\"https:\/\/biosciences.vn\/index.php\/product\/t7-rna-polymerase-1\/#breadcrumb\",\"itemListElement\":[{\"@type\":\"ListItem\",\"position\":1,\"name\":\"Trang ch\u1ee7\",\"item\":\"https:\/\/biosciences.vn\/index.php\/en\/home\/\"},{\"@type\":\"ListItem\",\"position\":2,\"name\":\"Shop\",\"item\":\"https:\/\/biosciences.vn\/index.php\/shop\/\"},{\"@type\":\"ListItem\",\"position\":3,\"name\":\"T7 RNA Polymerase (MB08001)\"}]},{\"@type\":\"WebSite\",\"@id\":\"https:\/\/biosciences.vn\/#website\",\"url\":\"https:\/\/biosciences.vn\/\",\"name\":\"Biosciences\",\"description\":\"\",\"publisher\":{\"@id\":\"https:\/\/biosciences.vn\/#organization\"},\"potentialAction\":[{\"@type\":\"SearchAction\",\"target\":{\"@type\":\"EntryPoint\",\"urlTemplate\":\"https:\/\/biosciences.vn\/?s={search_term_string}\"},\"query-input\":{\"@type\":\"PropertyValueSpecification\",\"valueRequired\":true,\"valueName\":\"search_term_string\"}}],\"inLanguage\":\"en-US\"},{\"@type\":\"Organization\",\"@id\":\"https:\/\/biosciences.vn\/#organization\",\"name\":\"Biosciences\",\"url\":\"https:\/\/biosciences.vn\/\",\"logo\":{\"@type\":\"ImageObject\",\"inLanguage\":\"en-US\",\"@id\":\"https:\/\/biosciences.vn\/#\/schema\/logo\/image\/\",\"url\":\"https:\/\/biosciences.vn\/wp-content\/uploads\/2024\/04\/LOGO-BIOSCIENCES-PNG.png\",\"contentUrl\":\"https:\/\/biosciences.vn\/wp-content\/uploads\/2024\/04\/LOGO-BIOSCIENCES-PNG.png\",\"width\":2536,\"height\":638,\"caption\":\"Biosciences\"},\"image\":{\"@id\":\"https:\/\/biosciences.vn\/#\/schema\/logo\/image\/\"}}]}<\/script>\n<!-- \/ Yoast SEO plugin. -->","yoast_head_json":{"title":"T7 RNA Polymerase (MB08001) - Biosciences","robots":{"index":"index","follow":"follow","max-snippet":"max-snippet:-1","max-image-preview":"max-image-preview:large","max-video-preview":"max-video-preview:-1"},"canonical":"https:\/\/biosciences.vn\/index.php\/product\/t7-rna-polymerase-1\/","og_locale":"en_US","og_type":"article","og_title":"T7 RNA Polymerase (MB08001) - Biosciences","og_description":"T7 RNA polymerase l\u00e0 m\u1ed9t enzyme t\u00e1i t\u1ed5 h\u1ee3p \u0111\u01b0\u1ee3c tinh ch\u1ebf t\u1eeb\u00a0Escherichia coli\u00a0, \u0111\u1ec3 t\u1ed5ng h\u1ee3p c\u00e1c \u0111\u1ea7u d\u00f2 RNA c\u00f3 ho\u1ea1t t\u00ednh \u0111\u1eb7c hi\u1ec7u cao, mRNA c\u00f3 ho\u1ea1t t\u00ednh sinh h\u1ecdc v\u00e0 RNA antisense. T7 RNA polymerase ph\u1ee5 thu\u1ed9c v\u00e0o DNA v\u1edbi t\u00ednh \u0111\u1eb7c hi\u1ec7u nghi\u00eam ng\u1eb7t \u0111\u1ed1i v\u1edbi promoter s\u1ee3i \u0111\u00f4i c\u1ee7a [&hellip;]","og_url":"https:\/\/biosciences.vn\/index.php\/product\/t7-rna-polymerase-1\/","og_site_name":"Biosciences","article_modified_time":"2025-08-28T07:55:09+00:00","og_image":[{"width":700,"height":700,"url":"https:\/\/biosciences.vn\/wp-content\/uploads\/2024\/10\/NZYtech-.jpg","type":"image\/jpeg"}],"twitter_card":"summary_large_image","twitter_misc":{"Est. reading time":"1 minute"},"schema":{"@context":"https:\/\/schema.org","@graph":[{"@type":"WebPage","@id":"https:\/\/biosciences.vn\/index.php\/product\/t7-rna-polymerase-1\/","url":"https:\/\/biosciences.vn\/index.php\/product\/t7-rna-polymerase-1\/","name":"T7 RNA Polymerase (MB08001) - Biosciences","isPartOf":{"@id":"https:\/\/biosciences.vn\/#website"},"primaryImageOfPage":{"@id":"https:\/\/biosciences.vn\/index.php\/product\/t7-rna-polymerase-1\/#primaryimage"},"image":{"@id":"https:\/\/biosciences.vn\/index.php\/product\/t7-rna-polymerase-1\/#primaryimage"},"thumbnailUrl":"https:\/\/biosciences.vn\/wp-content\/uploads\/2024\/10\/NZYtech-.jpg","datePublished":"2024-10-31T07:02:54+00:00","dateModified":"2025-08-28T07:55:09+00:00","breadcrumb":{"@id":"https:\/\/biosciences.vn\/index.php\/product\/t7-rna-polymerase-1\/#breadcrumb"},"inLanguage":"en-US","potentialAction":[{"@type":"ReadAction","target":["https:\/\/biosciences.vn\/index.php\/product\/t7-rna-polymerase-1\/"]}]},{"@type":"ImageObject","inLanguage":"en-US","@id":"https:\/\/biosciences.vn\/index.php\/product\/t7-rna-polymerase-1\/#primaryimage","url":"https:\/\/biosciences.vn\/wp-content\/uploads\/2024\/10\/NZYtech-.jpg","contentUrl":"https:\/\/biosciences.vn\/wp-content\/uploads\/2024\/10\/NZYtech-.jpg","width":700,"height":700},{"@type":"BreadcrumbList","@id":"https:\/\/biosciences.vn\/index.php\/product\/t7-rna-polymerase-1\/#breadcrumb","itemListElement":[{"@type":"ListItem","position":1,"name":"Trang ch\u1ee7","item":"https:\/\/biosciences.vn\/index.php\/en\/home\/"},{"@type":"ListItem","position":2,"name":"Shop","item":"https:\/\/biosciences.vn\/index.php\/shop\/"},{"@type":"ListItem","position":3,"name":"T7 RNA Polymerase (MB08001)"}]},{"@type":"WebSite","@id":"https:\/\/biosciences.vn\/#website","url":"https:\/\/biosciences.vn\/","name":"Biosciences","description":"","publisher":{"@id":"https:\/\/biosciences.vn\/#organization"},"potentialAction":[{"@type":"SearchAction","target":{"@type":"EntryPoint","urlTemplate":"https:\/\/biosciences.vn\/?s={search_term_string}"},"query-input":{"@type":"PropertyValueSpecification","valueRequired":true,"valueName":"search_term_string"}}],"inLanguage":"en-US"},{"@type":"Organization","@id":"https:\/\/biosciences.vn\/#organization","name":"Biosciences","url":"https:\/\/biosciences.vn\/","logo":{"@type":"ImageObject","inLanguage":"en-US","@id":"https:\/\/biosciences.vn\/#\/schema\/logo\/image\/","url":"https:\/\/biosciences.vn\/wp-content\/uploads\/2024\/04\/LOGO-BIOSCIENCES-PNG.png","contentUrl":"https:\/\/biosciences.vn\/wp-content\/uploads\/2024\/04\/LOGO-BIOSCIENCES-PNG.png","width":2536,"height":638,"caption":"Biosciences"},"image":{"@id":"https:\/\/biosciences.vn\/#\/schema\/logo\/image\/"}}]}},"brands":[{"id":933,"name":"NZYtech","slug":"nzytech"}],"_links":{"self":[{"href":"https:\/\/biosciences.vn\/index.php\/wp-json\/wp\/v2\/product\/6552"}],"collection":[{"href":"https:\/\/biosciences.vn\/index.php\/wp-json\/wp\/v2\/product"}],"about":[{"href":"https:\/\/biosciences.vn\/index.php\/wp-json\/wp\/v2\/types\/product"}],"replies":[{"embeddable":true,"href":"https:\/\/biosciences.vn\/index.php\/wp-json\/wp\/v2\/comments?post=6552"}],"wp:featuredmedia":[{"embeddable":true,"href":"https:\/\/biosciences.vn\/index.php\/wp-json\/wp\/v2\/media\/6394"}],"wp:attachment":[{"href":"https:\/\/biosciences.vn\/index.php\/wp-json\/wp\/v2\/media?parent=6552"}],"wp:term":[{"taxonomy":"pwb-brand","embeddable":true,"href":"https:\/\/biosciences.vn\/index.php\/wp-json\/wp\/v2\/pwb-brand?post=6552"},{"taxonomy":"product_cat","embeddable":true,"href":"https:\/\/biosciences.vn\/index.php\/wp-json\/wp\/v2\/product_cat?post=6552"},{"taxonomy":"product_tag","embeddable":true,"href":"https:\/\/biosciences.vn\/index.php\/wp-json\/wp\/v2\/product_tag?post=6552"}],"curies":[{"name":"wp","href":"https:\/\/api.w.org\/{rel}","templated":true}]}}