{"id":6575,"date":"2024-10-31T14:03:41","date_gmt":"2024-10-31T07:03:41","guid":{"rendered":"https:\/\/biosciences.vn\/?post_type=product&#038;p=6575"},"modified":"2025-08-28T14:55:09","modified_gmt":"2025-08-28T07:55:09","slug":"lyo-nzy-reverse-transcriptase-1","status":"publish","type":"product","link":"https:\/\/biosciences.vn\/index.php\/product\/lyo-nzy-reverse-transcriptase-1\/","title":{"rendered":"Lyo NZY Reverse Transcriptase\n  (MB40901)"},"content":{"rendered":"<div id=\"tab-label-product.description.custom\" class=\"data item title active\" role=\"tab\" data-role=\"collapsible\" data-collapsible=\"true\" aria-controls=\"product.description.custom\" aria-expanded=\"true\"><a id=\"tab-label-product.description.custom-title\" class=\"data switch\" href=\"https:\/\/www.nzytech.com\/en\/mb40901-lyo-nzy-reverse-transcriptase\/#product.description.custom\" data-toggle=\"switch\"><span>Chi ti\u1ebft<\/span><\/a><\/div>\n<p>&nbsp;<\/p>\n<div id=\"product.description.custom\" class=\"data item content\" role=\"tabpanel\" data-role=\"content\" aria-labelledby=\"tab-label-product.description.custom\" aria-hidden=\"false\">\n<div class=\"container-attributes table-added flex-attribute\">\n<div class=\"description flex-attribute-left\"><span>Lyo NZY Reverse Transcriptase l\u00e0 m\u1ed9t lo\u1ea1i enzyme \u0111\u00f4ng kh\u00f4 \u0111\u01b0\u1ee3c cung c\u1ea5p v\u1edbi m\u1ed9t \u0111\u1ec7m t\u00e1i t\u1ea1o \u0111\u01b0\u1ee3c t\u1ed1i \u01b0u h\u00f3a, \u0111\u01b0\u1ee3c thi\u1ebft k\u1ebf \u0111\u1ec3 mang l\u1ea1i m\u1ee9c \u0111\u1ed9 \u1ed5n \u0111\u1ecbnh v\u00e0 ho\u1ea1t \u0111\u1ed9ng c\u1ee7a enzyme t\u1ed1i \u0111a. Lyo NZY Reverse Transcriptase l\u00e0 m\u1ed9t d\u1ea1ng t\u00e1i t\u1ed5 h\u1ee3p \u0111\u00e3 \u0111\u01b0\u1ee3c bi\u1ebfn \u0111\u1ed5i c\u1ee7a Moloney Murine Leukemia Virus (M-MuLV) Reverse Transcriptase \u0111\u01b0\u1ee3c tinh ch\u1ebf t\u1eeb\u00a0<\/span><i><span>Escherichia coli<\/span><\/i><span>\u00a0. Lyo NZY Reverse Transcriptase t\u1ed5ng h\u1ee3p chu\u1ed7i DNA b\u1ed5 sung khi c\u00f3 s\u1ef1 hi\u1ec7n di\u1ec7n c\u1ee7a m\u1ed9t \u0111o\u1ea1n m\u1ed3i b\u1eb1ng c\u00e1ch s\u1eed d\u1ee5ng RNA (t\u1ed5ng h\u1ee3p cDNA) ho\u1eb7c DNA s\u1ee3i \u0111\u01a1n l\u00e0m khu\u00f4n m\u1eabu trong m\u1ed9t ph\u1ea1m vi nhi\u1ec7t \u0111\u1ed9 r\u1ed9ng (37-50\u00b0C). Nhi\u1ec7t \u0111\u1ed9 ph\u1ea3n \u1ee9ng cao c\u00f3 l\u1ee3i cho vi\u1ec7c c\u1ea3i thi\u1ec7n t\u00ednh \u0111\u1eb7c hi\u1ec7u v\u00e0 cho ph\u00e9p t\u1ed5ng h\u1ee3p cDNA t\u1eeb c\u00e1c khu\u00f4n m\u1eabu ph\u1ee9c t\u1ea1p, bao g\u1ed3m c\u1ea3 nh\u1eefng khu\u00f4n m\u1eabu c\u00f3 h\u00e0m l\u01b0\u1ee3ng GC cao ho\u1eb7c c\u00f3 m\u1ee9c \u0111\u1ed9 c\u1ea5u tr\u00fac th\u1ee9 c\u1ea5p cao. Enzym n\u00e0y kh\u00f4ng c\u00f3 ho\u1ea1t t\u00ednh exonuclease 3\u00b4\u21925\u00b4 v\u00e0 kh\u00f4ng c\u00f3 ho\u1ea1t t\u00ednh RNase H, cho ph\u00e9p t\u1ed5ng h\u1ee3p t\u1ed1t h\u01a1n cDNA c\u00f3 \u0111\u1ed9 d\u00e0i \u0111\u1ea7y \u0111\u1ee7 ngay c\u1ea3 \u0111\u1ed1i v\u1edbi mRNA d\u00e0i, b\u1eb1ng c\u00e1ch s\u1eed d\u1ee5ng m\u1ed3i ng\u1eabu nhi\u00ean. Do \u0111\u00f3, Lyo NZY Reverse Transcriptase cho n\u0103ng su\u1ea5t cao cDNA l\u00ean \u0111\u1ebfn 7 kb. Lyo NZY Reverse Transcriptase c\u00f3 th\u1ec3 \u0111\u01b0\u1ee3c s\u1eed d\u1ee5ng trong c\u00e1c th\u00ed nghi\u1ec7m t\u1ed5ng h\u1ee3p cDNA s\u1ee3i \u0111\u1ea7u ti\u00ean, RT-PCR, RT-qPCR, g\u1eafn nh\u00e3n DNA v\u00e0 ph\u00e2n t\u00edch RNA b\u1eb1ng c\u00e1ch k\u00e9o d\u00e0i \u0111o\u1ea1n m\u1ed3i.<\/span><\/div>\n<\/div>\n<\/div>\n","protected":false},"excerpt":{"rendered":"<p>Chi ti\u1ebft &nbsp; Lyo NZY Reverse Transcriptase l\u00e0 m\u1ed9t lo\u1ea1i enzyme \u0111\u00f4ng kh\u00f4 \u0111\u01b0\u1ee3c cung c\u1ea5p v\u1edbi m\u1ed9t \u0111\u1ec7m t\u00e1i t\u1ea1o \u0111\u01b0\u1ee3c t\u1ed1i \u01b0u h\u00f3a, \u0111\u01b0\u1ee3c thi\u1ebft k\u1ebf \u0111\u1ec3 mang l\u1ea1i m\u1ee9c \u0111\u1ed9 \u1ed5n \u0111\u1ecbnh v\u00e0 ho\u1ea1t \u0111\u1ed9ng c\u1ee7a enzyme t\u1ed1i \u0111a. Lyo NZY Reverse Transcriptase l\u00e0 m\u1ed9t d\u1ea1ng t\u00e1i t\u1ed5 h\u1ee3p \u0111\u00e3 \u0111\u01b0\u1ee3c bi\u1ebfn [&hellip;]<\/p>\n","protected":false},"featured_media":6394,"comment_status":"open","ping_status":"closed","template":"","meta":[],"pwb-brand":[933],"product_cat":[434,731,820],"product_tag":[],"class_list":{"0":"post-6575","1":"product","2":"type-product","3":"status-publish","4":"has-post-thumbnail","6":"pwb-brand-nzytech","7":"product_cat-khoa-hoc-su-song","8":"product_cat-sinh-hoc-phan-tu","9":"product_cat-rna-cdna-vi","11":"first","12":"onbackorder","13":"shipping-taxable","14":"purchasable","15":"product-type-simple"},"yoast_head":"<!-- This site is optimized with the Yoast SEO plugin v23.6 - https:\/\/yoast.com\/wordpress\/plugins\/seo\/ -->\n<title>Lyo NZY Reverse Transcriptase  (MB40901) - Biosciences<\/title>\n<meta name=\"robots\" content=\"index, follow, max-snippet:-1, max-image-preview:large, max-video-preview:-1\" \/>\n<link rel=\"canonical\" href=\"https:\/\/biosciences.vn\/index.php\/product\/lyo-nzy-reverse-transcriptase-1\/\" \/>\n<meta property=\"og:locale\" content=\"en_US\" \/>\n<meta property=\"og:type\" content=\"article\" \/>\n<meta property=\"og:title\" content=\"Lyo NZY Reverse Transcriptase  (MB40901) - Biosciences\" \/>\n<meta property=\"og:description\" content=\"Chi ti\u1ebft &nbsp; Lyo NZY Reverse Transcriptase l\u00e0 m\u1ed9t lo\u1ea1i enzyme \u0111\u00f4ng kh\u00f4 \u0111\u01b0\u1ee3c cung c\u1ea5p v\u1edbi m\u1ed9t \u0111\u1ec7m t\u00e1i t\u1ea1o \u0111\u01b0\u1ee3c t\u1ed1i \u01b0u h\u00f3a, \u0111\u01b0\u1ee3c thi\u1ebft k\u1ebf \u0111\u1ec3 mang l\u1ea1i m\u1ee9c \u0111\u1ed9 \u1ed5n \u0111\u1ecbnh v\u00e0 ho\u1ea1t \u0111\u1ed9ng c\u1ee7a enzyme t\u1ed1i \u0111a. Lyo NZY Reverse Transcriptase l\u00e0 m\u1ed9t d\u1ea1ng t\u00e1i t\u1ed5 h\u1ee3p \u0111\u00e3 \u0111\u01b0\u1ee3c bi\u1ebfn [&hellip;]\" \/>\n<meta property=\"og:url\" content=\"https:\/\/biosciences.vn\/index.php\/product\/lyo-nzy-reverse-transcriptase-1\/\" \/>\n<meta property=\"og:site_name\" content=\"Biosciences\" \/>\n<meta property=\"article:modified_time\" content=\"2025-08-28T07:55:09+00:00\" \/>\n<meta property=\"og:image\" content=\"https:\/\/biosciences.vn\/wp-content\/uploads\/2024\/10\/NZYtech-.jpg\" \/>\n\t<meta property=\"og:image:width\" content=\"700\" \/>\n\t<meta property=\"og:image:height\" content=\"700\" \/>\n\t<meta property=\"og:image:type\" content=\"image\/jpeg\" \/>\n<meta name=\"twitter:card\" content=\"summary_large_image\" \/>\n<meta name=\"twitter:label1\" content=\"Est. reading time\" \/>\n\t<meta name=\"twitter:data1\" content=\"2 minutes\" \/>\n<script type=\"application\/ld+json\" class=\"yoast-schema-graph\">{\"@context\":\"https:\/\/schema.org\",\"@graph\":[{\"@type\":\"WebPage\",\"@id\":\"https:\/\/biosciences.vn\/index.php\/product\/lyo-nzy-reverse-transcriptase-1\/\",\"url\":\"https:\/\/biosciences.vn\/index.php\/product\/lyo-nzy-reverse-transcriptase-1\/\",\"name\":\"Lyo NZY Reverse Transcriptase (MB40901) - Biosciences\",\"isPartOf\":{\"@id\":\"https:\/\/biosciences.vn\/#website\"},\"primaryImageOfPage\":{\"@id\":\"https:\/\/biosciences.vn\/index.php\/product\/lyo-nzy-reverse-transcriptase-1\/#primaryimage\"},\"image\":{\"@id\":\"https:\/\/biosciences.vn\/index.php\/product\/lyo-nzy-reverse-transcriptase-1\/#primaryimage\"},\"thumbnailUrl\":\"https:\/\/biosciences.vn\/wp-content\/uploads\/2024\/10\/NZYtech-.jpg\",\"datePublished\":\"2024-10-31T07:03:41+00:00\",\"dateModified\":\"2025-08-28T07:55:09+00:00\",\"breadcrumb\":{\"@id\":\"https:\/\/biosciences.vn\/index.php\/product\/lyo-nzy-reverse-transcriptase-1\/#breadcrumb\"},\"inLanguage\":\"en-US\",\"potentialAction\":[{\"@type\":\"ReadAction\",\"target\":[\"https:\/\/biosciences.vn\/index.php\/product\/lyo-nzy-reverse-transcriptase-1\/\"]}]},{\"@type\":\"ImageObject\",\"inLanguage\":\"en-US\",\"@id\":\"https:\/\/biosciences.vn\/index.php\/product\/lyo-nzy-reverse-transcriptase-1\/#primaryimage\",\"url\":\"https:\/\/biosciences.vn\/wp-content\/uploads\/2024\/10\/NZYtech-.jpg\",\"contentUrl\":\"https:\/\/biosciences.vn\/wp-content\/uploads\/2024\/10\/NZYtech-.jpg\",\"width\":700,\"height\":700},{\"@type\":\"BreadcrumbList\",\"@id\":\"https:\/\/biosciences.vn\/index.php\/product\/lyo-nzy-reverse-transcriptase-1\/#breadcrumb\",\"itemListElement\":[{\"@type\":\"ListItem\",\"position\":1,\"name\":\"Trang ch\u1ee7\",\"item\":\"https:\/\/biosciences.vn\/index.php\/en\/home\/\"},{\"@type\":\"ListItem\",\"position\":2,\"name\":\"Shop\",\"item\":\"https:\/\/biosciences.vn\/index.php\/shop\/\"},{\"@type\":\"ListItem\",\"position\":3,\"name\":\"Lyo NZY Reverse Transcriptase (MB40901)\"}]},{\"@type\":\"WebSite\",\"@id\":\"https:\/\/biosciences.vn\/#website\",\"url\":\"https:\/\/biosciences.vn\/\",\"name\":\"Biosciences\",\"description\":\"\",\"publisher\":{\"@id\":\"https:\/\/biosciences.vn\/#organization\"},\"potentialAction\":[{\"@type\":\"SearchAction\",\"target\":{\"@type\":\"EntryPoint\",\"urlTemplate\":\"https:\/\/biosciences.vn\/?s={search_term_string}\"},\"query-input\":{\"@type\":\"PropertyValueSpecification\",\"valueRequired\":true,\"valueName\":\"search_term_string\"}}],\"inLanguage\":\"en-US\"},{\"@type\":\"Organization\",\"@id\":\"https:\/\/biosciences.vn\/#organization\",\"name\":\"Biosciences\",\"url\":\"https:\/\/biosciences.vn\/\",\"logo\":{\"@type\":\"ImageObject\",\"inLanguage\":\"en-US\",\"@id\":\"https:\/\/biosciences.vn\/#\/schema\/logo\/image\/\",\"url\":\"https:\/\/biosciences.vn\/wp-content\/uploads\/2024\/04\/LOGO-BIOSCIENCES-PNG.png\",\"contentUrl\":\"https:\/\/biosciences.vn\/wp-content\/uploads\/2024\/04\/LOGO-BIOSCIENCES-PNG.png\",\"width\":2536,\"height\":638,\"caption\":\"Biosciences\"},\"image\":{\"@id\":\"https:\/\/biosciences.vn\/#\/schema\/logo\/image\/\"}}]}<\/script>\n<!-- \/ Yoast SEO plugin. -->","yoast_head_json":{"title":"Lyo NZY Reverse Transcriptase  (MB40901) - Biosciences","robots":{"index":"index","follow":"follow","max-snippet":"max-snippet:-1","max-image-preview":"max-image-preview:large","max-video-preview":"max-video-preview:-1"},"canonical":"https:\/\/biosciences.vn\/index.php\/product\/lyo-nzy-reverse-transcriptase-1\/","og_locale":"en_US","og_type":"article","og_title":"Lyo NZY Reverse Transcriptase  (MB40901) - Biosciences","og_description":"Chi ti\u1ebft &nbsp; Lyo NZY Reverse Transcriptase l\u00e0 m\u1ed9t lo\u1ea1i enzyme \u0111\u00f4ng kh\u00f4 \u0111\u01b0\u1ee3c cung c\u1ea5p v\u1edbi m\u1ed9t \u0111\u1ec7m t\u00e1i t\u1ea1o \u0111\u01b0\u1ee3c t\u1ed1i \u01b0u h\u00f3a, \u0111\u01b0\u1ee3c thi\u1ebft k\u1ebf \u0111\u1ec3 mang l\u1ea1i m\u1ee9c \u0111\u1ed9 \u1ed5n \u0111\u1ecbnh v\u00e0 ho\u1ea1t \u0111\u1ed9ng c\u1ee7a enzyme t\u1ed1i \u0111a. Lyo NZY Reverse Transcriptase l\u00e0 m\u1ed9t d\u1ea1ng t\u00e1i t\u1ed5 h\u1ee3p \u0111\u00e3 \u0111\u01b0\u1ee3c bi\u1ebfn [&hellip;]","og_url":"https:\/\/biosciences.vn\/index.php\/product\/lyo-nzy-reverse-transcriptase-1\/","og_site_name":"Biosciences","article_modified_time":"2025-08-28T07:55:09+00:00","og_image":[{"width":700,"height":700,"url":"https:\/\/biosciences.vn\/wp-content\/uploads\/2024\/10\/NZYtech-.jpg","type":"image\/jpeg"}],"twitter_card":"summary_large_image","twitter_misc":{"Est. reading time":"2 minutes"},"schema":{"@context":"https:\/\/schema.org","@graph":[{"@type":"WebPage","@id":"https:\/\/biosciences.vn\/index.php\/product\/lyo-nzy-reverse-transcriptase-1\/","url":"https:\/\/biosciences.vn\/index.php\/product\/lyo-nzy-reverse-transcriptase-1\/","name":"Lyo NZY Reverse Transcriptase (MB40901) - Biosciences","isPartOf":{"@id":"https:\/\/biosciences.vn\/#website"},"primaryImageOfPage":{"@id":"https:\/\/biosciences.vn\/index.php\/product\/lyo-nzy-reverse-transcriptase-1\/#primaryimage"},"image":{"@id":"https:\/\/biosciences.vn\/index.php\/product\/lyo-nzy-reverse-transcriptase-1\/#primaryimage"},"thumbnailUrl":"https:\/\/biosciences.vn\/wp-content\/uploads\/2024\/10\/NZYtech-.jpg","datePublished":"2024-10-31T07:03:41+00:00","dateModified":"2025-08-28T07:55:09+00:00","breadcrumb":{"@id":"https:\/\/biosciences.vn\/index.php\/product\/lyo-nzy-reverse-transcriptase-1\/#breadcrumb"},"inLanguage":"en-US","potentialAction":[{"@type":"ReadAction","target":["https:\/\/biosciences.vn\/index.php\/product\/lyo-nzy-reverse-transcriptase-1\/"]}]},{"@type":"ImageObject","inLanguage":"en-US","@id":"https:\/\/biosciences.vn\/index.php\/product\/lyo-nzy-reverse-transcriptase-1\/#primaryimage","url":"https:\/\/biosciences.vn\/wp-content\/uploads\/2024\/10\/NZYtech-.jpg","contentUrl":"https:\/\/biosciences.vn\/wp-content\/uploads\/2024\/10\/NZYtech-.jpg","width":700,"height":700},{"@type":"BreadcrumbList","@id":"https:\/\/biosciences.vn\/index.php\/product\/lyo-nzy-reverse-transcriptase-1\/#breadcrumb","itemListElement":[{"@type":"ListItem","position":1,"name":"Trang ch\u1ee7","item":"https:\/\/biosciences.vn\/index.php\/en\/home\/"},{"@type":"ListItem","position":2,"name":"Shop","item":"https:\/\/biosciences.vn\/index.php\/shop\/"},{"@type":"ListItem","position":3,"name":"Lyo NZY Reverse Transcriptase (MB40901)"}]},{"@type":"WebSite","@id":"https:\/\/biosciences.vn\/#website","url":"https:\/\/biosciences.vn\/","name":"Biosciences","description":"","publisher":{"@id":"https:\/\/biosciences.vn\/#organization"},"potentialAction":[{"@type":"SearchAction","target":{"@type":"EntryPoint","urlTemplate":"https:\/\/biosciences.vn\/?s={search_term_string}"},"query-input":{"@type":"PropertyValueSpecification","valueRequired":true,"valueName":"search_term_string"}}],"inLanguage":"en-US"},{"@type":"Organization","@id":"https:\/\/biosciences.vn\/#organization","name":"Biosciences","url":"https:\/\/biosciences.vn\/","logo":{"@type":"ImageObject","inLanguage":"en-US","@id":"https:\/\/biosciences.vn\/#\/schema\/logo\/image\/","url":"https:\/\/biosciences.vn\/wp-content\/uploads\/2024\/04\/LOGO-BIOSCIENCES-PNG.png","contentUrl":"https:\/\/biosciences.vn\/wp-content\/uploads\/2024\/04\/LOGO-BIOSCIENCES-PNG.png","width":2536,"height":638,"caption":"Biosciences"},"image":{"@id":"https:\/\/biosciences.vn\/#\/schema\/logo\/image\/"}}]}},"brands":[{"id":933,"name":"NZYtech","slug":"nzytech"}],"_links":{"self":[{"href":"https:\/\/biosciences.vn\/index.php\/wp-json\/wp\/v2\/product\/6575"}],"collection":[{"href":"https:\/\/biosciences.vn\/index.php\/wp-json\/wp\/v2\/product"}],"about":[{"href":"https:\/\/biosciences.vn\/index.php\/wp-json\/wp\/v2\/types\/product"}],"replies":[{"embeddable":true,"href":"https:\/\/biosciences.vn\/index.php\/wp-json\/wp\/v2\/comments?post=6575"}],"wp:featuredmedia":[{"embeddable":true,"href":"https:\/\/biosciences.vn\/index.php\/wp-json\/wp\/v2\/media\/6394"}],"wp:attachment":[{"href":"https:\/\/biosciences.vn\/index.php\/wp-json\/wp\/v2\/media?parent=6575"}],"wp:term":[{"taxonomy":"pwb-brand","embeddable":true,"href":"https:\/\/biosciences.vn\/index.php\/wp-json\/wp\/v2\/pwb-brand?post=6575"},{"taxonomy":"product_cat","embeddable":true,"href":"https:\/\/biosciences.vn\/index.php\/wp-json\/wp\/v2\/product_cat?post=6575"},{"taxonomy":"product_tag","embeddable":true,"href":"https:\/\/biosciences.vn\/index.php\/wp-json\/wp\/v2\/product_tag?post=6575"}],"curies":[{"name":"wp","href":"https:\/\/api.w.org\/{rel}","templated":true}]}}