{"id":6578,"date":"2024-10-31T14:03:42","date_gmt":"2024-10-31T07:03:42","guid":{"rendered":"https:\/\/biosciences.vn\/?post_type=product&#038;p=6578"},"modified":"2025-08-28T14:55:09","modified_gmt":"2025-08-28T07:55:09","slug":"lyo-nzy-ribonuclease-inhibitor-2","status":"publish","type":"product","link":"https:\/\/biosciences.vn\/index.php\/product\/lyo-nzy-ribonuclease-inhibitor-2\/","title":{"rendered":"Lyo NZY Ribonuclease Inhibitor\n  (MB41102)"},"content":{"rendered":"<p>Ch\u1ea5t \u1ee9c ch\u1ebf Ribonuclease Lyo NZY l\u00e0 ch\u1ebf ph\u1ea9m enzyme \u0111\u00f4ng kh\u00f4 \u0111\u01b0\u1ee3c cung c\u1ea5p v\u1edbi \u0111\u1ec7m t\u00e1i t\u1ea1o \u0111\u01b0\u1ee3c t\u1ed1i \u01b0u h\u00f3a, \u0111\u01b0\u1ee3c thi\u1ebft k\u1ebf \u0111\u1ec3 mang l\u1ea1i m\u1ee9c \u0111\u1ed9 \u1ed5n \u0111\u1ecbnh v\u00e0 ho\u1ea1t \u0111\u1ed9ng c\u1ee7a enzyme t\u1ed1i \u0111a. Enzyme \u0111\u01b0\u1ee3c tr\u1ea3i qua c\u00e1c quy tr\u00ecnh tinh ch\u1ebf nghi\u00eam ng\u1eb7t \u0111\u1ec3 \u0111\u1ea3m b\u1ea3o hi\u1ec7u su\u1ea5t t\u1ed1i \u01b0u. Ch\u1ea5t \u1ee9c ch\u1ebf Ribonuclease Lyo NZY \u1ee9c ch\u1ebf ho\u1ea1t \u0111\u1ed9ng c\u1ee7a ribonuclease (RNase; EC 3.1) thu\u1ed9c lo\u1ea1i tuy\u1ebfn t\u1ee5y, ch\u1eb3ng h\u1ea1n nh\u01b0 RNase A, RNase B v\u00e0 RNase C, b\u1eb1ng c\u00e1ch li\u00ean k\u1ebft ch\u00fang kh\u00f4ng c\u1ed9ng h\u00f3a tr\u1ecb theo t\u1ef7 l\u1ec7 1:1. Ch\u1ea5t \u1ee9c ch\u1ebf Ribonuclease NZY h\u1eefu \u00edch trong b\u1ea5t k\u1ef3 \u1ee9ng d\u1ee5ng n\u00e0o m\u00e0 s\u1ef1 nhi\u1ec5m b\u1ea9n RNase l\u00e0 m\u1ed9t v\u1ea5n \u0111\u1ec1 ti\u1ec1m \u1ea9n. V\u00ed d\u1ee5, n\u00f3 c\u00f3 th\u1ec3 \u0111\u01b0\u1ee3c s\u1eed d\u1ee5ng \u0111\u1ec3 b\u1ea3o v\u1ec7 RNA khu\u00f4n m\u1eabu trong c\u00e1c ph\u1ea3n \u1ee9ng t\u1ed5ng h\u1ee3p cDNA, RT-PCR ho\u1eb7c phi\u00ean m\u00e3\/d\u1ecbch m\u00e3 trong \u1ed1ng nghi\u1ec7m, c\u0169ng nh\u01b0 \u0111\u1ec3 b\u1ea3o v\u1ec7 RNA virus trong qu\u00e1 tr\u00ecnh sao ch\u00e9p trong \u1ed1ng nghi\u1ec7m. Ngo\u00e0i ra, n\u00f3 s\u1ebd \u1ee9c ch\u1ebf RNase trong qu\u00e1 tr\u00ecnh ph\u00e2n l\u1eadp v\u00e0 tinh ch\u1ebf RNA v\u00e0 trong qu\u00e1 tr\u00ecnh chu\u1ea9n b\u1ecb kh\u00e1ng th\u1ec3 kh\u00f4ng c\u00f3 RNase. Ch\u1ea5t \u1ee9c ch\u1ebf Ribonuclease NZY kh\u00f4ng c\u00f3 t\u00e1c d\u1ee5ng v\u1edbi RNase 1, RNase T1, RNase T2, nuclease S1 v\u00e0 RNase H.<\/p>\n","protected":false},"excerpt":{"rendered":"<p>Ch\u1ea5t \u1ee9c ch\u1ebf Ribonuclease Lyo NZY l\u00e0 ch\u1ebf ph\u1ea9m enzyme \u0111\u00f4ng kh\u00f4 \u0111\u01b0\u1ee3c cung c\u1ea5p v\u1edbi \u0111\u1ec7m t\u00e1i t\u1ea1o \u0111\u01b0\u1ee3c t\u1ed1i \u01b0u h\u00f3a, \u0111\u01b0\u1ee3c thi\u1ebft k\u1ebf \u0111\u1ec3 mang l\u1ea1i m\u1ee9c \u0111\u1ed9 \u1ed5n \u0111\u1ecbnh v\u00e0 ho\u1ea1t \u0111\u1ed9ng c\u1ee7a enzyme t\u1ed1i \u0111a. Enzyme \u0111\u01b0\u1ee3c tr\u1ea3i qua c\u00e1c quy tr\u00ecnh tinh ch\u1ebf nghi\u00eam ng\u1eb7t \u0111\u1ec3 \u0111\u1ea3m b\u1ea3o hi\u1ec7u [&hellip;]<\/p>\n","protected":false},"featured_media":6394,"comment_status":"open","ping_status":"closed","template":"","meta":[],"pwb-brand":[933],"product_cat":[434,731,820],"product_tag":[],"class_list":{"0":"post-6578","1":"product","2":"type-product","3":"status-publish","4":"has-post-thumbnail","6":"pwb-brand-nzytech","7":"product_cat-khoa-hoc-su-song","8":"product_cat-sinh-hoc-phan-tu","9":"product_cat-rna-cdna-vi","11":"first","12":"onbackorder","13":"shipping-taxable","14":"purchasable","15":"product-type-simple"},"yoast_head":"<!-- This site is optimized with the Yoast SEO plugin v23.6 - https:\/\/yoast.com\/wordpress\/plugins\/seo\/ -->\n<title>Lyo NZY Ribonuclease Inhibitor  (MB41102) - Biosciences<\/title>\n<meta name=\"robots\" content=\"index, follow, max-snippet:-1, max-image-preview:large, max-video-preview:-1\" \/>\n<link rel=\"canonical\" href=\"https:\/\/biosciences.vn\/index.php\/product\/lyo-nzy-ribonuclease-inhibitor-2\/\" \/>\n<meta property=\"og:locale\" content=\"en_US\" \/>\n<meta property=\"og:type\" content=\"article\" \/>\n<meta property=\"og:title\" content=\"Lyo NZY Ribonuclease Inhibitor  (MB41102) - Biosciences\" \/>\n<meta property=\"og:description\" content=\"Ch\u1ea5t \u1ee9c ch\u1ebf Ribonuclease Lyo NZY l\u00e0 ch\u1ebf ph\u1ea9m enzyme \u0111\u00f4ng kh\u00f4 \u0111\u01b0\u1ee3c cung c\u1ea5p v\u1edbi \u0111\u1ec7m t\u00e1i t\u1ea1o \u0111\u01b0\u1ee3c t\u1ed1i \u01b0u h\u00f3a, \u0111\u01b0\u1ee3c thi\u1ebft k\u1ebf \u0111\u1ec3 mang l\u1ea1i m\u1ee9c \u0111\u1ed9 \u1ed5n \u0111\u1ecbnh v\u00e0 ho\u1ea1t \u0111\u1ed9ng c\u1ee7a enzyme t\u1ed1i \u0111a. Enzyme \u0111\u01b0\u1ee3c tr\u1ea3i qua c\u00e1c quy tr\u00ecnh tinh ch\u1ebf nghi\u00eam ng\u1eb7t \u0111\u1ec3 \u0111\u1ea3m b\u1ea3o hi\u1ec7u [&hellip;]\" \/>\n<meta property=\"og:url\" content=\"https:\/\/biosciences.vn\/index.php\/product\/lyo-nzy-ribonuclease-inhibitor-2\/\" \/>\n<meta property=\"og:site_name\" content=\"Biosciences\" \/>\n<meta property=\"article:modified_time\" content=\"2025-08-28T07:55:09+00:00\" \/>\n<meta property=\"og:image\" content=\"https:\/\/biosciences.vn\/wp-content\/uploads\/2024\/10\/NZYtech-.jpg\" \/>\n\t<meta property=\"og:image:width\" content=\"700\" \/>\n\t<meta property=\"og:image:height\" content=\"700\" \/>\n\t<meta property=\"og:image:type\" content=\"image\/jpeg\" \/>\n<meta name=\"twitter:card\" content=\"summary_large_image\" \/>\n<meta name=\"twitter:label1\" content=\"Est. reading time\" \/>\n\t<meta name=\"twitter:data1\" content=\"1 minute\" \/>\n<script type=\"application\/ld+json\" class=\"yoast-schema-graph\">{\"@context\":\"https:\/\/schema.org\",\"@graph\":[{\"@type\":\"WebPage\",\"@id\":\"https:\/\/biosciences.vn\/index.php\/product\/lyo-nzy-ribonuclease-inhibitor-2\/\",\"url\":\"https:\/\/biosciences.vn\/index.php\/product\/lyo-nzy-ribonuclease-inhibitor-2\/\",\"name\":\"Lyo NZY Ribonuclease Inhibitor (MB41102) - Biosciences\",\"isPartOf\":{\"@id\":\"https:\/\/biosciences.vn\/#website\"},\"primaryImageOfPage\":{\"@id\":\"https:\/\/biosciences.vn\/index.php\/product\/lyo-nzy-ribonuclease-inhibitor-2\/#primaryimage\"},\"image\":{\"@id\":\"https:\/\/biosciences.vn\/index.php\/product\/lyo-nzy-ribonuclease-inhibitor-2\/#primaryimage\"},\"thumbnailUrl\":\"https:\/\/biosciences.vn\/wp-content\/uploads\/2024\/10\/NZYtech-.jpg\",\"datePublished\":\"2024-10-31T07:03:42+00:00\",\"dateModified\":\"2025-08-28T07:55:09+00:00\",\"breadcrumb\":{\"@id\":\"https:\/\/biosciences.vn\/index.php\/product\/lyo-nzy-ribonuclease-inhibitor-2\/#breadcrumb\"},\"inLanguage\":\"en-US\",\"potentialAction\":[{\"@type\":\"ReadAction\",\"target\":[\"https:\/\/biosciences.vn\/index.php\/product\/lyo-nzy-ribonuclease-inhibitor-2\/\"]}]},{\"@type\":\"ImageObject\",\"inLanguage\":\"en-US\",\"@id\":\"https:\/\/biosciences.vn\/index.php\/product\/lyo-nzy-ribonuclease-inhibitor-2\/#primaryimage\",\"url\":\"https:\/\/biosciences.vn\/wp-content\/uploads\/2024\/10\/NZYtech-.jpg\",\"contentUrl\":\"https:\/\/biosciences.vn\/wp-content\/uploads\/2024\/10\/NZYtech-.jpg\",\"width\":700,\"height\":700},{\"@type\":\"BreadcrumbList\",\"@id\":\"https:\/\/biosciences.vn\/index.php\/product\/lyo-nzy-ribonuclease-inhibitor-2\/#breadcrumb\",\"itemListElement\":[{\"@type\":\"ListItem\",\"position\":1,\"name\":\"Trang ch\u1ee7\",\"item\":\"https:\/\/biosciences.vn\/index.php\/en\/home\/\"},{\"@type\":\"ListItem\",\"position\":2,\"name\":\"Shop\",\"item\":\"https:\/\/biosciences.vn\/index.php\/shop\/\"},{\"@type\":\"ListItem\",\"position\":3,\"name\":\"Lyo NZY Ribonuclease Inhibitor (MB41102)\"}]},{\"@type\":\"WebSite\",\"@id\":\"https:\/\/biosciences.vn\/#website\",\"url\":\"https:\/\/biosciences.vn\/\",\"name\":\"Biosciences\",\"description\":\"\",\"publisher\":{\"@id\":\"https:\/\/biosciences.vn\/#organization\"},\"potentialAction\":[{\"@type\":\"SearchAction\",\"target\":{\"@type\":\"EntryPoint\",\"urlTemplate\":\"https:\/\/biosciences.vn\/?s={search_term_string}\"},\"query-input\":{\"@type\":\"PropertyValueSpecification\",\"valueRequired\":true,\"valueName\":\"search_term_string\"}}],\"inLanguage\":\"en-US\"},{\"@type\":\"Organization\",\"@id\":\"https:\/\/biosciences.vn\/#organization\",\"name\":\"Biosciences\",\"url\":\"https:\/\/biosciences.vn\/\",\"logo\":{\"@type\":\"ImageObject\",\"inLanguage\":\"en-US\",\"@id\":\"https:\/\/biosciences.vn\/#\/schema\/logo\/image\/\",\"url\":\"https:\/\/biosciences.vn\/wp-content\/uploads\/2024\/04\/LOGO-BIOSCIENCES-PNG.png\",\"contentUrl\":\"https:\/\/biosciences.vn\/wp-content\/uploads\/2024\/04\/LOGO-BIOSCIENCES-PNG.png\",\"width\":2536,\"height\":638,\"caption\":\"Biosciences\"},\"image\":{\"@id\":\"https:\/\/biosciences.vn\/#\/schema\/logo\/image\/\"}}]}<\/script>\n<!-- \/ Yoast SEO plugin. -->","yoast_head_json":{"title":"Lyo NZY Ribonuclease Inhibitor  (MB41102) - Biosciences","robots":{"index":"index","follow":"follow","max-snippet":"max-snippet:-1","max-image-preview":"max-image-preview:large","max-video-preview":"max-video-preview:-1"},"canonical":"https:\/\/biosciences.vn\/index.php\/product\/lyo-nzy-ribonuclease-inhibitor-2\/","og_locale":"en_US","og_type":"article","og_title":"Lyo NZY Ribonuclease Inhibitor  (MB41102) - Biosciences","og_description":"Ch\u1ea5t \u1ee9c ch\u1ebf Ribonuclease Lyo NZY l\u00e0 ch\u1ebf ph\u1ea9m enzyme \u0111\u00f4ng kh\u00f4 \u0111\u01b0\u1ee3c cung c\u1ea5p v\u1edbi \u0111\u1ec7m t\u00e1i t\u1ea1o \u0111\u01b0\u1ee3c t\u1ed1i \u01b0u h\u00f3a, \u0111\u01b0\u1ee3c thi\u1ebft k\u1ebf \u0111\u1ec3 mang l\u1ea1i m\u1ee9c \u0111\u1ed9 \u1ed5n \u0111\u1ecbnh v\u00e0 ho\u1ea1t \u0111\u1ed9ng c\u1ee7a enzyme t\u1ed1i \u0111a. Enzyme \u0111\u01b0\u1ee3c tr\u1ea3i qua c\u00e1c quy tr\u00ecnh tinh ch\u1ebf nghi\u00eam ng\u1eb7t \u0111\u1ec3 \u0111\u1ea3m b\u1ea3o hi\u1ec7u [&hellip;]","og_url":"https:\/\/biosciences.vn\/index.php\/product\/lyo-nzy-ribonuclease-inhibitor-2\/","og_site_name":"Biosciences","article_modified_time":"2025-08-28T07:55:09+00:00","og_image":[{"width":700,"height":700,"url":"https:\/\/biosciences.vn\/wp-content\/uploads\/2024\/10\/NZYtech-.jpg","type":"image\/jpeg"}],"twitter_card":"summary_large_image","twitter_misc":{"Est. reading time":"1 minute"},"schema":{"@context":"https:\/\/schema.org","@graph":[{"@type":"WebPage","@id":"https:\/\/biosciences.vn\/index.php\/product\/lyo-nzy-ribonuclease-inhibitor-2\/","url":"https:\/\/biosciences.vn\/index.php\/product\/lyo-nzy-ribonuclease-inhibitor-2\/","name":"Lyo NZY Ribonuclease Inhibitor (MB41102) - Biosciences","isPartOf":{"@id":"https:\/\/biosciences.vn\/#website"},"primaryImageOfPage":{"@id":"https:\/\/biosciences.vn\/index.php\/product\/lyo-nzy-ribonuclease-inhibitor-2\/#primaryimage"},"image":{"@id":"https:\/\/biosciences.vn\/index.php\/product\/lyo-nzy-ribonuclease-inhibitor-2\/#primaryimage"},"thumbnailUrl":"https:\/\/biosciences.vn\/wp-content\/uploads\/2024\/10\/NZYtech-.jpg","datePublished":"2024-10-31T07:03:42+00:00","dateModified":"2025-08-28T07:55:09+00:00","breadcrumb":{"@id":"https:\/\/biosciences.vn\/index.php\/product\/lyo-nzy-ribonuclease-inhibitor-2\/#breadcrumb"},"inLanguage":"en-US","potentialAction":[{"@type":"ReadAction","target":["https:\/\/biosciences.vn\/index.php\/product\/lyo-nzy-ribonuclease-inhibitor-2\/"]}]},{"@type":"ImageObject","inLanguage":"en-US","@id":"https:\/\/biosciences.vn\/index.php\/product\/lyo-nzy-ribonuclease-inhibitor-2\/#primaryimage","url":"https:\/\/biosciences.vn\/wp-content\/uploads\/2024\/10\/NZYtech-.jpg","contentUrl":"https:\/\/biosciences.vn\/wp-content\/uploads\/2024\/10\/NZYtech-.jpg","width":700,"height":700},{"@type":"BreadcrumbList","@id":"https:\/\/biosciences.vn\/index.php\/product\/lyo-nzy-ribonuclease-inhibitor-2\/#breadcrumb","itemListElement":[{"@type":"ListItem","position":1,"name":"Trang ch\u1ee7","item":"https:\/\/biosciences.vn\/index.php\/en\/home\/"},{"@type":"ListItem","position":2,"name":"Shop","item":"https:\/\/biosciences.vn\/index.php\/shop\/"},{"@type":"ListItem","position":3,"name":"Lyo NZY Ribonuclease Inhibitor (MB41102)"}]},{"@type":"WebSite","@id":"https:\/\/biosciences.vn\/#website","url":"https:\/\/biosciences.vn\/","name":"Biosciences","description":"","publisher":{"@id":"https:\/\/biosciences.vn\/#organization"},"potentialAction":[{"@type":"SearchAction","target":{"@type":"EntryPoint","urlTemplate":"https:\/\/biosciences.vn\/?s={search_term_string}"},"query-input":{"@type":"PropertyValueSpecification","valueRequired":true,"valueName":"search_term_string"}}],"inLanguage":"en-US"},{"@type":"Organization","@id":"https:\/\/biosciences.vn\/#organization","name":"Biosciences","url":"https:\/\/biosciences.vn\/","logo":{"@type":"ImageObject","inLanguage":"en-US","@id":"https:\/\/biosciences.vn\/#\/schema\/logo\/image\/","url":"https:\/\/biosciences.vn\/wp-content\/uploads\/2024\/04\/LOGO-BIOSCIENCES-PNG.png","contentUrl":"https:\/\/biosciences.vn\/wp-content\/uploads\/2024\/04\/LOGO-BIOSCIENCES-PNG.png","width":2536,"height":638,"caption":"Biosciences"},"image":{"@id":"https:\/\/biosciences.vn\/#\/schema\/logo\/image\/"}}]}},"brands":[{"id":933,"name":"NZYtech","slug":"nzytech"}],"_links":{"self":[{"href":"https:\/\/biosciences.vn\/index.php\/wp-json\/wp\/v2\/product\/6578"}],"collection":[{"href":"https:\/\/biosciences.vn\/index.php\/wp-json\/wp\/v2\/product"}],"about":[{"href":"https:\/\/biosciences.vn\/index.php\/wp-json\/wp\/v2\/types\/product"}],"replies":[{"embeddable":true,"href":"https:\/\/biosciences.vn\/index.php\/wp-json\/wp\/v2\/comments?post=6578"}],"wp:featuredmedia":[{"embeddable":true,"href":"https:\/\/biosciences.vn\/index.php\/wp-json\/wp\/v2\/media\/6394"}],"wp:attachment":[{"href":"https:\/\/biosciences.vn\/index.php\/wp-json\/wp\/v2\/media?parent=6578"}],"wp:term":[{"taxonomy":"pwb-brand","embeddable":true,"href":"https:\/\/biosciences.vn\/index.php\/wp-json\/wp\/v2\/pwb-brand?post=6578"},{"taxonomy":"product_cat","embeddable":true,"href":"https:\/\/biosciences.vn\/index.php\/wp-json\/wp\/v2\/product_cat?post=6578"},{"taxonomy":"product_tag","embeddable":true,"href":"https:\/\/biosciences.vn\/index.php\/wp-json\/wp\/v2\/product_tag?post=6578"}],"curies":[{"name":"wp","href":"https:\/\/api.w.org\/{rel}","templated":true}]}}