{"id":6580,"date":"2024-10-31T14:04:16","date_gmt":"2024-10-31T07:04:16","guid":{"rendered":"https:\/\/biosciences.vn\/?post_type=product&#038;p=6580"},"modified":"2025-08-28T14:55:09","modified_gmt":"2025-08-28T07:55:09","slug":"lyo-nzy-ribonuclease-inhibitor-no-dtt-2-2","status":"publish","type":"product","link":"https:\/\/biosciences.vn\/index.php\/product\/lyo-nzy-ribonuclease-inhibitor-no-dtt-2-2\/","title":{"rendered":"Lyo NZY Ribonuclease Inhibitor\n  (no DTT) (MB41202)"},"content":{"rendered":"<p><span>Ch\u1ea5t \u1ee9c ch\u1ebf Ribonuclease Lyo NZY (kh\u00f4ng c\u00f3 DTT) l\u00e0 ch\u1ebf ph\u1ea9m enzyme \u0111\u00f4ng kh\u00f4 \u0111\u01b0\u1ee3c cung c\u1ea5p v\u1edbi \u0111\u1ec7m ho\u00e0n nguy\u00ean \u0111\u01b0\u1ee3c t\u1ed1i \u01b0u h\u00f3a, \u0111\u01b0\u1ee3c thi\u1ebft k\u1ebf \u0111\u1ec3 mang l\u1ea1i m\u1ee9c \u0111\u1ed9 \u1ed5n \u0111\u1ecbnh v\u00e0 ho\u1ea1t \u0111\u1ed9ng c\u1ee7a enzyme t\u1ed1i \u0111a. Enzyme n\u00e0y tr\u1ea3i qua c\u00e1c giao th\u1ee9c tinh ch\u1ebf nghi\u00eam ng\u1eb7t v\u00e0 th\u1ec3 hi\u1ec7n kh\u1ea3 n\u0103ng ch\u1ed1ng oxy h\u00f3a \u0111\u01b0\u1ee3c c\u1ea3i thi\u1ec7n, cho ph\u00e9p n\u00f3 \u1ed5n \u0111\u1ecbnh \u1edf n\u1ed3ng \u0111\u1ed9 DTT th\u1ea5p h\u01a1n 1 mM. T\u00ednh ch\u1ea5t n\u00e0y l\u00e0m cho ch\u1ea5t \u1ee9c ch\u1ebf ribonuclease n\u00e0y tr\u1edf n\u00ean l\u00fd t\u01b0\u1edfng cho c\u00e1c ph\u1ea3n \u1ee9ng kh\u00f4ng dung n\u1ea1p m\u1ee9c DTT cao h\u01a1n (&gt; 1 mM) v\u00e0 c\u00f3 RNase (EC 3.1) nhi\u1ec5m b\u1ea9n l\u00e0 m\u1ed9t v\u1ea5n \u0111\u1ec1 ti\u1ec1m \u1ea9n, ch\u1eb3ng h\u1ea1n nh\u01b0 trong c\u00e1c x\u00e9t nghi\u1ec7m RT-PCR th\u1eddi gian th\u1ef1c. Ch\u1ea5t \u1ee9c ch\u1ebf Ribonuclease Lyo NZY (kh\u00f4ng c\u00f3 DTT) \u1ee9c ch\u1ebf ho\u1ea1t \u0111\u1ed9ng c\u1ee7a c\u00e1c RNase c\u00f3 m\u1eb7t \u1edf kh\u1eafp m\u1ecdi n\u01a1i thu\u1ed9c lo\u1ea1i tuy\u1ebfn t\u1ee5y, ch\u1eb3ng h\u1ea1n nh\u01b0 RNase A, RNase B v\u00e0 RNase C, b\u1eb1ng c\u00e1ch li\u00ean k\u1ebft ch\u00fang theo c\u00e1ch kh\u00f4ng c\u1ed9ng h\u00f3a tr\u1ecb theo t\u1ef7 l\u1ec7 1: 1. Enzym n\u00e0y kh\u00f4ng ho\u1ea1t \u0111\u1ed9ng v\u1edbi RNase 1, RNase T1, RNase T2, nuclease S1 v\u00e0 RNase H. Ch\u1ea5t \u1ee9c ch\u1ebf Ribonuclease Lyo NZY (kh\u00f4ng c\u00f3 DTT) c\u00f3 th\u1ec3 \u0111\u01b0\u1ee3c s\u1eed d\u1ee5ng trong c\u00e1c \u1ee9ng d\u1ee5ng sau: t\u1ed5ng h\u1ee3p cDNA, RT-PCR, phi\u00ean m\u00e3\u00a0<\/span><i><span>trong \u1ed1ng nghi\u1ec7m<\/span><\/i><span>\u00a0, sao ch\u00e9p\u00a0<\/span><i><span>trong \u1ed1ng nghi\u1ec7m<\/span><\/i><span>\u00a0, g\u1eafn nh\u00e3n RNA ho\u1eb7c ph\u00e2n l\u1eadp v\u00e0 tinh ch\u1ebf RNA.<\/span><\/p>\n","protected":false},"excerpt":{"rendered":"<p>Ch\u1ea5t \u1ee9c ch\u1ebf Ribonuclease Lyo NZY (kh\u00f4ng c\u00f3 DTT) l\u00e0 ch\u1ebf ph\u1ea9m enzyme \u0111\u00f4ng kh\u00f4 \u0111\u01b0\u1ee3c cung c\u1ea5p v\u1edbi \u0111\u1ec7m ho\u00e0n nguy\u00ean \u0111\u01b0\u1ee3c t\u1ed1i \u01b0u h\u00f3a, \u0111\u01b0\u1ee3c thi\u1ebft k\u1ebf \u0111\u1ec3 mang l\u1ea1i m\u1ee9c \u0111\u1ed9 \u1ed5n \u0111\u1ecbnh v\u00e0 ho\u1ea1t \u0111\u1ed9ng c\u1ee7a enzyme t\u1ed1i \u0111a. Enzyme n\u00e0y tr\u1ea3i qua c\u00e1c giao th\u1ee9c tinh ch\u1ebf nghi\u00eam ng\u1eb7t v\u00e0 [&hellip;]<\/p>\n","protected":false},"featured_media":6394,"comment_status":"open","ping_status":"closed","template":"","meta":[],"pwb-brand":[933],"product_cat":[434,731,820],"product_tag":[],"class_list":{"0":"post-6580","1":"product","2":"type-product","3":"status-publish","4":"has-post-thumbnail","6":"pwb-brand-nzytech","7":"product_cat-khoa-hoc-su-song","8":"product_cat-sinh-hoc-phan-tu","9":"product_cat-rna-cdna-vi","11":"first","12":"onbackorder","13":"shipping-taxable","14":"purchasable","15":"product-type-simple"},"yoast_head":"<!-- This site is optimized with the Yoast SEO plugin v23.6 - https:\/\/yoast.com\/wordpress\/plugins\/seo\/ -->\n<title>Lyo NZY Ribonuclease Inhibitor  (no DTT) (MB41202) - Biosciences<\/title>\n<meta name=\"robots\" content=\"index, follow, max-snippet:-1, max-image-preview:large, max-video-preview:-1\" \/>\n<link rel=\"canonical\" href=\"https:\/\/biosciences.vn\/index.php\/product\/lyo-nzy-ribonuclease-inhibitor-no-dtt-2-2\/\" \/>\n<meta property=\"og:locale\" content=\"en_US\" \/>\n<meta property=\"og:type\" content=\"article\" \/>\n<meta property=\"og:title\" content=\"Lyo NZY Ribonuclease Inhibitor  (no DTT) (MB41202) - Biosciences\" \/>\n<meta property=\"og:description\" content=\"Ch\u1ea5t \u1ee9c ch\u1ebf Ribonuclease Lyo NZY (kh\u00f4ng c\u00f3 DTT) l\u00e0 ch\u1ebf ph\u1ea9m enzyme \u0111\u00f4ng kh\u00f4 \u0111\u01b0\u1ee3c cung c\u1ea5p v\u1edbi \u0111\u1ec7m ho\u00e0n nguy\u00ean \u0111\u01b0\u1ee3c t\u1ed1i \u01b0u h\u00f3a, \u0111\u01b0\u1ee3c thi\u1ebft k\u1ebf \u0111\u1ec3 mang l\u1ea1i m\u1ee9c \u0111\u1ed9 \u1ed5n \u0111\u1ecbnh v\u00e0 ho\u1ea1t \u0111\u1ed9ng c\u1ee7a enzyme t\u1ed1i \u0111a. Enzyme n\u00e0y tr\u1ea3i qua c\u00e1c giao th\u1ee9c tinh ch\u1ebf nghi\u00eam ng\u1eb7t v\u00e0 [&hellip;]\" \/>\n<meta property=\"og:url\" content=\"https:\/\/biosciences.vn\/index.php\/product\/lyo-nzy-ribonuclease-inhibitor-no-dtt-2-2\/\" \/>\n<meta property=\"og:site_name\" content=\"Biosciences\" \/>\n<meta property=\"article:modified_time\" content=\"2025-08-28T07:55:09+00:00\" \/>\n<meta property=\"og:image\" content=\"https:\/\/biosciences.vn\/wp-content\/uploads\/2024\/10\/NZYtech-.jpg\" \/>\n\t<meta property=\"og:image:width\" content=\"700\" \/>\n\t<meta property=\"og:image:height\" content=\"700\" \/>\n\t<meta property=\"og:image:type\" content=\"image\/jpeg\" \/>\n<meta name=\"twitter:card\" content=\"summary_large_image\" \/>\n<meta name=\"twitter:label1\" content=\"Est. reading time\" \/>\n\t<meta name=\"twitter:data1\" content=\"2 minutes\" \/>\n<script type=\"application\/ld+json\" class=\"yoast-schema-graph\">{\"@context\":\"https:\/\/schema.org\",\"@graph\":[{\"@type\":\"WebPage\",\"@id\":\"https:\/\/biosciences.vn\/index.php\/product\/lyo-nzy-ribonuclease-inhibitor-no-dtt-2-2\/\",\"url\":\"https:\/\/biosciences.vn\/index.php\/product\/lyo-nzy-ribonuclease-inhibitor-no-dtt-2-2\/\",\"name\":\"Lyo NZY Ribonuclease Inhibitor (no DTT) (MB41202) - Biosciences\",\"isPartOf\":{\"@id\":\"https:\/\/biosciences.vn\/#website\"},\"primaryImageOfPage\":{\"@id\":\"https:\/\/biosciences.vn\/index.php\/product\/lyo-nzy-ribonuclease-inhibitor-no-dtt-2-2\/#primaryimage\"},\"image\":{\"@id\":\"https:\/\/biosciences.vn\/index.php\/product\/lyo-nzy-ribonuclease-inhibitor-no-dtt-2-2\/#primaryimage\"},\"thumbnailUrl\":\"https:\/\/biosciences.vn\/wp-content\/uploads\/2024\/10\/NZYtech-.jpg\",\"datePublished\":\"2024-10-31T07:04:16+00:00\",\"dateModified\":\"2025-08-28T07:55:09+00:00\",\"breadcrumb\":{\"@id\":\"https:\/\/biosciences.vn\/index.php\/product\/lyo-nzy-ribonuclease-inhibitor-no-dtt-2-2\/#breadcrumb\"},\"inLanguage\":\"en-US\",\"potentialAction\":[{\"@type\":\"ReadAction\",\"target\":[\"https:\/\/biosciences.vn\/index.php\/product\/lyo-nzy-ribonuclease-inhibitor-no-dtt-2-2\/\"]}]},{\"@type\":\"ImageObject\",\"inLanguage\":\"en-US\",\"@id\":\"https:\/\/biosciences.vn\/index.php\/product\/lyo-nzy-ribonuclease-inhibitor-no-dtt-2-2\/#primaryimage\",\"url\":\"https:\/\/biosciences.vn\/wp-content\/uploads\/2024\/10\/NZYtech-.jpg\",\"contentUrl\":\"https:\/\/biosciences.vn\/wp-content\/uploads\/2024\/10\/NZYtech-.jpg\",\"width\":700,\"height\":700},{\"@type\":\"BreadcrumbList\",\"@id\":\"https:\/\/biosciences.vn\/index.php\/product\/lyo-nzy-ribonuclease-inhibitor-no-dtt-2-2\/#breadcrumb\",\"itemListElement\":[{\"@type\":\"ListItem\",\"position\":1,\"name\":\"Trang ch\u1ee7\",\"item\":\"https:\/\/biosciences.vn\/index.php\/en\/home\/\"},{\"@type\":\"ListItem\",\"position\":2,\"name\":\"Shop\",\"item\":\"https:\/\/biosciences.vn\/index.php\/shop\/\"},{\"@type\":\"ListItem\",\"position\":3,\"name\":\"Lyo NZY Ribonuclease Inhibitor (no DTT) (MB41202)\"}]},{\"@type\":\"WebSite\",\"@id\":\"https:\/\/biosciences.vn\/#website\",\"url\":\"https:\/\/biosciences.vn\/\",\"name\":\"Biosciences\",\"description\":\"\",\"publisher\":{\"@id\":\"https:\/\/biosciences.vn\/#organization\"},\"potentialAction\":[{\"@type\":\"SearchAction\",\"target\":{\"@type\":\"EntryPoint\",\"urlTemplate\":\"https:\/\/biosciences.vn\/?s={search_term_string}\"},\"query-input\":{\"@type\":\"PropertyValueSpecification\",\"valueRequired\":true,\"valueName\":\"search_term_string\"}}],\"inLanguage\":\"en-US\"},{\"@type\":\"Organization\",\"@id\":\"https:\/\/biosciences.vn\/#organization\",\"name\":\"Biosciences\",\"url\":\"https:\/\/biosciences.vn\/\",\"logo\":{\"@type\":\"ImageObject\",\"inLanguage\":\"en-US\",\"@id\":\"https:\/\/biosciences.vn\/#\/schema\/logo\/image\/\",\"url\":\"https:\/\/biosciences.vn\/wp-content\/uploads\/2024\/04\/LOGO-BIOSCIENCES-PNG.png\",\"contentUrl\":\"https:\/\/biosciences.vn\/wp-content\/uploads\/2024\/04\/LOGO-BIOSCIENCES-PNG.png\",\"width\":2536,\"height\":638,\"caption\":\"Biosciences\"},\"image\":{\"@id\":\"https:\/\/biosciences.vn\/#\/schema\/logo\/image\/\"}}]}<\/script>\n<!-- \/ Yoast SEO plugin. -->","yoast_head_json":{"title":"Lyo NZY Ribonuclease Inhibitor  (no DTT) (MB41202) - Biosciences","robots":{"index":"index","follow":"follow","max-snippet":"max-snippet:-1","max-image-preview":"max-image-preview:large","max-video-preview":"max-video-preview:-1"},"canonical":"https:\/\/biosciences.vn\/index.php\/product\/lyo-nzy-ribonuclease-inhibitor-no-dtt-2-2\/","og_locale":"en_US","og_type":"article","og_title":"Lyo NZY Ribonuclease Inhibitor  (no DTT) (MB41202) - Biosciences","og_description":"Ch\u1ea5t \u1ee9c ch\u1ebf Ribonuclease Lyo NZY (kh\u00f4ng c\u00f3 DTT) l\u00e0 ch\u1ebf ph\u1ea9m enzyme \u0111\u00f4ng kh\u00f4 \u0111\u01b0\u1ee3c cung c\u1ea5p v\u1edbi \u0111\u1ec7m ho\u00e0n nguy\u00ean \u0111\u01b0\u1ee3c t\u1ed1i \u01b0u h\u00f3a, \u0111\u01b0\u1ee3c thi\u1ebft k\u1ebf \u0111\u1ec3 mang l\u1ea1i m\u1ee9c \u0111\u1ed9 \u1ed5n \u0111\u1ecbnh v\u00e0 ho\u1ea1t \u0111\u1ed9ng c\u1ee7a enzyme t\u1ed1i \u0111a. Enzyme n\u00e0y tr\u1ea3i qua c\u00e1c giao th\u1ee9c tinh ch\u1ebf nghi\u00eam ng\u1eb7t v\u00e0 [&hellip;]","og_url":"https:\/\/biosciences.vn\/index.php\/product\/lyo-nzy-ribonuclease-inhibitor-no-dtt-2-2\/","og_site_name":"Biosciences","article_modified_time":"2025-08-28T07:55:09+00:00","og_image":[{"width":700,"height":700,"url":"https:\/\/biosciences.vn\/wp-content\/uploads\/2024\/10\/NZYtech-.jpg","type":"image\/jpeg"}],"twitter_card":"summary_large_image","twitter_misc":{"Est. reading time":"2 minutes"},"schema":{"@context":"https:\/\/schema.org","@graph":[{"@type":"WebPage","@id":"https:\/\/biosciences.vn\/index.php\/product\/lyo-nzy-ribonuclease-inhibitor-no-dtt-2-2\/","url":"https:\/\/biosciences.vn\/index.php\/product\/lyo-nzy-ribonuclease-inhibitor-no-dtt-2-2\/","name":"Lyo NZY Ribonuclease Inhibitor (no DTT) (MB41202) - Biosciences","isPartOf":{"@id":"https:\/\/biosciences.vn\/#website"},"primaryImageOfPage":{"@id":"https:\/\/biosciences.vn\/index.php\/product\/lyo-nzy-ribonuclease-inhibitor-no-dtt-2-2\/#primaryimage"},"image":{"@id":"https:\/\/biosciences.vn\/index.php\/product\/lyo-nzy-ribonuclease-inhibitor-no-dtt-2-2\/#primaryimage"},"thumbnailUrl":"https:\/\/biosciences.vn\/wp-content\/uploads\/2024\/10\/NZYtech-.jpg","datePublished":"2024-10-31T07:04:16+00:00","dateModified":"2025-08-28T07:55:09+00:00","breadcrumb":{"@id":"https:\/\/biosciences.vn\/index.php\/product\/lyo-nzy-ribonuclease-inhibitor-no-dtt-2-2\/#breadcrumb"},"inLanguage":"en-US","potentialAction":[{"@type":"ReadAction","target":["https:\/\/biosciences.vn\/index.php\/product\/lyo-nzy-ribonuclease-inhibitor-no-dtt-2-2\/"]}]},{"@type":"ImageObject","inLanguage":"en-US","@id":"https:\/\/biosciences.vn\/index.php\/product\/lyo-nzy-ribonuclease-inhibitor-no-dtt-2-2\/#primaryimage","url":"https:\/\/biosciences.vn\/wp-content\/uploads\/2024\/10\/NZYtech-.jpg","contentUrl":"https:\/\/biosciences.vn\/wp-content\/uploads\/2024\/10\/NZYtech-.jpg","width":700,"height":700},{"@type":"BreadcrumbList","@id":"https:\/\/biosciences.vn\/index.php\/product\/lyo-nzy-ribonuclease-inhibitor-no-dtt-2-2\/#breadcrumb","itemListElement":[{"@type":"ListItem","position":1,"name":"Trang ch\u1ee7","item":"https:\/\/biosciences.vn\/index.php\/en\/home\/"},{"@type":"ListItem","position":2,"name":"Shop","item":"https:\/\/biosciences.vn\/index.php\/shop\/"},{"@type":"ListItem","position":3,"name":"Lyo NZY Ribonuclease Inhibitor (no DTT) (MB41202)"}]},{"@type":"WebSite","@id":"https:\/\/biosciences.vn\/#website","url":"https:\/\/biosciences.vn\/","name":"Biosciences","description":"","publisher":{"@id":"https:\/\/biosciences.vn\/#organization"},"potentialAction":[{"@type":"SearchAction","target":{"@type":"EntryPoint","urlTemplate":"https:\/\/biosciences.vn\/?s={search_term_string}"},"query-input":{"@type":"PropertyValueSpecification","valueRequired":true,"valueName":"search_term_string"}}],"inLanguage":"en-US"},{"@type":"Organization","@id":"https:\/\/biosciences.vn\/#organization","name":"Biosciences","url":"https:\/\/biosciences.vn\/","logo":{"@type":"ImageObject","inLanguage":"en-US","@id":"https:\/\/biosciences.vn\/#\/schema\/logo\/image\/","url":"https:\/\/biosciences.vn\/wp-content\/uploads\/2024\/04\/LOGO-BIOSCIENCES-PNG.png","contentUrl":"https:\/\/biosciences.vn\/wp-content\/uploads\/2024\/04\/LOGO-BIOSCIENCES-PNG.png","width":2536,"height":638,"caption":"Biosciences"},"image":{"@id":"https:\/\/biosciences.vn\/#\/schema\/logo\/image\/"}}]}},"brands":[{"id":933,"name":"NZYtech","slug":"nzytech"}],"_links":{"self":[{"href":"https:\/\/biosciences.vn\/index.php\/wp-json\/wp\/v2\/product\/6580"}],"collection":[{"href":"https:\/\/biosciences.vn\/index.php\/wp-json\/wp\/v2\/product"}],"about":[{"href":"https:\/\/biosciences.vn\/index.php\/wp-json\/wp\/v2\/types\/product"}],"replies":[{"embeddable":true,"href":"https:\/\/biosciences.vn\/index.php\/wp-json\/wp\/v2\/comments?post=6580"}],"wp:featuredmedia":[{"embeddable":true,"href":"https:\/\/biosciences.vn\/index.php\/wp-json\/wp\/v2\/media\/6394"}],"wp:attachment":[{"href":"https:\/\/biosciences.vn\/index.php\/wp-json\/wp\/v2\/media?parent=6580"}],"wp:term":[{"taxonomy":"pwb-brand","embeddable":true,"href":"https:\/\/biosciences.vn\/index.php\/wp-json\/wp\/v2\/pwb-brand?post=6580"},{"taxonomy":"product_cat","embeddable":true,"href":"https:\/\/biosciences.vn\/index.php\/wp-json\/wp\/v2\/product_cat?post=6580"},{"taxonomy":"product_tag","embeddable":true,"href":"https:\/\/biosciences.vn\/index.php\/wp-json\/wp\/v2\/product_tag?post=6580"}],"curies":[{"name":"wp","href":"https:\/\/api.w.org\/{rel}","templated":true}]}}