{"id":6582,"date":"2024-10-31T14:04:16","date_gmt":"2024-10-31T07:04:16","guid":{"rendered":"https:\/\/biosciences.vn\/?post_type=product&#038;p=6582"},"modified":"2025-08-28T14:55:09","modified_gmt":"2025-08-28T07:55:09","slug":"dna-and-rna-cleaner-1","status":"publish","type":"product","link":"https:\/\/biosciences.vn\/index.php\/product\/dna-and-rna-cleaner-1\/","title":{"rendered":"DNA &#038; RNA Cleaner\n  (MB46201)"},"content":{"rendered":"<div id=\"tab-label-product.description.custom\" class=\"data item title active\" role=\"tab\" data-role=\"collapsible\" data-collapsible=\"true\" aria-controls=\"product.description.custom\" aria-expanded=\"true\"><a id=\"tab-label-product.description.custom-title\" class=\"data switch\" href=\"https:\/\/www.nzytech.com\/en\/dna-rna-cleaner\/#product.description.custom\" data-toggle=\"switch\"><span>Chi ti\u1ebft<\/span><\/a><\/div>\n<div id=\"product.description.custom\" class=\"data item content\" role=\"tabpanel\" data-role=\"content\" aria-labelledby=\"tab-label-product.description.custom\" aria-hidden=\"false\">\n<div class=\"container-attributes table-added flex-attribute\">\n<div class=\"description flex-attribute-left\">\n<div data-content-type=\"html\" data-appearance=\"default\" data-element=\"main\"><span>DNA &#038; RNA Cleaner l\u00e0 dung d\u1ecbch \u0111\u00e3 s\u1eb5n s\u00e0ng s\u1eed d\u1ee5ng \u0111\u01b0\u1ee3c thi\u1ebft k\u1ebf ri\u00eang \u0111\u1ec3 kh\u1eed nhi\u1ec5m b\u1ec1 m\u1eb7t th\u1ee7y tinh, nh\u1ef1a v\u00e0 th\u00e9p kh\u00f4ng g\u1ec9, c\u0169ng nh\u01b0 thi\u1ebft b\u1ecb ph\u00f2ng th\u00ed nghi\u1ec7m v\u00e0 pipet. B\u1eb1ng c\u00e1ch k\u1ebft h\u1ee3p ch\u1ea5t t\u1ea9y r\u1eeda n\u00e0y v\u00e0o c\u00e1c giao th\u1ee9c ph\u00f2ng th\u00ed nghi\u1ec7m, b\u1ea1n c\u00f3 th\u1ec3 t\u0103ng c\u01b0\u1eddng \u0111\u1ed9 ch\u00ednh x\u00e1c v\u00e0 \u0111\u1ed9 tin c\u1eady c\u1ee7a k\u1ebft qu\u1ea3 v\u1edbi s\u1ef1 t\u1ef1 tin t\u1ed1i \u0111a. C\u00f4ng th\u1ee9c ti\u00ean ti\u1ebfn c\u1ee7a ch\u00fang t\u00f4i \u0111\u01b0\u1ee3c thi\u1ebft k\u1ebf ri\u00eang \u0111\u1ec3 nh\u1eafm m\u1ee5c ti\u00eau v\u00e0 lo\u1ea1i b\u1ecf c\u00e1c ch\u1ea5t g\u00e2y \u00f4 nhi\u1ec5m axit nucleic, cung c\u1ea5p cho b\u1ea1n ph\u01b0\u01a1ng ph\u00e1p ti\u1ebfp c\u1eadn c\u1ef1c k\u1ef3 hi\u1ec7u qu\u1ea3 \u0111\u1ec3 \u0111\u1ea3m b\u1ea3o t\u00ednh to\u00e0n v\u1eb9n c\u1ee7a c\u00e1c k\u1ef9 thu\u1eadt sinh h\u1ecdc ph\u00e2n t\u1eed c\u1ee7a b\u1ea1n, mang l\u1ea1i k\u1ebft qu\u1ea3 \u0111\u00e1ng tin c\u1eady v\u00e0 c\u00f3 th\u1ec3 t\u00e1i t\u1ea1o.<\/span><\/p>\n<p><span>DNA &#038; RNA Cleaner \u0111\u01b0\u1ee3c thi\u1ebft k\u1ebf t\u1ec9 m\u1ec9 \u0111\u1ec3 \u0111\u00e1p \u1ee9ng c\u00e1c y\u00eau c\u1ea7u kh\u1eaft khe c\u1ee7a nhi\u1ec1u k\u1ef9 thu\u1eadt sinh h\u1ecdc ph\u00e2n t\u1eed, bao g\u1ed3m c\u00e1c x\u00e9t nghi\u1ec7m qPCR c\u00f3 \u0111\u1ed9 nh\u1ea1y cao. N\u00f3 t\u01b0\u01a1ng th\u00edch v\u1edbi PCR, qPCR, RT-qPCR, LAMP, RT-LAMP v\u00e0 c\u00e1c ph\u01b0\u01a1ng ph\u00e1p t\u1eadp trung v\u00e0o DNA kh\u00e1c th\u01b0\u1eddng \u0111\u01b0\u1ee3c s\u1eed d\u1ee5ng trong c\u00e1c ph\u00f2ng th\u00ed nghi\u1ec7m nghi\u00ean c\u1ee9u v\u00e0 ch\u1ea9n \u0111o\u00e1n. R\u1ee7i ro \u0111\u01b0a v\u1eadt li\u1ec7u di truy\u1ec1n v\u00e0o trong qu\u00e1 tr\u00ecnh khu\u1ebfch \u0111\u1ea1i PCR, m\u1ed9t k\u1ef9 thu\u1eadt quan tr\u1ecdng trong quy tr\u00ecnh ph\u00e1t hi\u1ec7n d\u1ef1a tr\u00ean DNA, \u0111\u00e3 \u0111\u01b0\u1ee3c nh\u1eadn bi\u1ebft r\u00f5 r\u00e0ng. Ngay c\u1ea3 m\u1ed9t ph\u00e2n t\u1eed DNA kh\u00f4ng mong mu\u1ed1n (ch\u1ea5t g\u00e2y \u00f4 nhi\u1ec5m) c\u0169ng c\u00f3 th\u1ec3 tr\u1ea3i qua qu\u00e1 tr\u00ecnh khu\u1ebfch \u0111\u1ea1i theo c\u1ea5p s\u1ed1 nh\u00e2n, t\u1ea1o ra h\u00e0ng tri\u1ec7u b\u1ea3n sao gi\u1ed1ng h\u1ec7t nhau trong qu\u00e1 tr\u00ecnh PCR. DNA &#038; RNA Cleaner gi\u1ea3i quy\u1ebft hi\u1ec7u qu\u1ea3 th\u00e1ch th\u1ee9c n\u00e0y, \u0111\u1ea3m b\u1ea3o kh\u1eed nhi\u1ec5m t\u1ed1i \u01b0u v\u00e0 cho ph\u00e9p b\u1ea1n t\u1eadp trung v\u00e0o c\u00e1c kh\u00eda c\u1ea1nh c\u1ed1t l\u00f5i c\u1ee7a c\u00f4ng vi\u1ec7c v\u1edbi hi\u1ec7u qu\u1ea3 v\u00e0 n\u0103ng su\u1ea5t \u0111\u01b0\u1ee3c n\u00e2ng cao.<\/span><\/div>\n<\/div>\n<\/div>\n<\/div>\n","protected":false},"excerpt":{"rendered":"<p>Chi ti\u1ebft DNA &#038; RNA Cleaner l\u00e0 dung d\u1ecbch \u0111\u00e3 s\u1eb5n s\u00e0ng s\u1eed d\u1ee5ng \u0111\u01b0\u1ee3c thi\u1ebft k\u1ebf ri\u00eang \u0111\u1ec3 kh\u1eed nhi\u1ec5m b\u1ec1 m\u1eb7t th\u1ee7y tinh, nh\u1ef1a v\u00e0 th\u00e9p kh\u00f4ng g\u1ec9, c\u0169ng nh\u01b0 thi\u1ebft b\u1ecb ph\u00f2ng th\u00ed nghi\u1ec7m v\u00e0 pipet. B\u1eb1ng c\u00e1ch k\u1ebft h\u1ee3p ch\u1ea5t t\u1ea9y r\u1eeda n\u00e0y v\u00e0o c\u00e1c giao th\u1ee9c ph\u00f2ng th\u00ed nghi\u1ec7m, b\u1ea1n [&hellip;]<\/p>\n","protected":false},"featured_media":6394,"comment_status":"open","ping_status":"closed","template":"","meta":[],"pwb-brand":[933],"product_cat":[434,731,820],"product_tag":[],"class_list":{"0":"post-6582","1":"product","2":"type-product","3":"status-publish","4":"has-post-thumbnail","6":"pwb-brand-nzytech","7":"product_cat-khoa-hoc-su-song","8":"product_cat-sinh-hoc-phan-tu","9":"product_cat-rna-cdna-vi","11":"first","12":"onbackorder","13":"shipping-taxable","14":"purchasable","15":"product-type-simple"},"yoast_head":"<!-- This site is optimized with the Yoast SEO plugin v23.6 - https:\/\/yoast.com\/wordpress\/plugins\/seo\/ -->\n<title>DNA &amp; RNA Cleaner  (MB46201) - Biosciences<\/title>\n<meta name=\"robots\" content=\"index, follow, max-snippet:-1, max-image-preview:large, max-video-preview:-1\" \/>\n<link rel=\"canonical\" href=\"https:\/\/biosciences.vn\/index.php\/product\/dna-and-rna-cleaner-1\/\" \/>\n<meta property=\"og:locale\" content=\"en_US\" \/>\n<meta property=\"og:type\" content=\"article\" \/>\n<meta property=\"og:title\" content=\"DNA &amp; RNA Cleaner  (MB46201) - Biosciences\" \/>\n<meta property=\"og:description\" content=\"Chi ti\u1ebft DNA &#038; RNA Cleaner l\u00e0 dung d\u1ecbch \u0111\u00e3 s\u1eb5n s\u00e0ng s\u1eed d\u1ee5ng \u0111\u01b0\u1ee3c thi\u1ebft k\u1ebf ri\u00eang \u0111\u1ec3 kh\u1eed nhi\u1ec5m b\u1ec1 m\u1eb7t th\u1ee7y tinh, nh\u1ef1a v\u00e0 th\u00e9p kh\u00f4ng g\u1ec9, c\u0169ng nh\u01b0 thi\u1ebft b\u1ecb ph\u00f2ng th\u00ed nghi\u1ec7m v\u00e0 pipet. B\u1eb1ng c\u00e1ch k\u1ebft h\u1ee3p ch\u1ea5t t\u1ea9y r\u1eeda n\u00e0y v\u00e0o c\u00e1c giao th\u1ee9c ph\u00f2ng th\u00ed nghi\u1ec7m, b\u1ea1n [&hellip;]\" \/>\n<meta property=\"og:url\" content=\"https:\/\/biosciences.vn\/index.php\/product\/dna-and-rna-cleaner-1\/\" \/>\n<meta property=\"og:site_name\" content=\"Biosciences\" \/>\n<meta property=\"article:modified_time\" content=\"2025-08-28T07:55:09+00:00\" \/>\n<meta property=\"og:image\" content=\"https:\/\/biosciences.vn\/wp-content\/uploads\/2024\/10\/NZYtech-.jpg\" \/>\n\t<meta property=\"og:image:width\" content=\"700\" \/>\n\t<meta property=\"og:image:height\" content=\"700\" \/>\n\t<meta property=\"og:image:type\" content=\"image\/jpeg\" \/>\n<meta name=\"twitter:card\" content=\"summary_large_image\" \/>\n<meta name=\"twitter:label1\" content=\"Est. reading time\" \/>\n\t<meta name=\"twitter:data1\" content=\"2 minutes\" \/>\n<script type=\"application\/ld+json\" class=\"yoast-schema-graph\">{\"@context\":\"https:\/\/schema.org\",\"@graph\":[{\"@type\":\"WebPage\",\"@id\":\"https:\/\/biosciences.vn\/index.php\/product\/dna-and-rna-cleaner-1\/\",\"url\":\"https:\/\/biosciences.vn\/index.php\/product\/dna-and-rna-cleaner-1\/\",\"name\":\"DNA & RNA Cleaner (MB46201) - Biosciences\",\"isPartOf\":{\"@id\":\"https:\/\/biosciences.vn\/#website\"},\"primaryImageOfPage\":{\"@id\":\"https:\/\/biosciences.vn\/index.php\/product\/dna-and-rna-cleaner-1\/#primaryimage\"},\"image\":{\"@id\":\"https:\/\/biosciences.vn\/index.php\/product\/dna-and-rna-cleaner-1\/#primaryimage\"},\"thumbnailUrl\":\"https:\/\/biosciences.vn\/wp-content\/uploads\/2024\/10\/NZYtech-.jpg\",\"datePublished\":\"2024-10-31T07:04:16+00:00\",\"dateModified\":\"2025-08-28T07:55:09+00:00\",\"breadcrumb\":{\"@id\":\"https:\/\/biosciences.vn\/index.php\/product\/dna-and-rna-cleaner-1\/#breadcrumb\"},\"inLanguage\":\"en-US\",\"potentialAction\":[{\"@type\":\"ReadAction\",\"target\":[\"https:\/\/biosciences.vn\/index.php\/product\/dna-and-rna-cleaner-1\/\"]}]},{\"@type\":\"ImageObject\",\"inLanguage\":\"en-US\",\"@id\":\"https:\/\/biosciences.vn\/index.php\/product\/dna-and-rna-cleaner-1\/#primaryimage\",\"url\":\"https:\/\/biosciences.vn\/wp-content\/uploads\/2024\/10\/NZYtech-.jpg\",\"contentUrl\":\"https:\/\/biosciences.vn\/wp-content\/uploads\/2024\/10\/NZYtech-.jpg\",\"width\":700,\"height\":700},{\"@type\":\"BreadcrumbList\",\"@id\":\"https:\/\/biosciences.vn\/index.php\/product\/dna-and-rna-cleaner-1\/#breadcrumb\",\"itemListElement\":[{\"@type\":\"ListItem\",\"position\":1,\"name\":\"Trang ch\u1ee7\",\"item\":\"https:\/\/biosciences.vn\/index.php\/en\/home\/\"},{\"@type\":\"ListItem\",\"position\":2,\"name\":\"Shop\",\"item\":\"https:\/\/biosciences.vn\/index.php\/shop\/\"},{\"@type\":\"ListItem\",\"position\":3,\"name\":\"DNA &#038; RNA Cleaner (MB46201)\"}]},{\"@type\":\"WebSite\",\"@id\":\"https:\/\/biosciences.vn\/#website\",\"url\":\"https:\/\/biosciences.vn\/\",\"name\":\"Biosciences\",\"description\":\"\",\"publisher\":{\"@id\":\"https:\/\/biosciences.vn\/#organization\"},\"potentialAction\":[{\"@type\":\"SearchAction\",\"target\":{\"@type\":\"EntryPoint\",\"urlTemplate\":\"https:\/\/biosciences.vn\/?s={search_term_string}\"},\"query-input\":{\"@type\":\"PropertyValueSpecification\",\"valueRequired\":true,\"valueName\":\"search_term_string\"}}],\"inLanguage\":\"en-US\"},{\"@type\":\"Organization\",\"@id\":\"https:\/\/biosciences.vn\/#organization\",\"name\":\"Biosciences\",\"url\":\"https:\/\/biosciences.vn\/\",\"logo\":{\"@type\":\"ImageObject\",\"inLanguage\":\"en-US\",\"@id\":\"https:\/\/biosciences.vn\/#\/schema\/logo\/image\/\",\"url\":\"https:\/\/biosciences.vn\/wp-content\/uploads\/2024\/04\/LOGO-BIOSCIENCES-PNG.png\",\"contentUrl\":\"https:\/\/biosciences.vn\/wp-content\/uploads\/2024\/04\/LOGO-BIOSCIENCES-PNG.png\",\"width\":2536,\"height\":638,\"caption\":\"Biosciences\"},\"image\":{\"@id\":\"https:\/\/biosciences.vn\/#\/schema\/logo\/image\/\"}}]}<\/script>\n<!-- \/ Yoast SEO plugin. -->","yoast_head_json":{"title":"DNA & RNA Cleaner  (MB46201) - Biosciences","robots":{"index":"index","follow":"follow","max-snippet":"max-snippet:-1","max-image-preview":"max-image-preview:large","max-video-preview":"max-video-preview:-1"},"canonical":"https:\/\/biosciences.vn\/index.php\/product\/dna-and-rna-cleaner-1\/","og_locale":"en_US","og_type":"article","og_title":"DNA & RNA Cleaner  (MB46201) - Biosciences","og_description":"Chi ti\u1ebft DNA &#038; RNA Cleaner l\u00e0 dung d\u1ecbch \u0111\u00e3 s\u1eb5n s\u00e0ng s\u1eed d\u1ee5ng \u0111\u01b0\u1ee3c thi\u1ebft k\u1ebf ri\u00eang \u0111\u1ec3 kh\u1eed nhi\u1ec5m b\u1ec1 m\u1eb7t th\u1ee7y tinh, nh\u1ef1a v\u00e0 th\u00e9p kh\u00f4ng g\u1ec9, c\u0169ng nh\u01b0 thi\u1ebft b\u1ecb ph\u00f2ng th\u00ed nghi\u1ec7m v\u00e0 pipet. B\u1eb1ng c\u00e1ch k\u1ebft h\u1ee3p ch\u1ea5t t\u1ea9y r\u1eeda n\u00e0y v\u00e0o c\u00e1c giao th\u1ee9c ph\u00f2ng th\u00ed nghi\u1ec7m, b\u1ea1n [&hellip;]","og_url":"https:\/\/biosciences.vn\/index.php\/product\/dna-and-rna-cleaner-1\/","og_site_name":"Biosciences","article_modified_time":"2025-08-28T07:55:09+00:00","og_image":[{"width":700,"height":700,"url":"https:\/\/biosciences.vn\/wp-content\/uploads\/2024\/10\/NZYtech-.jpg","type":"image\/jpeg"}],"twitter_card":"summary_large_image","twitter_misc":{"Est. reading time":"2 minutes"},"schema":{"@context":"https:\/\/schema.org","@graph":[{"@type":"WebPage","@id":"https:\/\/biosciences.vn\/index.php\/product\/dna-and-rna-cleaner-1\/","url":"https:\/\/biosciences.vn\/index.php\/product\/dna-and-rna-cleaner-1\/","name":"DNA & RNA Cleaner (MB46201) - Biosciences","isPartOf":{"@id":"https:\/\/biosciences.vn\/#website"},"primaryImageOfPage":{"@id":"https:\/\/biosciences.vn\/index.php\/product\/dna-and-rna-cleaner-1\/#primaryimage"},"image":{"@id":"https:\/\/biosciences.vn\/index.php\/product\/dna-and-rna-cleaner-1\/#primaryimage"},"thumbnailUrl":"https:\/\/biosciences.vn\/wp-content\/uploads\/2024\/10\/NZYtech-.jpg","datePublished":"2024-10-31T07:04:16+00:00","dateModified":"2025-08-28T07:55:09+00:00","breadcrumb":{"@id":"https:\/\/biosciences.vn\/index.php\/product\/dna-and-rna-cleaner-1\/#breadcrumb"},"inLanguage":"en-US","potentialAction":[{"@type":"ReadAction","target":["https:\/\/biosciences.vn\/index.php\/product\/dna-and-rna-cleaner-1\/"]}]},{"@type":"ImageObject","inLanguage":"en-US","@id":"https:\/\/biosciences.vn\/index.php\/product\/dna-and-rna-cleaner-1\/#primaryimage","url":"https:\/\/biosciences.vn\/wp-content\/uploads\/2024\/10\/NZYtech-.jpg","contentUrl":"https:\/\/biosciences.vn\/wp-content\/uploads\/2024\/10\/NZYtech-.jpg","width":700,"height":700},{"@type":"BreadcrumbList","@id":"https:\/\/biosciences.vn\/index.php\/product\/dna-and-rna-cleaner-1\/#breadcrumb","itemListElement":[{"@type":"ListItem","position":1,"name":"Trang ch\u1ee7","item":"https:\/\/biosciences.vn\/index.php\/en\/home\/"},{"@type":"ListItem","position":2,"name":"Shop","item":"https:\/\/biosciences.vn\/index.php\/shop\/"},{"@type":"ListItem","position":3,"name":"DNA &#038; RNA Cleaner (MB46201)"}]},{"@type":"WebSite","@id":"https:\/\/biosciences.vn\/#website","url":"https:\/\/biosciences.vn\/","name":"Biosciences","description":"","publisher":{"@id":"https:\/\/biosciences.vn\/#organization"},"potentialAction":[{"@type":"SearchAction","target":{"@type":"EntryPoint","urlTemplate":"https:\/\/biosciences.vn\/?s={search_term_string}"},"query-input":{"@type":"PropertyValueSpecification","valueRequired":true,"valueName":"search_term_string"}}],"inLanguage":"en-US"},{"@type":"Organization","@id":"https:\/\/biosciences.vn\/#organization","name":"Biosciences","url":"https:\/\/biosciences.vn\/","logo":{"@type":"ImageObject","inLanguage":"en-US","@id":"https:\/\/biosciences.vn\/#\/schema\/logo\/image\/","url":"https:\/\/biosciences.vn\/wp-content\/uploads\/2024\/04\/LOGO-BIOSCIENCES-PNG.png","contentUrl":"https:\/\/biosciences.vn\/wp-content\/uploads\/2024\/04\/LOGO-BIOSCIENCES-PNG.png","width":2536,"height":638,"caption":"Biosciences"},"image":{"@id":"https:\/\/biosciences.vn\/#\/schema\/logo\/image\/"}}]}},"brands":[{"id":933,"name":"NZYtech","slug":"nzytech"}],"_links":{"self":[{"href":"https:\/\/biosciences.vn\/index.php\/wp-json\/wp\/v2\/product\/6582"}],"collection":[{"href":"https:\/\/biosciences.vn\/index.php\/wp-json\/wp\/v2\/product"}],"about":[{"href":"https:\/\/biosciences.vn\/index.php\/wp-json\/wp\/v2\/types\/product"}],"replies":[{"embeddable":true,"href":"https:\/\/biosciences.vn\/index.php\/wp-json\/wp\/v2\/comments?post=6582"}],"wp:featuredmedia":[{"embeddable":true,"href":"https:\/\/biosciences.vn\/index.php\/wp-json\/wp\/v2\/media\/6394"}],"wp:attachment":[{"href":"https:\/\/biosciences.vn\/index.php\/wp-json\/wp\/v2\/media?parent=6582"}],"wp:term":[{"taxonomy":"pwb-brand","embeddable":true,"href":"https:\/\/biosciences.vn\/index.php\/wp-json\/wp\/v2\/pwb-brand?post=6582"},{"taxonomy":"product_cat","embeddable":true,"href":"https:\/\/biosciences.vn\/index.php\/wp-json\/wp\/v2\/product_cat?post=6582"},{"taxonomy":"product_tag","embeddable":true,"href":"https:\/\/biosciences.vn\/index.php\/wp-json\/wp\/v2\/product_tag?post=6582"}],"curies":[{"name":"wp","href":"https:\/\/api.w.org\/{rel}","templated":true}]}}