{"id":6586,"date":"2024-10-31T14:04:16","date_gmt":"2024-10-31T07:04:16","guid":{"rendered":"https:\/\/biosciences.vn\/?post_type=product&#038;p=6586"},"modified":"2025-08-28T14:55:09","modified_gmt":"2025-08-28T07:55:09","slug":"mycoplasma-cleaner-1","status":"publish","type":"product","link":"https:\/\/biosciences.vn\/index.php\/product\/mycoplasma-cleaner-1\/","title":{"rendered":"Mycoplasma Cleaner (MB46401)"},"content":{"rendered":"<p><span>Mycoplasma Cleaner l\u00e0 dung d\u1ecbch \u0111\u00e3 pha s\u1eb5n \u0111\u01b0\u1ee3c thi\u1ebft k\u1ebf chuy\u00ean d\u1ee5ng \u0111\u1ec3 kh\u1eed tr\u00f9ng b\u1ec1 m\u1eb7t v\u00e0 thi\u1ebft b\u1ecb trong ph\u00f2ng th\u00ed nghi\u1ec7m. Dung d\u1ecbch n\u00e0y c\u00f3 ph\u1ed5 ho\u1ea1t \u0111\u1ed9ng r\u1ed9ng, c\u00f3 t\u00e1c d\u1ee5ng hi\u1ec7u qu\u1ea3 \u0111\u1ed1i v\u1edbi\u00a0<\/span><i><span>Mycoplasma<\/span><\/i><span>\u00a0spp.,\u00a0<\/span><i><span>S. aureus<\/span><\/i><span>\u00a0,\u00a0<\/span><i><span>E. faecalis<\/span><\/i><span>\u00a0,\u00a0<\/span><i><span>E. coli<\/span><\/i><span>\u00a0,\u00a0<\/span><i><span>P. mirabilis<\/span><\/i><span>\u00a0,\u00a0<\/span><i><span>P. aeruginosa<\/span><\/i><span>\u00a0,\u00a0<\/span><i><span>C. albicans<\/span><\/i><span>\u00a0, c\u0169ng nh\u01b0 HBV\/HIV, Papovavirus, Adenovirus, Poliovirus v\u00e0 c\u00e1c ch\u1ea5t g\u00e2y \u00f4 nhi\u1ec5m kh\u00e1c. C\u00e1c lo\u00e0i<\/span><\/p>\n<p><i><span>Mycoplasma<\/span><\/i><span>\u00a0, l\u00e0 nh\u1eefng ch\u1ea5t g\u00e2y \u00f4 nhi\u1ec5m ph\u1ed5 bi\u1ebfn trong nu\u00f4i c\u1ea5y t\u1ebf b\u00e0o, c\u00f3 th\u1ec3 kh\u00f3 ph\u00e1t hi\u1ec7n b\u1eb1ng c\u00e1c k\u1ef9 thu\u1eadt k\u00ednh hi\u1ec3n vi ti\u00eau chu\u1ea9n do k\u00edch th\u01b0\u1edbc nh\u1ecf c\u1ee7a ch\u00fang. Do \u0111\u00f3, nhi\u1ec5m tr\u00f9ng\u00a0<\/span><i><span>Mycoplasma<\/span><\/i><span>\u00a0th\u01b0\u1eddng kh\u00f4ng \u0111\u01b0\u1ee3c ph\u00e1t hi\u1ec7n, d\u1eabn \u0111\u1ebfn nhi\u1ec5m tr\u00f9ng t\u1ebf b\u00e0o v\u00e0 m\u1ed9t lo\u1ea1t c\u00e1c t\u00e1c \u0111\u1ed9ng c\u00f3 h\u1ea1i. Nhi\u1ec5m tr\u00f9ng c\u00f3 th\u1ec3 x\u1ea3y ra th\u00f4ng qua s\u1ef1 c\u1ed1 tr\u00e0n m\u00f4i tr\u01b0\u1eddng t\u1eeb nu\u00f4i c\u1ea5y t\u1ebf b\u00e0o b\u1ecb \u00f4 nhi\u1ec5m trong qu\u00e1 tr\u00ecnh n\u1ea1p v\u00e0 d\u1ee1 trong t\u1ee7 an to\u00e0n sinh h\u1ecdc, d\u1eabn \u0111\u1ebfn \u00f4 nhi\u1ec5m b\u1ec1 m\u1eb7t, n\u01a1i\u00a0<\/span><i><span>Mycoplasma<\/span><\/i><span>\u00a0c\u00f3 th\u1ec3 t\u1ed3n t\u1ea1i trong th\u1eddi gian d\u00e0i. \u0110\u1ec3 ng\u0103n ng\u1eeba l\u00e2y nhi\u1ec5m ch\u00e9o, \u0111i\u1ec1u quan tr\u1ecdng l\u00e0 ph\u1ea3i nhanh ch\u00f3ng c\u00f4 l\u1eadp v\u00e0 lo\u1ea1i b\u1ecf c\u00e1c m\u1eabu nu\u00f4i c\u1ea5y b\u1ecb nhi\u1ec5m, v\u00ec ngay c\u1ea3 m\u1ee9c \u0111\u1ed9 nhi\u1ec5m\u00a0<\/span><i><span>Mycoplasma<\/span><\/i><span>\u00a0th\u1ea5p c\u0169ng c\u00f3 th\u1ec3 ph\u00e1 v\u1ee1 s\u1ef1 ph\u00e1t tri\u1ec3n c\u1ee7a t\u1ebf b\u00e0o, thay \u0111\u1ed5i qu\u00e1 tr\u00ecnh trao \u0111\u1ed5i ch\u1ea5t v\u00e0 t\u1ed5ng h\u1ee3p protein. V\u1ec7 sinh v\u00e0 kh\u1eed tr\u00f9ng th\u01b0\u1eddng xuy\u00ean v\u00e0 k\u1ef9 l\u01b0\u1ee1ng t\u1ea5t c\u1ea3 c\u00e1c b\u1ec1 m\u1eb7t v\u00e0 thi\u1ebft b\u1ecb l\u00e0 nh\u1eefng bi\u1ec7n ph\u00e1p quan tr\u1ecdng \u0111\u1ec3 ch\u1ed1ng l\u1ea1i v\u00e0 ng\u0103n ng\u1eeba nhi\u1ec5m\u00a0<\/span><i><span>Mycoplasma<\/span><\/i><span>\u00a0trong ph\u00f2ng th\u00ed nghi\u1ec7m.<\/span><\/p>\n<p><span>B\u1eb1ng c\u00e1ch s\u1eed d\u1ee5ng Mycoplasma Cleaner v\u00e0 th\u1ef1c hi\u1ec7n c\u00e1c bi\u1ec7n ph\u00e1p v\u1ec7 sinh ph\u00f9 h\u1ee3p, b\u1ea1n c\u00f3 th\u1ec3 gi\u1ea3m thi\u1ec3u hi\u1ec7u qu\u1ea3 nguy c\u01a1 nhi\u1ec5m mycoplasma, \u0111\u1ea3m b\u1ea3o t\u00ednh to\u00e0n v\u1eb9n c\u1ee7a c\u00e1c m\u1eabu nu\u00f4i c\u1ea5y t\u1ebf b\u00e0o v\u00e0 \u0111\u1ed9 tin c\u1eady c\u1ee7a nghi\u00ean c\u1ee9u.<\/span><\/p>\n","protected":false},"excerpt":{"rendered":"<p>Mycoplasma Cleaner l\u00e0 dung d\u1ecbch \u0111\u00e3 pha s\u1eb5n \u0111\u01b0\u1ee3c thi\u1ebft k\u1ebf chuy\u00ean d\u1ee5ng \u0111\u1ec3 kh\u1eed tr\u00f9ng b\u1ec1 m\u1eb7t v\u00e0 thi\u1ebft b\u1ecb trong ph\u00f2ng th\u00ed nghi\u1ec7m. Dung d\u1ecbch n\u00e0y c\u00f3 ph\u1ed5 ho\u1ea1t \u0111\u1ed9ng r\u1ed9ng, c\u00f3 t\u00e1c d\u1ee5ng hi\u1ec7u qu\u1ea3 \u0111\u1ed1i v\u1edbi\u00a0Mycoplasma\u00a0spp.,\u00a0S. aureus\u00a0,\u00a0E. faecalis\u00a0,\u00a0E. coli\u00a0,\u00a0P. mirabilis\u00a0,\u00a0P. aeruginosa\u00a0,\u00a0C. albicans\u00a0, c\u0169ng nh\u01b0 HBV\/HIV, Papovavirus, Adenovirus, Poliovirus v\u00e0 c\u00e1c ch\u1ea5t [&hellip;]<\/p>\n","protected":false},"featured_media":6394,"comment_status":"open","ping_status":"closed","template":"","meta":[],"pwb-brand":[933],"product_cat":[434,731,820],"product_tag":[],"class_list":{"0":"post-6586","1":"product","2":"type-product","3":"status-publish","4":"has-post-thumbnail","6":"pwb-brand-nzytech","7":"product_cat-khoa-hoc-su-song","8":"product_cat-sinh-hoc-phan-tu","9":"product_cat-rna-cdna-vi","11":"first","12":"onbackorder","13":"shipping-taxable","14":"purchasable","15":"product-type-simple"},"yoast_head":"<!-- This site is optimized with the Yoast SEO plugin v23.6 - https:\/\/yoast.com\/wordpress\/plugins\/seo\/ -->\n<title>Mycoplasma Cleaner (MB46401) - Biosciences<\/title>\n<meta name=\"robots\" content=\"index, follow, max-snippet:-1, max-image-preview:large, max-video-preview:-1\" \/>\n<link rel=\"canonical\" href=\"https:\/\/biosciences.vn\/index.php\/product\/mycoplasma-cleaner-1\/\" \/>\n<meta property=\"og:locale\" content=\"en_US\" \/>\n<meta property=\"og:type\" content=\"article\" \/>\n<meta property=\"og:title\" content=\"Mycoplasma Cleaner (MB46401) - Biosciences\" \/>\n<meta property=\"og:description\" content=\"Mycoplasma Cleaner l\u00e0 dung d\u1ecbch \u0111\u00e3 pha s\u1eb5n \u0111\u01b0\u1ee3c thi\u1ebft k\u1ebf chuy\u00ean d\u1ee5ng \u0111\u1ec3 kh\u1eed tr\u00f9ng b\u1ec1 m\u1eb7t v\u00e0 thi\u1ebft b\u1ecb trong ph\u00f2ng th\u00ed nghi\u1ec7m. Dung d\u1ecbch n\u00e0y c\u00f3 ph\u1ed5 ho\u1ea1t \u0111\u1ed9ng r\u1ed9ng, c\u00f3 t\u00e1c d\u1ee5ng hi\u1ec7u qu\u1ea3 \u0111\u1ed1i v\u1edbi\u00a0Mycoplasma\u00a0spp.,\u00a0S. aureus\u00a0,\u00a0E. faecalis\u00a0,\u00a0E. coli\u00a0,\u00a0P. mirabilis\u00a0,\u00a0P. aeruginosa\u00a0,\u00a0C. albicans\u00a0, c\u0169ng nh\u01b0 HBV\/HIV, Papovavirus, Adenovirus, Poliovirus v\u00e0 c\u00e1c ch\u1ea5t [&hellip;]\" \/>\n<meta property=\"og:url\" content=\"https:\/\/biosciences.vn\/index.php\/product\/mycoplasma-cleaner-1\/\" \/>\n<meta property=\"og:site_name\" content=\"Biosciences\" \/>\n<meta property=\"article:modified_time\" content=\"2025-08-28T07:55:09+00:00\" \/>\n<meta property=\"og:image\" content=\"https:\/\/biosciences.vn\/wp-content\/uploads\/2024\/10\/NZYtech-.jpg\" \/>\n\t<meta property=\"og:image:width\" content=\"700\" \/>\n\t<meta property=\"og:image:height\" content=\"700\" \/>\n\t<meta property=\"og:image:type\" content=\"image\/jpeg\" \/>\n<meta name=\"twitter:card\" content=\"summary_large_image\" \/>\n<meta name=\"twitter:label1\" content=\"Est. reading time\" \/>\n\t<meta name=\"twitter:data1\" content=\"2 minutes\" \/>\n<script type=\"application\/ld+json\" class=\"yoast-schema-graph\">{\"@context\":\"https:\/\/schema.org\",\"@graph\":[{\"@type\":\"WebPage\",\"@id\":\"https:\/\/biosciences.vn\/index.php\/product\/mycoplasma-cleaner-1\/\",\"url\":\"https:\/\/biosciences.vn\/index.php\/product\/mycoplasma-cleaner-1\/\",\"name\":\"Mycoplasma Cleaner (MB46401) - Biosciences\",\"isPartOf\":{\"@id\":\"https:\/\/biosciences.vn\/#website\"},\"primaryImageOfPage\":{\"@id\":\"https:\/\/biosciences.vn\/index.php\/product\/mycoplasma-cleaner-1\/#primaryimage\"},\"image\":{\"@id\":\"https:\/\/biosciences.vn\/index.php\/product\/mycoplasma-cleaner-1\/#primaryimage\"},\"thumbnailUrl\":\"https:\/\/biosciences.vn\/wp-content\/uploads\/2024\/10\/NZYtech-.jpg\",\"datePublished\":\"2024-10-31T07:04:16+00:00\",\"dateModified\":\"2025-08-28T07:55:09+00:00\",\"breadcrumb\":{\"@id\":\"https:\/\/biosciences.vn\/index.php\/product\/mycoplasma-cleaner-1\/#breadcrumb\"},\"inLanguage\":\"en-US\",\"potentialAction\":[{\"@type\":\"ReadAction\",\"target\":[\"https:\/\/biosciences.vn\/index.php\/product\/mycoplasma-cleaner-1\/\"]}]},{\"@type\":\"ImageObject\",\"inLanguage\":\"en-US\",\"@id\":\"https:\/\/biosciences.vn\/index.php\/product\/mycoplasma-cleaner-1\/#primaryimage\",\"url\":\"https:\/\/biosciences.vn\/wp-content\/uploads\/2024\/10\/NZYtech-.jpg\",\"contentUrl\":\"https:\/\/biosciences.vn\/wp-content\/uploads\/2024\/10\/NZYtech-.jpg\",\"width\":700,\"height\":700},{\"@type\":\"BreadcrumbList\",\"@id\":\"https:\/\/biosciences.vn\/index.php\/product\/mycoplasma-cleaner-1\/#breadcrumb\",\"itemListElement\":[{\"@type\":\"ListItem\",\"position\":1,\"name\":\"Trang ch\u1ee7\",\"item\":\"https:\/\/biosciences.vn\/index.php\/en\/home\/\"},{\"@type\":\"ListItem\",\"position\":2,\"name\":\"Shop\",\"item\":\"https:\/\/biosciences.vn\/index.php\/shop\/\"},{\"@type\":\"ListItem\",\"position\":3,\"name\":\"Mycoplasma Cleaner (MB46401)\"}]},{\"@type\":\"WebSite\",\"@id\":\"https:\/\/biosciences.vn\/#website\",\"url\":\"https:\/\/biosciences.vn\/\",\"name\":\"Biosciences\",\"description\":\"\",\"publisher\":{\"@id\":\"https:\/\/biosciences.vn\/#organization\"},\"potentialAction\":[{\"@type\":\"SearchAction\",\"target\":{\"@type\":\"EntryPoint\",\"urlTemplate\":\"https:\/\/biosciences.vn\/?s={search_term_string}\"},\"query-input\":{\"@type\":\"PropertyValueSpecification\",\"valueRequired\":true,\"valueName\":\"search_term_string\"}}],\"inLanguage\":\"en-US\"},{\"@type\":\"Organization\",\"@id\":\"https:\/\/biosciences.vn\/#organization\",\"name\":\"Biosciences\",\"url\":\"https:\/\/biosciences.vn\/\",\"logo\":{\"@type\":\"ImageObject\",\"inLanguage\":\"en-US\",\"@id\":\"https:\/\/biosciences.vn\/#\/schema\/logo\/image\/\",\"url\":\"https:\/\/biosciences.vn\/wp-content\/uploads\/2024\/04\/LOGO-BIOSCIENCES-PNG.png\",\"contentUrl\":\"https:\/\/biosciences.vn\/wp-content\/uploads\/2024\/04\/LOGO-BIOSCIENCES-PNG.png\",\"width\":2536,\"height\":638,\"caption\":\"Biosciences\"},\"image\":{\"@id\":\"https:\/\/biosciences.vn\/#\/schema\/logo\/image\/\"}}]}<\/script>\n<!-- \/ Yoast SEO plugin. -->","yoast_head_json":{"title":"Mycoplasma Cleaner (MB46401) - Biosciences","robots":{"index":"index","follow":"follow","max-snippet":"max-snippet:-1","max-image-preview":"max-image-preview:large","max-video-preview":"max-video-preview:-1"},"canonical":"https:\/\/biosciences.vn\/index.php\/product\/mycoplasma-cleaner-1\/","og_locale":"en_US","og_type":"article","og_title":"Mycoplasma Cleaner (MB46401) - Biosciences","og_description":"Mycoplasma Cleaner l\u00e0 dung d\u1ecbch \u0111\u00e3 pha s\u1eb5n \u0111\u01b0\u1ee3c thi\u1ebft k\u1ebf chuy\u00ean d\u1ee5ng \u0111\u1ec3 kh\u1eed tr\u00f9ng b\u1ec1 m\u1eb7t v\u00e0 thi\u1ebft b\u1ecb trong ph\u00f2ng th\u00ed nghi\u1ec7m. Dung d\u1ecbch n\u00e0y c\u00f3 ph\u1ed5 ho\u1ea1t \u0111\u1ed9ng r\u1ed9ng, c\u00f3 t\u00e1c d\u1ee5ng hi\u1ec7u qu\u1ea3 \u0111\u1ed1i v\u1edbi\u00a0Mycoplasma\u00a0spp.,\u00a0S. aureus\u00a0,\u00a0E. faecalis\u00a0,\u00a0E. coli\u00a0,\u00a0P. mirabilis\u00a0,\u00a0P. aeruginosa\u00a0,\u00a0C. albicans\u00a0, c\u0169ng nh\u01b0 HBV\/HIV, Papovavirus, Adenovirus, Poliovirus v\u00e0 c\u00e1c ch\u1ea5t [&hellip;]","og_url":"https:\/\/biosciences.vn\/index.php\/product\/mycoplasma-cleaner-1\/","og_site_name":"Biosciences","article_modified_time":"2025-08-28T07:55:09+00:00","og_image":[{"width":700,"height":700,"url":"https:\/\/biosciences.vn\/wp-content\/uploads\/2024\/10\/NZYtech-.jpg","type":"image\/jpeg"}],"twitter_card":"summary_large_image","twitter_misc":{"Est. reading time":"2 minutes"},"schema":{"@context":"https:\/\/schema.org","@graph":[{"@type":"WebPage","@id":"https:\/\/biosciences.vn\/index.php\/product\/mycoplasma-cleaner-1\/","url":"https:\/\/biosciences.vn\/index.php\/product\/mycoplasma-cleaner-1\/","name":"Mycoplasma Cleaner (MB46401) - Biosciences","isPartOf":{"@id":"https:\/\/biosciences.vn\/#website"},"primaryImageOfPage":{"@id":"https:\/\/biosciences.vn\/index.php\/product\/mycoplasma-cleaner-1\/#primaryimage"},"image":{"@id":"https:\/\/biosciences.vn\/index.php\/product\/mycoplasma-cleaner-1\/#primaryimage"},"thumbnailUrl":"https:\/\/biosciences.vn\/wp-content\/uploads\/2024\/10\/NZYtech-.jpg","datePublished":"2024-10-31T07:04:16+00:00","dateModified":"2025-08-28T07:55:09+00:00","breadcrumb":{"@id":"https:\/\/biosciences.vn\/index.php\/product\/mycoplasma-cleaner-1\/#breadcrumb"},"inLanguage":"en-US","potentialAction":[{"@type":"ReadAction","target":["https:\/\/biosciences.vn\/index.php\/product\/mycoplasma-cleaner-1\/"]}]},{"@type":"ImageObject","inLanguage":"en-US","@id":"https:\/\/biosciences.vn\/index.php\/product\/mycoplasma-cleaner-1\/#primaryimage","url":"https:\/\/biosciences.vn\/wp-content\/uploads\/2024\/10\/NZYtech-.jpg","contentUrl":"https:\/\/biosciences.vn\/wp-content\/uploads\/2024\/10\/NZYtech-.jpg","width":700,"height":700},{"@type":"BreadcrumbList","@id":"https:\/\/biosciences.vn\/index.php\/product\/mycoplasma-cleaner-1\/#breadcrumb","itemListElement":[{"@type":"ListItem","position":1,"name":"Trang ch\u1ee7","item":"https:\/\/biosciences.vn\/index.php\/en\/home\/"},{"@type":"ListItem","position":2,"name":"Shop","item":"https:\/\/biosciences.vn\/index.php\/shop\/"},{"@type":"ListItem","position":3,"name":"Mycoplasma Cleaner (MB46401)"}]},{"@type":"WebSite","@id":"https:\/\/biosciences.vn\/#website","url":"https:\/\/biosciences.vn\/","name":"Biosciences","description":"","publisher":{"@id":"https:\/\/biosciences.vn\/#organization"},"potentialAction":[{"@type":"SearchAction","target":{"@type":"EntryPoint","urlTemplate":"https:\/\/biosciences.vn\/?s={search_term_string}"},"query-input":{"@type":"PropertyValueSpecification","valueRequired":true,"valueName":"search_term_string"}}],"inLanguage":"en-US"},{"@type":"Organization","@id":"https:\/\/biosciences.vn\/#organization","name":"Biosciences","url":"https:\/\/biosciences.vn\/","logo":{"@type":"ImageObject","inLanguage":"en-US","@id":"https:\/\/biosciences.vn\/#\/schema\/logo\/image\/","url":"https:\/\/biosciences.vn\/wp-content\/uploads\/2024\/04\/LOGO-BIOSCIENCES-PNG.png","contentUrl":"https:\/\/biosciences.vn\/wp-content\/uploads\/2024\/04\/LOGO-BIOSCIENCES-PNG.png","width":2536,"height":638,"caption":"Biosciences"},"image":{"@id":"https:\/\/biosciences.vn\/#\/schema\/logo\/image\/"}}]}},"brands":[{"id":933,"name":"NZYtech","slug":"nzytech"}],"_links":{"self":[{"href":"https:\/\/biosciences.vn\/index.php\/wp-json\/wp\/v2\/product\/6586"}],"collection":[{"href":"https:\/\/biosciences.vn\/index.php\/wp-json\/wp\/v2\/product"}],"about":[{"href":"https:\/\/biosciences.vn\/index.php\/wp-json\/wp\/v2\/types\/product"}],"replies":[{"embeddable":true,"href":"https:\/\/biosciences.vn\/index.php\/wp-json\/wp\/v2\/comments?post=6586"}],"wp:featuredmedia":[{"embeddable":true,"href":"https:\/\/biosciences.vn\/index.php\/wp-json\/wp\/v2\/media\/6394"}],"wp:attachment":[{"href":"https:\/\/biosciences.vn\/index.php\/wp-json\/wp\/v2\/media?parent=6586"}],"wp:term":[{"taxonomy":"pwb-brand","embeddable":true,"href":"https:\/\/biosciences.vn\/index.php\/wp-json\/wp\/v2\/pwb-brand?post=6586"},{"taxonomy":"product_cat","embeddable":true,"href":"https:\/\/biosciences.vn\/index.php\/wp-json\/wp\/v2\/product_cat?post=6586"},{"taxonomy":"product_tag","embeddable":true,"href":"https:\/\/biosciences.vn\/index.php\/wp-json\/wp\/v2\/product_tag?post=6586"}],"curies":[{"name":"wp","href":"https:\/\/api.w.org\/{rel}","templated":true}]}}