{"id":6589,"date":"2024-10-31T14:04:31","date_gmt":"2024-10-31T07:04:31","guid":{"rendered":"https:\/\/biosciences.vn\/?post_type=product&#038;p=6589"},"modified":"2025-08-28T14:55:09","modified_gmt":"2025-08-28T07:55:09","slug":"lyo-supreme-nzy-reverse-transcriptase-20-ku-2","status":"publish","type":"product","link":"https:\/\/biosciences.vn\/index.php\/product\/lyo-supreme-nzy-reverse-transcriptase-20-ku-2\/","title":{"rendered":"Lyo Supreme NZY Reverse\n  Transcriptase 20 kU (MB48202)"},"content":{"rendered":"<p><span>Lyo Supreme NZY Reverse Transcriptase 20 kU l\u00e0 m\u1ed9t lo\u1ea1i enzyme phi\u00ean m\u00e3 ng\u01b0\u1ee3c ti\u00ean ti\u1ebfn v\u00e0 \u0111a n\u0103ng \u0111\u01b0\u1ee3c thi\u1ebft k\u1ebf \u0111\u1ec3 t\u1ed5ng h\u1ee3p cDNA nhanh ch\u00f3ng v\u00e0 hi\u1ec7u qu\u1ea3 cao. C\u00e1c t\u00ednh n\u0103ng ch\u00ednh c\u1ee7a n\u00f3 bao g\u1ed3m:<\/span><\/p>\n<ul>\n<li><span>Ph\u1ea1m vi nhi\u1ec7t \u0111\u1ed9 r\u1ed9ng: Ho\u1ea1t \u0111\u1ed9ng \u1edf nhi\u1ec7t \u0111\u1ed9 cao (42 \u00b0C \u0111\u1ebfn 70 \u00b0C) \u0111\u1ec3 c\u1ea3i thi\u1ec7n t\u00ednh \u0111\u1eb7c hi\u1ec7u v\u00e0 gi\u1ea3m s\u1ef1 h\u00ecnh th\u00e0nh c\u1ea5u tr\u00fac th\u1ee9 c\u1ea5p trong khu\u00f4n m\u1eabu RNA;<\/span><\/li>\n<li><span>Th\u1eddi gian ph\u1ea3n \u1ee9ng nhanh: Ho\u00e0n th\u00e0nh ph\u1ea3n \u1ee9ng trong v\u00f2ng 1 ph\u00fat \u1edf 60 \u00b0C, l\u00fd t\u01b0\u1edfng cho quy tr\u00ecnh l\u00e0m vi\u1ec7c n\u0103ng su\u1ea5t cao;<\/span><\/li>\n<li><span>T\u1ed5ng h\u1ee3p cDNA \u0111\u01b0\u1ee3c t\u0103ng c\u01b0\u1eddng: Thi\u1ebfu ho\u1ea1t \u0111\u1ed9ng c\u1ee7a RNase H, cho ph\u00e9p t\u1ed5ng h\u1ee3p cDNA c\u00f3 \u0111\u1ed9 d\u00e0i \u0111\u1ea7y \u0111\u1ee7, ngay c\u1ea3 t\u1eeb mRNA d\u00e0i;<\/span><\/li>\n<li><span>Kh\u1ea3 n\u0103ng x\u1eed l\u00fd cao: T\u1ea1o ra c\u00e1c ph\u00e2n t\u1eed cDNA c\u00f3 k\u00edch th\u01b0\u1edbc l\u00ean t\u1edbi 9 kb, \u0111\u1ea3m b\u1ea3o phi\u00ean m\u00e3 ch\u00ednh x\u00e1c v\u00e0 \u0111\u1ea7y \u0111\u1ee7;<\/span><\/li>\n<li><span>\u0110\u1ed9 \u1ed5n \u0111\u1ecbnh \u0111\u00e1ng ch\u00fa \u00fd: Duy tr\u00ec hi\u1ec7u su\u1ea5t nh\u1ea5t qu\u00e1n theo th\u1eddi gian v\u00e0 trong nhi\u1ec1u \u0111i\u1ec1u ki\u1ec7n th\u1eed nghi\u1ec7m kh\u00e1c nhau. D\u1ea1ng \u0111\u00f4ng kh\u00f4 c\u1ee7a Lyo Supreme NZY Reverse Transcriptase 20 kU mang l\u1ea1i m\u1ee9c \u0111\u1ed9 \u1ed5n \u0111\u1ecbnh v\u00e0 ho\u1ea1t \u0111\u1ed9ng c\u1ee7a enzym t\u1ed1i \u0111a;<\/span><\/li>\n<li><span>\u1ee8ng d\u1ee5ng \u0111a n\u0103ng: Th\u00edch h\u1ee3p cho nhi\u1ec1u \u1ee9ng d\u1ee5ng kh\u00e1c nhau, bao g\u1ed3m t\u1ed5ng h\u1ee3p cDNA s\u1ee3i \u0111\u1ea7u ti\u00ean, RT-PCR, RT-qPCR v\u00e0 chu\u1ea9n b\u1ecb th\u01b0 vi\u1ec7n.<\/span><\/li>\n<\/ul>\n<p><span>Lyo Supreme NZY Reverse Transcriptase 20 kU l\u00e0 m\u1ed9t c\u00f4ng c\u1ee5 \u0111\u00e1ng tin c\u1eady v\u00e0 hi\u1ec7u qu\u1ea3 cho c\u00e1c nh\u00e0 nghi\u00ean c\u1ee9u \u0111ang t\u00ecm ki\u1ebfm t\u1ed5ng h\u1ee3p cDNA ch\u1ea5t l\u01b0\u1ee3ng cao. Thi\u1ebft k\u1ebf s\u00e1ng t\u1ea1o v\u00e0 c\u00e1c t\u00ednh n\u0103ng n\u00e2ng cao c\u1ee7a n\u00f3 l\u00e0m cho n\u00f3 tr\u1edf th\u00e0nh l\u1ef1a ch\u1ecdn \u01b0a th\u00edch cho nh\u1eefng ng\u01b0\u1eddi c\u1ea7n t\u1ed1c \u0111\u1ed9, t\u00ednh \u0111\u1eb7c hi\u1ec7u v\u00e0 t\u00ednh \u1ed5n \u0111\u1ecbnh trong quy tr\u00ecnh phi\u00ean m\u00e3 ng\u01b0\u1ee3c c\u1ee7a h\u1ecd.<\/span><\/p>\n<p><span>\u0110ang ch\u1edd c\u1ea5p b\u1eb1ng s\u00e1ng ch\u1ebf do NZYtech \u0111\u1ec7 tr\u00ecnh.<\/span><\/p>\n","protected":false},"excerpt":{"rendered":"<p>Lyo Supreme NZY Reverse Transcriptase 20 kU l\u00e0 m\u1ed9t lo\u1ea1i enzyme phi\u00ean m\u00e3 ng\u01b0\u1ee3c ti\u00ean ti\u1ebfn v\u00e0 \u0111a n\u0103ng \u0111\u01b0\u1ee3c thi\u1ebft k\u1ebf \u0111\u1ec3 t\u1ed5ng h\u1ee3p cDNA nhanh ch\u00f3ng v\u00e0 hi\u1ec7u qu\u1ea3 cao. C\u00e1c t\u00ednh n\u0103ng ch\u00ednh c\u1ee7a n\u00f3 bao g\u1ed3m: Ph\u1ea1m vi nhi\u1ec7t \u0111\u1ed9 r\u1ed9ng: Ho\u1ea1t \u0111\u1ed9ng \u1edf nhi\u1ec7t \u0111\u1ed9 cao (42 \u00b0C \u0111\u1ebfn 70 [&hellip;]<\/p>\n","protected":false},"featured_media":6394,"comment_status":"open","ping_status":"closed","template":"","meta":[],"pwb-brand":[933],"product_cat":[434,731,820],"product_tag":[],"class_list":{"0":"post-6589","1":"product","2":"type-product","3":"status-publish","4":"has-post-thumbnail","6":"pwb-brand-nzytech","7":"product_cat-khoa-hoc-su-song","8":"product_cat-sinh-hoc-phan-tu","9":"product_cat-rna-cdna-vi","11":"first","12":"onbackorder","13":"shipping-taxable","14":"purchasable","15":"product-type-simple"},"yoast_head":"<!-- This site is optimized with the Yoast SEO plugin v23.6 - https:\/\/yoast.com\/wordpress\/plugins\/seo\/ -->\n<title>Lyo Supreme NZY Reverse  Transcriptase 20 kU (MB48202) - Biosciences<\/title>\n<meta name=\"robots\" content=\"index, follow, max-snippet:-1, max-image-preview:large, max-video-preview:-1\" \/>\n<link rel=\"canonical\" href=\"https:\/\/biosciences.vn\/index.php\/product\/lyo-supreme-nzy-reverse-transcriptase-20-ku-2\/\" \/>\n<meta property=\"og:locale\" content=\"en_US\" \/>\n<meta property=\"og:type\" content=\"article\" \/>\n<meta property=\"og:title\" content=\"Lyo Supreme NZY Reverse  Transcriptase 20 kU (MB48202) - Biosciences\" \/>\n<meta property=\"og:description\" content=\"Lyo Supreme NZY Reverse Transcriptase 20 kU l\u00e0 m\u1ed9t lo\u1ea1i enzyme phi\u00ean m\u00e3 ng\u01b0\u1ee3c ti\u00ean ti\u1ebfn v\u00e0 \u0111a n\u0103ng \u0111\u01b0\u1ee3c thi\u1ebft k\u1ebf \u0111\u1ec3 t\u1ed5ng h\u1ee3p cDNA nhanh ch\u00f3ng v\u00e0 hi\u1ec7u qu\u1ea3 cao. C\u00e1c t\u00ednh n\u0103ng ch\u00ednh c\u1ee7a n\u00f3 bao g\u1ed3m: Ph\u1ea1m vi nhi\u1ec7t \u0111\u1ed9 r\u1ed9ng: Ho\u1ea1t \u0111\u1ed9ng \u1edf nhi\u1ec7t \u0111\u1ed9 cao (42 \u00b0C \u0111\u1ebfn 70 [&hellip;]\" \/>\n<meta property=\"og:url\" content=\"https:\/\/biosciences.vn\/index.php\/product\/lyo-supreme-nzy-reverse-transcriptase-20-ku-2\/\" \/>\n<meta property=\"og:site_name\" content=\"Biosciences\" \/>\n<meta property=\"article:modified_time\" content=\"2025-08-28T07:55:09+00:00\" \/>\n<meta property=\"og:image\" content=\"https:\/\/biosciences.vn\/wp-content\/uploads\/2024\/10\/NZYtech-.jpg\" \/>\n\t<meta property=\"og:image:width\" content=\"700\" \/>\n\t<meta property=\"og:image:height\" content=\"700\" \/>\n\t<meta property=\"og:image:type\" content=\"image\/jpeg\" \/>\n<meta name=\"twitter:card\" content=\"summary_large_image\" \/>\n<meta name=\"twitter:label1\" content=\"Est. reading time\" \/>\n\t<meta name=\"twitter:data1\" content=\"2 minutes\" \/>\n<script type=\"application\/ld+json\" class=\"yoast-schema-graph\">{\"@context\":\"https:\/\/schema.org\",\"@graph\":[{\"@type\":\"WebPage\",\"@id\":\"https:\/\/biosciences.vn\/index.php\/product\/lyo-supreme-nzy-reverse-transcriptase-20-ku-2\/\",\"url\":\"https:\/\/biosciences.vn\/index.php\/product\/lyo-supreme-nzy-reverse-transcriptase-20-ku-2\/\",\"name\":\"Lyo Supreme NZY Reverse Transcriptase 20 kU (MB48202) - Biosciences\",\"isPartOf\":{\"@id\":\"https:\/\/biosciences.vn\/#website\"},\"primaryImageOfPage\":{\"@id\":\"https:\/\/biosciences.vn\/index.php\/product\/lyo-supreme-nzy-reverse-transcriptase-20-ku-2\/#primaryimage\"},\"image\":{\"@id\":\"https:\/\/biosciences.vn\/index.php\/product\/lyo-supreme-nzy-reverse-transcriptase-20-ku-2\/#primaryimage\"},\"thumbnailUrl\":\"https:\/\/biosciences.vn\/wp-content\/uploads\/2024\/10\/NZYtech-.jpg\",\"datePublished\":\"2024-10-31T07:04:31+00:00\",\"dateModified\":\"2025-08-28T07:55:09+00:00\",\"breadcrumb\":{\"@id\":\"https:\/\/biosciences.vn\/index.php\/product\/lyo-supreme-nzy-reverse-transcriptase-20-ku-2\/#breadcrumb\"},\"inLanguage\":\"en-US\",\"potentialAction\":[{\"@type\":\"ReadAction\",\"target\":[\"https:\/\/biosciences.vn\/index.php\/product\/lyo-supreme-nzy-reverse-transcriptase-20-ku-2\/\"]}]},{\"@type\":\"ImageObject\",\"inLanguage\":\"en-US\",\"@id\":\"https:\/\/biosciences.vn\/index.php\/product\/lyo-supreme-nzy-reverse-transcriptase-20-ku-2\/#primaryimage\",\"url\":\"https:\/\/biosciences.vn\/wp-content\/uploads\/2024\/10\/NZYtech-.jpg\",\"contentUrl\":\"https:\/\/biosciences.vn\/wp-content\/uploads\/2024\/10\/NZYtech-.jpg\",\"width\":700,\"height\":700},{\"@type\":\"BreadcrumbList\",\"@id\":\"https:\/\/biosciences.vn\/index.php\/product\/lyo-supreme-nzy-reverse-transcriptase-20-ku-2\/#breadcrumb\",\"itemListElement\":[{\"@type\":\"ListItem\",\"position\":1,\"name\":\"Trang ch\u1ee7\",\"item\":\"https:\/\/biosciences.vn\/index.php\/en\/home\/\"},{\"@type\":\"ListItem\",\"position\":2,\"name\":\"Shop\",\"item\":\"https:\/\/biosciences.vn\/index.php\/shop\/\"},{\"@type\":\"ListItem\",\"position\":3,\"name\":\"Lyo Supreme NZY Reverse Transcriptase 20 kU (MB48202)\"}]},{\"@type\":\"WebSite\",\"@id\":\"https:\/\/biosciences.vn\/#website\",\"url\":\"https:\/\/biosciences.vn\/\",\"name\":\"Biosciences\",\"description\":\"\",\"publisher\":{\"@id\":\"https:\/\/biosciences.vn\/#organization\"},\"potentialAction\":[{\"@type\":\"SearchAction\",\"target\":{\"@type\":\"EntryPoint\",\"urlTemplate\":\"https:\/\/biosciences.vn\/?s={search_term_string}\"},\"query-input\":{\"@type\":\"PropertyValueSpecification\",\"valueRequired\":true,\"valueName\":\"search_term_string\"}}],\"inLanguage\":\"en-US\"},{\"@type\":\"Organization\",\"@id\":\"https:\/\/biosciences.vn\/#organization\",\"name\":\"Biosciences\",\"url\":\"https:\/\/biosciences.vn\/\",\"logo\":{\"@type\":\"ImageObject\",\"inLanguage\":\"en-US\",\"@id\":\"https:\/\/biosciences.vn\/#\/schema\/logo\/image\/\",\"url\":\"https:\/\/biosciences.vn\/wp-content\/uploads\/2024\/04\/LOGO-BIOSCIENCES-PNG.png\",\"contentUrl\":\"https:\/\/biosciences.vn\/wp-content\/uploads\/2024\/04\/LOGO-BIOSCIENCES-PNG.png\",\"width\":2536,\"height\":638,\"caption\":\"Biosciences\"},\"image\":{\"@id\":\"https:\/\/biosciences.vn\/#\/schema\/logo\/image\/\"}}]}<\/script>\n<!-- \/ Yoast SEO plugin. -->","yoast_head_json":{"title":"Lyo Supreme NZY Reverse  Transcriptase 20 kU (MB48202) - Biosciences","robots":{"index":"index","follow":"follow","max-snippet":"max-snippet:-1","max-image-preview":"max-image-preview:large","max-video-preview":"max-video-preview:-1"},"canonical":"https:\/\/biosciences.vn\/index.php\/product\/lyo-supreme-nzy-reverse-transcriptase-20-ku-2\/","og_locale":"en_US","og_type":"article","og_title":"Lyo Supreme NZY Reverse  Transcriptase 20 kU (MB48202) - Biosciences","og_description":"Lyo Supreme NZY Reverse Transcriptase 20 kU l\u00e0 m\u1ed9t lo\u1ea1i enzyme phi\u00ean m\u00e3 ng\u01b0\u1ee3c ti\u00ean ti\u1ebfn v\u00e0 \u0111a n\u0103ng \u0111\u01b0\u1ee3c thi\u1ebft k\u1ebf \u0111\u1ec3 t\u1ed5ng h\u1ee3p cDNA nhanh ch\u00f3ng v\u00e0 hi\u1ec7u qu\u1ea3 cao. C\u00e1c t\u00ednh n\u0103ng ch\u00ednh c\u1ee7a n\u00f3 bao g\u1ed3m: Ph\u1ea1m vi nhi\u1ec7t \u0111\u1ed9 r\u1ed9ng: Ho\u1ea1t \u0111\u1ed9ng \u1edf nhi\u1ec7t \u0111\u1ed9 cao (42 \u00b0C \u0111\u1ebfn 70 [&hellip;]","og_url":"https:\/\/biosciences.vn\/index.php\/product\/lyo-supreme-nzy-reverse-transcriptase-20-ku-2\/","og_site_name":"Biosciences","article_modified_time":"2025-08-28T07:55:09+00:00","og_image":[{"width":700,"height":700,"url":"https:\/\/biosciences.vn\/wp-content\/uploads\/2024\/10\/NZYtech-.jpg","type":"image\/jpeg"}],"twitter_card":"summary_large_image","twitter_misc":{"Est. reading time":"2 minutes"},"schema":{"@context":"https:\/\/schema.org","@graph":[{"@type":"WebPage","@id":"https:\/\/biosciences.vn\/index.php\/product\/lyo-supreme-nzy-reverse-transcriptase-20-ku-2\/","url":"https:\/\/biosciences.vn\/index.php\/product\/lyo-supreme-nzy-reverse-transcriptase-20-ku-2\/","name":"Lyo Supreme NZY Reverse Transcriptase 20 kU (MB48202) - Biosciences","isPartOf":{"@id":"https:\/\/biosciences.vn\/#website"},"primaryImageOfPage":{"@id":"https:\/\/biosciences.vn\/index.php\/product\/lyo-supreme-nzy-reverse-transcriptase-20-ku-2\/#primaryimage"},"image":{"@id":"https:\/\/biosciences.vn\/index.php\/product\/lyo-supreme-nzy-reverse-transcriptase-20-ku-2\/#primaryimage"},"thumbnailUrl":"https:\/\/biosciences.vn\/wp-content\/uploads\/2024\/10\/NZYtech-.jpg","datePublished":"2024-10-31T07:04:31+00:00","dateModified":"2025-08-28T07:55:09+00:00","breadcrumb":{"@id":"https:\/\/biosciences.vn\/index.php\/product\/lyo-supreme-nzy-reverse-transcriptase-20-ku-2\/#breadcrumb"},"inLanguage":"en-US","potentialAction":[{"@type":"ReadAction","target":["https:\/\/biosciences.vn\/index.php\/product\/lyo-supreme-nzy-reverse-transcriptase-20-ku-2\/"]}]},{"@type":"ImageObject","inLanguage":"en-US","@id":"https:\/\/biosciences.vn\/index.php\/product\/lyo-supreme-nzy-reverse-transcriptase-20-ku-2\/#primaryimage","url":"https:\/\/biosciences.vn\/wp-content\/uploads\/2024\/10\/NZYtech-.jpg","contentUrl":"https:\/\/biosciences.vn\/wp-content\/uploads\/2024\/10\/NZYtech-.jpg","width":700,"height":700},{"@type":"BreadcrumbList","@id":"https:\/\/biosciences.vn\/index.php\/product\/lyo-supreme-nzy-reverse-transcriptase-20-ku-2\/#breadcrumb","itemListElement":[{"@type":"ListItem","position":1,"name":"Trang ch\u1ee7","item":"https:\/\/biosciences.vn\/index.php\/en\/home\/"},{"@type":"ListItem","position":2,"name":"Shop","item":"https:\/\/biosciences.vn\/index.php\/shop\/"},{"@type":"ListItem","position":3,"name":"Lyo Supreme NZY Reverse Transcriptase 20 kU (MB48202)"}]},{"@type":"WebSite","@id":"https:\/\/biosciences.vn\/#website","url":"https:\/\/biosciences.vn\/","name":"Biosciences","description":"","publisher":{"@id":"https:\/\/biosciences.vn\/#organization"},"potentialAction":[{"@type":"SearchAction","target":{"@type":"EntryPoint","urlTemplate":"https:\/\/biosciences.vn\/?s={search_term_string}"},"query-input":{"@type":"PropertyValueSpecification","valueRequired":true,"valueName":"search_term_string"}}],"inLanguage":"en-US"},{"@type":"Organization","@id":"https:\/\/biosciences.vn\/#organization","name":"Biosciences","url":"https:\/\/biosciences.vn\/","logo":{"@type":"ImageObject","inLanguage":"en-US","@id":"https:\/\/biosciences.vn\/#\/schema\/logo\/image\/","url":"https:\/\/biosciences.vn\/wp-content\/uploads\/2024\/04\/LOGO-BIOSCIENCES-PNG.png","contentUrl":"https:\/\/biosciences.vn\/wp-content\/uploads\/2024\/04\/LOGO-BIOSCIENCES-PNG.png","width":2536,"height":638,"caption":"Biosciences"},"image":{"@id":"https:\/\/biosciences.vn\/#\/schema\/logo\/image\/"}}]}},"brands":[{"id":933,"name":"NZYtech","slug":"nzytech"}],"_links":{"self":[{"href":"https:\/\/biosciences.vn\/index.php\/wp-json\/wp\/v2\/product\/6589"}],"collection":[{"href":"https:\/\/biosciences.vn\/index.php\/wp-json\/wp\/v2\/product"}],"about":[{"href":"https:\/\/biosciences.vn\/index.php\/wp-json\/wp\/v2\/types\/product"}],"replies":[{"embeddable":true,"href":"https:\/\/biosciences.vn\/index.php\/wp-json\/wp\/v2\/comments?post=6589"}],"wp:featuredmedia":[{"embeddable":true,"href":"https:\/\/biosciences.vn\/index.php\/wp-json\/wp\/v2\/media\/6394"}],"wp:attachment":[{"href":"https:\/\/biosciences.vn\/index.php\/wp-json\/wp\/v2\/media?parent=6589"}],"wp:term":[{"taxonomy":"pwb-brand","embeddable":true,"href":"https:\/\/biosciences.vn\/index.php\/wp-json\/wp\/v2\/pwb-brand?post=6589"},{"taxonomy":"product_cat","embeddable":true,"href":"https:\/\/biosciences.vn\/index.php\/wp-json\/wp\/v2\/product_cat?post=6589"},{"taxonomy":"product_tag","embeddable":true,"href":"https:\/\/biosciences.vn\/index.php\/wp-json\/wp\/v2\/product_tag?post=6589"}],"curies":[{"name":"wp","href":"https:\/\/api.w.org\/{rel}","templated":true}]}}