{"id":6684,"date":"2025-03-16T18:32:51","date_gmt":"2025-03-16T11:32:51","guid":{"rendered":"https:\/\/biosciences.vn\/?post_type=product&#038;p=6684"},"modified":"2025-08-28T14:55:09","modified_gmt":"2025-08-28T07:55:09","slug":"chung-chuan-dinh-luong-aspergillus-brasiliensis-ncpf-2275-atcc-16404","status":"publish","type":"product","link":"https:\/\/biosciences.vn\/index.php\/product\/chung-chuan-dinh-luong-aspergillus-brasiliensis-ncpf-2275-atcc-16404\/","title":{"rendered":"Ch\u1ee7ng chu\u1ea9n \u0111\u1ecbnh l\u01b0\u1ee3ng Aspergillus brasiliensis NCPF\u00ae 2275 \/ ATCC\u00ae 16404"},"content":{"rendered":"<p data-start=\"785\" data-end=\"1107\"><strong data-start=\"785\" data-end=\"847\">Accu-Bac Aspergillus brasiliensis NCPF\u00ae 2275 \/ ATCC\u00ae 16404<\/strong> l\u00e0 ch\u1ee7ng vi sinh v\u1eadt \u0111\u1ecbnh l\u01b0\u1ee3ng \u0111\u01b0\u1ee3c cung c\u1ea5p b\u1edfi <strong data-start=\"898\" data-end=\"917\">TCS Biosciences<\/strong>. S\u1ea3n ph\u1ea9m n\u00e0y \u0111\u01b0\u1ee3c thi\u1ebft k\u1ebf \u0111\u1ec3 s\u1eed d\u1ee5ng trong <strong data-start=\"963\" data-end=\"1039\">c\u00e1c ph\u00f2ng th\u00ed nghi\u1ec7m vi sinh, ki\u1ec3m so\u00e1t ch\u1ea5t l\u01b0\u1ee3ng v\u00e0 nghi\u00ean c\u1ee9u vi sinh<\/strong>, \u0111\u1ea3m b\u1ea3o \u0111\u1ed9 ch\u00ednh x\u00e1c cao trong c\u00e1c \u1ee9ng d\u1ee5ng ki\u1ec3m so\u00e1t vi sinh v\u1eadt.<\/p>\n<h3 data-start=\"1109\" data-end=\"1132\"><strong data-start=\"1113\" data-end=\"1132\">\u0110\u1eb7c \u0111i\u1ec3m ch\u00ednh:<\/strong><\/h3>\n<ul data-start=\"1133\" data-end=\"1420\">\n<li data-start=\"1133\" data-end=\"1162\"><strong data-start=\"1135\" data-end=\"1150\">M\u00e3 s\u1ea3n ph\u1ea9m<\/strong>: AB94UL-1<\/li>\n<li data-start=\"1163\" data-end=\"1237\"><strong data-start=\"1165\" data-end=\"1182\">Ch\u1ee7ng vi sinh<\/strong>: <em data-start=\"1184\" data-end=\"1210\">Aspergillus brasiliensis<\/em> NCPF\u00ae 2275 \/ ATCC\u00ae 16404<\/li>\n<li data-start=\"1238\" data-end=\"1261\"><strong data-start=\"1240\" data-end=\"1252\">S\u1ed1 l\u01b0\u1ee3ng<\/strong>: 1 \u0111\u0129a<\/li>\n<li data-start=\"1262\" data-end=\"1365\"><strong data-start=\"1264\" data-end=\"1278\">M\u1ee9c c.f.u.<\/strong>: \u2264100 c.f.u. m\u1ed7i \u0111\u0129a, v\u1edbi kho\u1ea3ng tin c\u1eady 95% \u0111\u01b0\u1ee3c ghi tr\u00ean Gi\u1ea5y ch\u1ee9ng nh\u1eadn Ph\u00e2n t\u00edch<\/li>\n<li data-start=\"1366\" data-end=\"1420\"><strong data-start=\"1368\" data-end=\"1388\">Th\u1eddi h\u1ea1n s\u1eed d\u1ee5ng<\/strong>: 18 th\u00e1ng k\u1ec3 t\u1eeb ng\u00e0y s\u1ea3n xu\u1ea5t<\/li>\n<\/ul>\n<h3 data-start=\"1422\" data-end=\"1448\"><strong data-start=\"1426\" data-end=\"1448\">\u1ee8ng d\u1ee5ng ph\u1ed5 bi\u1ebfn:<\/strong><\/h3>\n<ul data-start=\"1449\" data-end=\"1690\">\n<li data-start=\"1449\" data-end=\"1532\">Ki\u1ec3m so\u00e1t ch\u1ea5t l\u01b0\u1ee3ng vi sinh trong <strong data-start=\"1486\" data-end=\"1530\">th\u1ef1c ph\u1ea9m, n\u01b0\u1edbc u\u1ed1ng, d\u01b0\u1ee3c ph\u1ea9m, m\u1ef9 ph\u1ea9m<\/strong><\/li>\n<li data-start=\"1533\" data-end=\"1584\">Th\u1eed nghi\u1ec7m hi\u1ec7u qu\u1ea3 kh\u00e1ng n\u1ea5m c\u1ee7a ch\u1ea5t b\u1ea3o qu\u1ea3n<\/li>\n<li data-start=\"1585\" data-end=\"1690\">Nghi\u00ean c\u1ee9u vi sinh v\u1eadt trong c\u00e1c <strong data-start=\"1620\" data-end=\"1688\">ph\u00f2ng th\u00ed nghi\u1ec7m vi sinh y t\u1ebf, m\u00f4i tr\u01b0\u1eddng v\u00e0 nghi\u00ean c\u1ee9u khoa h\u1ecdc<\/strong><\/li>\n<\/ul>\n<h3 data-start=\"1692\" data-end=\"1708\"><strong data-start=\"1696\" data-end=\"1706\">L\u01b0u \u00fd:<\/strong><\/h3>\n<p data-start=\"1709\" data-end=\"1909\">Accu-Bac l\u00e0 th\u1ebf h\u1ec7 th\u1ee9 hai \u0111\u01b0\u1ee3c \u0111\u1ea3m b\u1ea3o t\u1eeb c\u00e1c ch\u1ee7ng <strong data-start=\"1762\" data-end=\"1780\">NCTC\u00ae v\u00e0 NCPF\u00ae<\/strong>, \u0111\u01b0\u1ee3c s\u1ea3n xu\u1ea5t theo gi\u1ea5y ph\u00e9p t\u1eeb <strong data-start=\"1814\" data-end=\"1843\">UK Health Security Agency<\/strong>, nh\u1eb1m s\u1eed d\u1ee5ng trong ki\u1ec3m so\u00e1t ch\u1ea5t l\u01b0\u1ee3ng v\u00e0 nghi\u00ean c\u1ee9u vi sinh.<\/p>\n<h3 data-start=\"1911\" data-end=\"1938\"><strong data-start=\"1915\" data-end=\"1936\">Li\u00ean h\u1ec7 \u0111\u1eb7t h\u00e0ng:<\/strong><\/h3>\n<p data-start=\"1939\" data-end=\"2003\"><strong data-start=\"1939\" data-end=\"1957\">Biosciences.vn<\/strong><br data-start=\"1957\" data-end=\"1960\" \/>\ud83d\udcde 0933 270 120<br data-start=\"1975\" data-end=\"1978\" \/>\ud83d\udce9 <a rel=\"noopener\" data-start=\"1981\" data-end=\"2001\">sales@biosciences.vn<\/a><\/p>\n<p data-start=\"1173\" data-end=\"1298\">\n","protected":false},"excerpt":{"rendered":"<p>Accu-Bac Aspergillus brasiliensis NCPF\u00ae 2275 \/ ATCC\u00ae 16404 l\u00e0 ch\u1ee7ng vi sinh v\u1eadt \u0111\u1ecbnh l\u01b0\u1ee3ng \u0111\u01b0\u1ee3c cung c\u1ea5p b\u1edfi TCS Biosciences. S\u1ea3n ph\u1ea9m n\u00e0y \u0111\u01b0\u1ee3c thi\u1ebft k\u1ebf \u0111\u1ec3 s\u1eed d\u1ee5ng trong c\u00e1c ph\u00f2ng th\u00ed nghi\u1ec7m vi sinh, ki\u1ec3m so\u00e1t ch\u1ea5t l\u01b0\u1ee3ng v\u00e0 nghi\u00ean c\u1ee9u vi sinh, \u0111\u1ea3m b\u1ea3o \u0111\u1ed9 ch\u00ednh x\u00e1c cao trong c\u00e1c \u1ee9ng [&hellip;]<\/p>\n","protected":false},"featured_media":6688,"comment_status":"open","ping_status":"closed","template":"","meta":[],"pwb-brand":[644],"product_cat":[434,485,665],"product_tag":[943,949,947],"class_list":{"0":"post-6684","1":"product","2":"type-product","3":"status-publish","4":"has-post-thumbnail","6":"pwb-brand-tcs-biosciences-vi","7":"product_cat-khoa-hoc-su-song","8":"product_cat-hoa-chat-vat-tu","9":"product_cat-chung-chuan-vi-sinh","10":"product_tag-accu-bac","11":"product_tag-atcc","12":"product_tag-ntcc","14":"first","15":"onbackorder","16":"shipping-taxable","17":"purchasable","18":"product-type-simple"},"yoast_head":"<!-- This site is optimized with the Yoast SEO plugin v23.6 - https:\/\/yoast.com\/wordpress\/plugins\/seo\/ -->\n<title>Ch\u1ee7ng chu\u1ea9n \u0111\u1ecbnh l\u01b0\u1ee3ng Aspergillus brasiliensis NCPF\u00ae 2275 \/ ATCC\u00ae 16404 - Biosciences<\/title>\n<meta name=\"robots\" content=\"index, follow, max-snippet:-1, max-image-preview:large, max-video-preview:-1\" \/>\n<link rel=\"canonical\" href=\"https:\/\/biosciences.vn\/index.php\/product\/chung-chuan-dinh-luong-aspergillus-brasiliensis-ncpf-2275-atcc-16404\/\" \/>\n<meta property=\"og:locale\" content=\"en_US\" \/>\n<meta property=\"og:type\" content=\"article\" \/>\n<meta property=\"og:title\" content=\"Ch\u1ee7ng chu\u1ea9n \u0111\u1ecbnh l\u01b0\u1ee3ng Aspergillus brasiliensis NCPF\u00ae 2275 \/ ATCC\u00ae 16404 - Biosciences\" \/>\n<meta property=\"og:description\" content=\"Accu-Bac Aspergillus brasiliensis NCPF\u00ae 2275 \/ ATCC\u00ae 16404 l\u00e0 ch\u1ee7ng vi sinh v\u1eadt \u0111\u1ecbnh l\u01b0\u1ee3ng \u0111\u01b0\u1ee3c cung c\u1ea5p b\u1edfi TCS Biosciences. S\u1ea3n ph\u1ea9m n\u00e0y \u0111\u01b0\u1ee3c thi\u1ebft k\u1ebf \u0111\u1ec3 s\u1eed d\u1ee5ng trong c\u00e1c ph\u00f2ng th\u00ed nghi\u1ec7m vi sinh, ki\u1ec3m so\u00e1t ch\u1ea5t l\u01b0\u1ee3ng v\u00e0 nghi\u00ean c\u1ee9u vi sinh, \u0111\u1ea3m b\u1ea3o \u0111\u1ed9 ch\u00ednh x\u00e1c cao trong c\u00e1c \u1ee9ng [&hellip;]\" \/>\n<meta property=\"og:url\" content=\"https:\/\/biosciences.vn\/index.php\/product\/chung-chuan-dinh-luong-aspergillus-brasiliensis-ncpf-2275-atcc-16404\/\" \/>\n<meta property=\"og:site_name\" content=\"Biosciences\" \/>\n<meta property=\"article:modified_time\" content=\"2025-08-28T07:55:09+00:00\" \/>\n<meta property=\"og:image\" content=\"https:\/\/biosciences.vn\/wp-content\/uploads\/2025\/03\/Hinh-anh-Accu-Bac.jpg\" \/>\n\t<meta property=\"og:image:width\" content=\"800\" \/>\n\t<meta property=\"og:image:height\" content=\"600\" \/>\n\t<meta property=\"og:image:type\" content=\"image\/jpeg\" \/>\n<meta name=\"twitter:card\" content=\"summary_large_image\" \/>\n<meta name=\"twitter:label1\" content=\"Est. reading time\" \/>\n\t<meta name=\"twitter:data1\" content=\"1 minute\" \/>\n<script type=\"application\/ld+json\" class=\"yoast-schema-graph\">{\"@context\":\"https:\/\/schema.org\",\"@graph\":[{\"@type\":\"WebPage\",\"@id\":\"https:\/\/biosciences.vn\/index.php\/product\/chung-chuan-dinh-luong-aspergillus-brasiliensis-ncpf-2275-atcc-16404\/\",\"url\":\"https:\/\/biosciences.vn\/index.php\/product\/chung-chuan-dinh-luong-aspergillus-brasiliensis-ncpf-2275-atcc-16404\/\",\"name\":\"Ch\u1ee7ng chu\u1ea9n \u0111\u1ecbnh l\u01b0\u1ee3ng Aspergillus brasiliensis NCPF\u00ae 2275 \/ ATCC\u00ae 16404 - Biosciences\",\"isPartOf\":{\"@id\":\"https:\/\/biosciences.vn\/#website\"},\"primaryImageOfPage\":{\"@id\":\"https:\/\/biosciences.vn\/index.php\/product\/chung-chuan-dinh-luong-aspergillus-brasiliensis-ncpf-2275-atcc-16404\/#primaryimage\"},\"image\":{\"@id\":\"https:\/\/biosciences.vn\/index.php\/product\/chung-chuan-dinh-luong-aspergillus-brasiliensis-ncpf-2275-atcc-16404\/#primaryimage\"},\"thumbnailUrl\":\"https:\/\/biosciences.vn\/wp-content\/uploads\/2025\/03\/Hinh-anh-Accu-Bac.jpg\",\"datePublished\":\"2025-03-16T11:32:51+00:00\",\"dateModified\":\"2025-08-28T07:55:09+00:00\",\"breadcrumb\":{\"@id\":\"https:\/\/biosciences.vn\/index.php\/product\/chung-chuan-dinh-luong-aspergillus-brasiliensis-ncpf-2275-atcc-16404\/#breadcrumb\"},\"inLanguage\":\"en-US\",\"potentialAction\":[{\"@type\":\"ReadAction\",\"target\":[\"https:\/\/biosciences.vn\/index.php\/product\/chung-chuan-dinh-luong-aspergillus-brasiliensis-ncpf-2275-atcc-16404\/\"]}]},{\"@type\":\"ImageObject\",\"inLanguage\":\"en-US\",\"@id\":\"https:\/\/biosciences.vn\/index.php\/product\/chung-chuan-dinh-luong-aspergillus-brasiliensis-ncpf-2275-atcc-16404\/#primaryimage\",\"url\":\"https:\/\/biosciences.vn\/wp-content\/uploads\/2025\/03\/Hinh-anh-Accu-Bac.jpg\",\"contentUrl\":\"https:\/\/biosciences.vn\/wp-content\/uploads\/2025\/03\/Hinh-anh-Accu-Bac.jpg\",\"width\":3534,\"height\":2651},{\"@type\":\"BreadcrumbList\",\"@id\":\"https:\/\/biosciences.vn\/index.php\/product\/chung-chuan-dinh-luong-aspergillus-brasiliensis-ncpf-2275-atcc-16404\/#breadcrumb\",\"itemListElement\":[{\"@type\":\"ListItem\",\"position\":1,\"name\":\"Trang ch\u1ee7\",\"item\":\"https:\/\/biosciences.vn\/index.php\/en\/home\/\"},{\"@type\":\"ListItem\",\"position\":2,\"name\":\"Shop\",\"item\":\"https:\/\/biosciences.vn\/index.php\/shop\/\"},{\"@type\":\"ListItem\",\"position\":3,\"name\":\"Ch\u1ee7ng chu\u1ea9n \u0111\u1ecbnh l\u01b0\u1ee3ng Aspergillus brasiliensis NCPF\u00ae 2275 \/ ATCC\u00ae 16404\"}]},{\"@type\":\"WebSite\",\"@id\":\"https:\/\/biosciences.vn\/#website\",\"url\":\"https:\/\/biosciences.vn\/\",\"name\":\"Biosciences\",\"description\":\"\",\"publisher\":{\"@id\":\"https:\/\/biosciences.vn\/#organization\"},\"potentialAction\":[{\"@type\":\"SearchAction\",\"target\":{\"@type\":\"EntryPoint\",\"urlTemplate\":\"https:\/\/biosciences.vn\/?s={search_term_string}\"},\"query-input\":{\"@type\":\"PropertyValueSpecification\",\"valueRequired\":true,\"valueName\":\"search_term_string\"}}],\"inLanguage\":\"en-US\"},{\"@type\":\"Organization\",\"@id\":\"https:\/\/biosciences.vn\/#organization\",\"name\":\"Biosciences\",\"url\":\"https:\/\/biosciences.vn\/\",\"logo\":{\"@type\":\"ImageObject\",\"inLanguage\":\"en-US\",\"@id\":\"https:\/\/biosciences.vn\/#\/schema\/logo\/image\/\",\"url\":\"https:\/\/biosciences.vn\/wp-content\/uploads\/2024\/04\/LOGO-BIOSCIENCES-PNG.png\",\"contentUrl\":\"https:\/\/biosciences.vn\/wp-content\/uploads\/2024\/04\/LOGO-BIOSCIENCES-PNG.png\",\"width\":2536,\"height\":638,\"caption\":\"Biosciences\"},\"image\":{\"@id\":\"https:\/\/biosciences.vn\/#\/schema\/logo\/image\/\"}}]}<\/script>\n<!-- \/ Yoast SEO plugin. -->","yoast_head_json":{"title":"Ch\u1ee7ng chu\u1ea9n \u0111\u1ecbnh l\u01b0\u1ee3ng Aspergillus brasiliensis NCPF\u00ae 2275 \/ ATCC\u00ae 16404 - Biosciences","robots":{"index":"index","follow":"follow","max-snippet":"max-snippet:-1","max-image-preview":"max-image-preview:large","max-video-preview":"max-video-preview:-1"},"canonical":"https:\/\/biosciences.vn\/index.php\/product\/chung-chuan-dinh-luong-aspergillus-brasiliensis-ncpf-2275-atcc-16404\/","og_locale":"en_US","og_type":"article","og_title":"Ch\u1ee7ng chu\u1ea9n \u0111\u1ecbnh l\u01b0\u1ee3ng Aspergillus brasiliensis NCPF\u00ae 2275 \/ ATCC\u00ae 16404 - Biosciences","og_description":"Accu-Bac Aspergillus brasiliensis NCPF\u00ae 2275 \/ ATCC\u00ae 16404 l\u00e0 ch\u1ee7ng vi sinh v\u1eadt \u0111\u1ecbnh l\u01b0\u1ee3ng \u0111\u01b0\u1ee3c cung c\u1ea5p b\u1edfi TCS Biosciences. S\u1ea3n ph\u1ea9m n\u00e0y \u0111\u01b0\u1ee3c thi\u1ebft k\u1ebf \u0111\u1ec3 s\u1eed d\u1ee5ng trong c\u00e1c ph\u00f2ng th\u00ed nghi\u1ec7m vi sinh, ki\u1ec3m so\u00e1t ch\u1ea5t l\u01b0\u1ee3ng v\u00e0 nghi\u00ean c\u1ee9u vi sinh, \u0111\u1ea3m b\u1ea3o \u0111\u1ed9 ch\u00ednh x\u00e1c cao trong c\u00e1c \u1ee9ng [&hellip;]","og_url":"https:\/\/biosciences.vn\/index.php\/product\/chung-chuan-dinh-luong-aspergillus-brasiliensis-ncpf-2275-atcc-16404\/","og_site_name":"Biosciences","article_modified_time":"2025-08-28T07:55:09+00:00","og_image":[{"url":"https:\/\/biosciences.vn\/wp-content\/uploads\/2025\/03\/Hinh-anh-Accu-Bac.jpg","width":800,"height":600,"type":"image\/jpeg"}],"twitter_card":"summary_large_image","twitter_misc":{"Est. reading time":"1 minute"},"schema":{"@context":"https:\/\/schema.org","@graph":[{"@type":"WebPage","@id":"https:\/\/biosciences.vn\/index.php\/product\/chung-chuan-dinh-luong-aspergillus-brasiliensis-ncpf-2275-atcc-16404\/","url":"https:\/\/biosciences.vn\/index.php\/product\/chung-chuan-dinh-luong-aspergillus-brasiliensis-ncpf-2275-atcc-16404\/","name":"Ch\u1ee7ng chu\u1ea9n \u0111\u1ecbnh l\u01b0\u1ee3ng Aspergillus brasiliensis NCPF\u00ae 2275 \/ ATCC\u00ae 16404 - Biosciences","isPartOf":{"@id":"https:\/\/biosciences.vn\/#website"},"primaryImageOfPage":{"@id":"https:\/\/biosciences.vn\/index.php\/product\/chung-chuan-dinh-luong-aspergillus-brasiliensis-ncpf-2275-atcc-16404\/#primaryimage"},"image":{"@id":"https:\/\/biosciences.vn\/index.php\/product\/chung-chuan-dinh-luong-aspergillus-brasiliensis-ncpf-2275-atcc-16404\/#primaryimage"},"thumbnailUrl":"https:\/\/biosciences.vn\/wp-content\/uploads\/2025\/03\/Hinh-anh-Accu-Bac.jpg","datePublished":"2025-03-16T11:32:51+00:00","dateModified":"2025-08-28T07:55:09+00:00","breadcrumb":{"@id":"https:\/\/biosciences.vn\/index.php\/product\/chung-chuan-dinh-luong-aspergillus-brasiliensis-ncpf-2275-atcc-16404\/#breadcrumb"},"inLanguage":"en-US","potentialAction":[{"@type":"ReadAction","target":["https:\/\/biosciences.vn\/index.php\/product\/chung-chuan-dinh-luong-aspergillus-brasiliensis-ncpf-2275-atcc-16404\/"]}]},{"@type":"ImageObject","inLanguage":"en-US","@id":"https:\/\/biosciences.vn\/index.php\/product\/chung-chuan-dinh-luong-aspergillus-brasiliensis-ncpf-2275-atcc-16404\/#primaryimage","url":"https:\/\/biosciences.vn\/wp-content\/uploads\/2025\/03\/Hinh-anh-Accu-Bac.jpg","contentUrl":"https:\/\/biosciences.vn\/wp-content\/uploads\/2025\/03\/Hinh-anh-Accu-Bac.jpg","width":3534,"height":2651},{"@type":"BreadcrumbList","@id":"https:\/\/biosciences.vn\/index.php\/product\/chung-chuan-dinh-luong-aspergillus-brasiliensis-ncpf-2275-atcc-16404\/#breadcrumb","itemListElement":[{"@type":"ListItem","position":1,"name":"Trang ch\u1ee7","item":"https:\/\/biosciences.vn\/index.php\/en\/home\/"},{"@type":"ListItem","position":2,"name":"Shop","item":"https:\/\/biosciences.vn\/index.php\/shop\/"},{"@type":"ListItem","position":3,"name":"Ch\u1ee7ng chu\u1ea9n \u0111\u1ecbnh l\u01b0\u1ee3ng Aspergillus brasiliensis NCPF\u00ae 2275 \/ ATCC\u00ae 16404"}]},{"@type":"WebSite","@id":"https:\/\/biosciences.vn\/#website","url":"https:\/\/biosciences.vn\/","name":"Biosciences","description":"","publisher":{"@id":"https:\/\/biosciences.vn\/#organization"},"potentialAction":[{"@type":"SearchAction","target":{"@type":"EntryPoint","urlTemplate":"https:\/\/biosciences.vn\/?s={search_term_string}"},"query-input":{"@type":"PropertyValueSpecification","valueRequired":true,"valueName":"search_term_string"}}],"inLanguage":"en-US"},{"@type":"Organization","@id":"https:\/\/biosciences.vn\/#organization","name":"Biosciences","url":"https:\/\/biosciences.vn\/","logo":{"@type":"ImageObject","inLanguage":"en-US","@id":"https:\/\/biosciences.vn\/#\/schema\/logo\/image\/","url":"https:\/\/biosciences.vn\/wp-content\/uploads\/2024\/04\/LOGO-BIOSCIENCES-PNG.png","contentUrl":"https:\/\/biosciences.vn\/wp-content\/uploads\/2024\/04\/LOGO-BIOSCIENCES-PNG.png","width":2536,"height":638,"caption":"Biosciences"},"image":{"@id":"https:\/\/biosciences.vn\/#\/schema\/logo\/image\/"}}]}},"brands":[{"id":644,"name":"TCS Biosciences","slug":"tcs-biosciences-vi"}],"_links":{"self":[{"href":"https:\/\/biosciences.vn\/index.php\/wp-json\/wp\/v2\/product\/6684"}],"collection":[{"href":"https:\/\/biosciences.vn\/index.php\/wp-json\/wp\/v2\/product"}],"about":[{"href":"https:\/\/biosciences.vn\/index.php\/wp-json\/wp\/v2\/types\/product"}],"replies":[{"embeddable":true,"href":"https:\/\/biosciences.vn\/index.php\/wp-json\/wp\/v2\/comments?post=6684"}],"wp:featuredmedia":[{"embeddable":true,"href":"https:\/\/biosciences.vn\/index.php\/wp-json\/wp\/v2\/media\/6688"}],"wp:attachment":[{"href":"https:\/\/biosciences.vn\/index.php\/wp-json\/wp\/v2\/media?parent=6684"}],"wp:term":[{"taxonomy":"pwb-brand","embeddable":true,"href":"https:\/\/biosciences.vn\/index.php\/wp-json\/wp\/v2\/pwb-brand?post=6684"},{"taxonomy":"product_cat","embeddable":true,"href":"https:\/\/biosciences.vn\/index.php\/wp-json\/wp\/v2\/product_cat?post=6684"},{"taxonomy":"product_tag","embeddable":true,"href":"https:\/\/biosciences.vn\/index.php\/wp-json\/wp\/v2\/product_tag?post=6684"}],"curies":[{"name":"wp","href":"https:\/\/api.w.org\/{rel}","templated":true}]}}