{"id":6692,"date":"2025-03-16T21:43:02","date_gmt":"2025-03-16T14:43:02","guid":{"rendered":"https:\/\/biosciences.vn\/?post_type=product&#038;p=6692"},"modified":"2025-08-28T14:55:09","modified_gmt":"2025-08-28T07:55:09","slug":"chung-chuan-dinh-luong-candida-albicans-ncpf-3179-atcc-10231","status":"publish","type":"product","link":"https:\/\/biosciences.vn\/index.php\/product\/chung-chuan-dinh-luong-candida-albicans-ncpf-3179-atcc-10231\/","title":{"rendered":"Ch\u1ee7ng chu\u1ea9n \u0111\u1ecbnh l\u01b0\u1ee3ng Candida albicans NCPF\u00ae 3179 \/ ATCC\u00ae 10231"},"content":{"rendered":"<p data-start=\"0\" data-end=\"126\">\u200b<span class=\"relative -mx-px my-[-0.2rem] rounded px-px py-[0.2rem]\"><strong data-start=\"0\" data-end=\"54\" data-is-only-node=\"\">Accu-Bac Candida albicans NCPF\u00ae 3179 \/ ATCC\u00ae 10231<\/strong> l\u00e0 ch\u1ee7ng vi sinh v\u1eadt \u0111\u1ecbnh l\u01b0\u1ee3ng \u0111\u01b0\u1ee3c cung c\u1ea5p b\u1edfi <strong data-start=\"105\" data-end=\"124\">TCS Biosciences<\/strong>.<\/span> <span class=\"relative -mx-px my-[-0.2rem] rounded px-px py-[0.2rem]\">S\u1ea3n ph\u1ea9m n\u00e0y \u0111\u01b0\u1ee3c thi\u1ebft k\u1ebf \u0111\u1ec3 s\u1eed d\u1ee5ng trong c\u00e1c ph\u00f2ng th\u00ed nghi\u1ec7m vi sinh, ki\u1ec3m so\u00e1t ch\u1ea5t l\u01b0\u1ee3ng v\u00e0 nghi\u00ean c\u1ee9u vi sinh, \u0111\u1ea3m b\u1ea3o \u0111\u1ed9 ch\u00ednh x\u00e1c cao trong c\u00e1c \u1ee9ng d\u1ee5ng ki\u1ec3m so\u00e1t vi sinh v\u1eadt.<\/span>\u200b<\/p>\n<p data-start=\"128\" data-end=\"147\"><strong data-start=\"128\" data-end=\"147\">\u0110\u1eb7c \u0111i\u1ec3m ch\u00ednh:<\/strong><\/p>\n<ul data-start=\"149\" data-end=\"759\">\n<li data-start=\"149\" data-end=\"249\"><strong data-start=\"151\" data-end=\"167\">M\u00e3 s\u1ea3n ph\u1ea9m:<\/strong> <span class=\"relative -mx-px my-[-0.2rem] rounded px-px py-[0.2rem]\">AB42UL-1<\/span>\u200b<\/li>\n<li data-start=\"250\" data-end=\"352\"><strong data-start=\"252\" data-end=\"270\">Ch\u1ee7ng vi sinh:<\/strong> <span class=\"relative -mx-px my-[-0.2rem] rounded px-px py-[0.2rem]\"><em data-start=\"0\" data-end=\"18\" data-is-only-node=\"\">Candida albicans<\/em> NCPF\u00ae 3179 \/ ATCC\u00ae 10231<\/span>\u200b<\/li>\n<li data-start=\"353\" data-end=\"450\"><strong data-start=\"355\" data-end=\"368\">S\u1ed1 l\u01b0\u1ee3ng:<\/strong> <span class=\"relative -mx-px my-[-0.2rem] rounded px-px py-[0.2rem]\">1 \u0111\u0129a<\/span>\u200b<\/li>\n<li data-start=\"451\" data-end=\"552\"><strong data-start=\"453\" data-end=\"468\">M\u1ee9c c.f.u.:<\/strong> <span class=\"relative -mx-px my-[-0.2rem] rounded px-px py-[0.2rem]\">\u2264100 c.f.u. m\u1ed7i \u0111\u0129a, v\u1edbi kho\u1ea3ng tin c\u1eady 95% \u0111\u01b0\u1ee3c ghi tr\u00ean Gi\u1ea5y ch\u1ee9ng nh\u1eadn Ph\u00e2n t\u00edch<\/span>\u200b<\/li>\n<li data-start=\"553\" data-end=\"662\"><strong data-start=\"555\" data-end=\"576\">Th\u1eddi h\u1ea1n s\u1eed d\u1ee5ng:<\/strong> <span class=\"relative -mx-px my-[-0.2rem] rounded px-px py-[0.2rem]\">18 th\u00e1ng k\u1ec3 t\u1eeb ng\u00e0y s\u1ea3n xu\u1ea5t<\/span>\u200b<\/li>\n<li data-start=\"663\" data-end=\"759\"><strong data-start=\"665\" data-end=\"673\">Gi\u00e1:<\/strong> <span class=\"relative -mx-px my-[-0.2rem] rounded px-px py-[0.2rem]\">\u00a37.40 (\u20ac9)<\/span>\u200b<\/li>\n<\/ul>\n<p data-start=\"761\" data-end=\"783\"><strong data-start=\"761\" data-end=\"783\">\u1ee8ng d\u1ee5ng ph\u1ed5 bi\u1ebfn:<\/strong><\/p>\n<ul data-start=\"785\" data-end=\"1048\">\n<li data-start=\"785\" data-end=\"872\"><span class=\"relative -mx-px my-[-0.2rem] rounded px-px py-[0.2rem]\">Ki\u1ec3m so\u00e1t ch\u1ea5t l\u01b0\u1ee3ng vi sinh trong th\u1ef1c ph\u1ea9m, n\u01b0\u1edbc u\u1ed1ng, d\u01b0\u1ee3c ph\u1ea9m, m\u1ef9 ph\u1ea9m<\/span>\u200b<\/li>\n<li data-start=\"873\" data-end=\"960\"><span class=\"relative -mx-px my-[-0.2rem] rounded px-px py-[0.2rem]\">Th\u1eed nghi\u1ec7m hi\u1ec7u qu\u1ea3 kh\u00e1ng n\u1ea5m c\u1ee7a ch\u1ea5t b\u1ea3o qu\u1ea3n<\/span>\u200b<\/li>\n<li data-start=\"961\" data-end=\"1048\"><span class=\"relative -mx-px my-[-0.2rem] rounded px-px py-[0.2rem]\">Nghi\u00ean c\u1ee9u vi sinh v\u1eadt trong c\u00e1c ph\u00f2ng th\u00ed nghi\u1ec7m vi sinh y t\u1ebf, m\u00f4i tr\u01b0\u1eddng v\u00e0 nghi\u00ean c\u1ee9u khoa h\u1ecdc<\/span>\u200b<\/li>\n<\/ul>\n<p data-start=\"1050\" data-end=\"1060\"><strong data-start=\"1050\" data-end=\"1060\">L\u01b0u \u00fd:<\/strong><\/p>\n<ul data-start=\"1062\" data-end=\"1317\">\n<li data-start=\"1062\" data-end=\"1189\"><span class=\"relative -mx-px my-[-0.2rem] rounded px-px py-[0.2rem]\">Accu-Bac l\u00e0 th\u1ebf h\u1ec7 th\u1ee9 hai \u0111\u01b0\u1ee3c \u0111\u1ea3m b\u1ea3o t\u1eeb c\u00e1c ch\u1ee7ng NCTC\u00ae v\u00e0 NCPF\u00ae, \u0111\u01b0\u1ee3c s\u1ea3n xu\u1ea5t theo gi\u1ea5y ph\u00e9p t\u1eeb UK Health Security Agency.<\/span><\/li>\n<\/ul>\n<p data-start=\"1319\" data-end=\"1340\"><strong data-start=\"1319\" data-end=\"1340\">Li\u00ean h\u1ec7 \u0111\u1eb7t h\u00e0ng:<\/strong><\/p>\n<p data-start=\"1342\" data-end=\"1404\"><strong data-start=\"1342\" data-end=\"1360\">Biosciences.vn<\/strong><br data-start=\"1360\" data-end=\"1363\" \/>\ud83d\udcde 0933 270 120<br data-start=\"1378\" data-end=\"1381\" \/>\ud83d\udce9 <a rel=\"noopener\" data-start=\"1384\" data-end=\"1404\">sales@biosciences.vn<\/a><\/p>\n","protected":false},"excerpt":{"rendered":"<p>\u200bAccu-Bac Candida albicans NCPF\u00ae 3179 \/ ATCC\u00ae 10231 l\u00e0 ch\u1ee7ng vi sinh v\u1eadt \u0111\u1ecbnh l\u01b0\u1ee3ng \u0111\u01b0\u1ee3c cung c\u1ea5p b\u1edfi TCS Biosciences. S\u1ea3n ph\u1ea9m n\u00e0y \u0111\u01b0\u1ee3c thi\u1ebft k\u1ebf \u0111\u1ec3 s\u1eed d\u1ee5ng trong c\u00e1c ph\u00f2ng th\u00ed nghi\u1ec7m vi sinh, ki\u1ec3m so\u00e1t ch\u1ea5t l\u01b0\u1ee3ng v\u00e0 nghi\u00ean c\u1ee9u vi sinh, \u0111\u1ea3m b\u1ea3o \u0111\u1ed9 ch\u00ednh x\u00e1c cao trong c\u00e1c \u1ee9ng [&hellip;]<\/p>\n","protected":false},"featured_media":6694,"comment_status":"open","ping_status":"closed","template":"","meta":[],"pwb-brand":[644],"product_cat":[434,485,665],"product_tag":[943,949,947],"class_list":{"0":"post-6692","1":"product","2":"type-product","3":"status-publish","4":"has-post-thumbnail","6":"pwb-brand-tcs-biosciences-vi","7":"product_cat-khoa-hoc-su-song","8":"product_cat-hoa-chat-vat-tu","9":"product_cat-chung-chuan-vi-sinh","10":"product_tag-accu-bac","11":"product_tag-atcc","12":"product_tag-ntcc","14":"first","15":"instock","16":"shipping-taxable","17":"purchasable","18":"product-type-simple"},"yoast_head":"<!-- This site is optimized with the Yoast SEO plugin v23.6 - https:\/\/yoast.com\/wordpress\/plugins\/seo\/ -->\n<title>Ch\u1ee7ng chu\u1ea9n \u0111\u1ecbnh l\u01b0\u1ee3ng Candida albicans NCPF\u00ae 3179 \/ ATCC\u00ae 10231 - Biosciences<\/title>\n<meta name=\"robots\" content=\"index, follow, max-snippet:-1, max-image-preview:large, max-video-preview:-1\" \/>\n<link rel=\"canonical\" href=\"https:\/\/biosciences.vn\/index.php\/product\/chung-chuan-dinh-luong-candida-albicans-ncpf-3179-atcc-10231\/\" \/>\n<meta property=\"og:locale\" content=\"en_US\" \/>\n<meta property=\"og:type\" content=\"article\" \/>\n<meta property=\"og:title\" content=\"Ch\u1ee7ng chu\u1ea9n \u0111\u1ecbnh l\u01b0\u1ee3ng Candida albicans NCPF\u00ae 3179 \/ ATCC\u00ae 10231 - Biosciences\" \/>\n<meta property=\"og:description\" content=\"\u200bAccu-Bac Candida albicans NCPF\u00ae 3179 \/ ATCC\u00ae 10231 l\u00e0 ch\u1ee7ng vi sinh v\u1eadt \u0111\u1ecbnh l\u01b0\u1ee3ng \u0111\u01b0\u1ee3c cung c\u1ea5p b\u1edfi TCS Biosciences. S\u1ea3n ph\u1ea9m n\u00e0y \u0111\u01b0\u1ee3c thi\u1ebft k\u1ebf \u0111\u1ec3 s\u1eed d\u1ee5ng trong c\u00e1c ph\u00f2ng th\u00ed nghi\u1ec7m vi sinh, ki\u1ec3m so\u00e1t ch\u1ea5t l\u01b0\u1ee3ng v\u00e0 nghi\u00ean c\u1ee9u vi sinh, \u0111\u1ea3m b\u1ea3o \u0111\u1ed9 ch\u00ednh x\u00e1c cao trong c\u00e1c \u1ee9ng [&hellip;]\" \/>\n<meta property=\"og:url\" content=\"https:\/\/biosciences.vn\/index.php\/product\/chung-chuan-dinh-luong-candida-albicans-ncpf-3179-atcc-10231\/\" \/>\n<meta property=\"og:site_name\" content=\"Biosciences\" \/>\n<meta property=\"article:modified_time\" content=\"2025-08-28T07:55:09+00:00\" \/>\n<meta property=\"og:image\" content=\"https:\/\/biosciences.vn\/wp-content\/uploads\/2025\/03\/TCS-3601388.jpg\" \/>\n\t<meta property=\"og:image:width\" content=\"450\" \/>\n\t<meta property=\"og:image:height\" content=\"450\" \/>\n\t<meta property=\"og:image:type\" content=\"image\/jpeg\" \/>\n<meta name=\"twitter:card\" content=\"summary_large_image\" \/>\n<meta name=\"twitter:label1\" content=\"Est. reading time\" \/>\n\t<meta name=\"twitter:data1\" content=\"2 minutes\" \/>\n<script type=\"application\/ld+json\" class=\"yoast-schema-graph\">{\"@context\":\"https:\/\/schema.org\",\"@graph\":[{\"@type\":\"WebPage\",\"@id\":\"https:\/\/biosciences.vn\/index.php\/product\/chung-chuan-dinh-luong-candida-albicans-ncpf-3179-atcc-10231\/\",\"url\":\"https:\/\/biosciences.vn\/index.php\/product\/chung-chuan-dinh-luong-candida-albicans-ncpf-3179-atcc-10231\/\",\"name\":\"Ch\u1ee7ng chu\u1ea9n \u0111\u1ecbnh l\u01b0\u1ee3ng Candida albicans NCPF\u00ae 3179 \/ ATCC\u00ae 10231 - Biosciences\",\"isPartOf\":{\"@id\":\"https:\/\/biosciences.vn\/#website\"},\"primaryImageOfPage\":{\"@id\":\"https:\/\/biosciences.vn\/index.php\/product\/chung-chuan-dinh-luong-candida-albicans-ncpf-3179-atcc-10231\/#primaryimage\"},\"image\":{\"@id\":\"https:\/\/biosciences.vn\/index.php\/product\/chung-chuan-dinh-luong-candida-albicans-ncpf-3179-atcc-10231\/#primaryimage\"},\"thumbnailUrl\":\"https:\/\/biosciences.vn\/wp-content\/uploads\/2025\/03\/TCS-3601388.jpg\",\"datePublished\":\"2025-03-16T14:43:02+00:00\",\"dateModified\":\"2025-08-28T07:55:09+00:00\",\"breadcrumb\":{\"@id\":\"https:\/\/biosciences.vn\/index.php\/product\/chung-chuan-dinh-luong-candida-albicans-ncpf-3179-atcc-10231\/#breadcrumb\"},\"inLanguage\":\"en-US\",\"potentialAction\":[{\"@type\":\"ReadAction\",\"target\":[\"https:\/\/biosciences.vn\/index.php\/product\/chung-chuan-dinh-luong-candida-albicans-ncpf-3179-atcc-10231\/\"]}]},{\"@type\":\"ImageObject\",\"inLanguage\":\"en-US\",\"@id\":\"https:\/\/biosciences.vn\/index.php\/product\/chung-chuan-dinh-luong-candida-albicans-ncpf-3179-atcc-10231\/#primaryimage\",\"url\":\"https:\/\/biosciences.vn\/wp-content\/uploads\/2025\/03\/TCS-3601388.jpg\",\"contentUrl\":\"https:\/\/biosciences.vn\/wp-content\/uploads\/2025\/03\/TCS-3601388.jpg\",\"width\":450,\"height\":450},{\"@type\":\"BreadcrumbList\",\"@id\":\"https:\/\/biosciences.vn\/index.php\/product\/chung-chuan-dinh-luong-candida-albicans-ncpf-3179-atcc-10231\/#breadcrumb\",\"itemListElement\":[{\"@type\":\"ListItem\",\"position\":1,\"name\":\"Trang ch\u1ee7\",\"item\":\"https:\/\/biosciences.vn\/index.php\/en\/home\/\"},{\"@type\":\"ListItem\",\"position\":2,\"name\":\"Shop\",\"item\":\"https:\/\/biosciences.vn\/index.php\/shop\/\"},{\"@type\":\"ListItem\",\"position\":3,\"name\":\"Ch\u1ee7ng chu\u1ea9n \u0111\u1ecbnh l\u01b0\u1ee3ng Candida albicans NCPF\u00ae 3179 \/ ATCC\u00ae 10231\"}]},{\"@type\":\"WebSite\",\"@id\":\"https:\/\/biosciences.vn\/#website\",\"url\":\"https:\/\/biosciences.vn\/\",\"name\":\"Biosciences\",\"description\":\"\",\"publisher\":{\"@id\":\"https:\/\/biosciences.vn\/#organization\"},\"potentialAction\":[{\"@type\":\"SearchAction\",\"target\":{\"@type\":\"EntryPoint\",\"urlTemplate\":\"https:\/\/biosciences.vn\/?s={search_term_string}\"},\"query-input\":{\"@type\":\"PropertyValueSpecification\",\"valueRequired\":true,\"valueName\":\"search_term_string\"}}],\"inLanguage\":\"en-US\"},{\"@type\":\"Organization\",\"@id\":\"https:\/\/biosciences.vn\/#organization\",\"name\":\"Biosciences\",\"url\":\"https:\/\/biosciences.vn\/\",\"logo\":{\"@type\":\"ImageObject\",\"inLanguage\":\"en-US\",\"@id\":\"https:\/\/biosciences.vn\/#\/schema\/logo\/image\/\",\"url\":\"https:\/\/biosciences.vn\/wp-content\/uploads\/2024\/04\/LOGO-BIOSCIENCES-PNG.png\",\"contentUrl\":\"https:\/\/biosciences.vn\/wp-content\/uploads\/2024\/04\/LOGO-BIOSCIENCES-PNG.png\",\"width\":2536,\"height\":638,\"caption\":\"Biosciences\"},\"image\":{\"@id\":\"https:\/\/biosciences.vn\/#\/schema\/logo\/image\/\"}}]}<\/script>\n<!-- \/ Yoast SEO plugin. -->","yoast_head_json":{"title":"Ch\u1ee7ng chu\u1ea9n \u0111\u1ecbnh l\u01b0\u1ee3ng Candida albicans NCPF\u00ae 3179 \/ ATCC\u00ae 10231 - Biosciences","robots":{"index":"index","follow":"follow","max-snippet":"max-snippet:-1","max-image-preview":"max-image-preview:large","max-video-preview":"max-video-preview:-1"},"canonical":"https:\/\/biosciences.vn\/index.php\/product\/chung-chuan-dinh-luong-candida-albicans-ncpf-3179-atcc-10231\/","og_locale":"en_US","og_type":"article","og_title":"Ch\u1ee7ng chu\u1ea9n \u0111\u1ecbnh l\u01b0\u1ee3ng Candida albicans NCPF\u00ae 3179 \/ ATCC\u00ae 10231 - Biosciences","og_description":"\u200bAccu-Bac Candida albicans NCPF\u00ae 3179 \/ ATCC\u00ae 10231 l\u00e0 ch\u1ee7ng vi sinh v\u1eadt \u0111\u1ecbnh l\u01b0\u1ee3ng \u0111\u01b0\u1ee3c cung c\u1ea5p b\u1edfi TCS Biosciences. S\u1ea3n ph\u1ea9m n\u00e0y \u0111\u01b0\u1ee3c thi\u1ebft k\u1ebf \u0111\u1ec3 s\u1eed d\u1ee5ng trong c\u00e1c ph\u00f2ng th\u00ed nghi\u1ec7m vi sinh, ki\u1ec3m so\u00e1t ch\u1ea5t l\u01b0\u1ee3ng v\u00e0 nghi\u00ean c\u1ee9u vi sinh, \u0111\u1ea3m b\u1ea3o \u0111\u1ed9 ch\u00ednh x\u00e1c cao trong c\u00e1c \u1ee9ng [&hellip;]","og_url":"https:\/\/biosciences.vn\/index.php\/product\/chung-chuan-dinh-luong-candida-albicans-ncpf-3179-atcc-10231\/","og_site_name":"Biosciences","article_modified_time":"2025-08-28T07:55:09+00:00","og_image":[{"width":450,"height":450,"url":"https:\/\/biosciences.vn\/wp-content\/uploads\/2025\/03\/TCS-3601388.jpg","type":"image\/jpeg"}],"twitter_card":"summary_large_image","twitter_misc":{"Est. reading time":"2 minutes"},"schema":{"@context":"https:\/\/schema.org","@graph":[{"@type":"WebPage","@id":"https:\/\/biosciences.vn\/index.php\/product\/chung-chuan-dinh-luong-candida-albicans-ncpf-3179-atcc-10231\/","url":"https:\/\/biosciences.vn\/index.php\/product\/chung-chuan-dinh-luong-candida-albicans-ncpf-3179-atcc-10231\/","name":"Ch\u1ee7ng chu\u1ea9n \u0111\u1ecbnh l\u01b0\u1ee3ng Candida albicans NCPF\u00ae 3179 \/ ATCC\u00ae 10231 - Biosciences","isPartOf":{"@id":"https:\/\/biosciences.vn\/#website"},"primaryImageOfPage":{"@id":"https:\/\/biosciences.vn\/index.php\/product\/chung-chuan-dinh-luong-candida-albicans-ncpf-3179-atcc-10231\/#primaryimage"},"image":{"@id":"https:\/\/biosciences.vn\/index.php\/product\/chung-chuan-dinh-luong-candida-albicans-ncpf-3179-atcc-10231\/#primaryimage"},"thumbnailUrl":"https:\/\/biosciences.vn\/wp-content\/uploads\/2025\/03\/TCS-3601388.jpg","datePublished":"2025-03-16T14:43:02+00:00","dateModified":"2025-08-28T07:55:09+00:00","breadcrumb":{"@id":"https:\/\/biosciences.vn\/index.php\/product\/chung-chuan-dinh-luong-candida-albicans-ncpf-3179-atcc-10231\/#breadcrumb"},"inLanguage":"en-US","potentialAction":[{"@type":"ReadAction","target":["https:\/\/biosciences.vn\/index.php\/product\/chung-chuan-dinh-luong-candida-albicans-ncpf-3179-atcc-10231\/"]}]},{"@type":"ImageObject","inLanguage":"en-US","@id":"https:\/\/biosciences.vn\/index.php\/product\/chung-chuan-dinh-luong-candida-albicans-ncpf-3179-atcc-10231\/#primaryimage","url":"https:\/\/biosciences.vn\/wp-content\/uploads\/2025\/03\/TCS-3601388.jpg","contentUrl":"https:\/\/biosciences.vn\/wp-content\/uploads\/2025\/03\/TCS-3601388.jpg","width":450,"height":450},{"@type":"BreadcrumbList","@id":"https:\/\/biosciences.vn\/index.php\/product\/chung-chuan-dinh-luong-candida-albicans-ncpf-3179-atcc-10231\/#breadcrumb","itemListElement":[{"@type":"ListItem","position":1,"name":"Trang ch\u1ee7","item":"https:\/\/biosciences.vn\/index.php\/en\/home\/"},{"@type":"ListItem","position":2,"name":"Shop","item":"https:\/\/biosciences.vn\/index.php\/shop\/"},{"@type":"ListItem","position":3,"name":"Ch\u1ee7ng chu\u1ea9n \u0111\u1ecbnh l\u01b0\u1ee3ng Candida albicans NCPF\u00ae 3179 \/ ATCC\u00ae 10231"}]},{"@type":"WebSite","@id":"https:\/\/biosciences.vn\/#website","url":"https:\/\/biosciences.vn\/","name":"Biosciences","description":"","publisher":{"@id":"https:\/\/biosciences.vn\/#organization"},"potentialAction":[{"@type":"SearchAction","target":{"@type":"EntryPoint","urlTemplate":"https:\/\/biosciences.vn\/?s={search_term_string}"},"query-input":{"@type":"PropertyValueSpecification","valueRequired":true,"valueName":"search_term_string"}}],"inLanguage":"en-US"},{"@type":"Organization","@id":"https:\/\/biosciences.vn\/#organization","name":"Biosciences","url":"https:\/\/biosciences.vn\/","logo":{"@type":"ImageObject","inLanguage":"en-US","@id":"https:\/\/biosciences.vn\/#\/schema\/logo\/image\/","url":"https:\/\/biosciences.vn\/wp-content\/uploads\/2024\/04\/LOGO-BIOSCIENCES-PNG.png","contentUrl":"https:\/\/biosciences.vn\/wp-content\/uploads\/2024\/04\/LOGO-BIOSCIENCES-PNG.png","width":2536,"height":638,"caption":"Biosciences"},"image":{"@id":"https:\/\/biosciences.vn\/#\/schema\/logo\/image\/"}}]}},"brands":[{"id":644,"name":"TCS Biosciences","slug":"tcs-biosciences-vi"}],"_links":{"self":[{"href":"https:\/\/biosciences.vn\/index.php\/wp-json\/wp\/v2\/product\/6692"}],"collection":[{"href":"https:\/\/biosciences.vn\/index.php\/wp-json\/wp\/v2\/product"}],"about":[{"href":"https:\/\/biosciences.vn\/index.php\/wp-json\/wp\/v2\/types\/product"}],"replies":[{"embeddable":true,"href":"https:\/\/biosciences.vn\/index.php\/wp-json\/wp\/v2\/comments?post=6692"}],"wp:featuredmedia":[{"embeddable":true,"href":"https:\/\/biosciences.vn\/index.php\/wp-json\/wp\/v2\/media\/6694"}],"wp:attachment":[{"href":"https:\/\/biosciences.vn\/index.php\/wp-json\/wp\/v2\/media?parent=6692"}],"wp:term":[{"taxonomy":"pwb-brand","embeddable":true,"href":"https:\/\/biosciences.vn\/index.php\/wp-json\/wp\/v2\/pwb-brand?post=6692"},{"taxonomy":"product_cat","embeddable":true,"href":"https:\/\/biosciences.vn\/index.php\/wp-json\/wp\/v2\/product_cat?post=6692"},{"taxonomy":"product_tag","embeddable":true,"href":"https:\/\/biosciences.vn\/index.php\/wp-json\/wp\/v2\/product_tag?post=6692"}],"curies":[{"name":"wp","href":"https:\/\/api.w.org\/{rel}","templated":true}]}}