{"id":6698,"date":"2025-03-16T21:55:47","date_gmt":"2025-03-16T14:55:47","guid":{"rendered":"https:\/\/biosciences.vn\/?post_type=product&#038;p=6698"},"modified":"2025-08-28T14:55:09","modified_gmt":"2025-08-28T07:55:09","slug":"chung-chuan-dinh-luong-clostridium-sporogenes-nctc-532-atcc-19404","status":"publish","type":"product","link":"https:\/\/biosciences.vn\/index.php\/product\/chung-chuan-dinh-luong-clostridium-sporogenes-nctc-532-atcc-19404\/","title":{"rendered":"Ch\u1ee7ng chu\u1ea9n \u0111\u1ecbnh l\u01b0\u1ee3ng Clostridium sporogenes NCTC\u00ae 532 \/ ATCC\u00ae 19404"},"content":{"rendered":"<p data-start=\"0\" data-end=\"126\">\u200b<span class=\"relative -mx-px my-[-0.2rem] rounded px-px py-[0.2rem]\"><strong data-start=\"0\" data-end=\"57\" data-is-only-node=\"\">Accu-Bac Clostridium sporogenes NCPF\u00ae 532 \/ WDCM00008<\/strong> l\u00e0 ch\u1ee7ng vi sinh v\u1eadt \u0111\u1ecbnh l\u01b0\u1ee3ng do <strong data-start=\"93\" data-end=\"112\">TCS Biosciences<\/strong> cung c\u1ea5p.<\/span> <span class=\"relative -mx-px my-[-0.2rem] rounded px-px py-[0.2rem]\">S\u1ea3n ph\u1ea9m n\u00e0y \u0111\u01b0\u1ee3c thi\u1ebft k\u1ebf \u0111\u1ec3 s\u1eed d\u1ee5ng trong c\u00e1c ph\u00f2ng th\u00ed nghi\u1ec7m vi sinh, nh\u1eb1m \u0111\u1ea3m b\u1ea3o \u0111\u1ed9 ch\u00ednh x\u00e1c cao trong c\u00e1c \u1ee9ng d\u1ee5ng ki\u1ec3m so\u00e1t ch\u1ea5t l\u01b0\u1ee3ng vi sinh v\u1eadt.<\/span>\u200b<\/p>\n<p data-start=\"128\" data-end=\"147\"><strong data-start=\"128\" data-end=\"147\">\u0110\u1eb7c \u0111i\u1ec3m ch\u00ednh:<\/strong><\/p>\n<ul data-start=\"149\" data-end=\"662\">\n<li data-start=\"149\" data-end=\"249\"><strong data-start=\"151\" data-end=\"167\">M\u00e3 s\u1ea3n ph\u1ea9m:<\/strong> <span class=\"relative -mx-px my-[-0.2rem] rounded px-px py-[0.2rem]\">AB31UL-1<\/span><\/li>\n<li data-start=\"250\" data-end=\"352\"><strong data-start=\"252\" data-end=\"270\">Ch\u1ee7ng vi sinh:<\/strong> <span class=\"relative -mx-px my-[-0.2rem] rounded px-px py-[0.2rem]\"><em data-start=\"0\" data-end=\"24\" data-is-only-node=\"\">Clostridium sporogenes<\/em> NCPF\u00ae 532 \/ WDCM00008<\/span>\u200b<\/li>\n<li data-start=\"353\" data-end=\"450\"><strong data-start=\"355\" data-end=\"368\">S\u1ed1 l\u01b0\u1ee3ng:<\/strong> <span class=\"relative -mx-px my-[-0.2rem] rounded px-px py-[0.2rem]\">1 \u0111\u0129a<\/span>\u200b<\/li>\n<li data-start=\"451\" data-end=\"552\"><strong data-start=\"453\" data-end=\"468\">M\u1ee9c c.f.u.:<\/strong> <span class=\"relative -mx-px my-[-0.2rem] rounded px-px py-[0.2rem]\">&lt;100 c.f.u. m\u1ed7i \u0111\u0129a<\/span>\u200b<\/li>\n<li data-start=\"553\" data-end=\"662\"><strong data-start=\"555\" data-end=\"576\">Th\u1eddi h\u1ea1n s\u1eed d\u1ee5ng:<\/strong> <span class=\"relative -mx-px my-[-0.2rem] rounded px-px py-[0.2rem]\">18 th\u00e1ng k\u1ec3 t\u1eeb ng\u00e0y s\u1ea3n xu\u1ea5t<\/span>\u200b<\/li>\n<\/ul>\n<p data-start=\"664\" data-end=\"686\"><strong data-start=\"664\" data-end=\"686\">\u1ee8ng d\u1ee5ng ph\u1ed5 bi\u1ebfn:<\/strong><\/p>\n<ul data-start=\"688\" data-end=\"951\">\n<li data-start=\"688\" data-end=\"775\"><span class=\"relative -mx-px my-[-0.2rem] rounded px-px py-[0.2rem]\">Ki\u1ec3m so\u00e1t ch\u1ea5t l\u01b0\u1ee3ng vi sinh trong th\u1ef1c ph\u1ea9m, n\u01b0\u1edbc u\u1ed1ng, d\u01b0\u1ee3c ph\u1ea9m v\u00e0 m\u1ef9 ph\u1ea9m<\/span>\u200b<\/li>\n<li data-start=\"776\" data-end=\"863\"><span class=\"relative -mx-px my-[-0.2rem] rounded px-px py-[0.2rem]\">Th\u1eed nghi\u1ec7m hi\u1ec7u qu\u1ea3 kh\u00e1ng khu\u1ea9n c\u1ee7a ch\u1ea5t b\u1ea3o qu\u1ea3n<\/span>\u200b<\/li>\n<li data-start=\"864\" data-end=\"951\"><span class=\"relative -mx-px my-[-0.2rem] rounded px-px py-[0.2rem]\">Nghi\u00ean c\u1ee9u vi sinh v\u1eadt trong c\u00e1c ph\u00f2ng th\u00ed nghi\u1ec7m y t\u1ebf, m\u00f4i tr\u01b0\u1eddng v\u00e0 nghi\u00ean c\u1ee9u khoa h\u1ecdc<\/span>\u200b<\/li>\n<\/ul>\n<p data-start=\"953\" data-end=\"963\"><strong data-start=\"953\" data-end=\"963\">L\u01b0u \u00fd:<\/strong><\/p>\n<ul data-start=\"965\" data-end=\"1092\">\n<li data-start=\"965\" data-end=\"1092\"><span class=\"relative -mx-px my-[-0.2rem] rounded px-px py-[0.2rem]\">S\u1ea3n ph\u1ea9m n\u00e0y hi\u1ec7n kh\u00f4ng \u0111\u01b0\u1ee3c \u0111\u00e1nh d\u1ea5u CE v\u00e0 kh\u00f4ng th\u1ec3 xu\u1ea5t kh\u1ea9u ra ngo\u00e0i V\u01b0\u01a1ng qu\u1ed1c Anh.<\/span> \u200b<span class=\"ml-1 inline-flex max-w-full items-center relative top-[-0.094rem]\"><a class=\"flex h-6 overflow-hidden rounded-xl px-2.5 text-[0.5625em] font-medium !bg-[#F4F4F4] !text-token-text-secondary dark:!bg-[#303030]\" href=\"https:\/\/www.tcsbiosciences.co.uk\/catalog\/product\/accu-bac-clostridium-sporogenes-ncpf-532-wdcm00008-1\" target=\"_blank\" rel=\"noopener\"><span class=\"relative bottom-0 left-0 flex h-full w-full items-center\"><span class=\"flex h-4 w-full items-center justify-between overflow-hidden\"><span class=\"max-w-full grow overflow-hidden truncate text-center\">TCS Biosciences<\/span><\/span><\/span><\/a><\/span><\/li>\n<\/ul>\n<p data-start=\"1094\" data-end=\"1115\"><strong data-start=\"1094\" data-end=\"1115\">Li\u00ean h\u1ec7 \u0111\u1eb7t h\u00e0ng:<\/strong><\/p>\n<p data-start=\"1117\" data-end=\"1179\"><strong data-start=\"1117\" data-end=\"1135\">Biosciences.vn<\/strong><br data-start=\"1135\" data-end=\"1138\" \/>\ud83d\udcde 0933 270 120<br data-start=\"1153\" data-end=\"1156\" \/>\ud83d\udce9 <a rel=\"noopener\" data-start=\"1159\" data-end=\"1179\">sales@biosciences.vn<\/a><\/p>\n","protected":false},"excerpt":{"rendered":"<p>\u200bAccu-Bac Clostridium sporogenes NCPF\u00ae 532 \/ WDCM00008 l\u00e0 ch\u1ee7ng vi sinh v\u1eadt \u0111\u1ecbnh l\u01b0\u1ee3ng do TCS Biosciences cung c\u1ea5p. S\u1ea3n ph\u1ea9m n\u00e0y \u0111\u01b0\u1ee3c thi\u1ebft k\u1ebf \u0111\u1ec3 s\u1eed d\u1ee5ng trong c\u00e1c ph\u00f2ng th\u00ed nghi\u1ec7m vi sinh, nh\u1eb1m \u0111\u1ea3m b\u1ea3o \u0111\u1ed9 ch\u00ednh x\u00e1c cao trong c\u00e1c \u1ee9ng d\u1ee5ng ki\u1ec3m so\u00e1t ch\u1ea5t l\u01b0\u1ee3ng vi sinh v\u1eadt.\u200b \u0110\u1eb7c \u0111i\u1ec3m [&hellip;]<\/p>\n","protected":false},"featured_media":6690,"comment_status":"open","ping_status":"closed","template":"","meta":[],"pwb-brand":[644],"product_cat":[434,485,665],"product_tag":[943,949,947],"class_list":{"0":"post-6698","1":"product","2":"type-product","3":"status-publish","4":"has-post-thumbnail","6":"pwb-brand-tcs-biosciences-vi","7":"product_cat-khoa-hoc-su-song","8":"product_cat-hoa-chat-vat-tu","9":"product_cat-chung-chuan-vi-sinh","10":"product_tag-accu-bac","11":"product_tag-atcc","12":"product_tag-ntcc","14":"first","15":"instock","16":"shipping-taxable","17":"purchasable","18":"product-type-simple"},"yoast_head":"<!-- This site is optimized with the Yoast SEO plugin v23.6 - https:\/\/yoast.com\/wordpress\/plugins\/seo\/ -->\n<title>Ch\u1ee7ng chu\u1ea9n \u0111\u1ecbnh l\u01b0\u1ee3ng Clostridium sporogenes NCTC\u00ae 532 \/ ATCC\u00ae 19404 - Biosciences<\/title>\n<meta name=\"robots\" content=\"index, follow, max-snippet:-1, max-image-preview:large, max-video-preview:-1\" \/>\n<link rel=\"canonical\" href=\"https:\/\/biosciences.vn\/index.php\/product\/chung-chuan-dinh-luong-clostridium-sporogenes-nctc-532-atcc-19404\/\" \/>\n<meta property=\"og:locale\" content=\"en_US\" \/>\n<meta property=\"og:type\" content=\"article\" \/>\n<meta property=\"og:title\" content=\"Ch\u1ee7ng chu\u1ea9n \u0111\u1ecbnh l\u01b0\u1ee3ng Clostridium sporogenes NCTC\u00ae 532 \/ ATCC\u00ae 19404 - Biosciences\" \/>\n<meta property=\"og:description\" content=\"\u200bAccu-Bac Clostridium sporogenes NCPF\u00ae 532 \/ WDCM00008 l\u00e0 ch\u1ee7ng vi sinh v\u1eadt \u0111\u1ecbnh l\u01b0\u1ee3ng do TCS Biosciences cung c\u1ea5p. S\u1ea3n ph\u1ea9m n\u00e0y \u0111\u01b0\u1ee3c thi\u1ebft k\u1ebf \u0111\u1ec3 s\u1eed d\u1ee5ng trong c\u00e1c ph\u00f2ng th\u00ed nghi\u1ec7m vi sinh, nh\u1eb1m \u0111\u1ea3m b\u1ea3o \u0111\u1ed9 ch\u00ednh x\u00e1c cao trong c\u00e1c \u1ee9ng d\u1ee5ng ki\u1ec3m so\u00e1t ch\u1ea5t l\u01b0\u1ee3ng vi sinh v\u1eadt.\u200b \u0110\u1eb7c \u0111i\u1ec3m [&hellip;]\" \/>\n<meta property=\"og:url\" content=\"https:\/\/biosciences.vn\/index.php\/product\/chung-chuan-dinh-luong-clostridium-sporogenes-nctc-532-atcc-19404\/\" \/>\n<meta property=\"og:site_name\" content=\"Biosciences\" \/>\n<meta property=\"article:modified_time\" content=\"2025-08-28T07:55:09+00:00\" \/>\n<meta property=\"og:image\" content=\"https:\/\/biosciences.vn\/wp-content\/uploads\/2025\/03\/Hinh-anh-Accu-Bac-1.jpg\" \/>\n\t<meta property=\"og:image:width\" content=\"800\" \/>\n\t<meta property=\"og:image:height\" content=\"600\" \/>\n\t<meta property=\"og:image:type\" content=\"image\/jpeg\" \/>\n<meta name=\"twitter:card\" content=\"summary_large_image\" \/>\n<meta name=\"twitter:label1\" content=\"Est. reading time\" \/>\n\t<meta name=\"twitter:data1\" content=\"1 minute\" \/>\n<script type=\"application\/ld+json\" class=\"yoast-schema-graph\">{\"@context\":\"https:\/\/schema.org\",\"@graph\":[{\"@type\":\"WebPage\",\"@id\":\"https:\/\/biosciences.vn\/index.php\/product\/chung-chuan-dinh-luong-clostridium-sporogenes-nctc-532-atcc-19404\/\",\"url\":\"https:\/\/biosciences.vn\/index.php\/product\/chung-chuan-dinh-luong-clostridium-sporogenes-nctc-532-atcc-19404\/\",\"name\":\"Ch\u1ee7ng chu\u1ea9n \u0111\u1ecbnh l\u01b0\u1ee3ng Clostridium sporogenes NCTC\u00ae 532 \/ ATCC\u00ae 19404 - Biosciences\",\"isPartOf\":{\"@id\":\"https:\/\/biosciences.vn\/#website\"},\"primaryImageOfPage\":{\"@id\":\"https:\/\/biosciences.vn\/index.php\/product\/chung-chuan-dinh-luong-clostridium-sporogenes-nctc-532-atcc-19404\/#primaryimage\"},\"image\":{\"@id\":\"https:\/\/biosciences.vn\/index.php\/product\/chung-chuan-dinh-luong-clostridium-sporogenes-nctc-532-atcc-19404\/#primaryimage\"},\"thumbnailUrl\":\"https:\/\/biosciences.vn\/wp-content\/uploads\/2025\/03\/Hinh-anh-Accu-Bac-1.jpg\",\"datePublished\":\"2025-03-16T14:55:47+00:00\",\"dateModified\":\"2025-08-28T07:55:09+00:00\",\"breadcrumb\":{\"@id\":\"https:\/\/biosciences.vn\/index.php\/product\/chung-chuan-dinh-luong-clostridium-sporogenes-nctc-532-atcc-19404\/#breadcrumb\"},\"inLanguage\":\"en-US\",\"potentialAction\":[{\"@type\":\"ReadAction\",\"target\":[\"https:\/\/biosciences.vn\/index.php\/product\/chung-chuan-dinh-luong-clostridium-sporogenes-nctc-532-atcc-19404\/\"]}]},{\"@type\":\"ImageObject\",\"inLanguage\":\"en-US\",\"@id\":\"https:\/\/biosciences.vn\/index.php\/product\/chung-chuan-dinh-luong-clostridium-sporogenes-nctc-532-atcc-19404\/#primaryimage\",\"url\":\"https:\/\/biosciences.vn\/wp-content\/uploads\/2025\/03\/Hinh-anh-Accu-Bac-1.jpg\",\"contentUrl\":\"https:\/\/biosciences.vn\/wp-content\/uploads\/2025\/03\/Hinh-anh-Accu-Bac-1.jpg\",\"width\":3534,\"height\":2651},{\"@type\":\"BreadcrumbList\",\"@id\":\"https:\/\/biosciences.vn\/index.php\/product\/chung-chuan-dinh-luong-clostridium-sporogenes-nctc-532-atcc-19404\/#breadcrumb\",\"itemListElement\":[{\"@type\":\"ListItem\",\"position\":1,\"name\":\"Trang ch\u1ee7\",\"item\":\"https:\/\/biosciences.vn\/index.php\/en\/home\/\"},{\"@type\":\"ListItem\",\"position\":2,\"name\":\"Shop\",\"item\":\"https:\/\/biosciences.vn\/index.php\/shop\/\"},{\"@type\":\"ListItem\",\"position\":3,\"name\":\"Ch\u1ee7ng chu\u1ea9n \u0111\u1ecbnh l\u01b0\u1ee3ng Clostridium sporogenes NCTC\u00ae 532 \/ ATCC\u00ae 19404\"}]},{\"@type\":\"WebSite\",\"@id\":\"https:\/\/biosciences.vn\/#website\",\"url\":\"https:\/\/biosciences.vn\/\",\"name\":\"Biosciences\",\"description\":\"\",\"publisher\":{\"@id\":\"https:\/\/biosciences.vn\/#organization\"},\"potentialAction\":[{\"@type\":\"SearchAction\",\"target\":{\"@type\":\"EntryPoint\",\"urlTemplate\":\"https:\/\/biosciences.vn\/?s={search_term_string}\"},\"query-input\":{\"@type\":\"PropertyValueSpecification\",\"valueRequired\":true,\"valueName\":\"search_term_string\"}}],\"inLanguage\":\"en-US\"},{\"@type\":\"Organization\",\"@id\":\"https:\/\/biosciences.vn\/#organization\",\"name\":\"Biosciences\",\"url\":\"https:\/\/biosciences.vn\/\",\"logo\":{\"@type\":\"ImageObject\",\"inLanguage\":\"en-US\",\"@id\":\"https:\/\/biosciences.vn\/#\/schema\/logo\/image\/\",\"url\":\"https:\/\/biosciences.vn\/wp-content\/uploads\/2024\/04\/LOGO-BIOSCIENCES-PNG.png\",\"contentUrl\":\"https:\/\/biosciences.vn\/wp-content\/uploads\/2024\/04\/LOGO-BIOSCIENCES-PNG.png\",\"width\":2536,\"height\":638,\"caption\":\"Biosciences\"},\"image\":{\"@id\":\"https:\/\/biosciences.vn\/#\/schema\/logo\/image\/\"}}]}<\/script>\n<!-- \/ Yoast SEO plugin. -->","yoast_head_json":{"title":"Ch\u1ee7ng chu\u1ea9n \u0111\u1ecbnh l\u01b0\u1ee3ng Clostridium sporogenes NCTC\u00ae 532 \/ ATCC\u00ae 19404 - Biosciences","robots":{"index":"index","follow":"follow","max-snippet":"max-snippet:-1","max-image-preview":"max-image-preview:large","max-video-preview":"max-video-preview:-1"},"canonical":"https:\/\/biosciences.vn\/index.php\/product\/chung-chuan-dinh-luong-clostridium-sporogenes-nctc-532-atcc-19404\/","og_locale":"en_US","og_type":"article","og_title":"Ch\u1ee7ng chu\u1ea9n \u0111\u1ecbnh l\u01b0\u1ee3ng Clostridium sporogenes NCTC\u00ae 532 \/ ATCC\u00ae 19404 - Biosciences","og_description":"\u200bAccu-Bac Clostridium sporogenes NCPF\u00ae 532 \/ WDCM00008 l\u00e0 ch\u1ee7ng vi sinh v\u1eadt \u0111\u1ecbnh l\u01b0\u1ee3ng do TCS Biosciences cung c\u1ea5p. S\u1ea3n ph\u1ea9m n\u00e0y \u0111\u01b0\u1ee3c thi\u1ebft k\u1ebf \u0111\u1ec3 s\u1eed d\u1ee5ng trong c\u00e1c ph\u00f2ng th\u00ed nghi\u1ec7m vi sinh, nh\u1eb1m \u0111\u1ea3m b\u1ea3o \u0111\u1ed9 ch\u00ednh x\u00e1c cao trong c\u00e1c \u1ee9ng d\u1ee5ng ki\u1ec3m so\u00e1t ch\u1ea5t l\u01b0\u1ee3ng vi sinh v\u1eadt.\u200b \u0110\u1eb7c \u0111i\u1ec3m [&hellip;]","og_url":"https:\/\/biosciences.vn\/index.php\/product\/chung-chuan-dinh-luong-clostridium-sporogenes-nctc-532-atcc-19404\/","og_site_name":"Biosciences","article_modified_time":"2025-08-28T07:55:09+00:00","og_image":[{"url":"https:\/\/biosciences.vn\/wp-content\/uploads\/2025\/03\/Hinh-anh-Accu-Bac-1.jpg","width":800,"height":600,"type":"image\/jpeg"}],"twitter_card":"summary_large_image","twitter_misc":{"Est. reading time":"1 minute"},"schema":{"@context":"https:\/\/schema.org","@graph":[{"@type":"WebPage","@id":"https:\/\/biosciences.vn\/index.php\/product\/chung-chuan-dinh-luong-clostridium-sporogenes-nctc-532-atcc-19404\/","url":"https:\/\/biosciences.vn\/index.php\/product\/chung-chuan-dinh-luong-clostridium-sporogenes-nctc-532-atcc-19404\/","name":"Ch\u1ee7ng chu\u1ea9n \u0111\u1ecbnh l\u01b0\u1ee3ng Clostridium sporogenes NCTC\u00ae 532 \/ ATCC\u00ae 19404 - Biosciences","isPartOf":{"@id":"https:\/\/biosciences.vn\/#website"},"primaryImageOfPage":{"@id":"https:\/\/biosciences.vn\/index.php\/product\/chung-chuan-dinh-luong-clostridium-sporogenes-nctc-532-atcc-19404\/#primaryimage"},"image":{"@id":"https:\/\/biosciences.vn\/index.php\/product\/chung-chuan-dinh-luong-clostridium-sporogenes-nctc-532-atcc-19404\/#primaryimage"},"thumbnailUrl":"https:\/\/biosciences.vn\/wp-content\/uploads\/2025\/03\/Hinh-anh-Accu-Bac-1.jpg","datePublished":"2025-03-16T14:55:47+00:00","dateModified":"2025-08-28T07:55:09+00:00","breadcrumb":{"@id":"https:\/\/biosciences.vn\/index.php\/product\/chung-chuan-dinh-luong-clostridium-sporogenes-nctc-532-atcc-19404\/#breadcrumb"},"inLanguage":"en-US","potentialAction":[{"@type":"ReadAction","target":["https:\/\/biosciences.vn\/index.php\/product\/chung-chuan-dinh-luong-clostridium-sporogenes-nctc-532-atcc-19404\/"]}]},{"@type":"ImageObject","inLanguage":"en-US","@id":"https:\/\/biosciences.vn\/index.php\/product\/chung-chuan-dinh-luong-clostridium-sporogenes-nctc-532-atcc-19404\/#primaryimage","url":"https:\/\/biosciences.vn\/wp-content\/uploads\/2025\/03\/Hinh-anh-Accu-Bac-1.jpg","contentUrl":"https:\/\/biosciences.vn\/wp-content\/uploads\/2025\/03\/Hinh-anh-Accu-Bac-1.jpg","width":3534,"height":2651},{"@type":"BreadcrumbList","@id":"https:\/\/biosciences.vn\/index.php\/product\/chung-chuan-dinh-luong-clostridium-sporogenes-nctc-532-atcc-19404\/#breadcrumb","itemListElement":[{"@type":"ListItem","position":1,"name":"Trang ch\u1ee7","item":"https:\/\/biosciences.vn\/index.php\/en\/home\/"},{"@type":"ListItem","position":2,"name":"Shop","item":"https:\/\/biosciences.vn\/index.php\/shop\/"},{"@type":"ListItem","position":3,"name":"Ch\u1ee7ng chu\u1ea9n \u0111\u1ecbnh l\u01b0\u1ee3ng Clostridium sporogenes NCTC\u00ae 532 \/ ATCC\u00ae 19404"}]},{"@type":"WebSite","@id":"https:\/\/biosciences.vn\/#website","url":"https:\/\/biosciences.vn\/","name":"Biosciences","description":"","publisher":{"@id":"https:\/\/biosciences.vn\/#organization"},"potentialAction":[{"@type":"SearchAction","target":{"@type":"EntryPoint","urlTemplate":"https:\/\/biosciences.vn\/?s={search_term_string}"},"query-input":{"@type":"PropertyValueSpecification","valueRequired":true,"valueName":"search_term_string"}}],"inLanguage":"en-US"},{"@type":"Organization","@id":"https:\/\/biosciences.vn\/#organization","name":"Biosciences","url":"https:\/\/biosciences.vn\/","logo":{"@type":"ImageObject","inLanguage":"en-US","@id":"https:\/\/biosciences.vn\/#\/schema\/logo\/image\/","url":"https:\/\/biosciences.vn\/wp-content\/uploads\/2024\/04\/LOGO-BIOSCIENCES-PNG.png","contentUrl":"https:\/\/biosciences.vn\/wp-content\/uploads\/2024\/04\/LOGO-BIOSCIENCES-PNG.png","width":2536,"height":638,"caption":"Biosciences"},"image":{"@id":"https:\/\/biosciences.vn\/#\/schema\/logo\/image\/"}}]}},"brands":[{"id":644,"name":"TCS Biosciences","slug":"tcs-biosciences-vi"}],"_links":{"self":[{"href":"https:\/\/biosciences.vn\/index.php\/wp-json\/wp\/v2\/product\/6698"}],"collection":[{"href":"https:\/\/biosciences.vn\/index.php\/wp-json\/wp\/v2\/product"}],"about":[{"href":"https:\/\/biosciences.vn\/index.php\/wp-json\/wp\/v2\/types\/product"}],"replies":[{"embeddable":true,"href":"https:\/\/biosciences.vn\/index.php\/wp-json\/wp\/v2\/comments?post=6698"}],"wp:featuredmedia":[{"embeddable":true,"href":"https:\/\/biosciences.vn\/index.php\/wp-json\/wp\/v2\/media\/6690"}],"wp:attachment":[{"href":"https:\/\/biosciences.vn\/index.php\/wp-json\/wp\/v2\/media?parent=6698"}],"wp:term":[{"taxonomy":"pwb-brand","embeddable":true,"href":"https:\/\/biosciences.vn\/index.php\/wp-json\/wp\/v2\/pwb-brand?post=6698"},{"taxonomy":"product_cat","embeddable":true,"href":"https:\/\/biosciences.vn\/index.php\/wp-json\/wp\/v2\/product_cat?post=6698"},{"taxonomy":"product_tag","embeddable":true,"href":"https:\/\/biosciences.vn\/index.php\/wp-json\/wp\/v2\/product_tag?post=6698"}],"curies":[{"name":"wp","href":"https:\/\/api.w.org\/{rel}","templated":true}]}}