{"id":6707,"date":"2025-03-24T16:20:41","date_gmt":"2025-03-24T09:20:41","guid":{"rendered":"https:\/\/biosciences.vn\/?post_type=product&#038;p=6707"},"modified":"2025-08-28T14:55:09","modified_gmt":"2025-08-28T07:55:09","slug":"chung-chuan-dinh-luong-salmonella-typhimurium-nctc-12023-atcc-14028","status":"publish","type":"product","link":"https:\/\/biosciences.vn\/index.php\/product\/chung-chuan-dinh-luong-salmonella-typhimurium-nctc-12023-atcc-14028\/","title":{"rendered":"Ch\u1ee7ng chu\u1ea9n \u0111\u1ecbnh l\u01b0\u1ee3ng Salmonella Typhimurium NCTC\u00ae 12023 \/ ATCC\u00ae 14028"},"content":{"rendered":"<p class=\"\" data-start=\"0\" data-end=\"214\"><strong data-start=\"0\" data-end=\"61\">Accu-Bac Salmonella Typhimurium NCTC\u00ae 12023 \/ ATCC\u00ae 14028<\/strong> l\u00e0 ch\u1ee7ng vi sinh v\u1eadt \u0111\u1ecbnh l\u01b0\u1ee3ng \u0111\u01b0\u1ee3c cung c\u1ea5p b\u1edfi <strong data-start=\"112\" data-end=\"131\">TCS Biosciences<\/strong>. <span class=\"relative -mx-px my-[-0.2rem] rounded px-px py-[0.2rem]\">S\u1ea3n ph\u1ea9m n\u00e0y \u0111\u01b0\u1ee3c thi\u1ebft k\u1ebf \u0111\u1ec3 s\u1eed d\u1ee5ng trong c\u00e1c ph\u00f2ng th\u00ed nghi\u1ec7m vi sinh, ki\u1ec3m so\u00e1t ch\u1ea5t l\u01b0\u1ee3ng v\u00e0 nghi\u00ean c\u1ee9u khoa h\u1ecdc, \u0111\u1ea3m b\u1ea3o \u0111\u1ed9 ch\u00ednh x\u00e1c cao trong c\u00e1c \u1ee9ng d\u1ee5ng ki\u1ec3m so\u00e1t vi sinh v\u1eadt.<\/span>\u200b<\/p>\n<p class=\"\" data-start=\"216\" data-end=\"235\"><strong data-start=\"216\" data-end=\"235\">\u0110\u1eb7c \u0111i\u1ec3m ch\u00ednh:<\/strong><\/p>\n<ul data-start=\"237\" data-end=\"845\">\n<li class=\"\" data-start=\"237\" data-end=\"337\">\n<p class=\"\" data-start=\"239\" data-end=\"337\"><strong data-start=\"239\" data-end=\"255\">M\u00e3 s\u1ea3n ph\u1ea9m:<\/strong> <span class=\"relative -mx-px my-[-0.2rem] rounded px-px py-[0.2rem]\">AB11H-1<\/span>\u200b<\/p>\n<\/li>\n<li class=\"\" data-start=\"338\" data-end=\"440\">\n<p class=\"\" data-start=\"340\" data-end=\"440\"><strong data-start=\"340\" data-end=\"358\">Ch\u1ee7ng vi sinh:<\/strong> <span class=\"relative -mx-px my-[-0.2rem] rounded px-px py-[0.2rem]\"><em data-start=\"0\" data-end=\"24\" data-is-only-node=\"\">Salmonella Typhimurium<\/em> NCTC\u00ae 12023 \/ ATCC\u00ae 14028<\/span>\u200b<\/p>\n<\/li>\n<li class=\"\" data-start=\"441\" data-end=\"538\">\n<p class=\"\" data-start=\"443\" data-end=\"538\"><strong data-start=\"443\" data-end=\"456\">S\u1ed1 l\u01b0\u1ee3ng:<\/strong> <span class=\"relative -mx-px my-[-0.2rem] rounded px-px py-[0.2rem]\">1 \u0111\u0129a<\/span><\/p>\n<\/li>\n<li class=\"\" data-start=\"539\" data-end=\"638\">\n<p class=\"\" data-start=\"541\" data-end=\"638\"><strong data-start=\"541\" data-end=\"556\">M\u1ee9c c.f.u.: <\/strong>500 c.f.u. m\u1ed7i \u0111\u0129a<\/p>\n<\/li>\n<li class=\"\" data-start=\"639\" data-end=\"748\">\n<p class=\"\" data-start=\"641\" data-end=\"748\"><strong data-start=\"641\" data-end=\"662\">Th\u1eddi h\u1ea1n s\u1eed d\u1ee5ng:<\/strong> <span class=\"relative -mx-px my-[-0.2rem] rounded px-px py-[0.2rem]\">18 th\u00e1ng k\u1ec3 t\u1eeb ng\u00e0y s\u1ea3n xu\u1ea5t<\/span>\u200b\u200b<\/p>\n<\/li>\n<\/ul>\n<p class=\"\" data-start=\"847\" data-end=\"869\"><strong data-start=\"847\" data-end=\"869\">\u1ee8ng d\u1ee5ng ph\u1ed5 bi\u1ebfn:<\/strong><\/p>\n<ul data-start=\"871\" data-end=\"1134\">\n<li class=\"\" data-start=\"871\" data-end=\"958\">\n<p class=\"\" data-start=\"873\" data-end=\"958\"><span class=\"relative -mx-px my-[-0.2rem] rounded px-px py-[0.2rem]\">Ki\u1ec3m so\u00e1t ch\u1ea5t l\u01b0\u1ee3ng vi sinh trong th\u1ef1c ph\u1ea9m, n\u01b0\u1edbc u\u1ed1ng, d\u01b0\u1ee3c ph\u1ea9m v\u00e0 m\u1ef9 ph\u1ea9m<\/span>\u200b<\/p>\n<\/li>\n<li class=\"\" data-start=\"959\" data-end=\"1046\">\n<p class=\"\" data-start=\"961\" data-end=\"1046\"><span class=\"relative -mx-px my-[-0.2rem] rounded px-px py-[0.2rem]\">Th\u1eed nghi\u1ec7m hi\u1ec7u qu\u1ea3 kh\u00e1ng khu\u1ea9n c\u1ee7a ch\u1ea5t b\u1ea3o qu\u1ea3n<\/span>\u200b<\/p>\n<\/li>\n<li class=\"\" data-start=\"1047\" data-end=\"1134\">\n<p class=\"\" data-start=\"1049\" data-end=\"1134\"><span class=\"relative -mx-px my-[-0.2rem] rounded px-px py-[0.2rem]\">Nghi\u00ean c\u1ee9u vi sinh v\u1eadt trong c\u00e1c ph\u00f2ng th\u00ed nghi\u1ec7m y t\u1ebf, m\u00f4i tr\u01b0\u1eddng v\u00e0 nghi\u00ean c\u1ee9u khoa h\u1ecdc<\/span>\u200b<\/p>\n<\/li>\n<\/ul>\n<p class=\"\" data-start=\"1136\" data-end=\"1146\"><strong data-start=\"1136\" data-end=\"1146\">L\u01b0u \u00fd:<\/strong><\/p>\n<ul data-start=\"1148\" data-end=\"1317\">\n<li class=\"\" data-start=\"1148\" data-end=\"1235\">\n<p class=\"\" data-start=\"1150\" data-end=\"1235\"><span class=\"relative -mx-px my-[-0.2rem] rounded px-px py-[0.2rem]\">Accu-Bac l\u00e0 th\u1ebf h\u1ec7 th\u1ee9 hai \u0111\u01b0\u1ee3c \u0111\u1ea3m b\u1ea3o t\u1eeb c\u00e1c ch\u1ee7ng NCTC\u00ae v\u00e0 NCPF\u00ae, \u0111\u01b0\u1ee3c s\u1ea3n xu\u1ea5t theo gi\u1ea5y ph\u00e9p t\u1eeb UK Health Security Agency.<\/span>\u200b<\/p>\n<\/li>\n<\/ul>\n<p class=\"\" data-start=\"1319\" data-end=\"1340\"><strong data-start=\"1319\" data-end=\"1340\">Li\u00ean h\u1ec7 \u0111\u1eb7t h\u00e0ng:<\/strong><\/p>\n<p class=\"\" data-start=\"1342\" data-end=\"1404\"><strong data-start=\"1342\" data-end=\"1360\">Biosciences.vn<\/strong><br data-start=\"1360\" data-end=\"1363\" \/>\ud83d\udcde 0933 270 120<br data-start=\"1378\" data-end=\"1381\" \/>\ud83d\udce9 <a rel=\"noopener\" data-start=\"1384\" data-end=\"1404\">sales@biosciences.vn<\/a><\/p>\n","protected":false},"excerpt":{"rendered":"<p>Accu-Bac Salmonella Typhimurium NCTC\u00ae 12023 \/ ATCC\u00ae 14028 l\u00e0 ch\u1ee7ng vi sinh v\u1eadt \u0111\u1ecbnh l\u01b0\u1ee3ng \u0111\u01b0\u1ee3c cung c\u1ea5p b\u1edfi TCS Biosciences. S\u1ea3n ph\u1ea9m n\u00e0y \u0111\u01b0\u1ee3c thi\u1ebft k\u1ebf \u0111\u1ec3 s\u1eed d\u1ee5ng trong c\u00e1c ph\u00f2ng th\u00ed nghi\u1ec7m vi sinh, ki\u1ec3m so\u00e1t ch\u1ea5t l\u01b0\u1ee3ng v\u00e0 nghi\u00ean c\u1ee9u khoa h\u1ecdc, \u0111\u1ea3m b\u1ea3o \u0111\u1ed9 ch\u00ednh x\u00e1c cao trong c\u00e1c \u1ee9ng [&hellip;]<\/p>\n","protected":false},"featured_media":6694,"comment_status":"open","ping_status":"closed","template":"","meta":[],"pwb-brand":[644],"product_cat":[434,485,665],"product_tag":[943,949,947],"class_list":{"0":"post-6707","1":"product","2":"type-product","3":"status-publish","4":"has-post-thumbnail","6":"pwb-brand-tcs-biosciences-vi","7":"product_cat-khoa-hoc-su-song","8":"product_cat-hoa-chat-vat-tu","9":"product_cat-chung-chuan-vi-sinh","10":"product_tag-accu-bac","11":"product_tag-atcc","12":"product_tag-ntcc","14":"first","15":"onbackorder","16":"shipping-taxable","17":"purchasable","18":"product-type-simple"},"yoast_head":"<!-- This site is optimized with the Yoast SEO plugin v23.6 - https:\/\/yoast.com\/wordpress\/plugins\/seo\/ -->\n<title>Ch\u1ee7ng chu\u1ea9n \u0111\u1ecbnh l\u01b0\u1ee3ng Salmonella Typhimurium NCTC\u00ae 12023 \/ ATCC\u00ae 14028 - Biosciences<\/title>\n<meta name=\"robots\" content=\"index, follow, max-snippet:-1, max-image-preview:large, max-video-preview:-1\" \/>\n<link rel=\"canonical\" href=\"https:\/\/biosciences.vn\/index.php\/product\/chung-chuan-dinh-luong-salmonella-typhimurium-nctc-12023-atcc-14028\/\" \/>\n<meta property=\"og:locale\" content=\"en_US\" \/>\n<meta property=\"og:type\" content=\"article\" \/>\n<meta property=\"og:title\" content=\"Ch\u1ee7ng chu\u1ea9n \u0111\u1ecbnh l\u01b0\u1ee3ng Salmonella Typhimurium NCTC\u00ae 12023 \/ ATCC\u00ae 14028 - Biosciences\" \/>\n<meta property=\"og:description\" content=\"Accu-Bac Salmonella Typhimurium NCTC\u00ae 12023 \/ ATCC\u00ae 14028 l\u00e0 ch\u1ee7ng vi sinh v\u1eadt \u0111\u1ecbnh l\u01b0\u1ee3ng \u0111\u01b0\u1ee3c cung c\u1ea5p b\u1edfi TCS Biosciences. S\u1ea3n ph\u1ea9m n\u00e0y \u0111\u01b0\u1ee3c thi\u1ebft k\u1ebf \u0111\u1ec3 s\u1eed d\u1ee5ng trong c\u00e1c ph\u00f2ng th\u00ed nghi\u1ec7m vi sinh, ki\u1ec3m so\u00e1t ch\u1ea5t l\u01b0\u1ee3ng v\u00e0 nghi\u00ean c\u1ee9u khoa h\u1ecdc, \u0111\u1ea3m b\u1ea3o \u0111\u1ed9 ch\u00ednh x\u00e1c cao trong c\u00e1c \u1ee9ng [&hellip;]\" \/>\n<meta property=\"og:url\" content=\"https:\/\/biosciences.vn\/index.php\/product\/chung-chuan-dinh-luong-salmonella-typhimurium-nctc-12023-atcc-14028\/\" \/>\n<meta property=\"og:site_name\" content=\"Biosciences\" \/>\n<meta property=\"article:modified_time\" content=\"2025-08-28T07:55:09+00:00\" \/>\n<meta property=\"og:image\" content=\"https:\/\/biosciences.vn\/wp-content\/uploads\/2025\/03\/TCS-3601388.jpg\" \/>\n\t<meta property=\"og:image:width\" content=\"450\" \/>\n\t<meta property=\"og:image:height\" content=\"450\" \/>\n\t<meta property=\"og:image:type\" content=\"image\/jpeg\" \/>\n<meta name=\"twitter:card\" content=\"summary_large_image\" \/>\n<meta name=\"twitter:label1\" content=\"Est. reading time\" \/>\n\t<meta name=\"twitter:data1\" content=\"2 minutes\" \/>\n<script type=\"application\/ld+json\" class=\"yoast-schema-graph\">{\"@context\":\"https:\/\/schema.org\",\"@graph\":[{\"@type\":\"WebPage\",\"@id\":\"https:\/\/biosciences.vn\/index.php\/product\/chung-chuan-dinh-luong-salmonella-typhimurium-nctc-12023-atcc-14028\/\",\"url\":\"https:\/\/biosciences.vn\/index.php\/product\/chung-chuan-dinh-luong-salmonella-typhimurium-nctc-12023-atcc-14028\/\",\"name\":\"Ch\u1ee7ng chu\u1ea9n \u0111\u1ecbnh l\u01b0\u1ee3ng Salmonella Typhimurium NCTC\u00ae 12023 \/ ATCC\u00ae 14028 - Biosciences\",\"isPartOf\":{\"@id\":\"https:\/\/biosciences.vn\/#website\"},\"primaryImageOfPage\":{\"@id\":\"https:\/\/biosciences.vn\/index.php\/product\/chung-chuan-dinh-luong-salmonella-typhimurium-nctc-12023-atcc-14028\/#primaryimage\"},\"image\":{\"@id\":\"https:\/\/biosciences.vn\/index.php\/product\/chung-chuan-dinh-luong-salmonella-typhimurium-nctc-12023-atcc-14028\/#primaryimage\"},\"thumbnailUrl\":\"https:\/\/biosciences.vn\/wp-content\/uploads\/2025\/03\/TCS-3601388.jpg\",\"datePublished\":\"2025-03-24T09:20:41+00:00\",\"dateModified\":\"2025-08-28T07:55:09+00:00\",\"breadcrumb\":{\"@id\":\"https:\/\/biosciences.vn\/index.php\/product\/chung-chuan-dinh-luong-salmonella-typhimurium-nctc-12023-atcc-14028\/#breadcrumb\"},\"inLanguage\":\"en-US\",\"potentialAction\":[{\"@type\":\"ReadAction\",\"target\":[\"https:\/\/biosciences.vn\/index.php\/product\/chung-chuan-dinh-luong-salmonella-typhimurium-nctc-12023-atcc-14028\/\"]}]},{\"@type\":\"ImageObject\",\"inLanguage\":\"en-US\",\"@id\":\"https:\/\/biosciences.vn\/index.php\/product\/chung-chuan-dinh-luong-salmonella-typhimurium-nctc-12023-atcc-14028\/#primaryimage\",\"url\":\"https:\/\/biosciences.vn\/wp-content\/uploads\/2025\/03\/TCS-3601388.jpg\",\"contentUrl\":\"https:\/\/biosciences.vn\/wp-content\/uploads\/2025\/03\/TCS-3601388.jpg\",\"width\":450,\"height\":450},{\"@type\":\"BreadcrumbList\",\"@id\":\"https:\/\/biosciences.vn\/index.php\/product\/chung-chuan-dinh-luong-salmonella-typhimurium-nctc-12023-atcc-14028\/#breadcrumb\",\"itemListElement\":[{\"@type\":\"ListItem\",\"position\":1,\"name\":\"Trang ch\u1ee7\",\"item\":\"https:\/\/biosciences.vn\/index.php\/en\/home\/\"},{\"@type\":\"ListItem\",\"position\":2,\"name\":\"Shop\",\"item\":\"https:\/\/biosciences.vn\/index.php\/shop\/\"},{\"@type\":\"ListItem\",\"position\":3,\"name\":\"Ch\u1ee7ng chu\u1ea9n \u0111\u1ecbnh l\u01b0\u1ee3ng Salmonella Typhimurium NCTC\u00ae 12023 \/ ATCC\u00ae 14028\"}]},{\"@type\":\"WebSite\",\"@id\":\"https:\/\/biosciences.vn\/#website\",\"url\":\"https:\/\/biosciences.vn\/\",\"name\":\"Biosciences\",\"description\":\"\",\"publisher\":{\"@id\":\"https:\/\/biosciences.vn\/#organization\"},\"potentialAction\":[{\"@type\":\"SearchAction\",\"target\":{\"@type\":\"EntryPoint\",\"urlTemplate\":\"https:\/\/biosciences.vn\/?s={search_term_string}\"},\"query-input\":{\"@type\":\"PropertyValueSpecification\",\"valueRequired\":true,\"valueName\":\"search_term_string\"}}],\"inLanguage\":\"en-US\"},{\"@type\":\"Organization\",\"@id\":\"https:\/\/biosciences.vn\/#organization\",\"name\":\"Biosciences\",\"url\":\"https:\/\/biosciences.vn\/\",\"logo\":{\"@type\":\"ImageObject\",\"inLanguage\":\"en-US\",\"@id\":\"https:\/\/biosciences.vn\/#\/schema\/logo\/image\/\",\"url\":\"https:\/\/biosciences.vn\/wp-content\/uploads\/2024\/04\/LOGO-BIOSCIENCES-PNG.png\",\"contentUrl\":\"https:\/\/biosciences.vn\/wp-content\/uploads\/2024\/04\/LOGO-BIOSCIENCES-PNG.png\",\"width\":2536,\"height\":638,\"caption\":\"Biosciences\"},\"image\":{\"@id\":\"https:\/\/biosciences.vn\/#\/schema\/logo\/image\/\"}}]}<\/script>\n<!-- \/ Yoast SEO plugin. -->","yoast_head_json":{"title":"Ch\u1ee7ng chu\u1ea9n \u0111\u1ecbnh l\u01b0\u1ee3ng Salmonella Typhimurium NCTC\u00ae 12023 \/ ATCC\u00ae 14028 - Biosciences","robots":{"index":"index","follow":"follow","max-snippet":"max-snippet:-1","max-image-preview":"max-image-preview:large","max-video-preview":"max-video-preview:-1"},"canonical":"https:\/\/biosciences.vn\/index.php\/product\/chung-chuan-dinh-luong-salmonella-typhimurium-nctc-12023-atcc-14028\/","og_locale":"en_US","og_type":"article","og_title":"Ch\u1ee7ng chu\u1ea9n \u0111\u1ecbnh l\u01b0\u1ee3ng Salmonella Typhimurium NCTC\u00ae 12023 \/ ATCC\u00ae 14028 - Biosciences","og_description":"Accu-Bac Salmonella Typhimurium NCTC\u00ae 12023 \/ ATCC\u00ae 14028 l\u00e0 ch\u1ee7ng vi sinh v\u1eadt \u0111\u1ecbnh l\u01b0\u1ee3ng \u0111\u01b0\u1ee3c cung c\u1ea5p b\u1edfi TCS Biosciences. S\u1ea3n ph\u1ea9m n\u00e0y \u0111\u01b0\u1ee3c thi\u1ebft k\u1ebf \u0111\u1ec3 s\u1eed d\u1ee5ng trong c\u00e1c ph\u00f2ng th\u00ed nghi\u1ec7m vi sinh, ki\u1ec3m so\u00e1t ch\u1ea5t l\u01b0\u1ee3ng v\u00e0 nghi\u00ean c\u1ee9u khoa h\u1ecdc, \u0111\u1ea3m b\u1ea3o \u0111\u1ed9 ch\u00ednh x\u00e1c cao trong c\u00e1c \u1ee9ng [&hellip;]","og_url":"https:\/\/biosciences.vn\/index.php\/product\/chung-chuan-dinh-luong-salmonella-typhimurium-nctc-12023-atcc-14028\/","og_site_name":"Biosciences","article_modified_time":"2025-08-28T07:55:09+00:00","og_image":[{"width":450,"height":450,"url":"https:\/\/biosciences.vn\/wp-content\/uploads\/2025\/03\/TCS-3601388.jpg","type":"image\/jpeg"}],"twitter_card":"summary_large_image","twitter_misc":{"Est. reading time":"2 minutes"},"schema":{"@context":"https:\/\/schema.org","@graph":[{"@type":"WebPage","@id":"https:\/\/biosciences.vn\/index.php\/product\/chung-chuan-dinh-luong-salmonella-typhimurium-nctc-12023-atcc-14028\/","url":"https:\/\/biosciences.vn\/index.php\/product\/chung-chuan-dinh-luong-salmonella-typhimurium-nctc-12023-atcc-14028\/","name":"Ch\u1ee7ng chu\u1ea9n \u0111\u1ecbnh l\u01b0\u1ee3ng Salmonella Typhimurium NCTC\u00ae 12023 \/ ATCC\u00ae 14028 - Biosciences","isPartOf":{"@id":"https:\/\/biosciences.vn\/#website"},"primaryImageOfPage":{"@id":"https:\/\/biosciences.vn\/index.php\/product\/chung-chuan-dinh-luong-salmonella-typhimurium-nctc-12023-atcc-14028\/#primaryimage"},"image":{"@id":"https:\/\/biosciences.vn\/index.php\/product\/chung-chuan-dinh-luong-salmonella-typhimurium-nctc-12023-atcc-14028\/#primaryimage"},"thumbnailUrl":"https:\/\/biosciences.vn\/wp-content\/uploads\/2025\/03\/TCS-3601388.jpg","datePublished":"2025-03-24T09:20:41+00:00","dateModified":"2025-08-28T07:55:09+00:00","breadcrumb":{"@id":"https:\/\/biosciences.vn\/index.php\/product\/chung-chuan-dinh-luong-salmonella-typhimurium-nctc-12023-atcc-14028\/#breadcrumb"},"inLanguage":"en-US","potentialAction":[{"@type":"ReadAction","target":["https:\/\/biosciences.vn\/index.php\/product\/chung-chuan-dinh-luong-salmonella-typhimurium-nctc-12023-atcc-14028\/"]}]},{"@type":"ImageObject","inLanguage":"en-US","@id":"https:\/\/biosciences.vn\/index.php\/product\/chung-chuan-dinh-luong-salmonella-typhimurium-nctc-12023-atcc-14028\/#primaryimage","url":"https:\/\/biosciences.vn\/wp-content\/uploads\/2025\/03\/TCS-3601388.jpg","contentUrl":"https:\/\/biosciences.vn\/wp-content\/uploads\/2025\/03\/TCS-3601388.jpg","width":450,"height":450},{"@type":"BreadcrumbList","@id":"https:\/\/biosciences.vn\/index.php\/product\/chung-chuan-dinh-luong-salmonella-typhimurium-nctc-12023-atcc-14028\/#breadcrumb","itemListElement":[{"@type":"ListItem","position":1,"name":"Trang ch\u1ee7","item":"https:\/\/biosciences.vn\/index.php\/en\/home\/"},{"@type":"ListItem","position":2,"name":"Shop","item":"https:\/\/biosciences.vn\/index.php\/shop\/"},{"@type":"ListItem","position":3,"name":"Ch\u1ee7ng chu\u1ea9n \u0111\u1ecbnh l\u01b0\u1ee3ng Salmonella Typhimurium NCTC\u00ae 12023 \/ ATCC\u00ae 14028"}]},{"@type":"WebSite","@id":"https:\/\/biosciences.vn\/#website","url":"https:\/\/biosciences.vn\/","name":"Biosciences","description":"","publisher":{"@id":"https:\/\/biosciences.vn\/#organization"},"potentialAction":[{"@type":"SearchAction","target":{"@type":"EntryPoint","urlTemplate":"https:\/\/biosciences.vn\/?s={search_term_string}"},"query-input":{"@type":"PropertyValueSpecification","valueRequired":true,"valueName":"search_term_string"}}],"inLanguage":"en-US"},{"@type":"Organization","@id":"https:\/\/biosciences.vn\/#organization","name":"Biosciences","url":"https:\/\/biosciences.vn\/","logo":{"@type":"ImageObject","inLanguage":"en-US","@id":"https:\/\/biosciences.vn\/#\/schema\/logo\/image\/","url":"https:\/\/biosciences.vn\/wp-content\/uploads\/2024\/04\/LOGO-BIOSCIENCES-PNG.png","contentUrl":"https:\/\/biosciences.vn\/wp-content\/uploads\/2024\/04\/LOGO-BIOSCIENCES-PNG.png","width":2536,"height":638,"caption":"Biosciences"},"image":{"@id":"https:\/\/biosciences.vn\/#\/schema\/logo\/image\/"}}]}},"brands":[{"id":644,"name":"TCS Biosciences","slug":"tcs-biosciences-vi"}],"_links":{"self":[{"href":"https:\/\/biosciences.vn\/index.php\/wp-json\/wp\/v2\/product\/6707"}],"collection":[{"href":"https:\/\/biosciences.vn\/index.php\/wp-json\/wp\/v2\/product"}],"about":[{"href":"https:\/\/biosciences.vn\/index.php\/wp-json\/wp\/v2\/types\/product"}],"replies":[{"embeddable":true,"href":"https:\/\/biosciences.vn\/index.php\/wp-json\/wp\/v2\/comments?post=6707"}],"wp:featuredmedia":[{"embeddable":true,"href":"https:\/\/biosciences.vn\/index.php\/wp-json\/wp\/v2\/media\/6694"}],"wp:attachment":[{"href":"https:\/\/biosciences.vn\/index.php\/wp-json\/wp\/v2\/media?parent=6707"}],"wp:term":[{"taxonomy":"pwb-brand","embeddable":true,"href":"https:\/\/biosciences.vn\/index.php\/wp-json\/wp\/v2\/pwb-brand?post=6707"},{"taxonomy":"product_cat","embeddable":true,"href":"https:\/\/biosciences.vn\/index.php\/wp-json\/wp\/v2\/product_cat?post=6707"},{"taxonomy":"product_tag","embeddable":true,"href":"https:\/\/biosciences.vn\/index.php\/wp-json\/wp\/v2\/product_tag?post=6707"}],"curies":[{"name":"wp","href":"https:\/\/api.w.org\/{rel}","templated":true}]}}