{"id":6709,"date":"2025-03-24T16:30:03","date_gmt":"2025-03-24T09:30:03","guid":{"rendered":"https:\/\/biosciences.vn\/?post_type=product&#038;p=6709"},"modified":"2025-08-28T14:55:09","modified_gmt":"2025-08-28T07:55:09","slug":"chung-chuan-vi-sinh-dinh-tinh-acinetobacter-baumannii-nctc-12156-atcc-19606","status":"publish","type":"product","link":"https:\/\/biosciences.vn\/index.php\/product\/chung-chuan-vi-sinh-dinh-tinh-acinetobacter-baumannii-nctc-12156-atcc-19606\/","title":{"rendered":"Ch\u1ee7ng chu\u1ea9n vi sinh \u0111\u1ecbnh t\u00ednh Acinetobacter baumannii NCTC\u00ae 12156 \/ ATCC\u00ae 19606"},"content":{"rendered":"<p class=\"\" data-start=\"0\" data-end=\"244\"><strong data-start=\"0\" data-end=\"64\">Selectrol\u00ae Acinetobacter baumannii NCTC\u00ae 12156 \/ ATCC\u00ae 19606<\/strong> l\u00e0 ch\u1ee7ng vi sinh v\u1eadt \u0111\u01b0\u1ee3c cung c\u1ea5p b\u1edfi <strong data-start=\"104\" data-end=\"123\">TCS Biosciences<\/strong>, <span class=\"relative -mx-px my-[-0.2rem] rounded px-px py-[0.2rem]\">\u0111\u01b0\u1ee3c thi\u1ebft k\u1ebf \u0111\u1ec3 s\u1eed d\u1ee5ng trong c\u00e1c ph\u00f2ng th\u00ed nghi\u1ec7m vi sinh nh\u1eb1m ki\u1ec3m so\u00e1t ch\u1ea5t l\u01b0\u1ee3ng v\u00e0 nghi\u00ean c\u1ee9u khoa h\u1ecdc.<\/span> <span class=\"relative -mx-px my-[-0.2rem] rounded px-px py-[0.2rem]\">S\u1ea3n ph\u1ea9m n\u00e0y gi\u00fap \u0111\u1ea3m b\u1ea3o \u0111\u1ed9 ch\u00ednh x\u00e1c cao trong c\u00e1c \u1ee9ng d\u1ee5ng ki\u1ec3m so\u00e1t vi sinh v\u1eadt.<\/span>\u200b<\/p>\n<p class=\"\" data-start=\"246\" data-end=\"265\"><strong data-start=\"246\" data-end=\"265\">\u0110\u1eb7c \u0111i\u1ec3m ch\u00ednh:<\/strong><\/p>\n<ul data-start=\"267\" data-end=\"703\">\n<li class=\"\" data-start=\"267\" data-end=\"367\">\n<p class=\"\" data-start=\"269\" data-end=\"367\"><strong data-start=\"269\" data-end=\"285\">M\u00e3 s\u1ea3n ph\u1ea9m:<\/strong> <span class=\"relative -mx-px my-[-0.2rem] rounded px-px py-[0.2rem]\">MM25-10<\/span>\u200b<\/p>\n<\/li>\n<li class=\"\" data-start=\"368\" data-end=\"470\">\n<p class=\"\" data-start=\"370\" data-end=\"470\"><strong data-start=\"370\" data-end=\"388\">Ch\u1ee7ng vi sinh:<\/strong> <span class=\"relative -mx-px my-[-0.2rem] rounded px-px py-[0.2rem]\"><em data-start=\"0\" data-end=\"25\" data-is-only-node=\"\">Acinetobacter baumannii<\/em> NCTC\u00ae 12156 \/ ATCC\u00ae 19606<\/span>\u200b<\/p>\n<\/li>\n<li class=\"\" data-start=\"471\" data-end=\"568\">\n<p class=\"\" data-start=\"473\" data-end=\"568\"><strong data-start=\"473\" data-end=\"486\">S\u1ed1 l\u01b0\u1ee3ng:<\/strong> <span class=\"relative -mx-px my-[-0.2rem] rounded px-px py-[0.2rem]\">10 \u0111\u0129a<\/span>\u200b<\/p>\n<\/li>\n<\/ul>\n<p class=\"\" data-start=\"705\" data-end=\"727\"><strong data-start=\"705\" data-end=\"727\">\u1ee8ng d\u1ee5ng ph\u1ed5 bi\u1ebfn:<\/strong><\/p>\n<ul data-start=\"729\" data-end=\"1032\">\n<li class=\"\" data-start=\"729\" data-end=\"816\">\n<p class=\"\" data-start=\"731\" data-end=\"816\"><span class=\"relative -mx-px my-[-0.2rem] rounded px-px py-[0.2rem]\">Ki\u1ec3m so\u00e1t ch\u1ea5t l\u01b0\u1ee3ng m\u00f4i tr\u01b0\u1eddng nu\u00f4i c\u1ea5y, ph\u1ea3n \u1ee9ng nhu\u1ed9m v\u00e0 l\u1eadp h\u1ed3 s\u01a1 sinh h\u00f3a<\/span>\u200b<\/p>\n<\/li>\n<li class=\"\" data-start=\"817\" data-end=\"904\">\n<p class=\"\" data-start=\"819\" data-end=\"904\"><span class=\"relative -mx-px my-[-0.2rem] rounded px-px py-[0.2rem]\">X\u00e1c \u0111\u1ecbnh n\u1ed3ng \u0111\u1ed9 kh\u00e1ng sinh trong c\u00e1c m\u1eabu m\u00e1u, huy\u1ebft thanh ho\u1eb7c d\u1ecbch n\u00e3o t\u1ee7y<\/span>\u200b<\/p>\n<\/li>\n<li class=\"\" data-start=\"905\" data-end=\"1032\">\n<p class=\"\" data-start=\"907\" data-end=\"1032\"><span class=\"relative -mx-px my-[-0.2rem] rounded px-px py-[0.2rem]\">Ki\u1ec3m so\u00e1t th\u1eed nghi\u1ec7m \u0111\u1ed9 nh\u1ea1y kh\u00e1ng sinh, bao g\u1ed3m khu\u1ebfch t\u00e1n \u0111\u0129a ho\u1eb7c pha lo\u00e3ng n\u1ed1i ti\u1ebfp<\/span> \u200b<\/p>\n<\/li>\n<\/ul>\n<p class=\"\" data-start=\"1034\" data-end=\"1044\"><strong data-start=\"1034\" data-end=\"1044\">L\u01b0u \u00fd:<\/strong><\/p>\n<ul data-start=\"1046\" data-end=\"1173\">\n<li class=\"\" data-start=\"1046\" data-end=\"1173\">\n<p class=\"\" data-start=\"1048\" data-end=\"1173\"><span class=\"relative -mx-px my-[-0.2rem] rounded px-px py-[0.2rem]\">Selectrol\u00ae l\u00e0 th\u1ebf h\u1ec7 \u0111\u1ea7u ti\u00ean \u0111\u01b0\u1ee3c d\u1eabn xu\u1ea5t t\u1eeb c\u00e1c ch\u1ee7ng g\u1ed1c ban \u0111\u1ea7u, \u0111\u01b0\u1ee3c l\u1ea5y \u0111\u1ed9c quy\u1ec1n t\u1eeb National Collection of Type Cultures (NCTC\u00ae) ho\u1eb7c National Collection of Pathogenic Fungi (NCPF\u00ae).<\/span><\/p>\n<\/li>\n<\/ul>\n<p class=\"\" data-start=\"1175\" data-end=\"1196\"><strong data-start=\"1175\" data-end=\"1196\">Li\u00ean h\u1ec7 \u0111\u1eb7t h\u00e0ng:<\/strong><\/p>\n<p class=\"\" data-start=\"1198\" data-end=\"1260\"><strong data-start=\"1198\" data-end=\"1216\">Biosciences.vn<\/strong><br data-start=\"1216\" data-end=\"1219\" \/>\ud83d\udcde 0933 270 120<br data-start=\"1234\" data-end=\"1237\" \/>\ud83d\udce9 <a rel=\"noopener\" data-start=\"1240\" data-end=\"1260\">sales@biosciences.vn<\/a><\/p>\n","protected":false},"excerpt":{"rendered":"<p>Selectrol\u00ae Acinetobacter baumannii NCTC\u00ae 12156 \/ ATCC\u00ae 19606 l\u00e0 ch\u1ee7ng vi sinh v\u1eadt \u0111\u01b0\u1ee3c cung c\u1ea5p b\u1edfi TCS Biosciences, \u0111\u01b0\u1ee3c thi\u1ebft k\u1ebf \u0111\u1ec3 s\u1eed d\u1ee5ng trong c\u00e1c ph\u00f2ng th\u00ed nghi\u1ec7m vi sinh nh\u1eb1m ki\u1ec3m so\u00e1t ch\u1ea5t l\u01b0\u1ee3ng v\u00e0 nghi\u00ean c\u1ee9u khoa h\u1ecdc. S\u1ea3n ph\u1ea9m n\u00e0y gi\u00fap \u0111\u1ea3m b\u1ea3o \u0111\u1ed9 ch\u00ednh x\u00e1c cao trong c\u00e1c \u1ee9ng [&hellip;]<\/p>\n","protected":false},"featured_media":6710,"comment_status":"open","ping_status":"closed","template":"","meta":[],"pwb-brand":[644],"product_cat":[434,485,665],"product_tag":[949,947,951],"class_list":{"0":"post-6709","1":"product","2":"type-product","3":"status-publish","4":"has-post-thumbnail","6":"pwb-brand-tcs-biosciences-vi","7":"product_cat-khoa-hoc-su-song","8":"product_cat-hoa-chat-vat-tu","9":"product_cat-chung-chuan-vi-sinh","10":"product_tag-atcc","11":"product_tag-ntcc","12":"product_tag-quality-control","14":"first","15":"onbackorder","16":"shipping-taxable","17":"purchasable","18":"product-type-simple"},"yoast_head":"<!-- This site is optimized with the Yoast SEO plugin v23.6 - https:\/\/yoast.com\/wordpress\/plugins\/seo\/ -->\n<title>Ch\u1ee7ng chu\u1ea9n vi sinh \u0111\u1ecbnh t\u00ednh Acinetobacter baumannii NCTC\u00ae 12156 \/ ATCC\u00ae 19606 - Biosciences<\/title>\n<meta name=\"robots\" content=\"index, follow, max-snippet:-1, max-image-preview:large, max-video-preview:-1\" \/>\n<link rel=\"canonical\" href=\"https:\/\/biosciences.vn\/index.php\/product\/chung-chuan-vi-sinh-dinh-tinh-acinetobacter-baumannii-nctc-12156-atcc-19606\/\" \/>\n<meta property=\"og:locale\" content=\"en_US\" \/>\n<meta property=\"og:type\" content=\"article\" \/>\n<meta property=\"og:title\" content=\"Ch\u1ee7ng chu\u1ea9n vi sinh \u0111\u1ecbnh t\u00ednh Acinetobacter baumannii NCTC\u00ae 12156 \/ ATCC\u00ae 19606 - Biosciences\" \/>\n<meta property=\"og:description\" content=\"Selectrol\u00ae Acinetobacter baumannii NCTC\u00ae 12156 \/ ATCC\u00ae 19606 l\u00e0 ch\u1ee7ng vi sinh v\u1eadt \u0111\u01b0\u1ee3c cung c\u1ea5p b\u1edfi TCS Biosciences, \u0111\u01b0\u1ee3c thi\u1ebft k\u1ebf \u0111\u1ec3 s\u1eed d\u1ee5ng trong c\u00e1c ph\u00f2ng th\u00ed nghi\u1ec7m vi sinh nh\u1eb1m ki\u1ec3m so\u00e1t ch\u1ea5t l\u01b0\u1ee3ng v\u00e0 nghi\u00ean c\u1ee9u khoa h\u1ecdc. S\u1ea3n ph\u1ea9m n\u00e0y gi\u00fap \u0111\u1ea3m b\u1ea3o \u0111\u1ed9 ch\u00ednh x\u00e1c cao trong c\u00e1c \u1ee9ng [&hellip;]\" \/>\n<meta property=\"og:url\" content=\"https:\/\/biosciences.vn\/index.php\/product\/chung-chuan-vi-sinh-dinh-tinh-acinetobacter-baumannii-nctc-12156-atcc-19606\/\" \/>\n<meta property=\"og:site_name\" content=\"Biosciences\" \/>\n<meta property=\"article:modified_time\" content=\"2025-08-28T07:55:09+00:00\" \/>\n<meta property=\"og:image\" content=\"https:\/\/biosciences.vn\/wp-content\/uploads\/2025\/03\/TCS-SELECTROL_01_v1.jpg\" \/>\n\t<meta property=\"og:image:width\" content=\"600\" \/>\n\t<meta property=\"og:image:height\" content=\"449\" \/>\n\t<meta property=\"og:image:type\" content=\"image\/jpeg\" \/>\n<meta name=\"twitter:card\" content=\"summary_large_image\" \/>\n<meta name=\"twitter:label1\" content=\"Est. reading time\" \/>\n\t<meta name=\"twitter:data1\" content=\"2 minutes\" \/>\n<script type=\"application\/ld+json\" class=\"yoast-schema-graph\">{\"@context\":\"https:\/\/schema.org\",\"@graph\":[{\"@type\":\"WebPage\",\"@id\":\"https:\/\/biosciences.vn\/index.php\/product\/chung-chuan-vi-sinh-dinh-tinh-acinetobacter-baumannii-nctc-12156-atcc-19606\/\",\"url\":\"https:\/\/biosciences.vn\/index.php\/product\/chung-chuan-vi-sinh-dinh-tinh-acinetobacter-baumannii-nctc-12156-atcc-19606\/\",\"name\":\"Ch\u1ee7ng chu\u1ea9n vi sinh \u0111\u1ecbnh t\u00ednh Acinetobacter baumannii NCTC\u00ae 12156 \/ ATCC\u00ae 19606 - Biosciences\",\"isPartOf\":{\"@id\":\"https:\/\/biosciences.vn\/#website\"},\"primaryImageOfPage\":{\"@id\":\"https:\/\/biosciences.vn\/index.php\/product\/chung-chuan-vi-sinh-dinh-tinh-acinetobacter-baumannii-nctc-12156-atcc-19606\/#primaryimage\"},\"image\":{\"@id\":\"https:\/\/biosciences.vn\/index.php\/product\/chung-chuan-vi-sinh-dinh-tinh-acinetobacter-baumannii-nctc-12156-atcc-19606\/#primaryimage\"},\"thumbnailUrl\":\"https:\/\/biosciences.vn\/wp-content\/uploads\/2025\/03\/TCS-SELECTROL_01_v1.jpg\",\"datePublished\":\"2025-03-24T09:30:03+00:00\",\"dateModified\":\"2025-08-28T07:55:09+00:00\",\"breadcrumb\":{\"@id\":\"https:\/\/biosciences.vn\/index.php\/product\/chung-chuan-vi-sinh-dinh-tinh-acinetobacter-baumannii-nctc-12156-atcc-19606\/#breadcrumb\"},\"inLanguage\":\"en-US\",\"potentialAction\":[{\"@type\":\"ReadAction\",\"target\":[\"https:\/\/biosciences.vn\/index.php\/product\/chung-chuan-vi-sinh-dinh-tinh-acinetobacter-baumannii-nctc-12156-atcc-19606\/\"]}]},{\"@type\":\"ImageObject\",\"inLanguage\":\"en-US\",\"@id\":\"https:\/\/biosciences.vn\/index.php\/product\/chung-chuan-vi-sinh-dinh-tinh-acinetobacter-baumannii-nctc-12156-atcc-19606\/#primaryimage\",\"url\":\"https:\/\/biosciences.vn\/wp-content\/uploads\/2025\/03\/TCS-SELECTROL_01_v1.jpg\",\"contentUrl\":\"https:\/\/biosciences.vn\/wp-content\/uploads\/2025\/03\/TCS-SELECTROL_01_v1.jpg\",\"width\":600,\"height\":449},{\"@type\":\"BreadcrumbList\",\"@id\":\"https:\/\/biosciences.vn\/index.php\/product\/chung-chuan-vi-sinh-dinh-tinh-acinetobacter-baumannii-nctc-12156-atcc-19606\/#breadcrumb\",\"itemListElement\":[{\"@type\":\"ListItem\",\"position\":1,\"name\":\"Trang ch\u1ee7\",\"item\":\"https:\/\/biosciences.vn\/index.php\/en\/home\/\"},{\"@type\":\"ListItem\",\"position\":2,\"name\":\"Shop\",\"item\":\"https:\/\/biosciences.vn\/index.php\/shop\/\"},{\"@type\":\"ListItem\",\"position\":3,\"name\":\"Ch\u1ee7ng chu\u1ea9n vi sinh \u0111\u1ecbnh t\u00ednh Acinetobacter baumannii NCTC\u00ae 12156 \/ ATCC\u00ae 19606\"}]},{\"@type\":\"WebSite\",\"@id\":\"https:\/\/biosciences.vn\/#website\",\"url\":\"https:\/\/biosciences.vn\/\",\"name\":\"Biosciences\",\"description\":\"\",\"publisher\":{\"@id\":\"https:\/\/biosciences.vn\/#organization\"},\"potentialAction\":[{\"@type\":\"SearchAction\",\"target\":{\"@type\":\"EntryPoint\",\"urlTemplate\":\"https:\/\/biosciences.vn\/?s={search_term_string}\"},\"query-input\":{\"@type\":\"PropertyValueSpecification\",\"valueRequired\":true,\"valueName\":\"search_term_string\"}}],\"inLanguage\":\"en-US\"},{\"@type\":\"Organization\",\"@id\":\"https:\/\/biosciences.vn\/#organization\",\"name\":\"Biosciences\",\"url\":\"https:\/\/biosciences.vn\/\",\"logo\":{\"@type\":\"ImageObject\",\"inLanguage\":\"en-US\",\"@id\":\"https:\/\/biosciences.vn\/#\/schema\/logo\/image\/\",\"url\":\"https:\/\/biosciences.vn\/wp-content\/uploads\/2024\/04\/LOGO-BIOSCIENCES-PNG.png\",\"contentUrl\":\"https:\/\/biosciences.vn\/wp-content\/uploads\/2024\/04\/LOGO-BIOSCIENCES-PNG.png\",\"width\":2536,\"height\":638,\"caption\":\"Biosciences\"},\"image\":{\"@id\":\"https:\/\/biosciences.vn\/#\/schema\/logo\/image\/\"}}]}<\/script>\n<!-- \/ Yoast SEO plugin. -->","yoast_head_json":{"title":"Ch\u1ee7ng chu\u1ea9n vi sinh \u0111\u1ecbnh t\u00ednh Acinetobacter baumannii NCTC\u00ae 12156 \/ ATCC\u00ae 19606 - Biosciences","robots":{"index":"index","follow":"follow","max-snippet":"max-snippet:-1","max-image-preview":"max-image-preview:large","max-video-preview":"max-video-preview:-1"},"canonical":"https:\/\/biosciences.vn\/index.php\/product\/chung-chuan-vi-sinh-dinh-tinh-acinetobacter-baumannii-nctc-12156-atcc-19606\/","og_locale":"en_US","og_type":"article","og_title":"Ch\u1ee7ng chu\u1ea9n vi sinh \u0111\u1ecbnh t\u00ednh Acinetobacter baumannii NCTC\u00ae 12156 \/ ATCC\u00ae 19606 - Biosciences","og_description":"Selectrol\u00ae Acinetobacter baumannii NCTC\u00ae 12156 \/ ATCC\u00ae 19606 l\u00e0 ch\u1ee7ng vi sinh v\u1eadt \u0111\u01b0\u1ee3c cung c\u1ea5p b\u1edfi TCS Biosciences, \u0111\u01b0\u1ee3c thi\u1ebft k\u1ebf \u0111\u1ec3 s\u1eed d\u1ee5ng trong c\u00e1c ph\u00f2ng th\u00ed nghi\u1ec7m vi sinh nh\u1eb1m ki\u1ec3m so\u00e1t ch\u1ea5t l\u01b0\u1ee3ng v\u00e0 nghi\u00ean c\u1ee9u khoa h\u1ecdc. S\u1ea3n ph\u1ea9m n\u00e0y gi\u00fap \u0111\u1ea3m b\u1ea3o \u0111\u1ed9 ch\u00ednh x\u00e1c cao trong c\u00e1c \u1ee9ng [&hellip;]","og_url":"https:\/\/biosciences.vn\/index.php\/product\/chung-chuan-vi-sinh-dinh-tinh-acinetobacter-baumannii-nctc-12156-atcc-19606\/","og_site_name":"Biosciences","article_modified_time":"2025-08-28T07:55:09+00:00","og_image":[{"width":600,"height":449,"url":"https:\/\/biosciences.vn\/wp-content\/uploads\/2025\/03\/TCS-SELECTROL_01_v1.jpg","type":"image\/jpeg"}],"twitter_card":"summary_large_image","twitter_misc":{"Est. reading time":"2 minutes"},"schema":{"@context":"https:\/\/schema.org","@graph":[{"@type":"WebPage","@id":"https:\/\/biosciences.vn\/index.php\/product\/chung-chuan-vi-sinh-dinh-tinh-acinetobacter-baumannii-nctc-12156-atcc-19606\/","url":"https:\/\/biosciences.vn\/index.php\/product\/chung-chuan-vi-sinh-dinh-tinh-acinetobacter-baumannii-nctc-12156-atcc-19606\/","name":"Ch\u1ee7ng chu\u1ea9n vi sinh \u0111\u1ecbnh t\u00ednh Acinetobacter baumannii NCTC\u00ae 12156 \/ ATCC\u00ae 19606 - Biosciences","isPartOf":{"@id":"https:\/\/biosciences.vn\/#website"},"primaryImageOfPage":{"@id":"https:\/\/biosciences.vn\/index.php\/product\/chung-chuan-vi-sinh-dinh-tinh-acinetobacter-baumannii-nctc-12156-atcc-19606\/#primaryimage"},"image":{"@id":"https:\/\/biosciences.vn\/index.php\/product\/chung-chuan-vi-sinh-dinh-tinh-acinetobacter-baumannii-nctc-12156-atcc-19606\/#primaryimage"},"thumbnailUrl":"https:\/\/biosciences.vn\/wp-content\/uploads\/2025\/03\/TCS-SELECTROL_01_v1.jpg","datePublished":"2025-03-24T09:30:03+00:00","dateModified":"2025-08-28T07:55:09+00:00","breadcrumb":{"@id":"https:\/\/biosciences.vn\/index.php\/product\/chung-chuan-vi-sinh-dinh-tinh-acinetobacter-baumannii-nctc-12156-atcc-19606\/#breadcrumb"},"inLanguage":"en-US","potentialAction":[{"@type":"ReadAction","target":["https:\/\/biosciences.vn\/index.php\/product\/chung-chuan-vi-sinh-dinh-tinh-acinetobacter-baumannii-nctc-12156-atcc-19606\/"]}]},{"@type":"ImageObject","inLanguage":"en-US","@id":"https:\/\/biosciences.vn\/index.php\/product\/chung-chuan-vi-sinh-dinh-tinh-acinetobacter-baumannii-nctc-12156-atcc-19606\/#primaryimage","url":"https:\/\/biosciences.vn\/wp-content\/uploads\/2025\/03\/TCS-SELECTROL_01_v1.jpg","contentUrl":"https:\/\/biosciences.vn\/wp-content\/uploads\/2025\/03\/TCS-SELECTROL_01_v1.jpg","width":600,"height":449},{"@type":"BreadcrumbList","@id":"https:\/\/biosciences.vn\/index.php\/product\/chung-chuan-vi-sinh-dinh-tinh-acinetobacter-baumannii-nctc-12156-atcc-19606\/#breadcrumb","itemListElement":[{"@type":"ListItem","position":1,"name":"Trang ch\u1ee7","item":"https:\/\/biosciences.vn\/index.php\/en\/home\/"},{"@type":"ListItem","position":2,"name":"Shop","item":"https:\/\/biosciences.vn\/index.php\/shop\/"},{"@type":"ListItem","position":3,"name":"Ch\u1ee7ng chu\u1ea9n vi sinh \u0111\u1ecbnh t\u00ednh Acinetobacter baumannii NCTC\u00ae 12156 \/ ATCC\u00ae 19606"}]},{"@type":"WebSite","@id":"https:\/\/biosciences.vn\/#website","url":"https:\/\/biosciences.vn\/","name":"Biosciences","description":"","publisher":{"@id":"https:\/\/biosciences.vn\/#organization"},"potentialAction":[{"@type":"SearchAction","target":{"@type":"EntryPoint","urlTemplate":"https:\/\/biosciences.vn\/?s={search_term_string}"},"query-input":{"@type":"PropertyValueSpecification","valueRequired":true,"valueName":"search_term_string"}}],"inLanguage":"en-US"},{"@type":"Organization","@id":"https:\/\/biosciences.vn\/#organization","name":"Biosciences","url":"https:\/\/biosciences.vn\/","logo":{"@type":"ImageObject","inLanguage":"en-US","@id":"https:\/\/biosciences.vn\/#\/schema\/logo\/image\/","url":"https:\/\/biosciences.vn\/wp-content\/uploads\/2024\/04\/LOGO-BIOSCIENCES-PNG.png","contentUrl":"https:\/\/biosciences.vn\/wp-content\/uploads\/2024\/04\/LOGO-BIOSCIENCES-PNG.png","width":2536,"height":638,"caption":"Biosciences"},"image":{"@id":"https:\/\/biosciences.vn\/#\/schema\/logo\/image\/"}}]}},"brands":[{"id":644,"name":"TCS Biosciences","slug":"tcs-biosciences-vi"}],"_links":{"self":[{"href":"https:\/\/biosciences.vn\/index.php\/wp-json\/wp\/v2\/product\/6709"}],"collection":[{"href":"https:\/\/biosciences.vn\/index.php\/wp-json\/wp\/v2\/product"}],"about":[{"href":"https:\/\/biosciences.vn\/index.php\/wp-json\/wp\/v2\/types\/product"}],"replies":[{"embeddable":true,"href":"https:\/\/biosciences.vn\/index.php\/wp-json\/wp\/v2\/comments?post=6709"}],"wp:featuredmedia":[{"embeddable":true,"href":"https:\/\/biosciences.vn\/index.php\/wp-json\/wp\/v2\/media\/6710"}],"wp:attachment":[{"href":"https:\/\/biosciences.vn\/index.php\/wp-json\/wp\/v2\/media?parent=6709"}],"wp:term":[{"taxonomy":"pwb-brand","embeddable":true,"href":"https:\/\/biosciences.vn\/index.php\/wp-json\/wp\/v2\/pwb-brand?post=6709"},{"taxonomy":"product_cat","embeddable":true,"href":"https:\/\/biosciences.vn\/index.php\/wp-json\/wp\/v2\/product_cat?post=6709"},{"taxonomy":"product_tag","embeddable":true,"href":"https:\/\/biosciences.vn\/index.php\/wp-json\/wp\/v2\/product_tag?post=6709"}],"curies":[{"name":"wp","href":"https:\/\/api.w.org\/{rel}","templated":true}]}}