{"id":6759,"date":"2025-03-26T11:47:36","date_gmt":"2025-03-26T04:47:36","guid":{"rendered":"https:\/\/biosciences.vn\/?post_type=product&#038;p=6759"},"modified":"2025-08-28T14:55:09","modified_gmt":"2025-08-28T07:55:09","slug":"chung-chuan-vi-sinh-dinh-tinh-bacillus-cereus-nctc-7464-atcc-10876-2","status":"publish","type":"product","link":"https:\/\/biosciences.vn\/index.php\/product\/chung-chuan-vi-sinh-dinh-tinh-bacillus-cereus-nctc-7464-atcc-10876-2\/","title":{"rendered":"Ch\u1ee7ng chu\u1ea9n vi sinh \u0111\u1ecbnh t\u00ednh Bacillus cereus NCTC\u00ae 7464 \/ ATCC\u00ae 10876"},"content":{"rendered":"<p class=\"\" data-start=\"0\" data-end=\"315\"><strong data-start=\"0\" data-end=\"55\">Selectrol\u00ae Bacillus cereus NCTC\u00ae 7464 \/ ATCC\u00ae 10876<\/strong> l\u00e0 ch\u1ee7ng vi sinh v\u1eadt \u0111\u1ecbnh l\u01b0\u1ee3ng \u0111\u01b0\u1ee3c cung c\u1ea5p b\u1edfi <strong data-start=\"106\" data-end=\"125\">TCS Biosciences<\/strong>, \u0111\u01b0\u1ee3c thi\u1ebft k\u1ebf \u0111\u1ec3 s\u1eed d\u1ee5ng trong c\u00e1c ph\u00f2ng th\u00ed nghi\u1ec7m vi sinh nh\u1eb1m ki\u1ec3m so\u00e1t ch\u1ea5t l\u01b0\u1ee3ng v\u00e0 ph\u1ee5c v\u1ee5 nghi\u00ean c\u1ee9u khoa h\u1ecdc. S\u1ea3n ph\u1ea9m \u0111\u1ea3m b\u1ea3o \u0111\u1ed9 ch\u00ednh x\u00e1c cao trong c\u00e1c \u1ee9ng d\u1ee5ng ki\u1ec3m tra vi sinh.<\/p>\n<p class=\"\" data-start=\"317\" data-end=\"336\"><strong data-start=\"317\" data-end=\"336\">\u0110\u1eb7c \u0111i\u1ec3m ch\u00ednh:<\/strong><\/p>\n<ul data-start=\"338\" data-end=\"514\">\n<li class=\"\" data-start=\"338\" data-end=\"366\">\n<p class=\"\" data-start=\"340\" data-end=\"366\"><strong data-start=\"340\" data-end=\"356\">M\u00e3 s\u1ea3n ph\u1ea9m:<\/strong> MM86-25<\/p>\n<\/li>\n<li class=\"\" data-start=\"367\" data-end=\"432\">\n<p class=\"\" data-start=\"369\" data-end=\"432\"><strong data-start=\"369\" data-end=\"387\">Ch\u1ee7ng vi sinh:<\/strong> <em data-start=\"388\" data-end=\"405\">Bacillus cereus<\/em> NCTC\u00ae 7464 \/ ATCC\u00ae 10876<\/p>\n<\/li>\n<li class=\"\" data-start=\"433\" data-end=\"457\">\n<p class=\"\" data-start=\"435\" data-end=\"457\"><strong data-start=\"435\" data-end=\"448\">S\u1ed1 l\u01b0\u1ee3ng:<\/strong> 25 \u0111\u0129a<\/p>\n<\/li>\n<li class=\"\" data-start=\"458\" data-end=\"477\">\n<p class=\"\" data-start=\"460\" data-end=\"477\"><strong data-start=\"460\" data-end=\"469\">WDCM:<\/strong> 00002<\/p>\n<\/li>\n<\/ul>\n<p class=\"\" data-start=\"516\" data-end=\"538\"><strong data-start=\"516\" data-end=\"538\">\u1ee8ng d\u1ee5ng ph\u1ed5 bi\u1ebfn:<\/strong><\/p>\n<ul data-start=\"540\" data-end=\"771\">\n<li class=\"\" data-start=\"540\" data-end=\"613\">\n<p class=\"\" data-start=\"542\" data-end=\"613\">Ki\u1ec3m so\u00e1t ch\u1ea5t l\u01b0\u1ee3ng m\u00f4i tr\u01b0\u1eddng nu\u00f4i c\u1ea5y, ki\u1ec3m tra ho\u1ea1t t\u00ednh h\u00f3a sinh<\/p>\n<\/li>\n<li class=\"\" data-start=\"614\" data-end=\"688\">\n<p class=\"\" data-start=\"616\" data-end=\"688\">\u0110\u00e1nh gi\u00e1 hi\u1ec7u qu\u1ea3 ch\u1ea5t b\u1ea3o qu\u1ea3n, kh\u00e1ng sinh trong d\u01b0\u1ee3c ph\u1ea9m v\u00e0 m\u1ef9 ph\u1ea9m<\/p>\n<\/li>\n<li class=\"\" data-start=\"689\" data-end=\"771\">\n<p class=\"\" data-start=\"691\" data-end=\"771\">Ki\u1ec3m tra \u0111\u1ed9 nh\u1ea1y kh\u00e1ng sinh trong c\u00e1c quy tr\u00ecnh vi sinh l\u00e2m s\u00e0ng v\u00e0 m\u00f4i tr\u01b0\u1eddng<\/p>\n<\/li>\n<\/ul>\n<p class=\"\" data-start=\"773\" data-end=\"783\"><strong data-start=\"773\" data-end=\"783\">L\u01b0u \u00fd:<\/strong><\/p>\n<ul data-start=\"785\" data-end=\"1032\">\n<li class=\"\" data-start=\"785\" data-end=\"887\">\n<p class=\"\" data-start=\"787\" data-end=\"887\">Selectrol\u00ae l\u00e0 ch\u1ee7ng chu\u1ea9n th\u1ebf h\u1ec7 \u0111\u1ea7u, \u0111\u01b0\u1ee3c c\u1ea5p ph\u00e9p v\u00e0 l\u1ea5y t\u1eeb c\u00e1c b\u1ed9 s\u01b0u t\u1eadp chu\u1ea9n NCTC\u00ae v\u00e0 NCPF\u00ae.<\/p>\n<\/li>\n<li class=\"\" data-start=\"888\" data-end=\"1032\">\n<p class=\"\" data-start=\"890\" data-end=\"1032\">S\u1ea3n ph\u1ea9m \u0111\u01b0\u1ee3c s\u1eed d\u1ee5ng trong d\u01b0\u1ee3c ph\u1ea9m, th\u1ef1c ph\u1ea9m v\u00e0 ng\u00e0nh ki\u1ec3m nghi\u1ec7m vi sinh theo ti\u00eau chu\u1ea9n ISO 11133 v\u00e0 c\u00e1c ti\u00eau chu\u1ea9n d\u01b0\u1ee3c \u0111i\u1ec3n qu\u1ed1c t\u1ebf.<\/p>\n<\/li>\n<\/ul>\n<p class=\"\" data-start=\"1034\" data-end=\"1055\"><strong data-start=\"1034\" data-end=\"1055\">Li\u00ean h\u1ec7 \u0111\u1eb7t h\u00e0ng:<\/strong><\/p>\n<p class=\"\" data-start=\"1057\" data-end=\"1121\"><strong data-start=\"1057\" data-end=\"1075\">Biosciences.vn<\/strong><br data-start=\"1075\" data-end=\"1078\" \/>\ud83d\udcde 0933 270 120<br data-start=\"1093\" data-end=\"1096\" \/>\ud83d\udce9 <a rel=\"noopener\" data-start=\"1099\" data-end=\"1119\">sales@biosciences.vn<\/a><\/p>\n","protected":false},"excerpt":{"rendered":"<p>Selectrol\u00ae Bacillus cereus NCTC\u00ae 7464 \/ ATCC\u00ae 10876 l\u00e0 ch\u1ee7ng vi sinh v\u1eadt \u0111\u1ecbnh l\u01b0\u1ee3ng \u0111\u01b0\u1ee3c cung c\u1ea5p b\u1edfi TCS Biosciences, \u0111\u01b0\u1ee3c thi\u1ebft k\u1ebf \u0111\u1ec3 s\u1eed d\u1ee5ng trong c\u00e1c ph\u00f2ng th\u00ed nghi\u1ec7m vi sinh nh\u1eb1m ki\u1ec3m so\u00e1t ch\u1ea5t l\u01b0\u1ee3ng v\u00e0 ph\u1ee5c v\u1ee5 nghi\u00ean c\u1ee9u khoa h\u1ecdc. S\u1ea3n ph\u1ea9m \u0111\u1ea3m b\u1ea3o \u0111\u1ed9 ch\u00ednh x\u00e1c cao trong [&hellip;]<\/p>\n","protected":false},"featured_media":6710,"comment_status":"open","ping_status":"closed","template":"","meta":[],"pwb-brand":[644],"product_cat":[434,485,665],"product_tag":[949,947,951],"class_list":{"0":"post-6759","1":"product","2":"type-product","3":"status-publish","4":"has-post-thumbnail","6":"pwb-brand-tcs-biosciences-vi","7":"product_cat-khoa-hoc-su-song","8":"product_cat-hoa-chat-vat-tu","9":"product_cat-chung-chuan-vi-sinh","10":"product_tag-atcc","11":"product_tag-ntcc","12":"product_tag-quality-control","14":"first","15":"onbackorder","16":"shipping-taxable","17":"purchasable","18":"product-type-simple"},"yoast_head":"<!-- This site is optimized with the Yoast SEO plugin v23.6 - https:\/\/yoast.com\/wordpress\/plugins\/seo\/ -->\n<title>Ch\u1ee7ng chu\u1ea9n vi sinh \u0111\u1ecbnh t\u00ednh Bacillus cereus NCTC\u00ae 7464 \/ ATCC\u00ae 10876 - Biosciences<\/title>\n<meta name=\"robots\" content=\"index, follow, max-snippet:-1, max-image-preview:large, max-video-preview:-1\" \/>\n<link rel=\"canonical\" href=\"https:\/\/biosciences.vn\/index.php\/product\/chung-chuan-vi-sinh-dinh-tinh-bacillus-cereus-nctc-7464-atcc-10876-2\/\" \/>\n<meta property=\"og:locale\" content=\"en_US\" \/>\n<meta property=\"og:type\" content=\"article\" \/>\n<meta property=\"og:title\" content=\"Ch\u1ee7ng chu\u1ea9n vi sinh \u0111\u1ecbnh t\u00ednh Bacillus cereus NCTC\u00ae 7464 \/ ATCC\u00ae 10876 - Biosciences\" \/>\n<meta property=\"og:description\" content=\"Selectrol\u00ae Bacillus cereus NCTC\u00ae 7464 \/ ATCC\u00ae 10876 l\u00e0 ch\u1ee7ng vi sinh v\u1eadt \u0111\u1ecbnh l\u01b0\u1ee3ng \u0111\u01b0\u1ee3c cung c\u1ea5p b\u1edfi TCS Biosciences, \u0111\u01b0\u1ee3c thi\u1ebft k\u1ebf \u0111\u1ec3 s\u1eed d\u1ee5ng trong c\u00e1c ph\u00f2ng th\u00ed nghi\u1ec7m vi sinh nh\u1eb1m ki\u1ec3m so\u00e1t ch\u1ea5t l\u01b0\u1ee3ng v\u00e0 ph\u1ee5c v\u1ee5 nghi\u00ean c\u1ee9u khoa h\u1ecdc. S\u1ea3n ph\u1ea9m \u0111\u1ea3m b\u1ea3o \u0111\u1ed9 ch\u00ednh x\u00e1c cao trong [&hellip;]\" \/>\n<meta property=\"og:url\" content=\"https:\/\/biosciences.vn\/index.php\/product\/chung-chuan-vi-sinh-dinh-tinh-bacillus-cereus-nctc-7464-atcc-10876-2\/\" \/>\n<meta property=\"og:site_name\" content=\"Biosciences\" \/>\n<meta property=\"article:modified_time\" content=\"2025-08-28T07:55:09+00:00\" \/>\n<meta property=\"og:image\" content=\"https:\/\/biosciences.vn\/wp-content\/uploads\/2025\/03\/TCS-SELECTROL_01_v1.jpg\" \/>\n\t<meta property=\"og:image:width\" content=\"600\" \/>\n\t<meta property=\"og:image:height\" content=\"449\" \/>\n\t<meta property=\"og:image:type\" content=\"image\/jpeg\" \/>\n<meta name=\"twitter:card\" content=\"summary_large_image\" \/>\n<meta name=\"twitter:label1\" content=\"Est. reading time\" \/>\n\t<meta name=\"twitter:data1\" content=\"2 minutes\" \/>\n<script type=\"application\/ld+json\" class=\"yoast-schema-graph\">{\"@context\":\"https:\/\/schema.org\",\"@graph\":[{\"@type\":\"WebPage\",\"@id\":\"https:\/\/biosciences.vn\/index.php\/product\/chung-chuan-vi-sinh-dinh-tinh-bacillus-cereus-nctc-7464-atcc-10876-2\/\",\"url\":\"https:\/\/biosciences.vn\/index.php\/product\/chung-chuan-vi-sinh-dinh-tinh-bacillus-cereus-nctc-7464-atcc-10876-2\/\",\"name\":\"Ch\u1ee7ng chu\u1ea9n vi sinh \u0111\u1ecbnh t\u00ednh Bacillus cereus NCTC\u00ae 7464 \/ ATCC\u00ae 10876 - Biosciences\",\"isPartOf\":{\"@id\":\"https:\/\/biosciences.vn\/#website\"},\"primaryImageOfPage\":{\"@id\":\"https:\/\/biosciences.vn\/index.php\/product\/chung-chuan-vi-sinh-dinh-tinh-bacillus-cereus-nctc-7464-atcc-10876-2\/#primaryimage\"},\"image\":{\"@id\":\"https:\/\/biosciences.vn\/index.php\/product\/chung-chuan-vi-sinh-dinh-tinh-bacillus-cereus-nctc-7464-atcc-10876-2\/#primaryimage\"},\"thumbnailUrl\":\"https:\/\/biosciences.vn\/wp-content\/uploads\/2025\/03\/TCS-SELECTROL_01_v1.jpg\",\"datePublished\":\"2025-03-26T04:47:36+00:00\",\"dateModified\":\"2025-08-28T07:55:09+00:00\",\"breadcrumb\":{\"@id\":\"https:\/\/biosciences.vn\/index.php\/product\/chung-chuan-vi-sinh-dinh-tinh-bacillus-cereus-nctc-7464-atcc-10876-2\/#breadcrumb\"},\"inLanguage\":\"en-US\",\"potentialAction\":[{\"@type\":\"ReadAction\",\"target\":[\"https:\/\/biosciences.vn\/index.php\/product\/chung-chuan-vi-sinh-dinh-tinh-bacillus-cereus-nctc-7464-atcc-10876-2\/\"]}]},{\"@type\":\"ImageObject\",\"inLanguage\":\"en-US\",\"@id\":\"https:\/\/biosciences.vn\/index.php\/product\/chung-chuan-vi-sinh-dinh-tinh-bacillus-cereus-nctc-7464-atcc-10876-2\/#primaryimage\",\"url\":\"https:\/\/biosciences.vn\/wp-content\/uploads\/2025\/03\/TCS-SELECTROL_01_v1.jpg\",\"contentUrl\":\"https:\/\/biosciences.vn\/wp-content\/uploads\/2025\/03\/TCS-SELECTROL_01_v1.jpg\",\"width\":600,\"height\":449},{\"@type\":\"BreadcrumbList\",\"@id\":\"https:\/\/biosciences.vn\/index.php\/product\/chung-chuan-vi-sinh-dinh-tinh-bacillus-cereus-nctc-7464-atcc-10876-2\/#breadcrumb\",\"itemListElement\":[{\"@type\":\"ListItem\",\"position\":1,\"name\":\"Trang ch\u1ee7\",\"item\":\"https:\/\/biosciences.vn\/index.php\/en\/home\/\"},{\"@type\":\"ListItem\",\"position\":2,\"name\":\"Shop\",\"item\":\"https:\/\/biosciences.vn\/index.php\/shop\/\"},{\"@type\":\"ListItem\",\"position\":3,\"name\":\"Ch\u1ee7ng chu\u1ea9n vi sinh \u0111\u1ecbnh t\u00ednh Bacillus cereus NCTC\u00ae 7464 \/ ATCC\u00ae 10876\"}]},{\"@type\":\"WebSite\",\"@id\":\"https:\/\/biosciences.vn\/#website\",\"url\":\"https:\/\/biosciences.vn\/\",\"name\":\"Biosciences\",\"description\":\"\",\"publisher\":{\"@id\":\"https:\/\/biosciences.vn\/#organization\"},\"potentialAction\":[{\"@type\":\"SearchAction\",\"target\":{\"@type\":\"EntryPoint\",\"urlTemplate\":\"https:\/\/biosciences.vn\/?s={search_term_string}\"},\"query-input\":{\"@type\":\"PropertyValueSpecification\",\"valueRequired\":true,\"valueName\":\"search_term_string\"}}],\"inLanguage\":\"en-US\"},{\"@type\":\"Organization\",\"@id\":\"https:\/\/biosciences.vn\/#organization\",\"name\":\"Biosciences\",\"url\":\"https:\/\/biosciences.vn\/\",\"logo\":{\"@type\":\"ImageObject\",\"inLanguage\":\"en-US\",\"@id\":\"https:\/\/biosciences.vn\/#\/schema\/logo\/image\/\",\"url\":\"https:\/\/biosciences.vn\/wp-content\/uploads\/2024\/04\/LOGO-BIOSCIENCES-PNG.png\",\"contentUrl\":\"https:\/\/biosciences.vn\/wp-content\/uploads\/2024\/04\/LOGO-BIOSCIENCES-PNG.png\",\"width\":2536,\"height\":638,\"caption\":\"Biosciences\"},\"image\":{\"@id\":\"https:\/\/biosciences.vn\/#\/schema\/logo\/image\/\"}}]}<\/script>\n<!-- \/ Yoast SEO plugin. -->","yoast_head_json":{"title":"Ch\u1ee7ng chu\u1ea9n vi sinh \u0111\u1ecbnh t\u00ednh Bacillus cereus NCTC\u00ae 7464 \/ ATCC\u00ae 10876 - Biosciences","robots":{"index":"index","follow":"follow","max-snippet":"max-snippet:-1","max-image-preview":"max-image-preview:large","max-video-preview":"max-video-preview:-1"},"canonical":"https:\/\/biosciences.vn\/index.php\/product\/chung-chuan-vi-sinh-dinh-tinh-bacillus-cereus-nctc-7464-atcc-10876-2\/","og_locale":"en_US","og_type":"article","og_title":"Ch\u1ee7ng chu\u1ea9n vi sinh \u0111\u1ecbnh t\u00ednh Bacillus cereus NCTC\u00ae 7464 \/ ATCC\u00ae 10876 - Biosciences","og_description":"Selectrol\u00ae Bacillus cereus NCTC\u00ae 7464 \/ ATCC\u00ae 10876 l\u00e0 ch\u1ee7ng vi sinh v\u1eadt \u0111\u1ecbnh l\u01b0\u1ee3ng \u0111\u01b0\u1ee3c cung c\u1ea5p b\u1edfi TCS Biosciences, \u0111\u01b0\u1ee3c thi\u1ebft k\u1ebf \u0111\u1ec3 s\u1eed d\u1ee5ng trong c\u00e1c ph\u00f2ng th\u00ed nghi\u1ec7m vi sinh nh\u1eb1m ki\u1ec3m so\u00e1t ch\u1ea5t l\u01b0\u1ee3ng v\u00e0 ph\u1ee5c v\u1ee5 nghi\u00ean c\u1ee9u khoa h\u1ecdc. S\u1ea3n ph\u1ea9m \u0111\u1ea3m b\u1ea3o \u0111\u1ed9 ch\u00ednh x\u00e1c cao trong [&hellip;]","og_url":"https:\/\/biosciences.vn\/index.php\/product\/chung-chuan-vi-sinh-dinh-tinh-bacillus-cereus-nctc-7464-atcc-10876-2\/","og_site_name":"Biosciences","article_modified_time":"2025-08-28T07:55:09+00:00","og_image":[{"width":600,"height":449,"url":"https:\/\/biosciences.vn\/wp-content\/uploads\/2025\/03\/TCS-SELECTROL_01_v1.jpg","type":"image\/jpeg"}],"twitter_card":"summary_large_image","twitter_misc":{"Est. reading time":"2 minutes"},"schema":{"@context":"https:\/\/schema.org","@graph":[{"@type":"WebPage","@id":"https:\/\/biosciences.vn\/index.php\/product\/chung-chuan-vi-sinh-dinh-tinh-bacillus-cereus-nctc-7464-atcc-10876-2\/","url":"https:\/\/biosciences.vn\/index.php\/product\/chung-chuan-vi-sinh-dinh-tinh-bacillus-cereus-nctc-7464-atcc-10876-2\/","name":"Ch\u1ee7ng chu\u1ea9n vi sinh \u0111\u1ecbnh t\u00ednh Bacillus cereus NCTC\u00ae 7464 \/ ATCC\u00ae 10876 - Biosciences","isPartOf":{"@id":"https:\/\/biosciences.vn\/#website"},"primaryImageOfPage":{"@id":"https:\/\/biosciences.vn\/index.php\/product\/chung-chuan-vi-sinh-dinh-tinh-bacillus-cereus-nctc-7464-atcc-10876-2\/#primaryimage"},"image":{"@id":"https:\/\/biosciences.vn\/index.php\/product\/chung-chuan-vi-sinh-dinh-tinh-bacillus-cereus-nctc-7464-atcc-10876-2\/#primaryimage"},"thumbnailUrl":"https:\/\/biosciences.vn\/wp-content\/uploads\/2025\/03\/TCS-SELECTROL_01_v1.jpg","datePublished":"2025-03-26T04:47:36+00:00","dateModified":"2025-08-28T07:55:09+00:00","breadcrumb":{"@id":"https:\/\/biosciences.vn\/index.php\/product\/chung-chuan-vi-sinh-dinh-tinh-bacillus-cereus-nctc-7464-atcc-10876-2\/#breadcrumb"},"inLanguage":"en-US","potentialAction":[{"@type":"ReadAction","target":["https:\/\/biosciences.vn\/index.php\/product\/chung-chuan-vi-sinh-dinh-tinh-bacillus-cereus-nctc-7464-atcc-10876-2\/"]}]},{"@type":"ImageObject","inLanguage":"en-US","@id":"https:\/\/biosciences.vn\/index.php\/product\/chung-chuan-vi-sinh-dinh-tinh-bacillus-cereus-nctc-7464-atcc-10876-2\/#primaryimage","url":"https:\/\/biosciences.vn\/wp-content\/uploads\/2025\/03\/TCS-SELECTROL_01_v1.jpg","contentUrl":"https:\/\/biosciences.vn\/wp-content\/uploads\/2025\/03\/TCS-SELECTROL_01_v1.jpg","width":600,"height":449},{"@type":"BreadcrumbList","@id":"https:\/\/biosciences.vn\/index.php\/product\/chung-chuan-vi-sinh-dinh-tinh-bacillus-cereus-nctc-7464-atcc-10876-2\/#breadcrumb","itemListElement":[{"@type":"ListItem","position":1,"name":"Trang ch\u1ee7","item":"https:\/\/biosciences.vn\/index.php\/en\/home\/"},{"@type":"ListItem","position":2,"name":"Shop","item":"https:\/\/biosciences.vn\/index.php\/shop\/"},{"@type":"ListItem","position":3,"name":"Ch\u1ee7ng chu\u1ea9n vi sinh \u0111\u1ecbnh t\u00ednh Bacillus cereus NCTC\u00ae 7464 \/ ATCC\u00ae 10876"}]},{"@type":"WebSite","@id":"https:\/\/biosciences.vn\/#website","url":"https:\/\/biosciences.vn\/","name":"Biosciences","description":"","publisher":{"@id":"https:\/\/biosciences.vn\/#organization"},"potentialAction":[{"@type":"SearchAction","target":{"@type":"EntryPoint","urlTemplate":"https:\/\/biosciences.vn\/?s={search_term_string}"},"query-input":{"@type":"PropertyValueSpecification","valueRequired":true,"valueName":"search_term_string"}}],"inLanguage":"en-US"},{"@type":"Organization","@id":"https:\/\/biosciences.vn\/#organization","name":"Biosciences","url":"https:\/\/biosciences.vn\/","logo":{"@type":"ImageObject","inLanguage":"en-US","@id":"https:\/\/biosciences.vn\/#\/schema\/logo\/image\/","url":"https:\/\/biosciences.vn\/wp-content\/uploads\/2024\/04\/LOGO-BIOSCIENCES-PNG.png","contentUrl":"https:\/\/biosciences.vn\/wp-content\/uploads\/2024\/04\/LOGO-BIOSCIENCES-PNG.png","width":2536,"height":638,"caption":"Biosciences"},"image":{"@id":"https:\/\/biosciences.vn\/#\/schema\/logo\/image\/"}}]}},"brands":[{"id":644,"name":"TCS Biosciences","slug":"tcs-biosciences-vi"}],"_links":{"self":[{"href":"https:\/\/biosciences.vn\/index.php\/wp-json\/wp\/v2\/product\/6759"}],"collection":[{"href":"https:\/\/biosciences.vn\/index.php\/wp-json\/wp\/v2\/product"}],"about":[{"href":"https:\/\/biosciences.vn\/index.php\/wp-json\/wp\/v2\/types\/product"}],"replies":[{"embeddable":true,"href":"https:\/\/biosciences.vn\/index.php\/wp-json\/wp\/v2\/comments?post=6759"}],"wp:featuredmedia":[{"embeddable":true,"href":"https:\/\/biosciences.vn\/index.php\/wp-json\/wp\/v2\/media\/6710"}],"wp:attachment":[{"href":"https:\/\/biosciences.vn\/index.php\/wp-json\/wp\/v2\/media?parent=6759"}],"wp:term":[{"taxonomy":"pwb-brand","embeddable":true,"href":"https:\/\/biosciences.vn\/index.php\/wp-json\/wp\/v2\/pwb-brand?post=6759"},{"taxonomy":"product_cat","embeddable":true,"href":"https:\/\/biosciences.vn\/index.php\/wp-json\/wp\/v2\/product_cat?post=6759"},{"taxonomy":"product_tag","embeddable":true,"href":"https:\/\/biosciences.vn\/index.php\/wp-json\/wp\/v2\/product_tag?post=6759"}],"curies":[{"name":"wp","href":"https:\/\/api.w.org\/{rel}","templated":true}]}}