{"id":6767,"date":"2025-03-26T13:58:49","date_gmt":"2025-03-26T06:58:49","guid":{"rendered":"https:\/\/biosciences.vn\/?post_type=product&#038;p=6767"},"modified":"2025-08-28T14:55:09","modified_gmt":"2025-08-28T07:55:09","slug":"chung-chuan-vi-sinh-dinh-tinh-candida-albicans-ncpf-3179-atcc-10231","status":"publish","type":"product","link":"https:\/\/biosciences.vn\/index.php\/product\/chung-chuan-vi-sinh-dinh-tinh-candida-albicans-ncpf-3179-atcc-10231\/","title":{"rendered":"Ch\u1ee7ng chu\u1ea9n vi sinh \u0111\u1ecbnh t\u00ednh Candida albicans NCPF\u00ae 3179 \/ ATCC\u00ae 10231"},"content":{"rendered":"<p class=\"\" data-start=\"0\" data-end=\"326\"><strong data-start=\"0\" data-end=\"56\">Selectrol\u00ae Candida albicans NCPF\u00ae 3179 \/ ATCC\u00ae 10231<\/strong> l\u00e0 ch\u1ee7ng vi sinh v\u1eadt \u0111\u1ecbnh l\u01b0\u1ee3ng \u0111\u01b0\u1ee3c cung c\u1ea5p b\u1edfi <strong data-start=\"107\" data-end=\"126\">TCS Biosciences<\/strong>, \u0111\u01b0\u1ee3c thi\u1ebft k\u1ebf \u0111\u1ec3 s\u1eed d\u1ee5ng trong c\u00e1c ph\u00f2ng th\u00ed nghi\u1ec7m vi sinh nh\u1eb1m ki\u1ec3m so\u00e1t ch\u1ea5t l\u01b0\u1ee3ng v\u00e0 ph\u1ee5c v\u1ee5 nghi\u00ean c\u1ee9u khoa h\u1ecdc. S\u1ea3n ph\u1ea9m gi\u00fap \u0111\u1ea3m b\u1ea3o \u0111\u1ed9 ch\u00ednh x\u00e1c v\u00e0 nh\u1ea5t qu\u00e1n trong c\u00e1c quy tr\u00ecnh ki\u1ec3m nghi\u1ec7m.<\/p>\n<p class=\"\" data-start=\"328\" data-end=\"347\"><strong data-start=\"328\" data-end=\"347\">\u0110\u1eb7c \u0111i\u1ec3m ch\u00ednh:<\/strong><\/p>\n<ul data-start=\"349\" data-end=\"525\">\n<li class=\"\" data-start=\"349\" data-end=\"377\">\n<p class=\"\" data-start=\"351\" data-end=\"377\"><strong data-start=\"351\" data-end=\"367\">M\u00e3 s\u1ea3n ph\u1ea9m:<\/strong> MM42-10<\/p>\n<\/li>\n<li class=\"\" data-start=\"378\" data-end=\"444\">\n<p class=\"\" data-start=\"380\" data-end=\"444\"><strong data-start=\"380\" data-end=\"398\">Ch\u1ee7ng vi sinh:<\/strong> <em data-start=\"399\" data-end=\"417\">Candida albicans<\/em> NCPF\u00ae 3179 \/ ATCC\u00ae 10231<\/p>\n<\/li>\n<li class=\"\" data-start=\"445\" data-end=\"469\">\n<p class=\"\" data-start=\"447\" data-end=\"469\"><strong data-start=\"447\" data-end=\"460\">S\u1ed1 l\u01b0\u1ee3ng:<\/strong> 10 \u0111\u0129a<\/p>\n<\/li>\n<li class=\"\" data-start=\"470\" data-end=\"489\">\n<p class=\"\" data-start=\"472\" data-end=\"489\"><strong data-start=\"472\" data-end=\"481\">WDCM:<\/strong> 00054<\/p>\n<\/li>\n<li class=\"\" data-start=\"490\" data-end=\"525\"><strong data-start=\"527\" data-end=\"549\">\u1ee8ng d\u1ee5ng ph\u1ed5 bi\u1ebfn:<\/strong><\/li>\n<\/ul>\n<ul data-start=\"551\" data-end=\"798\">\n<li class=\"\" data-start=\"551\" data-end=\"617\">\n<p class=\"\" data-start=\"553\" data-end=\"617\">Ki\u1ec3m so\u00e1t ch\u1ea5t l\u01b0\u1ee3ng m\u00f4i tr\u01b0\u1eddng nu\u00f4i c\u1ea5y v\u00e0 th\u1eed nghi\u1ec7m vi sinh<\/p>\n<\/li>\n<li class=\"\" data-start=\"618\" data-end=\"712\">\n<p class=\"\" data-start=\"620\" data-end=\"712\">Th\u1eed nghi\u1ec7m \u0111\u1ed9 nh\u1ea1y kh\u00e1ng n\u1ea5m v\u00e0 \u0111\u00e1nh gi\u00e1 hi\u1ec7u qu\u1ea3 ch\u1ea5t b\u1ea3o qu\u1ea3n trong d\u01b0\u1ee3c ph\u1ea9m v\u00e0 m\u1ef9 ph\u1ea9m<\/p>\n<\/li>\n<li class=\"\" data-start=\"713\" data-end=\"798\">\n<p class=\"\" data-start=\"715\" data-end=\"798\">\u1ee8ng d\u1ee5ng trong nghi\u00ean c\u1ee9u vi sinh y t\u1ebf, m\u00f4i tr\u01b0\u1eddng v\u00e0 ng\u00e0nh c\u00f4ng nghi\u1ec7p th\u1ef1c ph\u1ea9m<\/p>\n<\/li>\n<\/ul>\n<p class=\"\" data-start=\"800\" data-end=\"810\"><strong data-start=\"800\" data-end=\"810\">L\u01b0u \u00fd:<\/strong><\/p>\n<ul data-start=\"812\" data-end=\"1061\">\n<li class=\"\" data-start=\"812\" data-end=\"981\">\n<p class=\"\" data-start=\"814\" data-end=\"981\">Selectrol\u00ae l\u00e0 ch\u1ee7ng chu\u1ea9n th\u1ebf h\u1ec7 \u0111\u1ea7u ti\u00ean, s\u1ea3n xu\u1ea5t t\u1eeb c\u00e1c ch\u1ee7ng g\u1ed1c c\u1ee7a NCTC\u00ae v\u00e0 NCPF\u00ae, \u0111\u1ea3m b\u1ea3o t\u00ednh \u0111\u1ed3ng nh\u1ea5t v\u00e0 chu\u1ea9n h\u00f3a trong c\u00e1c quy tr\u00ecnh ki\u1ec3m nghi\u1ec7m vi sinh.<\/p>\n<\/li>\n<li class=\"\" data-start=\"982\" data-end=\"1061\">\n<p class=\"\" data-start=\"984\" data-end=\"1061\">S\u1ea3n ph\u1ea9m tu\u00e2n th\u1ee7 ti\u00eau chu\u1ea9n ISO 11133 v\u00e0 c\u00e1c ti\u00eau chu\u1ea9n d\u01b0\u1ee3c \u0111i\u1ec3n qu\u1ed1c t\u1ebf.<\/p>\n<\/li>\n<\/ul>\n<p class=\"\" data-start=\"1063\" data-end=\"1084\"><strong data-start=\"1063\" data-end=\"1084\">Li\u00ean h\u1ec7 \u0111\u1eb7t h\u00e0ng:<\/strong><\/p>\n<p class=\"\" data-start=\"1086\" data-end=\"1148\"><strong data-start=\"1086\" data-end=\"1104\">Biosciences.vn<\/strong><br data-start=\"1104\" data-end=\"1107\" \/>\ud83d\udcde 0933 270 120<br data-start=\"1122\" data-end=\"1125\" \/>\ud83d\udce9 <a rel=\"noopener\" data-start=\"1128\" data-end=\"1148\" data-is-last-node=\"\">sales@biosciences.vn<\/a><\/p>\n","protected":false},"excerpt":{"rendered":"<p>Selectrol\u00ae Candida albicans NCPF\u00ae 3179 \/ ATCC\u00ae 10231 l\u00e0 ch\u1ee7ng vi sinh v\u1eadt \u0111\u1ecbnh l\u01b0\u1ee3ng \u0111\u01b0\u1ee3c cung c\u1ea5p b\u1edfi TCS Biosciences, \u0111\u01b0\u1ee3c thi\u1ebft k\u1ebf \u0111\u1ec3 s\u1eed d\u1ee5ng trong c\u00e1c ph\u00f2ng th\u00ed nghi\u1ec7m vi sinh nh\u1eb1m ki\u1ec3m so\u00e1t ch\u1ea5t l\u01b0\u1ee3ng v\u00e0 ph\u1ee5c v\u1ee5 nghi\u00ean c\u1ee9u khoa h\u1ecdc. S\u1ea3n ph\u1ea9m gi\u00fap \u0111\u1ea3m b\u1ea3o \u0111\u1ed9 ch\u00ednh x\u00e1c v\u00e0 [&hellip;]<\/p>\n","protected":false},"featured_media":6710,"comment_status":"open","ping_status":"closed","template":"","meta":[],"pwb-brand":[644],"product_cat":[434,485,665],"product_tag":[949,947,951],"class_list":{"0":"post-6767","1":"product","2":"type-product","3":"status-publish","4":"has-post-thumbnail","6":"pwb-brand-tcs-biosciences-vi","7":"product_cat-khoa-hoc-su-song","8":"product_cat-hoa-chat-vat-tu","9":"product_cat-chung-chuan-vi-sinh","10":"product_tag-atcc","11":"product_tag-ntcc","12":"product_tag-quality-control","14":"first","15":"onbackorder","16":"shipping-taxable","17":"purchasable","18":"product-type-simple"},"yoast_head":"<!-- This site is optimized with the Yoast SEO plugin v23.6 - https:\/\/yoast.com\/wordpress\/plugins\/seo\/ -->\n<title>Ch\u1ee7ng chu\u1ea9n vi sinh \u0111\u1ecbnh t\u00ednh Candida albicans NCPF\u00ae 3179 \/ ATCC\u00ae 10231 - Biosciences<\/title>\n<meta name=\"robots\" content=\"index, follow, max-snippet:-1, max-image-preview:large, max-video-preview:-1\" \/>\n<link rel=\"canonical\" href=\"https:\/\/biosciences.vn\/index.php\/product\/chung-chuan-vi-sinh-dinh-tinh-candida-albicans-ncpf-3179-atcc-10231\/\" \/>\n<meta property=\"og:locale\" content=\"en_US\" \/>\n<meta property=\"og:type\" content=\"article\" \/>\n<meta property=\"og:title\" content=\"Ch\u1ee7ng chu\u1ea9n vi sinh \u0111\u1ecbnh t\u00ednh Candida albicans NCPF\u00ae 3179 \/ ATCC\u00ae 10231 - Biosciences\" \/>\n<meta property=\"og:description\" content=\"Selectrol\u00ae Candida albicans NCPF\u00ae 3179 \/ ATCC\u00ae 10231 l\u00e0 ch\u1ee7ng vi sinh v\u1eadt \u0111\u1ecbnh l\u01b0\u1ee3ng \u0111\u01b0\u1ee3c cung c\u1ea5p b\u1edfi TCS Biosciences, \u0111\u01b0\u1ee3c thi\u1ebft k\u1ebf \u0111\u1ec3 s\u1eed d\u1ee5ng trong c\u00e1c ph\u00f2ng th\u00ed nghi\u1ec7m vi sinh nh\u1eb1m ki\u1ec3m so\u00e1t ch\u1ea5t l\u01b0\u1ee3ng v\u00e0 ph\u1ee5c v\u1ee5 nghi\u00ean c\u1ee9u khoa h\u1ecdc. S\u1ea3n ph\u1ea9m gi\u00fap \u0111\u1ea3m b\u1ea3o \u0111\u1ed9 ch\u00ednh x\u00e1c v\u00e0 [&hellip;]\" \/>\n<meta property=\"og:url\" content=\"https:\/\/biosciences.vn\/index.php\/product\/chung-chuan-vi-sinh-dinh-tinh-candida-albicans-ncpf-3179-atcc-10231\/\" \/>\n<meta property=\"og:site_name\" content=\"Biosciences\" \/>\n<meta property=\"article:modified_time\" content=\"2025-08-28T07:55:09+00:00\" \/>\n<meta property=\"og:image\" content=\"https:\/\/biosciences.vn\/wp-content\/uploads\/2025\/03\/TCS-SELECTROL_01_v1.jpg\" \/>\n\t<meta property=\"og:image:width\" content=\"600\" \/>\n\t<meta property=\"og:image:height\" content=\"449\" \/>\n\t<meta property=\"og:image:type\" content=\"image\/jpeg\" \/>\n<meta name=\"twitter:card\" content=\"summary_large_image\" \/>\n<meta name=\"twitter:label1\" content=\"Est. reading time\" \/>\n\t<meta name=\"twitter:data1\" content=\"2 minutes\" \/>\n<script type=\"application\/ld+json\" class=\"yoast-schema-graph\">{\"@context\":\"https:\/\/schema.org\",\"@graph\":[{\"@type\":\"WebPage\",\"@id\":\"https:\/\/biosciences.vn\/index.php\/product\/chung-chuan-vi-sinh-dinh-tinh-candida-albicans-ncpf-3179-atcc-10231\/\",\"url\":\"https:\/\/biosciences.vn\/index.php\/product\/chung-chuan-vi-sinh-dinh-tinh-candida-albicans-ncpf-3179-atcc-10231\/\",\"name\":\"Ch\u1ee7ng chu\u1ea9n vi sinh \u0111\u1ecbnh t\u00ednh Candida albicans NCPF\u00ae 3179 \/ ATCC\u00ae 10231 - Biosciences\",\"isPartOf\":{\"@id\":\"https:\/\/biosciences.vn\/#website\"},\"primaryImageOfPage\":{\"@id\":\"https:\/\/biosciences.vn\/index.php\/product\/chung-chuan-vi-sinh-dinh-tinh-candida-albicans-ncpf-3179-atcc-10231\/#primaryimage\"},\"image\":{\"@id\":\"https:\/\/biosciences.vn\/index.php\/product\/chung-chuan-vi-sinh-dinh-tinh-candida-albicans-ncpf-3179-atcc-10231\/#primaryimage\"},\"thumbnailUrl\":\"https:\/\/biosciences.vn\/wp-content\/uploads\/2025\/03\/TCS-SELECTROL_01_v1.jpg\",\"datePublished\":\"2025-03-26T06:58:49+00:00\",\"dateModified\":\"2025-08-28T07:55:09+00:00\",\"breadcrumb\":{\"@id\":\"https:\/\/biosciences.vn\/index.php\/product\/chung-chuan-vi-sinh-dinh-tinh-candida-albicans-ncpf-3179-atcc-10231\/#breadcrumb\"},\"inLanguage\":\"en-US\",\"potentialAction\":[{\"@type\":\"ReadAction\",\"target\":[\"https:\/\/biosciences.vn\/index.php\/product\/chung-chuan-vi-sinh-dinh-tinh-candida-albicans-ncpf-3179-atcc-10231\/\"]}]},{\"@type\":\"ImageObject\",\"inLanguage\":\"en-US\",\"@id\":\"https:\/\/biosciences.vn\/index.php\/product\/chung-chuan-vi-sinh-dinh-tinh-candida-albicans-ncpf-3179-atcc-10231\/#primaryimage\",\"url\":\"https:\/\/biosciences.vn\/wp-content\/uploads\/2025\/03\/TCS-SELECTROL_01_v1.jpg\",\"contentUrl\":\"https:\/\/biosciences.vn\/wp-content\/uploads\/2025\/03\/TCS-SELECTROL_01_v1.jpg\",\"width\":600,\"height\":449},{\"@type\":\"BreadcrumbList\",\"@id\":\"https:\/\/biosciences.vn\/index.php\/product\/chung-chuan-vi-sinh-dinh-tinh-candida-albicans-ncpf-3179-atcc-10231\/#breadcrumb\",\"itemListElement\":[{\"@type\":\"ListItem\",\"position\":1,\"name\":\"Trang ch\u1ee7\",\"item\":\"https:\/\/biosciences.vn\/index.php\/en\/home\/\"},{\"@type\":\"ListItem\",\"position\":2,\"name\":\"Shop\",\"item\":\"https:\/\/biosciences.vn\/index.php\/shop\/\"},{\"@type\":\"ListItem\",\"position\":3,\"name\":\"Ch\u1ee7ng chu\u1ea9n vi sinh \u0111\u1ecbnh t\u00ednh Candida albicans NCPF\u00ae 3179 \/ ATCC\u00ae 10231\"}]},{\"@type\":\"WebSite\",\"@id\":\"https:\/\/biosciences.vn\/#website\",\"url\":\"https:\/\/biosciences.vn\/\",\"name\":\"Biosciences\",\"description\":\"\",\"publisher\":{\"@id\":\"https:\/\/biosciences.vn\/#organization\"},\"potentialAction\":[{\"@type\":\"SearchAction\",\"target\":{\"@type\":\"EntryPoint\",\"urlTemplate\":\"https:\/\/biosciences.vn\/?s={search_term_string}\"},\"query-input\":{\"@type\":\"PropertyValueSpecification\",\"valueRequired\":true,\"valueName\":\"search_term_string\"}}],\"inLanguage\":\"en-US\"},{\"@type\":\"Organization\",\"@id\":\"https:\/\/biosciences.vn\/#organization\",\"name\":\"Biosciences\",\"url\":\"https:\/\/biosciences.vn\/\",\"logo\":{\"@type\":\"ImageObject\",\"inLanguage\":\"en-US\",\"@id\":\"https:\/\/biosciences.vn\/#\/schema\/logo\/image\/\",\"url\":\"https:\/\/biosciences.vn\/wp-content\/uploads\/2024\/04\/LOGO-BIOSCIENCES-PNG.png\",\"contentUrl\":\"https:\/\/biosciences.vn\/wp-content\/uploads\/2024\/04\/LOGO-BIOSCIENCES-PNG.png\",\"width\":2536,\"height\":638,\"caption\":\"Biosciences\"},\"image\":{\"@id\":\"https:\/\/biosciences.vn\/#\/schema\/logo\/image\/\"}}]}<\/script>\n<!-- \/ Yoast SEO plugin. -->","yoast_head_json":{"title":"Ch\u1ee7ng chu\u1ea9n vi sinh \u0111\u1ecbnh t\u00ednh Candida albicans NCPF\u00ae 3179 \/ ATCC\u00ae 10231 - Biosciences","robots":{"index":"index","follow":"follow","max-snippet":"max-snippet:-1","max-image-preview":"max-image-preview:large","max-video-preview":"max-video-preview:-1"},"canonical":"https:\/\/biosciences.vn\/index.php\/product\/chung-chuan-vi-sinh-dinh-tinh-candida-albicans-ncpf-3179-atcc-10231\/","og_locale":"en_US","og_type":"article","og_title":"Ch\u1ee7ng chu\u1ea9n vi sinh \u0111\u1ecbnh t\u00ednh Candida albicans NCPF\u00ae 3179 \/ ATCC\u00ae 10231 - Biosciences","og_description":"Selectrol\u00ae Candida albicans NCPF\u00ae 3179 \/ ATCC\u00ae 10231 l\u00e0 ch\u1ee7ng vi sinh v\u1eadt \u0111\u1ecbnh l\u01b0\u1ee3ng \u0111\u01b0\u1ee3c cung c\u1ea5p b\u1edfi TCS Biosciences, \u0111\u01b0\u1ee3c thi\u1ebft k\u1ebf \u0111\u1ec3 s\u1eed d\u1ee5ng trong c\u00e1c ph\u00f2ng th\u00ed nghi\u1ec7m vi sinh nh\u1eb1m ki\u1ec3m so\u00e1t ch\u1ea5t l\u01b0\u1ee3ng v\u00e0 ph\u1ee5c v\u1ee5 nghi\u00ean c\u1ee9u khoa h\u1ecdc. S\u1ea3n ph\u1ea9m gi\u00fap \u0111\u1ea3m b\u1ea3o \u0111\u1ed9 ch\u00ednh x\u00e1c v\u00e0 [&hellip;]","og_url":"https:\/\/biosciences.vn\/index.php\/product\/chung-chuan-vi-sinh-dinh-tinh-candida-albicans-ncpf-3179-atcc-10231\/","og_site_name":"Biosciences","article_modified_time":"2025-08-28T07:55:09+00:00","og_image":[{"width":600,"height":449,"url":"https:\/\/biosciences.vn\/wp-content\/uploads\/2025\/03\/TCS-SELECTROL_01_v1.jpg","type":"image\/jpeg"}],"twitter_card":"summary_large_image","twitter_misc":{"Est. reading time":"2 minutes"},"schema":{"@context":"https:\/\/schema.org","@graph":[{"@type":"WebPage","@id":"https:\/\/biosciences.vn\/index.php\/product\/chung-chuan-vi-sinh-dinh-tinh-candida-albicans-ncpf-3179-atcc-10231\/","url":"https:\/\/biosciences.vn\/index.php\/product\/chung-chuan-vi-sinh-dinh-tinh-candida-albicans-ncpf-3179-atcc-10231\/","name":"Ch\u1ee7ng chu\u1ea9n vi sinh \u0111\u1ecbnh t\u00ednh Candida albicans NCPF\u00ae 3179 \/ ATCC\u00ae 10231 - Biosciences","isPartOf":{"@id":"https:\/\/biosciences.vn\/#website"},"primaryImageOfPage":{"@id":"https:\/\/biosciences.vn\/index.php\/product\/chung-chuan-vi-sinh-dinh-tinh-candida-albicans-ncpf-3179-atcc-10231\/#primaryimage"},"image":{"@id":"https:\/\/biosciences.vn\/index.php\/product\/chung-chuan-vi-sinh-dinh-tinh-candida-albicans-ncpf-3179-atcc-10231\/#primaryimage"},"thumbnailUrl":"https:\/\/biosciences.vn\/wp-content\/uploads\/2025\/03\/TCS-SELECTROL_01_v1.jpg","datePublished":"2025-03-26T06:58:49+00:00","dateModified":"2025-08-28T07:55:09+00:00","breadcrumb":{"@id":"https:\/\/biosciences.vn\/index.php\/product\/chung-chuan-vi-sinh-dinh-tinh-candida-albicans-ncpf-3179-atcc-10231\/#breadcrumb"},"inLanguage":"en-US","potentialAction":[{"@type":"ReadAction","target":["https:\/\/biosciences.vn\/index.php\/product\/chung-chuan-vi-sinh-dinh-tinh-candida-albicans-ncpf-3179-atcc-10231\/"]}]},{"@type":"ImageObject","inLanguage":"en-US","@id":"https:\/\/biosciences.vn\/index.php\/product\/chung-chuan-vi-sinh-dinh-tinh-candida-albicans-ncpf-3179-atcc-10231\/#primaryimage","url":"https:\/\/biosciences.vn\/wp-content\/uploads\/2025\/03\/TCS-SELECTROL_01_v1.jpg","contentUrl":"https:\/\/biosciences.vn\/wp-content\/uploads\/2025\/03\/TCS-SELECTROL_01_v1.jpg","width":600,"height":449},{"@type":"BreadcrumbList","@id":"https:\/\/biosciences.vn\/index.php\/product\/chung-chuan-vi-sinh-dinh-tinh-candida-albicans-ncpf-3179-atcc-10231\/#breadcrumb","itemListElement":[{"@type":"ListItem","position":1,"name":"Trang ch\u1ee7","item":"https:\/\/biosciences.vn\/index.php\/en\/home\/"},{"@type":"ListItem","position":2,"name":"Shop","item":"https:\/\/biosciences.vn\/index.php\/shop\/"},{"@type":"ListItem","position":3,"name":"Ch\u1ee7ng chu\u1ea9n vi sinh \u0111\u1ecbnh t\u00ednh Candida albicans NCPF\u00ae 3179 \/ ATCC\u00ae 10231"}]},{"@type":"WebSite","@id":"https:\/\/biosciences.vn\/#website","url":"https:\/\/biosciences.vn\/","name":"Biosciences","description":"","publisher":{"@id":"https:\/\/biosciences.vn\/#organization"},"potentialAction":[{"@type":"SearchAction","target":{"@type":"EntryPoint","urlTemplate":"https:\/\/biosciences.vn\/?s={search_term_string}"},"query-input":{"@type":"PropertyValueSpecification","valueRequired":true,"valueName":"search_term_string"}}],"inLanguage":"en-US"},{"@type":"Organization","@id":"https:\/\/biosciences.vn\/#organization","name":"Biosciences","url":"https:\/\/biosciences.vn\/","logo":{"@type":"ImageObject","inLanguage":"en-US","@id":"https:\/\/biosciences.vn\/#\/schema\/logo\/image\/","url":"https:\/\/biosciences.vn\/wp-content\/uploads\/2024\/04\/LOGO-BIOSCIENCES-PNG.png","contentUrl":"https:\/\/biosciences.vn\/wp-content\/uploads\/2024\/04\/LOGO-BIOSCIENCES-PNG.png","width":2536,"height":638,"caption":"Biosciences"},"image":{"@id":"https:\/\/biosciences.vn\/#\/schema\/logo\/image\/"}}]}},"brands":[{"id":644,"name":"TCS Biosciences","slug":"tcs-biosciences-vi"}],"_links":{"self":[{"href":"https:\/\/biosciences.vn\/index.php\/wp-json\/wp\/v2\/product\/6767"}],"collection":[{"href":"https:\/\/biosciences.vn\/index.php\/wp-json\/wp\/v2\/product"}],"about":[{"href":"https:\/\/biosciences.vn\/index.php\/wp-json\/wp\/v2\/types\/product"}],"replies":[{"embeddable":true,"href":"https:\/\/biosciences.vn\/index.php\/wp-json\/wp\/v2\/comments?post=6767"}],"wp:featuredmedia":[{"embeddable":true,"href":"https:\/\/biosciences.vn\/index.php\/wp-json\/wp\/v2\/media\/6710"}],"wp:attachment":[{"href":"https:\/\/biosciences.vn\/index.php\/wp-json\/wp\/v2\/media?parent=6767"}],"wp:term":[{"taxonomy":"pwb-brand","embeddable":true,"href":"https:\/\/biosciences.vn\/index.php\/wp-json\/wp\/v2\/pwb-brand?post=6767"},{"taxonomy":"product_cat","embeddable":true,"href":"https:\/\/biosciences.vn\/index.php\/wp-json\/wp\/v2\/product_cat?post=6767"},{"taxonomy":"product_tag","embeddable":true,"href":"https:\/\/biosciences.vn\/index.php\/wp-json\/wp\/v2\/product_tag?post=6767"}],"curies":[{"name":"wp","href":"https:\/\/api.w.org\/{rel}","templated":true}]}}