{"id":6775,"date":"2025-03-26T14:24:27","date_gmt":"2025-03-26T07:24:27","guid":{"rendered":"https:\/\/biosciences.vn\/?post_type=product&#038;p=6775"},"modified":"2025-08-28T14:55:09","modified_gmt":"2025-08-28T07:55:09","slug":"chung-chuan-vi-sinh-dinh-tinh-selectrol-candidozyma-auris-ncpf-8977","status":"publish","type":"product","link":"https:\/\/biosciences.vn\/index.php\/product\/chung-chuan-vi-sinh-dinh-tinh-selectrol-candidozyma-auris-ncpf-8977\/","title":{"rendered":"Ch\u1ee7ng chu\u1ea9n vi sinh \u0111\u1ecbnh t\u00ednh Selectrol\u00ae Candidozyma auris NCPF\u00ae 8977"},"content":{"rendered":"<p class=\"\" data-start=\"0\" data-end=\"326\"><strong data-start=\"0\" data-end=\"43\">Selectrol\u00ae Candidozyma auris NCPF\u00ae 8977<\/strong> l\u00e0 ch\u1ee7ng n\u1ea5m men chu\u1ea9n \u0111\u01b0\u1ee3c cung c\u1ea5p b\u1edfi <strong data-start=\"85\" data-end=\"104\">TCS Biosciences<\/strong>, tr\u01b0\u1edbc \u0111\u00e2y \u0111\u01b0\u1ee3c bi\u1ebft \u0111\u1ebfn v\u1edbi t\u00ean g\u1ecdi <em data-start=\"142\" data-end=\"157\">Candida auris<\/em>. S\u1ea3n ph\u1ea9m n\u00e0y \u0111\u01b0\u1ee3c s\u1eed d\u1ee5ng r\u1ed9ng r\u00e3i trong ki\u1ec3m nghi\u1ec7m vi sinh v\u00e0 nghi\u00ean c\u1ee9u khoa h\u1ecdc, h\u1ed7 tr\u1ee3 ki\u1ec3m so\u00e1t ch\u1ea5t l\u01b0\u1ee3ng m\u00f4i tr\u01b0\u1eddng nu\u00f4i c\u1ea5y v\u00e0 th\u1ea9m \u0111\u1ecbnh quy tr\u00ecnh th\u1eed nghi\u1ec7m.<\/p>\n<p class=\"\" data-start=\"328\" data-end=\"360\"><strong data-start=\"328\" data-end=\"360\">Th\u00f4ng tin chi ti\u1ebft s\u1ea3n ph\u1ea9m:<\/strong><\/p>\n<ul data-start=\"361\" data-end=\"658\">\n<li class=\"\" data-start=\"361\" data-end=\"387\">\n<p class=\"\" data-start=\"363\" data-end=\"387\"><strong data-start=\"363\" data-end=\"379\">M\u00e3 s\u1ea3n ph\u1ea9m:<\/strong> MM49-10<\/p>\n<\/li>\n<li class=\"\" data-start=\"388\" data-end=\"407\">\n<p class=\"\" data-start=\"390\" data-end=\"407\"><strong data-start=\"390\" data-end=\"403\">M\u00e3 s\u1ed1 CI:<\/strong> 227<\/p>\n<\/li>\n<li class=\"\" data-start=\"408\" data-end=\"459\">\n<p class=\"\" data-start=\"410\" data-end=\"459\"><strong data-start=\"410\" data-end=\"428\">Ch\u1ee7ng vi sinh:<\/strong> <em data-start=\"429\" data-end=\"448\">Candidozyma auris<\/em> NCPF\u00ae 8977<\/p>\n<\/li>\n<li class=\"\" data-start=\"460\" data-end=\"501\">\n<p class=\"\" data-start=\"462\" data-end=\"501\"><strong data-start=\"462\" data-end=\"475\">S\u1ed1 l\u01b0\u1ee3ng:<\/strong> 10 vi\u00ean c\u1ea5y kh\u00f4 \u0111\u00f4ng l\u1ea1nh<\/p>\n<\/li>\n<li class=\"\" data-start=\"576\" data-end=\"627\">\n<p class=\"\" data-start=\"578\" data-end=\"627\"><strong data-start=\"578\" data-end=\"599\">Th\u1eddi h\u1ea1n s\u1eed d\u1ee5ng:<\/strong> 9 th\u00e1ng k\u1ec3 t\u1eeb ng\u00e0y s\u1ea3n xu\u1ea5t<\/p>\n<\/li>\n<li class=\"\" data-start=\"628\" data-end=\"658\">\n<p class=\"\" data-start=\"630\" data-end=\"658\"><strong data-start=\"630\" data-end=\"643\">B\u1ea3o qu\u1ea3n:<\/strong> -20\u00b0C \u0111\u1ebfn +8\u00b0C<\/p>\n<\/li>\n<\/ul>\n<p class=\"\" data-start=\"660\" data-end=\"673\"><strong data-start=\"660\" data-end=\"673\">\u1ee8ng d\u1ee5ng:<\/strong><\/p>\n<ul data-start=\"674\" data-end=\"873\">\n<li class=\"\" data-start=\"674\" data-end=\"741\">\n<p class=\"\" data-start=\"676\" data-end=\"741\">Ki\u1ec3m nghi\u1ec7m \u0111\u1ed9 s\u1ea1ch vi sinh trong d\u01b0\u1ee3c ph\u1ea9m, th\u1ef1c ph\u1ea9m v\u00e0 m\u1ef9 ph\u1ea9m<\/p>\n<\/li>\n<li class=\"\" data-start=\"742\" data-end=\"783\">\n<p class=\"\" data-start=\"744\" data-end=\"783\">Th\u1eed nghi\u1ec7m hi\u1ec7u qu\u1ea3 ch\u1ea5t b\u1ea3o qu\u1ea3n (PET)<\/p>\n<\/li>\n<li class=\"\" data-start=\"784\" data-end=\"812\">\n<p class=\"\" data-start=\"786\" data-end=\"812\">Ki\u1ec3m tra \u0111\u1ed9 nh\u1ea1y kh\u00e1ng n\u1ea5m<\/p>\n<\/li>\n<li class=\"\" data-start=\"813\" data-end=\"873\">\n<p class=\"\" data-start=\"815\" data-end=\"873\">S\u1eed d\u1ee5ng trong hu\u1ea5n luy\u1ec7n v\u00e0 nghi\u00ean c\u1ee9u v\u1ec1 n\u1ea5m men g\u00e2y b\u1ec7nh<\/p>\n<\/li>\n<\/ul>\n<p class=\"\" data-start=\"875\" data-end=\"896\"><strong data-start=\"875\" data-end=\"896\">\u0110\u1eb7c \u0111i\u1ec3m n\u1ed5i b\u1eadt:<\/strong><\/p>\n<ul data-start=\"897\" data-end=\"1099\">\n<li class=\"\" data-start=\"897\" data-end=\"981\">\n<p class=\"\" data-start=\"899\" data-end=\"981\">S\u1ea3n xu\u1ea5t t\u1eeb ch\u1ee7ng g\u1ed1c ch\u00ednh th\u1ee9c do NCPF\u00ae l\u01b0u gi\u1eef, \u0111\u1ea3m b\u1ea3o \u0111\u1ed9 tin c\u1eady v\u00e0 \u0111\u1ed3ng nh\u1ea5t<\/p>\n<\/li>\n<li class=\"\" data-start=\"982\" data-end=\"1035\">\n<p class=\"\" data-start=\"984\" data-end=\"1035\">\u0110\u01b0\u1ee3c c\u1ea5p ph\u00e9p s\u1ea3n xu\u1ea5t t\u1eeb UK Health Security Agency<\/p>\n<\/li>\n<li class=\"\" data-start=\"1036\" data-end=\"1099\">\n<p class=\"\" data-start=\"1038\" data-end=\"1099\">D\u1ea1ng vi\u00ean c\u1ea5y kh\u00f4 \u0111\u00f4ng l\u1ea1nh ti\u1ec7n d\u1ee5ng, d\u1ec5 b\u1ea3o qu\u1ea3n v\u00e0 s\u1eed d\u1ee5ng<\/p>\n<\/li>\n<\/ul>\n<p class=\"\" data-start=\"1393\" data-end=\"1477\"><strong data-start=\"1393\" data-end=\"1414\">Li\u00ean h\u1ec7 \u0111\u1eb7t h\u00e0ng:<\/strong> <strong data-start=\"1415\" data-end=\"1433\">Biosciences.vn<\/strong><br data-start=\"1433\" data-end=\"1436\" \/>\ud83d\udcde 0933 270 120<br data-start=\"1451\" data-end=\"1454\" \/>\ud83d\udce9 <a rel=\"noopener\" data-start=\"1457\" data-end=\"1477\">sales@biosciences.vn<\/a><\/p>\n","protected":false},"excerpt":{"rendered":"<p>Selectrol\u00ae Candidozyma auris NCPF\u00ae 8977 l\u00e0 ch\u1ee7ng n\u1ea5m men chu\u1ea9n \u0111\u01b0\u1ee3c cung c\u1ea5p b\u1edfi TCS Biosciences, tr\u01b0\u1edbc \u0111\u00e2y \u0111\u01b0\u1ee3c bi\u1ebft \u0111\u1ebfn v\u1edbi t\u00ean g\u1ecdi Candida auris. S\u1ea3n ph\u1ea9m n\u00e0y \u0111\u01b0\u1ee3c s\u1eed d\u1ee5ng r\u1ed9ng r\u00e3i trong ki\u1ec3m nghi\u1ec7m vi sinh v\u00e0 nghi\u00ean c\u1ee9u khoa h\u1ecdc, h\u1ed7 tr\u1ee3 ki\u1ec3m so\u00e1t ch\u1ea5t l\u01b0\u1ee3ng m\u00f4i tr\u01b0\u1eddng nu\u00f4i c\u1ea5y v\u00e0 [&hellip;]<\/p>\n","protected":false},"featured_media":6710,"comment_status":"open","ping_status":"closed","template":"","meta":[],"pwb-brand":[644],"product_cat":[434,485,665],"product_tag":[949,947,951],"class_list":{"0":"post-6775","1":"product","2":"type-product","3":"status-publish","4":"has-post-thumbnail","6":"pwb-brand-tcs-biosciences-vi","7":"product_cat-khoa-hoc-su-song","8":"product_cat-hoa-chat-vat-tu","9":"product_cat-chung-chuan-vi-sinh","10":"product_tag-atcc","11":"product_tag-ntcc","12":"product_tag-quality-control","14":"first","15":"onbackorder","16":"shipping-taxable","17":"purchasable","18":"product-type-simple"},"yoast_head":"<!-- This site is optimized with the Yoast SEO plugin v23.6 - https:\/\/yoast.com\/wordpress\/plugins\/seo\/ -->\n<title>Ch\u1ee7ng chu\u1ea9n vi sinh \u0111\u1ecbnh t\u00ednh Selectrol\u00ae Candidozyma auris NCPF\u00ae 8977 - Biosciences<\/title>\n<meta name=\"robots\" content=\"index, follow, max-snippet:-1, max-image-preview:large, max-video-preview:-1\" \/>\n<link rel=\"canonical\" href=\"https:\/\/biosciences.vn\/index.php\/product\/chung-chuan-vi-sinh-dinh-tinh-selectrol-candidozyma-auris-ncpf-8977\/\" \/>\n<meta property=\"og:locale\" content=\"en_US\" \/>\n<meta property=\"og:type\" content=\"article\" \/>\n<meta property=\"og:title\" content=\"Ch\u1ee7ng chu\u1ea9n vi sinh \u0111\u1ecbnh t\u00ednh Selectrol\u00ae Candidozyma auris NCPF\u00ae 8977 - Biosciences\" \/>\n<meta property=\"og:description\" content=\"Selectrol\u00ae Candidozyma auris NCPF\u00ae 8977 l\u00e0 ch\u1ee7ng n\u1ea5m men chu\u1ea9n \u0111\u01b0\u1ee3c cung c\u1ea5p b\u1edfi TCS Biosciences, tr\u01b0\u1edbc \u0111\u00e2y \u0111\u01b0\u1ee3c bi\u1ebft \u0111\u1ebfn v\u1edbi t\u00ean g\u1ecdi Candida auris. S\u1ea3n ph\u1ea9m n\u00e0y \u0111\u01b0\u1ee3c s\u1eed d\u1ee5ng r\u1ed9ng r\u00e3i trong ki\u1ec3m nghi\u1ec7m vi sinh v\u00e0 nghi\u00ean c\u1ee9u khoa h\u1ecdc, h\u1ed7 tr\u1ee3 ki\u1ec3m so\u00e1t ch\u1ea5t l\u01b0\u1ee3ng m\u00f4i tr\u01b0\u1eddng nu\u00f4i c\u1ea5y v\u00e0 [&hellip;]\" \/>\n<meta property=\"og:url\" content=\"https:\/\/biosciences.vn\/index.php\/product\/chung-chuan-vi-sinh-dinh-tinh-selectrol-candidozyma-auris-ncpf-8977\/\" \/>\n<meta property=\"og:site_name\" content=\"Biosciences\" \/>\n<meta property=\"article:modified_time\" content=\"2025-08-28T07:55:09+00:00\" \/>\n<meta property=\"og:image\" content=\"https:\/\/biosciences.vn\/wp-content\/uploads\/2025\/03\/TCS-SELECTROL_01_v1.jpg\" \/>\n\t<meta property=\"og:image:width\" content=\"600\" \/>\n\t<meta property=\"og:image:height\" content=\"449\" \/>\n\t<meta property=\"og:image:type\" content=\"image\/jpeg\" \/>\n<meta name=\"twitter:card\" content=\"summary_large_image\" \/>\n<meta name=\"twitter:label1\" content=\"Est. reading time\" \/>\n\t<meta name=\"twitter:data1\" content=\"2 minutes\" \/>\n<script type=\"application\/ld+json\" class=\"yoast-schema-graph\">{\"@context\":\"https:\/\/schema.org\",\"@graph\":[{\"@type\":\"WebPage\",\"@id\":\"https:\/\/biosciences.vn\/index.php\/product\/chung-chuan-vi-sinh-dinh-tinh-selectrol-candidozyma-auris-ncpf-8977\/\",\"url\":\"https:\/\/biosciences.vn\/index.php\/product\/chung-chuan-vi-sinh-dinh-tinh-selectrol-candidozyma-auris-ncpf-8977\/\",\"name\":\"Ch\u1ee7ng chu\u1ea9n vi sinh \u0111\u1ecbnh t\u00ednh Selectrol\u00ae Candidozyma auris NCPF\u00ae 8977 - Biosciences\",\"isPartOf\":{\"@id\":\"https:\/\/biosciences.vn\/#website\"},\"primaryImageOfPage\":{\"@id\":\"https:\/\/biosciences.vn\/index.php\/product\/chung-chuan-vi-sinh-dinh-tinh-selectrol-candidozyma-auris-ncpf-8977\/#primaryimage\"},\"image\":{\"@id\":\"https:\/\/biosciences.vn\/index.php\/product\/chung-chuan-vi-sinh-dinh-tinh-selectrol-candidozyma-auris-ncpf-8977\/#primaryimage\"},\"thumbnailUrl\":\"https:\/\/biosciences.vn\/wp-content\/uploads\/2025\/03\/TCS-SELECTROL_01_v1.jpg\",\"datePublished\":\"2025-03-26T07:24:27+00:00\",\"dateModified\":\"2025-08-28T07:55:09+00:00\",\"breadcrumb\":{\"@id\":\"https:\/\/biosciences.vn\/index.php\/product\/chung-chuan-vi-sinh-dinh-tinh-selectrol-candidozyma-auris-ncpf-8977\/#breadcrumb\"},\"inLanguage\":\"en-US\",\"potentialAction\":[{\"@type\":\"ReadAction\",\"target\":[\"https:\/\/biosciences.vn\/index.php\/product\/chung-chuan-vi-sinh-dinh-tinh-selectrol-candidozyma-auris-ncpf-8977\/\"]}]},{\"@type\":\"ImageObject\",\"inLanguage\":\"en-US\",\"@id\":\"https:\/\/biosciences.vn\/index.php\/product\/chung-chuan-vi-sinh-dinh-tinh-selectrol-candidozyma-auris-ncpf-8977\/#primaryimage\",\"url\":\"https:\/\/biosciences.vn\/wp-content\/uploads\/2025\/03\/TCS-SELECTROL_01_v1.jpg\",\"contentUrl\":\"https:\/\/biosciences.vn\/wp-content\/uploads\/2025\/03\/TCS-SELECTROL_01_v1.jpg\",\"width\":600,\"height\":449},{\"@type\":\"BreadcrumbList\",\"@id\":\"https:\/\/biosciences.vn\/index.php\/product\/chung-chuan-vi-sinh-dinh-tinh-selectrol-candidozyma-auris-ncpf-8977\/#breadcrumb\",\"itemListElement\":[{\"@type\":\"ListItem\",\"position\":1,\"name\":\"Trang ch\u1ee7\",\"item\":\"https:\/\/biosciences.vn\/index.php\/en\/home\/\"},{\"@type\":\"ListItem\",\"position\":2,\"name\":\"Shop\",\"item\":\"https:\/\/biosciences.vn\/index.php\/shop\/\"},{\"@type\":\"ListItem\",\"position\":3,\"name\":\"Ch\u1ee7ng chu\u1ea9n vi sinh \u0111\u1ecbnh t\u00ednh Selectrol\u00ae Candidozyma auris NCPF\u00ae 8977\"}]},{\"@type\":\"WebSite\",\"@id\":\"https:\/\/biosciences.vn\/#website\",\"url\":\"https:\/\/biosciences.vn\/\",\"name\":\"Biosciences\",\"description\":\"\",\"publisher\":{\"@id\":\"https:\/\/biosciences.vn\/#organization\"},\"potentialAction\":[{\"@type\":\"SearchAction\",\"target\":{\"@type\":\"EntryPoint\",\"urlTemplate\":\"https:\/\/biosciences.vn\/?s={search_term_string}\"},\"query-input\":{\"@type\":\"PropertyValueSpecification\",\"valueRequired\":true,\"valueName\":\"search_term_string\"}}],\"inLanguage\":\"en-US\"},{\"@type\":\"Organization\",\"@id\":\"https:\/\/biosciences.vn\/#organization\",\"name\":\"Biosciences\",\"url\":\"https:\/\/biosciences.vn\/\",\"logo\":{\"@type\":\"ImageObject\",\"inLanguage\":\"en-US\",\"@id\":\"https:\/\/biosciences.vn\/#\/schema\/logo\/image\/\",\"url\":\"https:\/\/biosciences.vn\/wp-content\/uploads\/2024\/04\/LOGO-BIOSCIENCES-PNG.png\",\"contentUrl\":\"https:\/\/biosciences.vn\/wp-content\/uploads\/2024\/04\/LOGO-BIOSCIENCES-PNG.png\",\"width\":2536,\"height\":638,\"caption\":\"Biosciences\"},\"image\":{\"@id\":\"https:\/\/biosciences.vn\/#\/schema\/logo\/image\/\"}}]}<\/script>\n<!-- \/ Yoast SEO plugin. -->","yoast_head_json":{"title":"Ch\u1ee7ng chu\u1ea9n vi sinh \u0111\u1ecbnh t\u00ednh Selectrol\u00ae Candidozyma auris NCPF\u00ae 8977 - Biosciences","robots":{"index":"index","follow":"follow","max-snippet":"max-snippet:-1","max-image-preview":"max-image-preview:large","max-video-preview":"max-video-preview:-1"},"canonical":"https:\/\/biosciences.vn\/index.php\/product\/chung-chuan-vi-sinh-dinh-tinh-selectrol-candidozyma-auris-ncpf-8977\/","og_locale":"en_US","og_type":"article","og_title":"Ch\u1ee7ng chu\u1ea9n vi sinh \u0111\u1ecbnh t\u00ednh Selectrol\u00ae Candidozyma auris NCPF\u00ae 8977 - Biosciences","og_description":"Selectrol\u00ae Candidozyma auris NCPF\u00ae 8977 l\u00e0 ch\u1ee7ng n\u1ea5m men chu\u1ea9n \u0111\u01b0\u1ee3c cung c\u1ea5p b\u1edfi TCS Biosciences, tr\u01b0\u1edbc \u0111\u00e2y \u0111\u01b0\u1ee3c bi\u1ebft \u0111\u1ebfn v\u1edbi t\u00ean g\u1ecdi Candida auris. S\u1ea3n ph\u1ea9m n\u00e0y \u0111\u01b0\u1ee3c s\u1eed d\u1ee5ng r\u1ed9ng r\u00e3i trong ki\u1ec3m nghi\u1ec7m vi sinh v\u00e0 nghi\u00ean c\u1ee9u khoa h\u1ecdc, h\u1ed7 tr\u1ee3 ki\u1ec3m so\u00e1t ch\u1ea5t l\u01b0\u1ee3ng m\u00f4i tr\u01b0\u1eddng nu\u00f4i c\u1ea5y v\u00e0 [&hellip;]","og_url":"https:\/\/biosciences.vn\/index.php\/product\/chung-chuan-vi-sinh-dinh-tinh-selectrol-candidozyma-auris-ncpf-8977\/","og_site_name":"Biosciences","article_modified_time":"2025-08-28T07:55:09+00:00","og_image":[{"width":600,"height":449,"url":"https:\/\/biosciences.vn\/wp-content\/uploads\/2025\/03\/TCS-SELECTROL_01_v1.jpg","type":"image\/jpeg"}],"twitter_card":"summary_large_image","twitter_misc":{"Est. reading time":"2 minutes"},"schema":{"@context":"https:\/\/schema.org","@graph":[{"@type":"WebPage","@id":"https:\/\/biosciences.vn\/index.php\/product\/chung-chuan-vi-sinh-dinh-tinh-selectrol-candidozyma-auris-ncpf-8977\/","url":"https:\/\/biosciences.vn\/index.php\/product\/chung-chuan-vi-sinh-dinh-tinh-selectrol-candidozyma-auris-ncpf-8977\/","name":"Ch\u1ee7ng chu\u1ea9n vi sinh \u0111\u1ecbnh t\u00ednh Selectrol\u00ae Candidozyma auris NCPF\u00ae 8977 - Biosciences","isPartOf":{"@id":"https:\/\/biosciences.vn\/#website"},"primaryImageOfPage":{"@id":"https:\/\/biosciences.vn\/index.php\/product\/chung-chuan-vi-sinh-dinh-tinh-selectrol-candidozyma-auris-ncpf-8977\/#primaryimage"},"image":{"@id":"https:\/\/biosciences.vn\/index.php\/product\/chung-chuan-vi-sinh-dinh-tinh-selectrol-candidozyma-auris-ncpf-8977\/#primaryimage"},"thumbnailUrl":"https:\/\/biosciences.vn\/wp-content\/uploads\/2025\/03\/TCS-SELECTROL_01_v1.jpg","datePublished":"2025-03-26T07:24:27+00:00","dateModified":"2025-08-28T07:55:09+00:00","breadcrumb":{"@id":"https:\/\/biosciences.vn\/index.php\/product\/chung-chuan-vi-sinh-dinh-tinh-selectrol-candidozyma-auris-ncpf-8977\/#breadcrumb"},"inLanguage":"en-US","potentialAction":[{"@type":"ReadAction","target":["https:\/\/biosciences.vn\/index.php\/product\/chung-chuan-vi-sinh-dinh-tinh-selectrol-candidozyma-auris-ncpf-8977\/"]}]},{"@type":"ImageObject","inLanguage":"en-US","@id":"https:\/\/biosciences.vn\/index.php\/product\/chung-chuan-vi-sinh-dinh-tinh-selectrol-candidozyma-auris-ncpf-8977\/#primaryimage","url":"https:\/\/biosciences.vn\/wp-content\/uploads\/2025\/03\/TCS-SELECTROL_01_v1.jpg","contentUrl":"https:\/\/biosciences.vn\/wp-content\/uploads\/2025\/03\/TCS-SELECTROL_01_v1.jpg","width":600,"height":449},{"@type":"BreadcrumbList","@id":"https:\/\/biosciences.vn\/index.php\/product\/chung-chuan-vi-sinh-dinh-tinh-selectrol-candidozyma-auris-ncpf-8977\/#breadcrumb","itemListElement":[{"@type":"ListItem","position":1,"name":"Trang ch\u1ee7","item":"https:\/\/biosciences.vn\/index.php\/en\/home\/"},{"@type":"ListItem","position":2,"name":"Shop","item":"https:\/\/biosciences.vn\/index.php\/shop\/"},{"@type":"ListItem","position":3,"name":"Ch\u1ee7ng chu\u1ea9n vi sinh \u0111\u1ecbnh t\u00ednh Selectrol\u00ae Candidozyma auris NCPF\u00ae 8977"}]},{"@type":"WebSite","@id":"https:\/\/biosciences.vn\/#website","url":"https:\/\/biosciences.vn\/","name":"Biosciences","description":"","publisher":{"@id":"https:\/\/biosciences.vn\/#organization"},"potentialAction":[{"@type":"SearchAction","target":{"@type":"EntryPoint","urlTemplate":"https:\/\/biosciences.vn\/?s={search_term_string}"},"query-input":{"@type":"PropertyValueSpecification","valueRequired":true,"valueName":"search_term_string"}}],"inLanguage":"en-US"},{"@type":"Organization","@id":"https:\/\/biosciences.vn\/#organization","name":"Biosciences","url":"https:\/\/biosciences.vn\/","logo":{"@type":"ImageObject","inLanguage":"en-US","@id":"https:\/\/biosciences.vn\/#\/schema\/logo\/image\/","url":"https:\/\/biosciences.vn\/wp-content\/uploads\/2024\/04\/LOGO-BIOSCIENCES-PNG.png","contentUrl":"https:\/\/biosciences.vn\/wp-content\/uploads\/2024\/04\/LOGO-BIOSCIENCES-PNG.png","width":2536,"height":638,"caption":"Biosciences"},"image":{"@id":"https:\/\/biosciences.vn\/#\/schema\/logo\/image\/"}}]}},"brands":[{"id":644,"name":"TCS Biosciences","slug":"tcs-biosciences-vi"}],"_links":{"self":[{"href":"https:\/\/biosciences.vn\/index.php\/wp-json\/wp\/v2\/product\/6775"}],"collection":[{"href":"https:\/\/biosciences.vn\/index.php\/wp-json\/wp\/v2\/product"}],"about":[{"href":"https:\/\/biosciences.vn\/index.php\/wp-json\/wp\/v2\/types\/product"}],"replies":[{"embeddable":true,"href":"https:\/\/biosciences.vn\/index.php\/wp-json\/wp\/v2\/comments?post=6775"}],"wp:featuredmedia":[{"embeddable":true,"href":"https:\/\/biosciences.vn\/index.php\/wp-json\/wp\/v2\/media\/6710"}],"wp:attachment":[{"href":"https:\/\/biosciences.vn\/index.php\/wp-json\/wp\/v2\/media?parent=6775"}],"wp:term":[{"taxonomy":"pwb-brand","embeddable":true,"href":"https:\/\/biosciences.vn\/index.php\/wp-json\/wp\/v2\/pwb-brand?post=6775"},{"taxonomy":"product_cat","embeddable":true,"href":"https:\/\/biosciences.vn\/index.php\/wp-json\/wp\/v2\/product_cat?post=6775"},{"taxonomy":"product_tag","embeddable":true,"href":"https:\/\/biosciences.vn\/index.php\/wp-json\/wp\/v2\/product_tag?post=6775"}],"curies":[{"name":"wp","href":"https:\/\/api.w.org\/{rel}","templated":true}]}}