{"id":6781,"date":"2025-03-26T14:34:58","date_gmt":"2025-03-26T07:34:58","guid":{"rendered":"https:\/\/biosciences.vn\/?post_type=product&#038;p=6781"},"modified":"2025-08-28T14:55:09","modified_gmt":"2025-08-28T07:55:09","slug":"chung-chuan-vi-sinh-dinh-tinh-selectrol-enterococcus-faecalis-nctc-12697-atcc-29212","status":"publish","type":"product","link":"https:\/\/biosciences.vn\/index.php\/product\/chung-chuan-vi-sinh-dinh-tinh-selectrol-enterococcus-faecalis-nctc-12697-atcc-29212\/","title":{"rendered":"Ch\u1ee7ng chu\u1ea9n vi sinh \u0111\u1ecbnh t\u00ednh Selectrol\u00ae Enterococcus faecalis NCTC\u00ae 12697 \/ ATCC\u00ae 29212"},"content":{"rendered":"<p class=\"\" data-start=\"0\" data-end=\"342\"><strong data-start=\"0\" data-end=\"62\">Selectrol\u00ae Enterococcus faecalis NCTC\u00ae 12697 \/ ATCC\u00ae 29212<\/strong> l\u00e0 ch\u1ee7ng vi sinh v\u1eadt chu\u1ea9n do <strong data-start=\"93\" data-end=\"112\">TCS Biosciences<\/strong> cung c\u1ea5p, \u0111\u01b0\u1ee3c s\u1eed d\u1ee5ng r\u1ed9ng r\u00e3i trong ki\u1ec3m nghi\u1ec7m vi sinh, th\u1ea9m \u0111\u1ecbnh ph\u01b0\u01a1ng ph\u00e1p v\u00e0 nghi\u00ean c\u1ee9u khoa h\u1ecdc. S\u1ea3n ph\u1ea9m n\u00e0y h\u1ed7 tr\u1ee3 \u0111\u00e1nh gi\u00e1 v\u00e0 ki\u1ec3m so\u00e1t ch\u1ea5t l\u01b0\u1ee3ng m\u00f4i tr\u01b0\u1eddng nu\u00f4i c\u1ea5y c\u0169ng nh\u01b0 \u0111\u1ed9 ch\u00ednh x\u00e1c c\u1ee7a c\u00e1c quy tr\u00ecnh th\u1eed nghi\u1ec7m.<\/p>\n<p class=\"\" data-start=\"344\" data-end=\"376\"><strong data-start=\"344\" data-end=\"376\">Th\u00f4ng tin chi ti\u1ebft s\u1ea3n ph\u1ea9m:<\/strong><\/p>\n<ul data-start=\"377\" data-end=\"635\">\n<li class=\"\" data-start=\"377\" data-end=\"403\">\n<p class=\"\" data-start=\"379\" data-end=\"403\"><strong data-start=\"379\" data-end=\"395\">M\u00e3 s\u1ea3n ph\u1ea9m:<\/strong> MM18-10<\/p>\n<\/li>\n<li class=\"\" data-start=\"404\" data-end=\"423\">\n<p class=\"\" data-start=\"406\" data-end=\"423\"><strong data-start=\"406\" data-end=\"419\">M\u00e3 s\u1ed1 CI:<\/strong> 216<\/p>\n<\/li>\n<li class=\"\" data-start=\"424\" data-end=\"494\">\n<p class=\"\" data-start=\"426\" data-end=\"494\"><strong data-start=\"426\" data-end=\"444\">Ch\u1ee7ng vi sinh:<\/strong> <em data-start=\"445\" data-end=\"468\">Enterococcus faecalis<\/em> NCTC\u00ae 12697 \/ ATCC\u00ae 29212<\/p>\n<\/li>\n<li class=\"\" data-start=\"495\" data-end=\"531\">\n<p class=\"\" data-start=\"497\" data-end=\"531\"><strong data-start=\"497\" data-end=\"510\">S\u1ed1 l\u01b0\u1ee3ng:<\/strong> 10 vi\u00ean c\u1ea5y \u0111\u00f4ng kh\u00f4<\/p>\n<\/li>\n<li class=\"\" data-start=\"532\" data-end=\"549\">\n<p class=\"\" data-start=\"534\" data-end=\"549\"><strong data-start=\"534\" data-end=\"543\">WDCM:<\/strong> 00087<\/p>\n<\/li>\n<li class=\"\" data-start=\"550\" data-end=\"601\">\n<p class=\"\" data-start=\"552\" data-end=\"601\"><strong data-start=\"552\" data-end=\"573\">Th\u1eddi h\u1ea1n s\u1eed d\u1ee5ng:<\/strong> 9 th\u00e1ng k\u1ec3 t\u1eeb ng\u00e0y s\u1ea3n xu\u1ea5t<\/p>\n<\/li>\n<li class=\"\" data-start=\"602\" data-end=\"635\">\n<p class=\"\" data-start=\"604\" data-end=\"635\"><strong data-start=\"604\" data-end=\"617\">B\u1ea3o qu\u1ea3n:<\/strong> t\u1eeb -20\u00b0C \u0111\u1ebfn +8\u00b0C<\/p>\n<\/li>\n<\/ul>\n<p class=\"\" data-start=\"637\" data-end=\"650\"><strong data-start=\"637\" data-end=\"650\">\u1ee8ng d\u1ee5ng:<\/strong><\/p>\n<ul data-start=\"651\" data-end=\"911\">\n<li class=\"\" data-start=\"651\" data-end=\"729\">\n<p class=\"\" data-start=\"653\" data-end=\"729\">Ki\u1ec3m tra ch\u1ea5t l\u01b0\u1ee3ng vi sinh trong th\u1ef1c ph\u1ea9m, n\u01b0\u1edbc u\u1ed1ng, d\u01b0\u1ee3c ph\u1ea9m v\u00e0 m\u1ef9 ph\u1ea9m<\/p>\n<\/li>\n<li class=\"\" data-start=\"730\" data-end=\"771\">\n<p class=\"\" data-start=\"732\" data-end=\"771\">Th\u1ea9m \u0111\u1ecbnh quy tr\u00ecnh ki\u1ec3m nghi\u1ec7m vi sinh<\/p>\n<\/li>\n<li class=\"\" data-start=\"772\" data-end=\"837\">\n<p class=\"\" data-start=\"774\" data-end=\"837\">Ki\u1ec3m tra \u0111\u1ed9 nh\u1ea1y kh\u00e1ng sinh v\u00e0 gi\u00e1m s\u00e1t c\u00e1c vi khu\u1ea9n Gram d\u01b0\u01a1ng<\/p>\n<\/li>\n<li class=\"\" data-start=\"838\" data-end=\"911\">\n<p class=\"\" data-start=\"840\" data-end=\"911\">Nghi\u00ean c\u1ee9u v\u00e0 \u0111\u00e0o t\u1ea1o trong l\u0129nh v\u1ef1c vi sinh y t\u1ebf v\u00e0 vi sinh m\u00f4i tr\u01b0\u1eddng<\/p>\n<\/li>\n<\/ul>\n<p class=\"\" data-start=\"913\" data-end=\"934\"><strong data-start=\"913\" data-end=\"934\">\u0110\u1eb7c \u0111i\u1ec3m n\u1ed5i b\u1eadt:<\/strong><\/p>\n<ul data-start=\"935\" data-end=\"1151\">\n<li class=\"\" data-start=\"935\" data-end=\"1021\">\n<p class=\"\" data-start=\"937\" data-end=\"1021\">S\u1ea3n xu\u1ea5t t\u1eeb ch\u1ee7ng g\u1ed1c \u0111\u01b0\u1ee3c l\u01b0u gi\u1eef t\u1ea1i NCTC\u00ae, \u0111\u1ea3m b\u1ea3o \u0111\u1ed9 ch\u00ednh x\u00e1c v\u00e0 t\u00ednh \u0111\u1ed3ng nh\u1ea5t<\/p>\n<\/li>\n<li class=\"\" data-start=\"1022\" data-end=\"1085\">\n<p class=\"\" data-start=\"1024\" data-end=\"1085\">\u0110\u01b0\u1ee3c s\u1ea3n xu\u1ea5t d\u01b0\u1edbi s\u1ef1 ki\u1ec3m so\u00e1t c\u1ee7a UK Health Security Agency<\/p>\n<\/li>\n<li class=\"\" data-start=\"1086\" data-end=\"1151\">\n<p class=\"\" data-start=\"1088\" data-end=\"1151\">D\u1ea1ng vi\u00ean c\u1ea5y \u0111\u00f4ng kh\u00f4 ti\u1ec7n l\u1ee3i, d\u1ec5 s\u1eed d\u1ee5ng v\u00e0 b\u1ea3o qu\u1ea3n l\u00e2u d\u00e0i<\/p>\n<\/li>\n<\/ul>\n<p class=\"\" data-start=\"1153\" data-end=\"1237\"><strong data-start=\"1153\" data-end=\"1174\">Li\u00ean h\u1ec7 \u0111\u1eb7t h\u00e0ng:<\/strong> <strong data-start=\"1175\" data-end=\"1193\">Biosciences.vn<\/strong><br data-start=\"1193\" data-end=\"1196\" \/>\ud83d\udcde 0933 270 120<br data-start=\"1211\" data-end=\"1214\" \/>\ud83d\udce9 <a rel=\"noopener\" data-start=\"1217\" data-end=\"1237\">sales@biosciences.vn<\/a><\/p>\n","protected":false},"excerpt":{"rendered":"<p>Selectrol\u00ae Enterococcus faecalis NCTC\u00ae 12697 \/ ATCC\u00ae 29212 l\u00e0 ch\u1ee7ng vi sinh v\u1eadt chu\u1ea9n do TCS Biosciences cung c\u1ea5p, \u0111\u01b0\u1ee3c s\u1eed d\u1ee5ng r\u1ed9ng r\u00e3i trong ki\u1ec3m nghi\u1ec7m vi sinh, th\u1ea9m \u0111\u1ecbnh ph\u01b0\u01a1ng ph\u00e1p v\u00e0 nghi\u00ean c\u1ee9u khoa h\u1ecdc. S\u1ea3n ph\u1ea9m n\u00e0y h\u1ed7 tr\u1ee3 \u0111\u00e1nh gi\u00e1 v\u00e0 ki\u1ec3m so\u00e1t ch\u1ea5t l\u01b0\u1ee3ng m\u00f4i tr\u01b0\u1eddng nu\u00f4i c\u1ea5y c\u0169ng [&hellip;]<\/p>\n","protected":false},"featured_media":6710,"comment_status":"open","ping_status":"closed","template":"","meta":[],"pwb-brand":[644],"product_cat":[434,485,665],"product_tag":[949,947,951],"class_list":{"0":"post-6781","1":"product","2":"type-product","3":"status-publish","4":"has-post-thumbnail","6":"pwb-brand-tcs-biosciences-vi","7":"product_cat-khoa-hoc-su-song","8":"product_cat-hoa-chat-vat-tu","9":"product_cat-chung-chuan-vi-sinh","10":"product_tag-atcc","11":"product_tag-ntcc","12":"product_tag-quality-control","14":"first","15":"onbackorder","16":"shipping-taxable","17":"purchasable","18":"product-type-simple"},"yoast_head":"<!-- This site is optimized with the Yoast SEO plugin v23.6 - https:\/\/yoast.com\/wordpress\/plugins\/seo\/ -->\n<title>Ch\u1ee7ng chu\u1ea9n vi sinh \u0111\u1ecbnh t\u00ednh Selectrol\u00ae Enterococcus faecalis NCTC\u00ae 12697 \/ ATCC\u00ae 29212 - Biosciences<\/title>\n<meta name=\"robots\" content=\"index, follow, max-snippet:-1, max-image-preview:large, max-video-preview:-1\" \/>\n<link rel=\"canonical\" href=\"https:\/\/biosciences.vn\/index.php\/product\/chung-chuan-vi-sinh-dinh-tinh-selectrol-enterococcus-faecalis-nctc-12697-atcc-29212\/\" \/>\n<meta property=\"og:locale\" content=\"en_US\" \/>\n<meta property=\"og:type\" content=\"article\" \/>\n<meta property=\"og:title\" content=\"Ch\u1ee7ng chu\u1ea9n vi sinh \u0111\u1ecbnh t\u00ednh Selectrol\u00ae Enterococcus faecalis NCTC\u00ae 12697 \/ ATCC\u00ae 29212 - Biosciences\" \/>\n<meta property=\"og:description\" content=\"Selectrol\u00ae Enterococcus faecalis NCTC\u00ae 12697 \/ ATCC\u00ae 29212 l\u00e0 ch\u1ee7ng vi sinh v\u1eadt chu\u1ea9n do TCS Biosciences cung c\u1ea5p, \u0111\u01b0\u1ee3c s\u1eed d\u1ee5ng r\u1ed9ng r\u00e3i trong ki\u1ec3m nghi\u1ec7m vi sinh, th\u1ea9m \u0111\u1ecbnh ph\u01b0\u01a1ng ph\u00e1p v\u00e0 nghi\u00ean c\u1ee9u khoa h\u1ecdc. S\u1ea3n ph\u1ea9m n\u00e0y h\u1ed7 tr\u1ee3 \u0111\u00e1nh gi\u00e1 v\u00e0 ki\u1ec3m so\u00e1t ch\u1ea5t l\u01b0\u1ee3ng m\u00f4i tr\u01b0\u1eddng nu\u00f4i c\u1ea5y c\u0169ng [&hellip;]\" \/>\n<meta property=\"og:url\" content=\"https:\/\/biosciences.vn\/index.php\/product\/chung-chuan-vi-sinh-dinh-tinh-selectrol-enterococcus-faecalis-nctc-12697-atcc-29212\/\" \/>\n<meta property=\"og:site_name\" content=\"Biosciences\" \/>\n<meta property=\"article:modified_time\" content=\"2025-08-28T07:55:09+00:00\" \/>\n<meta property=\"og:image\" content=\"https:\/\/biosciences.vn\/wp-content\/uploads\/2025\/03\/TCS-SELECTROL_01_v1.jpg\" \/>\n\t<meta property=\"og:image:width\" content=\"600\" \/>\n\t<meta property=\"og:image:height\" content=\"449\" \/>\n\t<meta property=\"og:image:type\" content=\"image\/jpeg\" \/>\n<meta name=\"twitter:card\" content=\"summary_large_image\" \/>\n<meta name=\"twitter:label1\" content=\"Est. reading time\" \/>\n\t<meta name=\"twitter:data1\" content=\"2 minutes\" \/>\n<script type=\"application\/ld+json\" class=\"yoast-schema-graph\">{\"@context\":\"https:\/\/schema.org\",\"@graph\":[{\"@type\":\"WebPage\",\"@id\":\"https:\/\/biosciences.vn\/index.php\/product\/chung-chuan-vi-sinh-dinh-tinh-selectrol-enterococcus-faecalis-nctc-12697-atcc-29212\/\",\"url\":\"https:\/\/biosciences.vn\/index.php\/product\/chung-chuan-vi-sinh-dinh-tinh-selectrol-enterococcus-faecalis-nctc-12697-atcc-29212\/\",\"name\":\"Ch\u1ee7ng chu\u1ea9n vi sinh \u0111\u1ecbnh t\u00ednh Selectrol\u00ae Enterococcus faecalis NCTC\u00ae 12697 \/ ATCC\u00ae 29212 - Biosciences\",\"isPartOf\":{\"@id\":\"https:\/\/biosciences.vn\/#website\"},\"primaryImageOfPage\":{\"@id\":\"https:\/\/biosciences.vn\/index.php\/product\/chung-chuan-vi-sinh-dinh-tinh-selectrol-enterococcus-faecalis-nctc-12697-atcc-29212\/#primaryimage\"},\"image\":{\"@id\":\"https:\/\/biosciences.vn\/index.php\/product\/chung-chuan-vi-sinh-dinh-tinh-selectrol-enterococcus-faecalis-nctc-12697-atcc-29212\/#primaryimage\"},\"thumbnailUrl\":\"https:\/\/biosciences.vn\/wp-content\/uploads\/2025\/03\/TCS-SELECTROL_01_v1.jpg\",\"datePublished\":\"2025-03-26T07:34:58+00:00\",\"dateModified\":\"2025-08-28T07:55:09+00:00\",\"breadcrumb\":{\"@id\":\"https:\/\/biosciences.vn\/index.php\/product\/chung-chuan-vi-sinh-dinh-tinh-selectrol-enterococcus-faecalis-nctc-12697-atcc-29212\/#breadcrumb\"},\"inLanguage\":\"en-US\",\"potentialAction\":[{\"@type\":\"ReadAction\",\"target\":[\"https:\/\/biosciences.vn\/index.php\/product\/chung-chuan-vi-sinh-dinh-tinh-selectrol-enterococcus-faecalis-nctc-12697-atcc-29212\/\"]}]},{\"@type\":\"ImageObject\",\"inLanguage\":\"en-US\",\"@id\":\"https:\/\/biosciences.vn\/index.php\/product\/chung-chuan-vi-sinh-dinh-tinh-selectrol-enterococcus-faecalis-nctc-12697-atcc-29212\/#primaryimage\",\"url\":\"https:\/\/biosciences.vn\/wp-content\/uploads\/2025\/03\/TCS-SELECTROL_01_v1.jpg\",\"contentUrl\":\"https:\/\/biosciences.vn\/wp-content\/uploads\/2025\/03\/TCS-SELECTROL_01_v1.jpg\",\"width\":600,\"height\":449},{\"@type\":\"BreadcrumbList\",\"@id\":\"https:\/\/biosciences.vn\/index.php\/product\/chung-chuan-vi-sinh-dinh-tinh-selectrol-enterococcus-faecalis-nctc-12697-atcc-29212\/#breadcrumb\",\"itemListElement\":[{\"@type\":\"ListItem\",\"position\":1,\"name\":\"Trang ch\u1ee7\",\"item\":\"https:\/\/biosciences.vn\/index.php\/en\/home\/\"},{\"@type\":\"ListItem\",\"position\":2,\"name\":\"Shop\",\"item\":\"https:\/\/biosciences.vn\/index.php\/shop\/\"},{\"@type\":\"ListItem\",\"position\":3,\"name\":\"Ch\u1ee7ng chu\u1ea9n vi sinh \u0111\u1ecbnh t\u00ednh Selectrol\u00ae Enterococcus faecalis NCTC\u00ae 12697 \/ ATCC\u00ae 29212\"}]},{\"@type\":\"WebSite\",\"@id\":\"https:\/\/biosciences.vn\/#website\",\"url\":\"https:\/\/biosciences.vn\/\",\"name\":\"Biosciences\",\"description\":\"\",\"publisher\":{\"@id\":\"https:\/\/biosciences.vn\/#organization\"},\"potentialAction\":[{\"@type\":\"SearchAction\",\"target\":{\"@type\":\"EntryPoint\",\"urlTemplate\":\"https:\/\/biosciences.vn\/?s={search_term_string}\"},\"query-input\":{\"@type\":\"PropertyValueSpecification\",\"valueRequired\":true,\"valueName\":\"search_term_string\"}}],\"inLanguage\":\"en-US\"},{\"@type\":\"Organization\",\"@id\":\"https:\/\/biosciences.vn\/#organization\",\"name\":\"Biosciences\",\"url\":\"https:\/\/biosciences.vn\/\",\"logo\":{\"@type\":\"ImageObject\",\"inLanguage\":\"en-US\",\"@id\":\"https:\/\/biosciences.vn\/#\/schema\/logo\/image\/\",\"url\":\"https:\/\/biosciences.vn\/wp-content\/uploads\/2024\/04\/LOGO-BIOSCIENCES-PNG.png\",\"contentUrl\":\"https:\/\/biosciences.vn\/wp-content\/uploads\/2024\/04\/LOGO-BIOSCIENCES-PNG.png\",\"width\":2536,\"height\":638,\"caption\":\"Biosciences\"},\"image\":{\"@id\":\"https:\/\/biosciences.vn\/#\/schema\/logo\/image\/\"}}]}<\/script>\n<!-- \/ Yoast SEO plugin. -->","yoast_head_json":{"title":"Ch\u1ee7ng chu\u1ea9n vi sinh \u0111\u1ecbnh t\u00ednh Selectrol\u00ae Enterococcus faecalis NCTC\u00ae 12697 \/ ATCC\u00ae 29212 - Biosciences","robots":{"index":"index","follow":"follow","max-snippet":"max-snippet:-1","max-image-preview":"max-image-preview:large","max-video-preview":"max-video-preview:-1"},"canonical":"https:\/\/biosciences.vn\/index.php\/product\/chung-chuan-vi-sinh-dinh-tinh-selectrol-enterococcus-faecalis-nctc-12697-atcc-29212\/","og_locale":"en_US","og_type":"article","og_title":"Ch\u1ee7ng chu\u1ea9n vi sinh \u0111\u1ecbnh t\u00ednh Selectrol\u00ae Enterococcus faecalis NCTC\u00ae 12697 \/ ATCC\u00ae 29212 - Biosciences","og_description":"Selectrol\u00ae Enterococcus faecalis NCTC\u00ae 12697 \/ ATCC\u00ae 29212 l\u00e0 ch\u1ee7ng vi sinh v\u1eadt chu\u1ea9n do TCS Biosciences cung c\u1ea5p, \u0111\u01b0\u1ee3c s\u1eed d\u1ee5ng r\u1ed9ng r\u00e3i trong ki\u1ec3m nghi\u1ec7m vi sinh, th\u1ea9m \u0111\u1ecbnh ph\u01b0\u01a1ng ph\u00e1p v\u00e0 nghi\u00ean c\u1ee9u khoa h\u1ecdc. S\u1ea3n ph\u1ea9m n\u00e0y h\u1ed7 tr\u1ee3 \u0111\u00e1nh gi\u00e1 v\u00e0 ki\u1ec3m so\u00e1t ch\u1ea5t l\u01b0\u1ee3ng m\u00f4i tr\u01b0\u1eddng nu\u00f4i c\u1ea5y c\u0169ng [&hellip;]","og_url":"https:\/\/biosciences.vn\/index.php\/product\/chung-chuan-vi-sinh-dinh-tinh-selectrol-enterococcus-faecalis-nctc-12697-atcc-29212\/","og_site_name":"Biosciences","article_modified_time":"2025-08-28T07:55:09+00:00","og_image":[{"width":600,"height":449,"url":"https:\/\/biosciences.vn\/wp-content\/uploads\/2025\/03\/TCS-SELECTROL_01_v1.jpg","type":"image\/jpeg"}],"twitter_card":"summary_large_image","twitter_misc":{"Est. reading time":"2 minutes"},"schema":{"@context":"https:\/\/schema.org","@graph":[{"@type":"WebPage","@id":"https:\/\/biosciences.vn\/index.php\/product\/chung-chuan-vi-sinh-dinh-tinh-selectrol-enterococcus-faecalis-nctc-12697-atcc-29212\/","url":"https:\/\/biosciences.vn\/index.php\/product\/chung-chuan-vi-sinh-dinh-tinh-selectrol-enterococcus-faecalis-nctc-12697-atcc-29212\/","name":"Ch\u1ee7ng chu\u1ea9n vi sinh \u0111\u1ecbnh t\u00ednh Selectrol\u00ae Enterococcus faecalis NCTC\u00ae 12697 \/ ATCC\u00ae 29212 - Biosciences","isPartOf":{"@id":"https:\/\/biosciences.vn\/#website"},"primaryImageOfPage":{"@id":"https:\/\/biosciences.vn\/index.php\/product\/chung-chuan-vi-sinh-dinh-tinh-selectrol-enterococcus-faecalis-nctc-12697-atcc-29212\/#primaryimage"},"image":{"@id":"https:\/\/biosciences.vn\/index.php\/product\/chung-chuan-vi-sinh-dinh-tinh-selectrol-enterococcus-faecalis-nctc-12697-atcc-29212\/#primaryimage"},"thumbnailUrl":"https:\/\/biosciences.vn\/wp-content\/uploads\/2025\/03\/TCS-SELECTROL_01_v1.jpg","datePublished":"2025-03-26T07:34:58+00:00","dateModified":"2025-08-28T07:55:09+00:00","breadcrumb":{"@id":"https:\/\/biosciences.vn\/index.php\/product\/chung-chuan-vi-sinh-dinh-tinh-selectrol-enterococcus-faecalis-nctc-12697-atcc-29212\/#breadcrumb"},"inLanguage":"en-US","potentialAction":[{"@type":"ReadAction","target":["https:\/\/biosciences.vn\/index.php\/product\/chung-chuan-vi-sinh-dinh-tinh-selectrol-enterococcus-faecalis-nctc-12697-atcc-29212\/"]}]},{"@type":"ImageObject","inLanguage":"en-US","@id":"https:\/\/biosciences.vn\/index.php\/product\/chung-chuan-vi-sinh-dinh-tinh-selectrol-enterococcus-faecalis-nctc-12697-atcc-29212\/#primaryimage","url":"https:\/\/biosciences.vn\/wp-content\/uploads\/2025\/03\/TCS-SELECTROL_01_v1.jpg","contentUrl":"https:\/\/biosciences.vn\/wp-content\/uploads\/2025\/03\/TCS-SELECTROL_01_v1.jpg","width":600,"height":449},{"@type":"BreadcrumbList","@id":"https:\/\/biosciences.vn\/index.php\/product\/chung-chuan-vi-sinh-dinh-tinh-selectrol-enterococcus-faecalis-nctc-12697-atcc-29212\/#breadcrumb","itemListElement":[{"@type":"ListItem","position":1,"name":"Trang ch\u1ee7","item":"https:\/\/biosciences.vn\/index.php\/en\/home\/"},{"@type":"ListItem","position":2,"name":"Shop","item":"https:\/\/biosciences.vn\/index.php\/shop\/"},{"@type":"ListItem","position":3,"name":"Ch\u1ee7ng chu\u1ea9n vi sinh \u0111\u1ecbnh t\u00ednh Selectrol\u00ae Enterococcus faecalis NCTC\u00ae 12697 \/ ATCC\u00ae 29212"}]},{"@type":"WebSite","@id":"https:\/\/biosciences.vn\/#website","url":"https:\/\/biosciences.vn\/","name":"Biosciences","description":"","publisher":{"@id":"https:\/\/biosciences.vn\/#organization"},"potentialAction":[{"@type":"SearchAction","target":{"@type":"EntryPoint","urlTemplate":"https:\/\/biosciences.vn\/?s={search_term_string}"},"query-input":{"@type":"PropertyValueSpecification","valueRequired":true,"valueName":"search_term_string"}}],"inLanguage":"en-US"},{"@type":"Organization","@id":"https:\/\/biosciences.vn\/#organization","name":"Biosciences","url":"https:\/\/biosciences.vn\/","logo":{"@type":"ImageObject","inLanguage":"en-US","@id":"https:\/\/biosciences.vn\/#\/schema\/logo\/image\/","url":"https:\/\/biosciences.vn\/wp-content\/uploads\/2024\/04\/LOGO-BIOSCIENCES-PNG.png","contentUrl":"https:\/\/biosciences.vn\/wp-content\/uploads\/2024\/04\/LOGO-BIOSCIENCES-PNG.png","width":2536,"height":638,"caption":"Biosciences"},"image":{"@id":"https:\/\/biosciences.vn\/#\/schema\/logo\/image\/"}}]}},"brands":[{"id":644,"name":"TCS Biosciences","slug":"tcs-biosciences-vi"}],"_links":{"self":[{"href":"https:\/\/biosciences.vn\/index.php\/wp-json\/wp\/v2\/product\/6781"}],"collection":[{"href":"https:\/\/biosciences.vn\/index.php\/wp-json\/wp\/v2\/product"}],"about":[{"href":"https:\/\/biosciences.vn\/index.php\/wp-json\/wp\/v2\/types\/product"}],"replies":[{"embeddable":true,"href":"https:\/\/biosciences.vn\/index.php\/wp-json\/wp\/v2\/comments?post=6781"}],"wp:featuredmedia":[{"embeddable":true,"href":"https:\/\/biosciences.vn\/index.php\/wp-json\/wp\/v2\/media\/6710"}],"wp:attachment":[{"href":"https:\/\/biosciences.vn\/index.php\/wp-json\/wp\/v2\/media?parent=6781"}],"wp:term":[{"taxonomy":"pwb-brand","embeddable":true,"href":"https:\/\/biosciences.vn\/index.php\/wp-json\/wp\/v2\/pwb-brand?post=6781"},{"taxonomy":"product_cat","embeddable":true,"href":"https:\/\/biosciences.vn\/index.php\/wp-json\/wp\/v2\/product_cat?post=6781"},{"taxonomy":"product_tag","embeddable":true,"href":"https:\/\/biosciences.vn\/index.php\/wp-json\/wp\/v2\/product_tag?post=6781"}],"curies":[{"name":"wp","href":"https:\/\/api.w.org\/{rel}","templated":true}]}}