{"id":6791,"date":"2025-03-26T14:47:56","date_gmt":"2025-03-26T07:47:56","guid":{"rendered":"https:\/\/biosciences.vn\/?post_type=product&#038;p=6791"},"modified":"2025-08-28T14:55:09","modified_gmt":"2025-08-28T07:55:09","slug":"chung-chuan-vi-sinh-dinh-tinh-selectrol-escherichia-coli-nctc-10418-atcc-10536-2","status":"publish","type":"product","link":"https:\/\/biosciences.vn\/index.php\/product\/chung-chuan-vi-sinh-dinh-tinh-selectrol-escherichia-coli-nctc-10418-atcc-10536-2\/","title":{"rendered":"Ch\u1ee7ng chu\u1ea9n vi sinh \u0111\u1ecbnh t\u00ednh Selectrol\u00ae Escherichia coli NCTC\u00ae 10418 \/ ATCC\u00ae 10536"},"content":{"rendered":"<p class=\"\" data-start=\"0\" data-end=\"260\"><strong data-start=\"0\" data-end=\"57\">Selectrol\u00ae Escherichia coli NCTC\u00ae 10418 \/ ATCC\u00ae 10536<\/strong> l\u00e0 ch\u1ee7ng vi sinh v\u1eadt chu\u1ea9n \u0111\u01b0\u1ee3c cung c\u1ea5p b\u1edfi <strong data-start=\"103\" data-end=\"122\">TCS Biosciences<\/strong>, s\u1eed d\u1ee5ng trong ki\u1ec3m nghi\u1ec7m vi sinh v\u00e0 nghi\u00ean c\u1ee9u khoa h\u1ecdc \u0111\u1ec3 ki\u1ec3m tra ch\u1ea5t l\u01b0\u1ee3ng m\u00f4i tr\u01b0\u1eddng nu\u00f4i c\u1ea5y v\u00e0 th\u1ea9m \u0111\u1ecbnh ph\u01b0\u01a1ng ph\u00e1p th\u1eed nghi\u1ec7m.<\/p>\n<p class=\"\" data-start=\"262\" data-end=\"294\"><strong data-start=\"262\" data-end=\"294\">Th\u00f4ng tin chi ti\u1ebft s\u1ea3n ph\u1ea9m:<\/strong><\/p>\n<ul data-start=\"295\" data-end=\"502\">\n<li class=\"\" data-start=\"295\" data-end=\"321\">\n<p class=\"\" data-start=\"297\" data-end=\"321\"><strong data-start=\"297\" data-end=\"313\">M\u00e3 s\u1ea3n ph\u1ea9m:<\/strong> MM33-25<\/p>\n<\/li>\n<li class=\"\" data-start=\"322\" data-end=\"341\">\n<p class=\"\" data-start=\"324\" data-end=\"341\"><strong data-start=\"324\" data-end=\"337\">M\u00e3 s\u1ed1 CI:<\/strong> 247<\/p>\n<\/li>\n<li class=\"\" data-start=\"342\" data-end=\"407\">\n<p class=\"\" data-start=\"344\" data-end=\"407\"><strong data-start=\"344\" data-end=\"362\">Ch\u1ee7ng vi sinh:<\/strong> <em data-start=\"363\" data-end=\"381\">Escherichia coli<\/em> NCTC\u00ae 10418 \/ ATCC\u00ae 10536<\/p>\n<\/li>\n<li class=\"\" data-start=\"408\" data-end=\"430\">\n<p class=\"\" data-start=\"410\" data-end=\"430\"><strong data-start=\"410\" data-end=\"423\">S\u1ed1 l\u01b0\u1ee3ng:<\/strong> 25 \u0111\u0129a<\/p>\n<\/li>\n<\/ul>\n<p class=\"\" data-start=\"504\" data-end=\"517\"><strong data-start=\"504\" data-end=\"517\">\u1ee8ng d\u1ee5ng:<\/strong><\/p>\n<ul data-start=\"518\" data-end=\"779\">\n<li class=\"\" data-start=\"518\" data-end=\"597\">\n<p class=\"\" data-start=\"520\" data-end=\"597\">Ki\u1ec3m tra ch\u1ea5t l\u01b0\u1ee3ng vi sinh trong th\u1ef1c ph\u1ea9m, n\u01b0\u1edbc u\u1ed1ng, d\u01b0\u1ee3c ph\u1ea9m v\u00e0 m\u1ef9 ph\u1ea9m.<\/p>\n<\/li>\n<li class=\"\" data-start=\"598\" data-end=\"640\">\n<p class=\"\" data-start=\"600\" data-end=\"640\">Th\u1ea9m \u0111\u1ecbnh quy tr\u00ecnh ki\u1ec3m nghi\u1ec7m vi sinh.<\/p>\n<\/li>\n<li class=\"\" data-start=\"641\" data-end=\"704\">\n<p class=\"\" data-start=\"643\" data-end=\"704\">Ki\u1ec3m tra \u0111\u1ed9 nh\u1ea1y kh\u00e1ng sinh v\u00e0 gi\u00e1m s\u00e1t c\u00e1c vi khu\u1ea9n Gram \u00e2m.<\/p>\n<\/li>\n<li class=\"\" data-start=\"705\" data-end=\"779\">\n<p class=\"\" data-start=\"707\" data-end=\"779\">Nghi\u00ean c\u1ee9u v\u00e0 \u0111\u00e0o t\u1ea1o trong l\u0129nh v\u1ef1c vi sinh y t\u1ebf v\u00e0 vi sinh m\u00f4i tr\u01b0\u1eddng.<\/p>\n<\/li>\n<\/ul>\n<p class=\"\" data-start=\"781\" data-end=\"802\"><strong data-start=\"781\" data-end=\"802\">\u0110\u1eb7c \u0111i\u1ec3m n\u1ed5i b\u1eadt:<\/strong><\/p>\n<ul data-start=\"803\" data-end=\"1008\">\n<li class=\"\" data-start=\"803\" data-end=\"890\">\n<p class=\"\" data-start=\"805\" data-end=\"890\">S\u1ea3n xu\u1ea5t t\u1eeb ch\u1ee7ng g\u1ed1c \u0111\u01b0\u1ee3c l\u01b0u gi\u1eef t\u1ea1i NCTC\u00ae, \u0111\u1ea3m b\u1ea3o \u0111\u1ed9 ch\u00ednh x\u00e1c v\u00e0 t\u00ednh \u0111\u1ed3ng nh\u1ea5t.<\/p>\n<\/li>\n<li class=\"\" data-start=\"891\" data-end=\"955\">\n<p class=\"\" data-start=\"893\" data-end=\"955\">\u0110\u01b0\u1ee3c s\u1ea3n xu\u1ea5t d\u01b0\u1edbi s\u1ef1 ki\u1ec3m so\u00e1t c\u1ee7a UK Health Security Agency.<\/p>\n<\/li>\n<li class=\"\" data-start=\"956\" data-end=\"1008\">\n<p class=\"\" data-start=\"958\" data-end=\"1008\">D\u1ea1ng \u0111\u0129a ti\u1ec7n l\u1ee3i, d\u1ec5 s\u1eed d\u1ee5ng v\u00e0 b\u1ea3o qu\u1ea3n l\u00e2u d\u00e0i.<\/p>\n<\/li>\n<\/ul>\n<p class=\"\" data-start=\"1010\" data-end=\"1094\"><strong data-start=\"1010\" data-end=\"1031\">Li\u00ean h\u1ec7 \u0111\u1eb7t h\u00e0ng:<\/strong> <strong data-start=\"1032\" data-end=\"1050\">Biosciences.vn<\/strong><br data-start=\"1050\" data-end=\"1053\" \/>\ud83d\udcde 0933 270 120<br data-start=\"1068\" data-end=\"1071\" \/>\ud83d\udce9 <a rel=\"noopener\" data-start=\"1074\" data-end=\"1094\">sales@biosciences.vn<\/a><\/p>\n","protected":false},"excerpt":{"rendered":"<p>Selectrol\u00ae Escherichia coli NCTC\u00ae 10418 \/ ATCC\u00ae 10536 l\u00e0 ch\u1ee7ng vi sinh v\u1eadt chu\u1ea9n \u0111\u01b0\u1ee3c cung c\u1ea5p b\u1edfi TCS Biosciences, s\u1eed d\u1ee5ng trong ki\u1ec3m nghi\u1ec7m vi sinh v\u00e0 nghi\u00ean c\u1ee9u khoa h\u1ecdc \u0111\u1ec3 ki\u1ec3m tra ch\u1ea5t l\u01b0\u1ee3ng m\u00f4i tr\u01b0\u1eddng nu\u00f4i c\u1ea5y v\u00e0 th\u1ea9m \u0111\u1ecbnh ph\u01b0\u01a1ng ph\u00e1p th\u1eed nghi\u1ec7m. Th\u00f4ng tin chi ti\u1ebft s\u1ea3n ph\u1ea9m: M\u00e3 [&hellip;]<\/p>\n","protected":false},"featured_media":6710,"comment_status":"open","ping_status":"closed","template":"","meta":[],"pwb-brand":[644],"product_cat":[434,485,665],"product_tag":[949,947,951],"class_list":{"0":"post-6791","1":"product","2":"type-product","3":"status-publish","4":"has-post-thumbnail","6":"pwb-brand-tcs-biosciences-vi","7":"product_cat-khoa-hoc-su-song","8":"product_cat-hoa-chat-vat-tu","9":"product_cat-chung-chuan-vi-sinh","10":"product_tag-atcc","11":"product_tag-ntcc","12":"product_tag-quality-control","14":"first","15":"onbackorder","16":"shipping-taxable","17":"purchasable","18":"product-type-simple"},"yoast_head":"<!-- This site is optimized with the Yoast SEO plugin v23.6 - https:\/\/yoast.com\/wordpress\/plugins\/seo\/ -->\n<title>Ch\u1ee7ng chu\u1ea9n vi sinh \u0111\u1ecbnh t\u00ednh Selectrol\u00ae Escherichia coli NCTC\u00ae 10418 \/ ATCC\u00ae 10536 - Biosciences<\/title>\n<meta name=\"robots\" content=\"index, follow, max-snippet:-1, max-image-preview:large, max-video-preview:-1\" \/>\n<link rel=\"canonical\" href=\"https:\/\/biosciences.vn\/index.php\/product\/chung-chuan-vi-sinh-dinh-tinh-selectrol-escherichia-coli-nctc-10418-atcc-10536-2\/\" \/>\n<meta property=\"og:locale\" content=\"en_US\" \/>\n<meta property=\"og:type\" content=\"article\" \/>\n<meta property=\"og:title\" content=\"Ch\u1ee7ng chu\u1ea9n vi sinh \u0111\u1ecbnh t\u00ednh Selectrol\u00ae Escherichia coli NCTC\u00ae 10418 \/ ATCC\u00ae 10536 - Biosciences\" \/>\n<meta property=\"og:description\" content=\"Selectrol\u00ae Escherichia coli NCTC\u00ae 10418 \/ ATCC\u00ae 10536 l\u00e0 ch\u1ee7ng vi sinh v\u1eadt chu\u1ea9n \u0111\u01b0\u1ee3c cung c\u1ea5p b\u1edfi TCS Biosciences, s\u1eed d\u1ee5ng trong ki\u1ec3m nghi\u1ec7m vi sinh v\u00e0 nghi\u00ean c\u1ee9u khoa h\u1ecdc \u0111\u1ec3 ki\u1ec3m tra ch\u1ea5t l\u01b0\u1ee3ng m\u00f4i tr\u01b0\u1eddng nu\u00f4i c\u1ea5y v\u00e0 th\u1ea9m \u0111\u1ecbnh ph\u01b0\u01a1ng ph\u00e1p th\u1eed nghi\u1ec7m. Th\u00f4ng tin chi ti\u1ebft s\u1ea3n ph\u1ea9m: M\u00e3 [&hellip;]\" \/>\n<meta property=\"og:url\" content=\"https:\/\/biosciences.vn\/index.php\/product\/chung-chuan-vi-sinh-dinh-tinh-selectrol-escherichia-coli-nctc-10418-atcc-10536-2\/\" \/>\n<meta property=\"og:site_name\" content=\"Biosciences\" \/>\n<meta property=\"article:modified_time\" content=\"2025-08-28T07:55:09+00:00\" \/>\n<meta property=\"og:image\" content=\"https:\/\/biosciences.vn\/wp-content\/uploads\/2025\/03\/TCS-SELECTROL_01_v1.jpg\" \/>\n\t<meta property=\"og:image:width\" content=\"600\" \/>\n\t<meta property=\"og:image:height\" content=\"449\" \/>\n\t<meta property=\"og:image:type\" content=\"image\/jpeg\" \/>\n<meta name=\"twitter:card\" content=\"summary_large_image\" \/>\n<meta name=\"twitter:label1\" content=\"Est. reading time\" \/>\n\t<meta name=\"twitter:data1\" content=\"2 minutes\" \/>\n<script type=\"application\/ld+json\" class=\"yoast-schema-graph\">{\"@context\":\"https:\/\/schema.org\",\"@graph\":[{\"@type\":\"WebPage\",\"@id\":\"https:\/\/biosciences.vn\/index.php\/product\/chung-chuan-vi-sinh-dinh-tinh-selectrol-escherichia-coli-nctc-10418-atcc-10536-2\/\",\"url\":\"https:\/\/biosciences.vn\/index.php\/product\/chung-chuan-vi-sinh-dinh-tinh-selectrol-escherichia-coli-nctc-10418-atcc-10536-2\/\",\"name\":\"Ch\u1ee7ng chu\u1ea9n vi sinh \u0111\u1ecbnh t\u00ednh Selectrol\u00ae Escherichia coli NCTC\u00ae 10418 \/ ATCC\u00ae 10536 - Biosciences\",\"isPartOf\":{\"@id\":\"https:\/\/biosciences.vn\/#website\"},\"primaryImageOfPage\":{\"@id\":\"https:\/\/biosciences.vn\/index.php\/product\/chung-chuan-vi-sinh-dinh-tinh-selectrol-escherichia-coli-nctc-10418-atcc-10536-2\/#primaryimage\"},\"image\":{\"@id\":\"https:\/\/biosciences.vn\/index.php\/product\/chung-chuan-vi-sinh-dinh-tinh-selectrol-escherichia-coli-nctc-10418-atcc-10536-2\/#primaryimage\"},\"thumbnailUrl\":\"https:\/\/biosciences.vn\/wp-content\/uploads\/2025\/03\/TCS-SELECTROL_01_v1.jpg\",\"datePublished\":\"2025-03-26T07:47:56+00:00\",\"dateModified\":\"2025-08-28T07:55:09+00:00\",\"breadcrumb\":{\"@id\":\"https:\/\/biosciences.vn\/index.php\/product\/chung-chuan-vi-sinh-dinh-tinh-selectrol-escherichia-coli-nctc-10418-atcc-10536-2\/#breadcrumb\"},\"inLanguage\":\"en-US\",\"potentialAction\":[{\"@type\":\"ReadAction\",\"target\":[\"https:\/\/biosciences.vn\/index.php\/product\/chung-chuan-vi-sinh-dinh-tinh-selectrol-escherichia-coli-nctc-10418-atcc-10536-2\/\"]}]},{\"@type\":\"ImageObject\",\"inLanguage\":\"en-US\",\"@id\":\"https:\/\/biosciences.vn\/index.php\/product\/chung-chuan-vi-sinh-dinh-tinh-selectrol-escherichia-coli-nctc-10418-atcc-10536-2\/#primaryimage\",\"url\":\"https:\/\/biosciences.vn\/wp-content\/uploads\/2025\/03\/TCS-SELECTROL_01_v1.jpg\",\"contentUrl\":\"https:\/\/biosciences.vn\/wp-content\/uploads\/2025\/03\/TCS-SELECTROL_01_v1.jpg\",\"width\":600,\"height\":449},{\"@type\":\"BreadcrumbList\",\"@id\":\"https:\/\/biosciences.vn\/index.php\/product\/chung-chuan-vi-sinh-dinh-tinh-selectrol-escherichia-coli-nctc-10418-atcc-10536-2\/#breadcrumb\",\"itemListElement\":[{\"@type\":\"ListItem\",\"position\":1,\"name\":\"Trang ch\u1ee7\",\"item\":\"https:\/\/biosciences.vn\/index.php\/en\/home\/\"},{\"@type\":\"ListItem\",\"position\":2,\"name\":\"Shop\",\"item\":\"https:\/\/biosciences.vn\/index.php\/shop\/\"},{\"@type\":\"ListItem\",\"position\":3,\"name\":\"Ch\u1ee7ng chu\u1ea9n vi sinh \u0111\u1ecbnh t\u00ednh Selectrol\u00ae Escherichia coli NCTC\u00ae 10418 \/ ATCC\u00ae 10536\"}]},{\"@type\":\"WebSite\",\"@id\":\"https:\/\/biosciences.vn\/#website\",\"url\":\"https:\/\/biosciences.vn\/\",\"name\":\"Biosciences\",\"description\":\"\",\"publisher\":{\"@id\":\"https:\/\/biosciences.vn\/#organization\"},\"potentialAction\":[{\"@type\":\"SearchAction\",\"target\":{\"@type\":\"EntryPoint\",\"urlTemplate\":\"https:\/\/biosciences.vn\/?s={search_term_string}\"},\"query-input\":{\"@type\":\"PropertyValueSpecification\",\"valueRequired\":true,\"valueName\":\"search_term_string\"}}],\"inLanguage\":\"en-US\"},{\"@type\":\"Organization\",\"@id\":\"https:\/\/biosciences.vn\/#organization\",\"name\":\"Biosciences\",\"url\":\"https:\/\/biosciences.vn\/\",\"logo\":{\"@type\":\"ImageObject\",\"inLanguage\":\"en-US\",\"@id\":\"https:\/\/biosciences.vn\/#\/schema\/logo\/image\/\",\"url\":\"https:\/\/biosciences.vn\/wp-content\/uploads\/2024\/04\/LOGO-BIOSCIENCES-PNG.png\",\"contentUrl\":\"https:\/\/biosciences.vn\/wp-content\/uploads\/2024\/04\/LOGO-BIOSCIENCES-PNG.png\",\"width\":2536,\"height\":638,\"caption\":\"Biosciences\"},\"image\":{\"@id\":\"https:\/\/biosciences.vn\/#\/schema\/logo\/image\/\"}}]}<\/script>\n<!-- \/ Yoast SEO plugin. -->","yoast_head_json":{"title":"Ch\u1ee7ng chu\u1ea9n vi sinh \u0111\u1ecbnh t\u00ednh Selectrol\u00ae Escherichia coli NCTC\u00ae 10418 \/ ATCC\u00ae 10536 - Biosciences","robots":{"index":"index","follow":"follow","max-snippet":"max-snippet:-1","max-image-preview":"max-image-preview:large","max-video-preview":"max-video-preview:-1"},"canonical":"https:\/\/biosciences.vn\/index.php\/product\/chung-chuan-vi-sinh-dinh-tinh-selectrol-escherichia-coli-nctc-10418-atcc-10536-2\/","og_locale":"en_US","og_type":"article","og_title":"Ch\u1ee7ng chu\u1ea9n vi sinh \u0111\u1ecbnh t\u00ednh Selectrol\u00ae Escherichia coli NCTC\u00ae 10418 \/ ATCC\u00ae 10536 - Biosciences","og_description":"Selectrol\u00ae Escherichia coli NCTC\u00ae 10418 \/ ATCC\u00ae 10536 l\u00e0 ch\u1ee7ng vi sinh v\u1eadt chu\u1ea9n \u0111\u01b0\u1ee3c cung c\u1ea5p b\u1edfi TCS Biosciences, s\u1eed d\u1ee5ng trong ki\u1ec3m nghi\u1ec7m vi sinh v\u00e0 nghi\u00ean c\u1ee9u khoa h\u1ecdc \u0111\u1ec3 ki\u1ec3m tra ch\u1ea5t l\u01b0\u1ee3ng m\u00f4i tr\u01b0\u1eddng nu\u00f4i c\u1ea5y v\u00e0 th\u1ea9m \u0111\u1ecbnh ph\u01b0\u01a1ng ph\u00e1p th\u1eed nghi\u1ec7m. Th\u00f4ng tin chi ti\u1ebft s\u1ea3n ph\u1ea9m: M\u00e3 [&hellip;]","og_url":"https:\/\/biosciences.vn\/index.php\/product\/chung-chuan-vi-sinh-dinh-tinh-selectrol-escherichia-coli-nctc-10418-atcc-10536-2\/","og_site_name":"Biosciences","article_modified_time":"2025-08-28T07:55:09+00:00","og_image":[{"width":600,"height":449,"url":"https:\/\/biosciences.vn\/wp-content\/uploads\/2025\/03\/TCS-SELECTROL_01_v1.jpg","type":"image\/jpeg"}],"twitter_card":"summary_large_image","twitter_misc":{"Est. reading time":"2 minutes"},"schema":{"@context":"https:\/\/schema.org","@graph":[{"@type":"WebPage","@id":"https:\/\/biosciences.vn\/index.php\/product\/chung-chuan-vi-sinh-dinh-tinh-selectrol-escherichia-coli-nctc-10418-atcc-10536-2\/","url":"https:\/\/biosciences.vn\/index.php\/product\/chung-chuan-vi-sinh-dinh-tinh-selectrol-escherichia-coli-nctc-10418-atcc-10536-2\/","name":"Ch\u1ee7ng chu\u1ea9n vi sinh \u0111\u1ecbnh t\u00ednh Selectrol\u00ae Escherichia coli NCTC\u00ae 10418 \/ ATCC\u00ae 10536 - Biosciences","isPartOf":{"@id":"https:\/\/biosciences.vn\/#website"},"primaryImageOfPage":{"@id":"https:\/\/biosciences.vn\/index.php\/product\/chung-chuan-vi-sinh-dinh-tinh-selectrol-escherichia-coli-nctc-10418-atcc-10536-2\/#primaryimage"},"image":{"@id":"https:\/\/biosciences.vn\/index.php\/product\/chung-chuan-vi-sinh-dinh-tinh-selectrol-escherichia-coli-nctc-10418-atcc-10536-2\/#primaryimage"},"thumbnailUrl":"https:\/\/biosciences.vn\/wp-content\/uploads\/2025\/03\/TCS-SELECTROL_01_v1.jpg","datePublished":"2025-03-26T07:47:56+00:00","dateModified":"2025-08-28T07:55:09+00:00","breadcrumb":{"@id":"https:\/\/biosciences.vn\/index.php\/product\/chung-chuan-vi-sinh-dinh-tinh-selectrol-escherichia-coli-nctc-10418-atcc-10536-2\/#breadcrumb"},"inLanguage":"en-US","potentialAction":[{"@type":"ReadAction","target":["https:\/\/biosciences.vn\/index.php\/product\/chung-chuan-vi-sinh-dinh-tinh-selectrol-escherichia-coli-nctc-10418-atcc-10536-2\/"]}]},{"@type":"ImageObject","inLanguage":"en-US","@id":"https:\/\/biosciences.vn\/index.php\/product\/chung-chuan-vi-sinh-dinh-tinh-selectrol-escherichia-coli-nctc-10418-atcc-10536-2\/#primaryimage","url":"https:\/\/biosciences.vn\/wp-content\/uploads\/2025\/03\/TCS-SELECTROL_01_v1.jpg","contentUrl":"https:\/\/biosciences.vn\/wp-content\/uploads\/2025\/03\/TCS-SELECTROL_01_v1.jpg","width":600,"height":449},{"@type":"BreadcrumbList","@id":"https:\/\/biosciences.vn\/index.php\/product\/chung-chuan-vi-sinh-dinh-tinh-selectrol-escherichia-coli-nctc-10418-atcc-10536-2\/#breadcrumb","itemListElement":[{"@type":"ListItem","position":1,"name":"Trang ch\u1ee7","item":"https:\/\/biosciences.vn\/index.php\/en\/home\/"},{"@type":"ListItem","position":2,"name":"Shop","item":"https:\/\/biosciences.vn\/index.php\/shop\/"},{"@type":"ListItem","position":3,"name":"Ch\u1ee7ng chu\u1ea9n vi sinh \u0111\u1ecbnh t\u00ednh Selectrol\u00ae Escherichia coli NCTC\u00ae 10418 \/ ATCC\u00ae 10536"}]},{"@type":"WebSite","@id":"https:\/\/biosciences.vn\/#website","url":"https:\/\/biosciences.vn\/","name":"Biosciences","description":"","publisher":{"@id":"https:\/\/biosciences.vn\/#organization"},"potentialAction":[{"@type":"SearchAction","target":{"@type":"EntryPoint","urlTemplate":"https:\/\/biosciences.vn\/?s={search_term_string}"},"query-input":{"@type":"PropertyValueSpecification","valueRequired":true,"valueName":"search_term_string"}}],"inLanguage":"en-US"},{"@type":"Organization","@id":"https:\/\/biosciences.vn\/#organization","name":"Biosciences","url":"https:\/\/biosciences.vn\/","logo":{"@type":"ImageObject","inLanguage":"en-US","@id":"https:\/\/biosciences.vn\/#\/schema\/logo\/image\/","url":"https:\/\/biosciences.vn\/wp-content\/uploads\/2024\/04\/LOGO-BIOSCIENCES-PNG.png","contentUrl":"https:\/\/biosciences.vn\/wp-content\/uploads\/2024\/04\/LOGO-BIOSCIENCES-PNG.png","width":2536,"height":638,"caption":"Biosciences"},"image":{"@id":"https:\/\/biosciences.vn\/#\/schema\/logo\/image\/"}}]}},"brands":[{"id":644,"name":"TCS Biosciences","slug":"tcs-biosciences-vi"}],"_links":{"self":[{"href":"https:\/\/biosciences.vn\/index.php\/wp-json\/wp\/v2\/product\/6791"}],"collection":[{"href":"https:\/\/biosciences.vn\/index.php\/wp-json\/wp\/v2\/product"}],"about":[{"href":"https:\/\/biosciences.vn\/index.php\/wp-json\/wp\/v2\/types\/product"}],"replies":[{"embeddable":true,"href":"https:\/\/biosciences.vn\/index.php\/wp-json\/wp\/v2\/comments?post=6791"}],"wp:featuredmedia":[{"embeddable":true,"href":"https:\/\/biosciences.vn\/index.php\/wp-json\/wp\/v2\/media\/6710"}],"wp:attachment":[{"href":"https:\/\/biosciences.vn\/index.php\/wp-json\/wp\/v2\/media?parent=6791"}],"wp:term":[{"taxonomy":"pwb-brand","embeddable":true,"href":"https:\/\/biosciences.vn\/index.php\/wp-json\/wp\/v2\/pwb-brand?post=6791"},{"taxonomy":"product_cat","embeddable":true,"href":"https:\/\/biosciences.vn\/index.php\/wp-json\/wp\/v2\/product_cat?post=6791"},{"taxonomy":"product_tag","embeddable":true,"href":"https:\/\/biosciences.vn\/index.php\/wp-json\/wp\/v2\/product_tag?post=6791"}],"curies":[{"name":"wp","href":"https:\/\/api.w.org\/{rel}","templated":true}]}}