{"id":6818,"date":"2025-03-26T15:16:04","date_gmt":"2025-03-26T08:16:04","guid":{"rendered":"https:\/\/biosciences.vn\/?post_type=product&#038;p=6818"},"modified":"2025-08-28T14:55:09","modified_gmt":"2025-08-28T07:55:09","slug":"chung-chuan-vi-sinh-dinh-tinh-selectrol-listeria-innocua-nctc-11288-atcc-33090","status":"publish","type":"product","link":"https:\/\/biosciences.vn\/index.php\/product\/chung-chuan-vi-sinh-dinh-tinh-selectrol-listeria-innocua-nctc-11288-atcc-33090\/","title":{"rendered":"Ch\u1ee7ng chu\u1ea9n vi sinh \u0111\u1ecbnh t\u00ednh Selectrol\u00ae Listeria innocua NCTC\u00ae 11288 \/ ATCC\u00ae 33090"},"content":{"rendered":"<p class=\"\" data-start=\"0\" data-end=\"522\"><strong data-start=\"0\" data-end=\"57\">Selectrol\u00ae Listeria innocua NCTC\u00ae 11288 \/ ATCC\u00ae 33090<\/strong> l\u00e0 ch\u1ee7ng vi sinh v\u1eadt chu\u1ea9n do <strong data-start=\"88\" data-end=\"107\">TCS Biosciences<\/strong> cung c\u1ea5p, \u0111\u01b0\u1ee3c s\u1eed d\u1ee5ng r\u1ed9ng r\u00e3i trong ki\u1ec3m nghi\u1ec7m vi sinh v\u00e0 nghi\u00ean c\u1ee9u khoa h\u1ecdc. \u0110\u00e2y l\u00e0 ch\u1ee7ng kh\u00f4ng g\u00e2y b\u1ec7nh, th\u01b0\u1eddng \u0111\u01b0\u1ee3c s\u1eed d\u1ee5ng trong ng\u00e0nh c\u00f4ng nghi\u1ec7p th\u1ef1c ph\u1ea9m \u0111\u1ec3 ki\u1ec3m tra ch\u1ea5t l\u01b0\u1ee3ng m\u00f4i tr\u01b0\u1eddng nu\u00f4i c\u1ea5y v\u00e0 \u0111\u00e1nh gi\u00e1 hi\u1ec7u qu\u1ea3 c\u1ee7a c\u00e1c ph\u01b0\u01a1ng ph\u00e1p th\u1eed nghi\u1ec7m vi sinh. Ch\u1ee7ng n\u00e0y \u0111\u01b0\u1ee3c <strong data-start=\"392\" data-end=\"405\">ISO 11133<\/strong> khuy\u1ebfn ngh\u1ecb s\u1eed d\u1ee5ng cho vi\u1ec7c ki\u1ec3m tra ch\u1ea5t l\u01b0\u1ee3ng m\u00f4i tr\u01b0\u1eddng nu\u00f4i c\u1ea5y Listeria.<\/p>\n<p class=\"\" data-start=\"524\" data-end=\"556\"><strong data-start=\"524\" data-end=\"556\">Th\u00f4ng tin chi ti\u1ebft s\u1ea3n ph\u1ea9m:<\/strong><\/p>\n<ul data-start=\"557\" data-end=\"784\">\n<li class=\"\" data-start=\"557\" data-end=\"583\">\n<p class=\"\" data-start=\"559\" data-end=\"583\"><strong data-start=\"559\" data-end=\"575\">M\u00e3 s\u1ea3n ph\u1ea9m:<\/strong> MM92-10<\/p>\n<\/li>\n<li class=\"\" data-start=\"584\" data-end=\"605\">\n<p class=\"\" data-start=\"586\" data-end=\"605\"><strong data-start=\"586\" data-end=\"599\">M\u00e3 s\u1ed1 CI:<\/strong> 00017<\/p>\n<\/li>\n<li class=\"\" data-start=\"606\" data-end=\"671\">\n<p class=\"\" data-start=\"608\" data-end=\"671\"><strong data-start=\"608\" data-end=\"626\">Ch\u1ee7ng vi sinh:<\/strong> <em data-start=\"627\" data-end=\"645\">Listeria innocua<\/em> NCTC\u00ae 11288 \/ ATCC\u00ae 33090<\/p>\n<\/li>\n<li class=\"\" data-start=\"672\" data-end=\"694\">\n<p class=\"\" data-start=\"674\" data-end=\"694\"><strong data-start=\"674\" data-end=\"687\">S\u1ed1 l\u01b0\u1ee3ng:<\/strong> 10 \u0111\u0129a<\/p>\n<\/li>\n<li class=\"\" data-start=\"695\" data-end=\"712\">\n<p class=\"\" data-start=\"697\" data-end=\"712\"><strong data-start=\"697\" data-end=\"706\">WDCM:<\/strong> 00017<\/p>\n<\/li>\n<\/ul>\n<p class=\"\" data-start=\"786\" data-end=\"799\"><strong data-start=\"786\" data-end=\"799\">\u1ee8ng d\u1ee5ng:<\/strong><\/p>\n<ul data-start=\"800\" data-end=\"1008\">\n<li class=\"\" data-start=\"800\" data-end=\"893\">\n<p class=\"\" data-start=\"802\" data-end=\"893\">Ki\u1ec3m tra ch\u1ea5t l\u01b0\u1ee3ng vi sinh trong th\u1ef1c ph\u1ea9m, th\u1ee9c \u0103n ch\u0103n nu\u00f4i, s\u1eefa v\u00e0 c\u00e1c s\u1ea3n ph\u1ea9m t\u1eeb s\u1eefa.<\/p>\n<\/li>\n<li class=\"\" data-start=\"894\" data-end=\"936\">\n<p class=\"\" data-start=\"896\" data-end=\"936\">Th\u1ea9m \u0111\u1ecbnh quy tr\u00ecnh ki\u1ec3m nghi\u1ec7m vi sinh.<\/p>\n<\/li>\n<li class=\"\" data-start=\"937\" data-end=\"1008\">\n<p class=\"\" data-start=\"939\" data-end=\"1008\">Nghi\u00ean c\u1ee9u v\u00e0 \u0111\u00e0o t\u1ea1o trong l\u0129nh v\u1ef1c vi sinh th\u1ef1c ph\u1ea9m v\u00e0 m\u00f4i tr\u01b0\u1eddng.<\/p>\n<\/li>\n<\/ul>\n<p class=\"\" data-start=\"1010\" data-end=\"1031\"><strong data-start=\"1010\" data-end=\"1031\">\u0110\u1eb7c \u0111i\u1ec3m n\u1ed5i b\u1eadt:<\/strong><\/p>\n<ul data-start=\"1032\" data-end=\"1246\">\n<li class=\"\" data-start=\"1032\" data-end=\"1119\">\n<p class=\"\" data-start=\"1034\" data-end=\"1119\">S\u1ea3n xu\u1ea5t t\u1eeb ch\u1ee7ng g\u1ed1c \u0111\u01b0\u1ee3c l\u01b0u gi\u1eef t\u1ea1i NCTC\u00ae, \u0111\u1ea3m b\u1ea3o \u0111\u1ed9 ch\u00ednh x\u00e1c v\u00e0 t\u00ednh \u0111\u1ed3ng nh\u1ea5t.<\/p>\n<\/li>\n<li class=\"\" data-start=\"1120\" data-end=\"1184\">\n<p class=\"\" data-start=\"1122\" data-end=\"1184\">\u0110\u01b0\u1ee3c s\u1ea3n xu\u1ea5t d\u01b0\u1edbi s\u1ef1 ki\u1ec3m so\u00e1t c\u1ee7a UK Health Security Agency.<\/p>\n<\/li>\n<li class=\"\" data-start=\"1185\" data-end=\"1246\">\n<p class=\"\" data-start=\"1187\" data-end=\"1246\">D\u1ea1ng \u0111\u0129a \u0111\u00f4ng kh\u00f4 ti\u1ec7n l\u1ee3i, d\u1ec5 s\u1eed d\u1ee5ng v\u00e0 b\u1ea3o qu\u1ea3n l\u00e2u d\u00e0i.<\/p>\n<\/li>\n<\/ul>\n<p class=\"\" data-start=\"1303\" data-end=\"1387\"><strong data-start=\"1303\" data-end=\"1324\">Li\u00ean h\u1ec7 \u0111\u1eb7t h\u00e0ng:<\/strong> <strong data-start=\"1325\" data-end=\"1343\">Biosciences.vn<\/strong><br data-start=\"1343\" data-end=\"1346\" \/>\ud83d\udcde 0933 270 120<br data-start=\"1361\" data-end=\"1364\" \/>\ud83d\udce9 <a rel=\"noopener\" data-start=\"1367\" data-end=\"1387\">sales@biosciences.vn<\/a><\/p>\n","protected":false},"excerpt":{"rendered":"<p>Selectrol\u00ae Listeria innocua NCTC\u00ae 11288 \/ ATCC\u00ae 33090 l\u00e0 ch\u1ee7ng vi sinh v\u1eadt chu\u1ea9n do TCS Biosciences cung c\u1ea5p, \u0111\u01b0\u1ee3c s\u1eed d\u1ee5ng r\u1ed9ng r\u00e3i trong ki\u1ec3m nghi\u1ec7m vi sinh v\u00e0 nghi\u00ean c\u1ee9u khoa h\u1ecdc. \u0110\u00e2y l\u00e0 ch\u1ee7ng kh\u00f4ng g\u00e2y b\u1ec7nh, th\u01b0\u1eddng \u0111\u01b0\u1ee3c s\u1eed d\u1ee5ng trong ng\u00e0nh c\u00f4ng nghi\u1ec7p th\u1ef1c ph\u1ea9m \u0111\u1ec3 ki\u1ec3m tra ch\u1ea5t l\u01b0\u1ee3ng [&hellip;]<\/p>\n","protected":false},"featured_media":6710,"comment_status":"open","ping_status":"closed","template":"","meta":[],"pwb-brand":[644],"product_cat":[434,485,665],"product_tag":[949,947,951],"class_list":{"0":"post-6818","1":"product","2":"type-product","3":"status-publish","4":"has-post-thumbnail","6":"pwb-brand-tcs-biosciences-vi","7":"product_cat-khoa-hoc-su-song","8":"product_cat-hoa-chat-vat-tu","9":"product_cat-chung-chuan-vi-sinh","10":"product_tag-atcc","11":"product_tag-ntcc","12":"product_tag-quality-control","14":"first","15":"onbackorder","16":"shipping-taxable","17":"purchasable","18":"product-type-simple"},"yoast_head":"<!-- This site is optimized with the Yoast SEO plugin v23.6 - https:\/\/yoast.com\/wordpress\/plugins\/seo\/ -->\n<title>Ch\u1ee7ng chu\u1ea9n vi sinh \u0111\u1ecbnh t\u00ednh Selectrol\u00ae Listeria innocua NCTC\u00ae 11288 \/ ATCC\u00ae 33090 - Biosciences<\/title>\n<meta name=\"robots\" content=\"index, follow, max-snippet:-1, max-image-preview:large, max-video-preview:-1\" \/>\n<link rel=\"canonical\" href=\"https:\/\/biosciences.vn\/index.php\/product\/chung-chuan-vi-sinh-dinh-tinh-selectrol-listeria-innocua-nctc-11288-atcc-33090\/\" \/>\n<meta property=\"og:locale\" content=\"en_US\" \/>\n<meta property=\"og:type\" content=\"article\" \/>\n<meta property=\"og:title\" content=\"Ch\u1ee7ng chu\u1ea9n vi sinh \u0111\u1ecbnh t\u00ednh Selectrol\u00ae Listeria innocua NCTC\u00ae 11288 \/ ATCC\u00ae 33090 - Biosciences\" \/>\n<meta property=\"og:description\" content=\"Selectrol\u00ae Listeria innocua NCTC\u00ae 11288 \/ ATCC\u00ae 33090 l\u00e0 ch\u1ee7ng vi sinh v\u1eadt chu\u1ea9n do TCS Biosciences cung c\u1ea5p, \u0111\u01b0\u1ee3c s\u1eed d\u1ee5ng r\u1ed9ng r\u00e3i trong ki\u1ec3m nghi\u1ec7m vi sinh v\u00e0 nghi\u00ean c\u1ee9u khoa h\u1ecdc. \u0110\u00e2y l\u00e0 ch\u1ee7ng kh\u00f4ng g\u00e2y b\u1ec7nh, th\u01b0\u1eddng \u0111\u01b0\u1ee3c s\u1eed d\u1ee5ng trong ng\u00e0nh c\u00f4ng nghi\u1ec7p th\u1ef1c ph\u1ea9m \u0111\u1ec3 ki\u1ec3m tra ch\u1ea5t l\u01b0\u1ee3ng [&hellip;]\" \/>\n<meta property=\"og:url\" content=\"https:\/\/biosciences.vn\/index.php\/product\/chung-chuan-vi-sinh-dinh-tinh-selectrol-listeria-innocua-nctc-11288-atcc-33090\/\" \/>\n<meta property=\"og:site_name\" content=\"Biosciences\" \/>\n<meta property=\"article:modified_time\" content=\"2025-08-28T07:55:09+00:00\" \/>\n<meta property=\"og:image\" content=\"https:\/\/biosciences.vn\/wp-content\/uploads\/2025\/03\/TCS-SELECTROL_01_v1.jpg\" \/>\n\t<meta property=\"og:image:width\" content=\"600\" \/>\n\t<meta property=\"og:image:height\" content=\"449\" \/>\n\t<meta property=\"og:image:type\" content=\"image\/jpeg\" \/>\n<meta name=\"twitter:card\" content=\"summary_large_image\" \/>\n<meta name=\"twitter:label1\" content=\"Est. reading time\" \/>\n\t<meta name=\"twitter:data1\" content=\"2 minutes\" \/>\n<script type=\"application\/ld+json\" class=\"yoast-schema-graph\">{\"@context\":\"https:\/\/schema.org\",\"@graph\":[{\"@type\":\"WebPage\",\"@id\":\"https:\/\/biosciences.vn\/index.php\/product\/chung-chuan-vi-sinh-dinh-tinh-selectrol-listeria-innocua-nctc-11288-atcc-33090\/\",\"url\":\"https:\/\/biosciences.vn\/index.php\/product\/chung-chuan-vi-sinh-dinh-tinh-selectrol-listeria-innocua-nctc-11288-atcc-33090\/\",\"name\":\"Ch\u1ee7ng chu\u1ea9n vi sinh \u0111\u1ecbnh t\u00ednh Selectrol\u00ae Listeria innocua NCTC\u00ae 11288 \/ ATCC\u00ae 33090 - Biosciences\",\"isPartOf\":{\"@id\":\"https:\/\/biosciences.vn\/#website\"},\"primaryImageOfPage\":{\"@id\":\"https:\/\/biosciences.vn\/index.php\/product\/chung-chuan-vi-sinh-dinh-tinh-selectrol-listeria-innocua-nctc-11288-atcc-33090\/#primaryimage\"},\"image\":{\"@id\":\"https:\/\/biosciences.vn\/index.php\/product\/chung-chuan-vi-sinh-dinh-tinh-selectrol-listeria-innocua-nctc-11288-atcc-33090\/#primaryimage\"},\"thumbnailUrl\":\"https:\/\/biosciences.vn\/wp-content\/uploads\/2025\/03\/TCS-SELECTROL_01_v1.jpg\",\"datePublished\":\"2025-03-26T08:16:04+00:00\",\"dateModified\":\"2025-08-28T07:55:09+00:00\",\"breadcrumb\":{\"@id\":\"https:\/\/biosciences.vn\/index.php\/product\/chung-chuan-vi-sinh-dinh-tinh-selectrol-listeria-innocua-nctc-11288-atcc-33090\/#breadcrumb\"},\"inLanguage\":\"en-US\",\"potentialAction\":[{\"@type\":\"ReadAction\",\"target\":[\"https:\/\/biosciences.vn\/index.php\/product\/chung-chuan-vi-sinh-dinh-tinh-selectrol-listeria-innocua-nctc-11288-atcc-33090\/\"]}]},{\"@type\":\"ImageObject\",\"inLanguage\":\"en-US\",\"@id\":\"https:\/\/biosciences.vn\/index.php\/product\/chung-chuan-vi-sinh-dinh-tinh-selectrol-listeria-innocua-nctc-11288-atcc-33090\/#primaryimage\",\"url\":\"https:\/\/biosciences.vn\/wp-content\/uploads\/2025\/03\/TCS-SELECTROL_01_v1.jpg\",\"contentUrl\":\"https:\/\/biosciences.vn\/wp-content\/uploads\/2025\/03\/TCS-SELECTROL_01_v1.jpg\",\"width\":600,\"height\":449},{\"@type\":\"BreadcrumbList\",\"@id\":\"https:\/\/biosciences.vn\/index.php\/product\/chung-chuan-vi-sinh-dinh-tinh-selectrol-listeria-innocua-nctc-11288-atcc-33090\/#breadcrumb\",\"itemListElement\":[{\"@type\":\"ListItem\",\"position\":1,\"name\":\"Trang ch\u1ee7\",\"item\":\"https:\/\/biosciences.vn\/index.php\/en\/home\/\"},{\"@type\":\"ListItem\",\"position\":2,\"name\":\"Shop\",\"item\":\"https:\/\/biosciences.vn\/index.php\/shop\/\"},{\"@type\":\"ListItem\",\"position\":3,\"name\":\"Ch\u1ee7ng chu\u1ea9n vi sinh \u0111\u1ecbnh t\u00ednh Selectrol\u00ae Listeria innocua NCTC\u00ae 11288 \/ ATCC\u00ae 33090\"}]},{\"@type\":\"WebSite\",\"@id\":\"https:\/\/biosciences.vn\/#website\",\"url\":\"https:\/\/biosciences.vn\/\",\"name\":\"Biosciences\",\"description\":\"\",\"publisher\":{\"@id\":\"https:\/\/biosciences.vn\/#organization\"},\"potentialAction\":[{\"@type\":\"SearchAction\",\"target\":{\"@type\":\"EntryPoint\",\"urlTemplate\":\"https:\/\/biosciences.vn\/?s={search_term_string}\"},\"query-input\":{\"@type\":\"PropertyValueSpecification\",\"valueRequired\":true,\"valueName\":\"search_term_string\"}}],\"inLanguage\":\"en-US\"},{\"@type\":\"Organization\",\"@id\":\"https:\/\/biosciences.vn\/#organization\",\"name\":\"Biosciences\",\"url\":\"https:\/\/biosciences.vn\/\",\"logo\":{\"@type\":\"ImageObject\",\"inLanguage\":\"en-US\",\"@id\":\"https:\/\/biosciences.vn\/#\/schema\/logo\/image\/\",\"url\":\"https:\/\/biosciences.vn\/wp-content\/uploads\/2024\/04\/LOGO-BIOSCIENCES-PNG.png\",\"contentUrl\":\"https:\/\/biosciences.vn\/wp-content\/uploads\/2024\/04\/LOGO-BIOSCIENCES-PNG.png\",\"width\":2536,\"height\":638,\"caption\":\"Biosciences\"},\"image\":{\"@id\":\"https:\/\/biosciences.vn\/#\/schema\/logo\/image\/\"}}]}<\/script>\n<!-- \/ Yoast SEO plugin. -->","yoast_head_json":{"title":"Ch\u1ee7ng chu\u1ea9n vi sinh \u0111\u1ecbnh t\u00ednh Selectrol\u00ae Listeria innocua NCTC\u00ae 11288 \/ ATCC\u00ae 33090 - Biosciences","robots":{"index":"index","follow":"follow","max-snippet":"max-snippet:-1","max-image-preview":"max-image-preview:large","max-video-preview":"max-video-preview:-1"},"canonical":"https:\/\/biosciences.vn\/index.php\/product\/chung-chuan-vi-sinh-dinh-tinh-selectrol-listeria-innocua-nctc-11288-atcc-33090\/","og_locale":"en_US","og_type":"article","og_title":"Ch\u1ee7ng chu\u1ea9n vi sinh \u0111\u1ecbnh t\u00ednh Selectrol\u00ae Listeria innocua NCTC\u00ae 11288 \/ ATCC\u00ae 33090 - Biosciences","og_description":"Selectrol\u00ae Listeria innocua NCTC\u00ae 11288 \/ ATCC\u00ae 33090 l\u00e0 ch\u1ee7ng vi sinh v\u1eadt chu\u1ea9n do TCS Biosciences cung c\u1ea5p, \u0111\u01b0\u1ee3c s\u1eed d\u1ee5ng r\u1ed9ng r\u00e3i trong ki\u1ec3m nghi\u1ec7m vi sinh v\u00e0 nghi\u00ean c\u1ee9u khoa h\u1ecdc. \u0110\u00e2y l\u00e0 ch\u1ee7ng kh\u00f4ng g\u00e2y b\u1ec7nh, th\u01b0\u1eddng \u0111\u01b0\u1ee3c s\u1eed d\u1ee5ng trong ng\u00e0nh c\u00f4ng nghi\u1ec7p th\u1ef1c ph\u1ea9m \u0111\u1ec3 ki\u1ec3m tra ch\u1ea5t l\u01b0\u1ee3ng [&hellip;]","og_url":"https:\/\/biosciences.vn\/index.php\/product\/chung-chuan-vi-sinh-dinh-tinh-selectrol-listeria-innocua-nctc-11288-atcc-33090\/","og_site_name":"Biosciences","article_modified_time":"2025-08-28T07:55:09+00:00","og_image":[{"width":600,"height":449,"url":"https:\/\/biosciences.vn\/wp-content\/uploads\/2025\/03\/TCS-SELECTROL_01_v1.jpg","type":"image\/jpeg"}],"twitter_card":"summary_large_image","twitter_misc":{"Est. reading time":"2 minutes"},"schema":{"@context":"https:\/\/schema.org","@graph":[{"@type":"WebPage","@id":"https:\/\/biosciences.vn\/index.php\/product\/chung-chuan-vi-sinh-dinh-tinh-selectrol-listeria-innocua-nctc-11288-atcc-33090\/","url":"https:\/\/biosciences.vn\/index.php\/product\/chung-chuan-vi-sinh-dinh-tinh-selectrol-listeria-innocua-nctc-11288-atcc-33090\/","name":"Ch\u1ee7ng chu\u1ea9n vi sinh \u0111\u1ecbnh t\u00ednh Selectrol\u00ae Listeria innocua NCTC\u00ae 11288 \/ ATCC\u00ae 33090 - Biosciences","isPartOf":{"@id":"https:\/\/biosciences.vn\/#website"},"primaryImageOfPage":{"@id":"https:\/\/biosciences.vn\/index.php\/product\/chung-chuan-vi-sinh-dinh-tinh-selectrol-listeria-innocua-nctc-11288-atcc-33090\/#primaryimage"},"image":{"@id":"https:\/\/biosciences.vn\/index.php\/product\/chung-chuan-vi-sinh-dinh-tinh-selectrol-listeria-innocua-nctc-11288-atcc-33090\/#primaryimage"},"thumbnailUrl":"https:\/\/biosciences.vn\/wp-content\/uploads\/2025\/03\/TCS-SELECTROL_01_v1.jpg","datePublished":"2025-03-26T08:16:04+00:00","dateModified":"2025-08-28T07:55:09+00:00","breadcrumb":{"@id":"https:\/\/biosciences.vn\/index.php\/product\/chung-chuan-vi-sinh-dinh-tinh-selectrol-listeria-innocua-nctc-11288-atcc-33090\/#breadcrumb"},"inLanguage":"en-US","potentialAction":[{"@type":"ReadAction","target":["https:\/\/biosciences.vn\/index.php\/product\/chung-chuan-vi-sinh-dinh-tinh-selectrol-listeria-innocua-nctc-11288-atcc-33090\/"]}]},{"@type":"ImageObject","inLanguage":"en-US","@id":"https:\/\/biosciences.vn\/index.php\/product\/chung-chuan-vi-sinh-dinh-tinh-selectrol-listeria-innocua-nctc-11288-atcc-33090\/#primaryimage","url":"https:\/\/biosciences.vn\/wp-content\/uploads\/2025\/03\/TCS-SELECTROL_01_v1.jpg","contentUrl":"https:\/\/biosciences.vn\/wp-content\/uploads\/2025\/03\/TCS-SELECTROL_01_v1.jpg","width":600,"height":449},{"@type":"BreadcrumbList","@id":"https:\/\/biosciences.vn\/index.php\/product\/chung-chuan-vi-sinh-dinh-tinh-selectrol-listeria-innocua-nctc-11288-atcc-33090\/#breadcrumb","itemListElement":[{"@type":"ListItem","position":1,"name":"Trang ch\u1ee7","item":"https:\/\/biosciences.vn\/index.php\/en\/home\/"},{"@type":"ListItem","position":2,"name":"Shop","item":"https:\/\/biosciences.vn\/index.php\/shop\/"},{"@type":"ListItem","position":3,"name":"Ch\u1ee7ng chu\u1ea9n vi sinh \u0111\u1ecbnh t\u00ednh Selectrol\u00ae Listeria innocua NCTC\u00ae 11288 \/ ATCC\u00ae 33090"}]},{"@type":"WebSite","@id":"https:\/\/biosciences.vn\/#website","url":"https:\/\/biosciences.vn\/","name":"Biosciences","description":"","publisher":{"@id":"https:\/\/biosciences.vn\/#organization"},"potentialAction":[{"@type":"SearchAction","target":{"@type":"EntryPoint","urlTemplate":"https:\/\/biosciences.vn\/?s={search_term_string}"},"query-input":{"@type":"PropertyValueSpecification","valueRequired":true,"valueName":"search_term_string"}}],"inLanguage":"en-US"},{"@type":"Organization","@id":"https:\/\/biosciences.vn\/#organization","name":"Biosciences","url":"https:\/\/biosciences.vn\/","logo":{"@type":"ImageObject","inLanguage":"en-US","@id":"https:\/\/biosciences.vn\/#\/schema\/logo\/image\/","url":"https:\/\/biosciences.vn\/wp-content\/uploads\/2024\/04\/LOGO-BIOSCIENCES-PNG.png","contentUrl":"https:\/\/biosciences.vn\/wp-content\/uploads\/2024\/04\/LOGO-BIOSCIENCES-PNG.png","width":2536,"height":638,"caption":"Biosciences"},"image":{"@id":"https:\/\/biosciences.vn\/#\/schema\/logo\/image\/"}}]}},"brands":[{"id":644,"name":"TCS Biosciences","slug":"tcs-biosciences-vi"}],"_links":{"self":[{"href":"https:\/\/biosciences.vn\/index.php\/wp-json\/wp\/v2\/product\/6818"}],"collection":[{"href":"https:\/\/biosciences.vn\/index.php\/wp-json\/wp\/v2\/product"}],"about":[{"href":"https:\/\/biosciences.vn\/index.php\/wp-json\/wp\/v2\/types\/product"}],"replies":[{"embeddable":true,"href":"https:\/\/biosciences.vn\/index.php\/wp-json\/wp\/v2\/comments?post=6818"}],"wp:featuredmedia":[{"embeddable":true,"href":"https:\/\/biosciences.vn\/index.php\/wp-json\/wp\/v2\/media\/6710"}],"wp:attachment":[{"href":"https:\/\/biosciences.vn\/index.php\/wp-json\/wp\/v2\/media?parent=6818"}],"wp:term":[{"taxonomy":"pwb-brand","embeddable":true,"href":"https:\/\/biosciences.vn\/index.php\/wp-json\/wp\/v2\/pwb-brand?post=6818"},{"taxonomy":"product_cat","embeddable":true,"href":"https:\/\/biosciences.vn\/index.php\/wp-json\/wp\/v2\/product_cat?post=6818"},{"taxonomy":"product_tag","embeddable":true,"href":"https:\/\/biosciences.vn\/index.php\/wp-json\/wp\/v2\/product_tag?post=6818"}],"curies":[{"name":"wp","href":"https:\/\/api.w.org\/{rel}","templated":true}]}}