{"id":6820,"date":"2025-03-26T15:18:50","date_gmt":"2025-03-26T08:18:50","guid":{"rendered":"https:\/\/biosciences.vn\/?post_type=product&#038;p=6820"},"modified":"2025-08-28T14:55:09","modified_gmt":"2025-08-28T07:55:09","slug":"chung-chuan-vi-sinh-dinh-tinh-selectrol-listeria-monocytogenes-nctc-10527-atcc-13932","status":"publish","type":"product","link":"https:\/\/biosciences.vn\/index.php\/product\/chung-chuan-vi-sinh-dinh-tinh-selectrol-listeria-monocytogenes-nctc-10527-atcc-13932\/","title":{"rendered":"Ch\u1ee7ng chu\u1ea9n vi sinh \u0111\u1ecbnh t\u00ednh Selectrol\u00ae Listeria monocytogenes NCTC\u00ae 10527 \/ ATCC\u00ae 13932"},"content":{"rendered":"<p class=\"\" data-start=\"0\" data-end=\"403\"><strong data-start=\"0\" data-end=\"63\">Selectrol\u00ae Listeria monocytogenes NCTC\u00ae 10527 \/ ATCC\u00ae 13932<\/strong> l\u00e0 ch\u1ee7ng vi sinh v\u1eadt chu\u1ea9n do <strong data-start=\"94\" data-end=\"113\">TCS Biosciences<\/strong> cung c\u1ea5p, \u0111\u01b0\u1ee3c s\u1eed d\u1ee5ng r\u1ed9ng r\u00e3i trong ki\u1ec3m nghi\u1ec7m vi sinh v\u00e0 nghi\u00ean c\u1ee9u khoa h\u1ecdc. Ch\u1ee7ng n\u00e0y \u0111\u01b0\u1ee3c s\u1eed d\u1ee5ng \u0111\u1ec3 ki\u1ec3m tra ch\u1ea5t l\u01b0\u1ee3ng m\u00f4i tr\u01b0\u1eddng nu\u00f4i c\u1ea5y v\u00e0 \u0111\u00e1nh gi\u00e1 hi\u1ec7u qu\u1ea3 c\u1ee7a c\u00e1c ph\u01b0\u01a1ng ph\u00e1p th\u1eed nghi\u1ec7m vi sinh, \u0111\u1eb7c bi\u1ec7t trong l\u0129nh v\u1ef1c th\u1ef1c ph\u1ea9m v\u00e0 y t\u1ebf.<\/p>\n<p class=\"\" data-start=\"405\" data-end=\"437\"><strong data-start=\"405\" data-end=\"437\">Th\u00f4ng tin chi ti\u1ebft s\u1ea3n ph\u1ea9m:<\/strong><\/p>\n<ul data-start=\"438\" data-end=\"632\">\n<li class=\"\" data-start=\"438\" data-end=\"464\">\n<p class=\"\" data-start=\"440\" data-end=\"464\"><strong data-start=\"440\" data-end=\"456\">M\u00e3 s\u1ea3n ph\u1ea9m:<\/strong> MM47-10<\/p>\n<\/li>\n<li class=\"\" data-start=\"465\" data-end=\"485\">\n<p class=\"\" data-start=\"467\" data-end=\"485\"><strong data-start=\"467\" data-end=\"480\">M\u00e3 s\u1ed1 CI:<\/strong> 5636<\/p>\n<\/li>\n<li class=\"\" data-start=\"486\" data-end=\"557\">\n<p class=\"\" data-start=\"488\" data-end=\"557\"><strong data-start=\"488\" data-end=\"506\">Ch\u1ee7ng vi sinh:<\/strong> <em data-start=\"507\" data-end=\"531\">Listeria monocytogenes<\/em> NCTC\u00ae 10527 \/ ATCC\u00ae 13932<\/p>\n<\/li>\n<li class=\"\" data-start=\"558\" data-end=\"580\">\n<p class=\"\" data-start=\"560\" data-end=\"580\"><strong data-start=\"560\" data-end=\"573\">S\u1ed1 l\u01b0\u1ee3ng:<\/strong> 10 \u0111\u0129a<\/p>\n<\/li>\n<li class=\"\" data-start=\"581\" data-end=\"598\">\n<p class=\"\" data-start=\"583\" data-end=\"598\"><strong data-start=\"583\" data-end=\"592\">WDCM:<\/strong> 00021<\/p>\n<\/li>\n<\/ul>\n<p class=\"\" data-start=\"634\" data-end=\"647\"><strong data-start=\"634\" data-end=\"647\">\u1ee8ng d\u1ee5ng:<\/strong><\/p>\n<ul data-start=\"648\" data-end=\"835\">\n<li class=\"\" data-start=\"648\" data-end=\"720\">\n<p class=\"\" data-start=\"650\" data-end=\"720\">Ki\u1ec3m tra ch\u1ea5t l\u01b0\u1ee3ng vi sinh trong th\u1ef1c ph\u1ea9m, th\u1ee9c \u0103n ch\u0103n nu\u00f4i v\u00e0 s\u1eefa.<\/p>\n<\/li>\n<li class=\"\" data-start=\"721\" data-end=\"763\">\n<p class=\"\" data-start=\"723\" data-end=\"763\">Th\u1ea9m \u0111\u1ecbnh quy tr\u00ecnh ki\u1ec3m nghi\u1ec7m vi sinh.<\/p>\n<\/li>\n<li class=\"\" data-start=\"764\" data-end=\"835\">\n<p class=\"\" data-start=\"766\" data-end=\"835\">Nghi\u00ean c\u1ee9u v\u00e0 \u0111\u00e0o t\u1ea1o trong l\u0129nh v\u1ef1c vi sinh th\u1ef1c ph\u1ea9m v\u00e0 m\u00f4i tr\u01b0\u1eddng.<\/p>\n<\/li>\n<\/ul>\n<p class=\"\" data-start=\"837\" data-end=\"858\"><strong data-start=\"837\" data-end=\"858\">\u0110\u1eb7c \u0111i\u1ec3m n\u1ed5i b\u1eadt:<\/strong><\/p>\n<ul data-start=\"859\" data-end=\"1008\">\n<li class=\"\" data-start=\"859\" data-end=\"946\">\n<p class=\"\" data-start=\"861\" data-end=\"946\">S\u1ea3n xu\u1ea5t t\u1eeb ch\u1ee7ng g\u1ed1c \u0111\u01b0\u1ee3c l\u01b0u gi\u1eef t\u1ea1i NCTC\u00ae, \u0111\u1ea3m b\u1ea3o \u0111\u1ed9 ch\u00ednh x\u00e1c v\u00e0 t\u00ednh \u0111\u1ed3ng nh\u1ea5t.<\/p>\n<\/li>\n<li class=\"\" data-start=\"947\" data-end=\"1008\">\n<p class=\"\" data-start=\"949\" data-end=\"1008\">D\u1ea1ng \u0111\u0129a \u0111\u00f4ng kh\u00f4 ti\u1ec7n l\u1ee3i, d\u1ec5 s\u1eed d\u1ee5ng v\u00e0 b\u1ea3o qu\u1ea3n l\u00e2u d\u00e0i.<\/p>\n<\/li>\n<\/ul>\n<p class=\"\" data-start=\"1010\" data-end=\"1249\"><strong data-start=\"1010\" data-end=\"1020\">L\u01b0u \u00fd:<\/strong> <em data-start=\"1021\" data-end=\"1045\">Listeria monocytogenes<\/em> l\u00e0 vi khu\u1ea9n Gram d\u01b0\u01a1ng, c\u00f3 kh\u1ea3 n\u0103ng g\u00e2y b\u1ec7nh listeriosis \u1edf ng\u01b0\u1eddi v\u00e0 \u0111\u1ed9ng v\u1eadt. Ch\u1ee7ng NCTC\u00ae 10527 thu\u1ed9c serovar 4b, th\u01b0\u1eddng li\u00ean quan \u0111\u1ebfn c\u00e1c \u0111\u1ee3t b\u00f9ng ph\u00e1t listeriosis.<\/p>\n<p class=\"\" data-start=\"1303\" data-end=\"1387\"><strong data-start=\"1303\" data-end=\"1324\">Li\u00ean h\u1ec7 \u0111\u1eb7t h\u00e0ng:<\/strong> <strong data-start=\"1325\" data-end=\"1343\">Biosciences.vn<\/strong><br data-start=\"1343\" data-end=\"1346\" \/>\ud83d\udcde 0933 270 120<br data-start=\"1361\" data-end=\"1364\" \/>\ud83d\udce9 <a rel=\"noopener\" data-start=\"1367\" data-end=\"1387\">sales@biosciences.vn<\/a><\/p>\n","protected":false},"excerpt":{"rendered":"<p>Selectrol\u00ae Listeria monocytogenes NCTC\u00ae 10527 \/ ATCC\u00ae 13932 l\u00e0 ch\u1ee7ng vi sinh v\u1eadt chu\u1ea9n do TCS Biosciences cung c\u1ea5p, \u0111\u01b0\u1ee3c s\u1eed d\u1ee5ng r\u1ed9ng r\u00e3i trong ki\u1ec3m nghi\u1ec7m vi sinh v\u00e0 nghi\u00ean c\u1ee9u khoa h\u1ecdc. Ch\u1ee7ng n\u00e0y \u0111\u01b0\u1ee3c s\u1eed d\u1ee5ng \u0111\u1ec3 ki\u1ec3m tra ch\u1ea5t l\u01b0\u1ee3ng m\u00f4i tr\u01b0\u1eddng nu\u00f4i c\u1ea5y v\u00e0 \u0111\u00e1nh gi\u00e1 hi\u1ec7u qu\u1ea3 c\u1ee7a c\u00e1c [&hellip;]<\/p>\n","protected":false},"featured_media":6710,"comment_status":"open","ping_status":"closed","template":"","meta":[],"pwb-brand":[644],"product_cat":[434,485,665],"product_tag":[949,947,951],"class_list":{"0":"post-6820","1":"product","2":"type-product","3":"status-publish","4":"has-post-thumbnail","6":"pwb-brand-tcs-biosciences-vi","7":"product_cat-khoa-hoc-su-song","8":"product_cat-hoa-chat-vat-tu","9":"product_cat-chung-chuan-vi-sinh","10":"product_tag-atcc","11":"product_tag-ntcc","12":"product_tag-quality-control","14":"first","15":"onbackorder","16":"shipping-taxable","17":"purchasable","18":"product-type-simple"},"yoast_head":"<!-- This site is optimized with the Yoast SEO plugin v23.6 - https:\/\/yoast.com\/wordpress\/plugins\/seo\/ -->\n<title>Ch\u1ee7ng chu\u1ea9n vi sinh \u0111\u1ecbnh t\u00ednh Selectrol\u00ae Listeria monocytogenes NCTC\u00ae 10527 \/ ATCC\u00ae 13932 - Biosciences<\/title>\n<meta name=\"robots\" content=\"index, follow, max-snippet:-1, max-image-preview:large, max-video-preview:-1\" \/>\n<link rel=\"canonical\" href=\"https:\/\/biosciences.vn\/index.php\/product\/chung-chuan-vi-sinh-dinh-tinh-selectrol-listeria-monocytogenes-nctc-10527-atcc-13932\/\" \/>\n<meta property=\"og:locale\" content=\"en_US\" \/>\n<meta property=\"og:type\" content=\"article\" \/>\n<meta property=\"og:title\" content=\"Ch\u1ee7ng chu\u1ea9n vi sinh \u0111\u1ecbnh t\u00ednh Selectrol\u00ae Listeria monocytogenes NCTC\u00ae 10527 \/ ATCC\u00ae 13932 - Biosciences\" \/>\n<meta property=\"og:description\" content=\"Selectrol\u00ae Listeria monocytogenes NCTC\u00ae 10527 \/ ATCC\u00ae 13932 l\u00e0 ch\u1ee7ng vi sinh v\u1eadt chu\u1ea9n do TCS Biosciences cung c\u1ea5p, \u0111\u01b0\u1ee3c s\u1eed d\u1ee5ng r\u1ed9ng r\u00e3i trong ki\u1ec3m nghi\u1ec7m vi sinh v\u00e0 nghi\u00ean c\u1ee9u khoa h\u1ecdc. Ch\u1ee7ng n\u00e0y \u0111\u01b0\u1ee3c s\u1eed d\u1ee5ng \u0111\u1ec3 ki\u1ec3m tra ch\u1ea5t l\u01b0\u1ee3ng m\u00f4i tr\u01b0\u1eddng nu\u00f4i c\u1ea5y v\u00e0 \u0111\u00e1nh gi\u00e1 hi\u1ec7u qu\u1ea3 c\u1ee7a c\u00e1c [&hellip;]\" \/>\n<meta property=\"og:url\" content=\"https:\/\/biosciences.vn\/index.php\/product\/chung-chuan-vi-sinh-dinh-tinh-selectrol-listeria-monocytogenes-nctc-10527-atcc-13932\/\" \/>\n<meta property=\"og:site_name\" content=\"Biosciences\" \/>\n<meta property=\"article:modified_time\" content=\"2025-08-28T07:55:09+00:00\" \/>\n<meta property=\"og:image\" content=\"https:\/\/biosciences.vn\/wp-content\/uploads\/2025\/03\/TCS-SELECTROL_01_v1.jpg\" \/>\n\t<meta property=\"og:image:width\" content=\"600\" \/>\n\t<meta property=\"og:image:height\" content=\"449\" \/>\n\t<meta property=\"og:image:type\" content=\"image\/jpeg\" \/>\n<meta name=\"twitter:card\" content=\"summary_large_image\" \/>\n<meta name=\"twitter:label1\" content=\"Est. reading time\" \/>\n\t<meta name=\"twitter:data1\" content=\"2 minutes\" \/>\n<script type=\"application\/ld+json\" class=\"yoast-schema-graph\">{\"@context\":\"https:\/\/schema.org\",\"@graph\":[{\"@type\":\"WebPage\",\"@id\":\"https:\/\/biosciences.vn\/index.php\/product\/chung-chuan-vi-sinh-dinh-tinh-selectrol-listeria-monocytogenes-nctc-10527-atcc-13932\/\",\"url\":\"https:\/\/biosciences.vn\/index.php\/product\/chung-chuan-vi-sinh-dinh-tinh-selectrol-listeria-monocytogenes-nctc-10527-atcc-13932\/\",\"name\":\"Ch\u1ee7ng chu\u1ea9n vi sinh \u0111\u1ecbnh t\u00ednh Selectrol\u00ae Listeria monocytogenes NCTC\u00ae 10527 \/ ATCC\u00ae 13932 - Biosciences\",\"isPartOf\":{\"@id\":\"https:\/\/biosciences.vn\/#website\"},\"primaryImageOfPage\":{\"@id\":\"https:\/\/biosciences.vn\/index.php\/product\/chung-chuan-vi-sinh-dinh-tinh-selectrol-listeria-monocytogenes-nctc-10527-atcc-13932\/#primaryimage\"},\"image\":{\"@id\":\"https:\/\/biosciences.vn\/index.php\/product\/chung-chuan-vi-sinh-dinh-tinh-selectrol-listeria-monocytogenes-nctc-10527-atcc-13932\/#primaryimage\"},\"thumbnailUrl\":\"https:\/\/biosciences.vn\/wp-content\/uploads\/2025\/03\/TCS-SELECTROL_01_v1.jpg\",\"datePublished\":\"2025-03-26T08:18:50+00:00\",\"dateModified\":\"2025-08-28T07:55:09+00:00\",\"breadcrumb\":{\"@id\":\"https:\/\/biosciences.vn\/index.php\/product\/chung-chuan-vi-sinh-dinh-tinh-selectrol-listeria-monocytogenes-nctc-10527-atcc-13932\/#breadcrumb\"},\"inLanguage\":\"en-US\",\"potentialAction\":[{\"@type\":\"ReadAction\",\"target\":[\"https:\/\/biosciences.vn\/index.php\/product\/chung-chuan-vi-sinh-dinh-tinh-selectrol-listeria-monocytogenes-nctc-10527-atcc-13932\/\"]}]},{\"@type\":\"ImageObject\",\"inLanguage\":\"en-US\",\"@id\":\"https:\/\/biosciences.vn\/index.php\/product\/chung-chuan-vi-sinh-dinh-tinh-selectrol-listeria-monocytogenes-nctc-10527-atcc-13932\/#primaryimage\",\"url\":\"https:\/\/biosciences.vn\/wp-content\/uploads\/2025\/03\/TCS-SELECTROL_01_v1.jpg\",\"contentUrl\":\"https:\/\/biosciences.vn\/wp-content\/uploads\/2025\/03\/TCS-SELECTROL_01_v1.jpg\",\"width\":600,\"height\":449},{\"@type\":\"BreadcrumbList\",\"@id\":\"https:\/\/biosciences.vn\/index.php\/product\/chung-chuan-vi-sinh-dinh-tinh-selectrol-listeria-monocytogenes-nctc-10527-atcc-13932\/#breadcrumb\",\"itemListElement\":[{\"@type\":\"ListItem\",\"position\":1,\"name\":\"Trang ch\u1ee7\",\"item\":\"https:\/\/biosciences.vn\/index.php\/en\/home\/\"},{\"@type\":\"ListItem\",\"position\":2,\"name\":\"Shop\",\"item\":\"https:\/\/biosciences.vn\/index.php\/shop\/\"},{\"@type\":\"ListItem\",\"position\":3,\"name\":\"Ch\u1ee7ng chu\u1ea9n vi sinh \u0111\u1ecbnh t\u00ednh Selectrol\u00ae Listeria monocytogenes NCTC\u00ae 10527 \/ ATCC\u00ae 13932\"}]},{\"@type\":\"WebSite\",\"@id\":\"https:\/\/biosciences.vn\/#website\",\"url\":\"https:\/\/biosciences.vn\/\",\"name\":\"Biosciences\",\"description\":\"\",\"publisher\":{\"@id\":\"https:\/\/biosciences.vn\/#organization\"},\"potentialAction\":[{\"@type\":\"SearchAction\",\"target\":{\"@type\":\"EntryPoint\",\"urlTemplate\":\"https:\/\/biosciences.vn\/?s={search_term_string}\"},\"query-input\":{\"@type\":\"PropertyValueSpecification\",\"valueRequired\":true,\"valueName\":\"search_term_string\"}}],\"inLanguage\":\"en-US\"},{\"@type\":\"Organization\",\"@id\":\"https:\/\/biosciences.vn\/#organization\",\"name\":\"Biosciences\",\"url\":\"https:\/\/biosciences.vn\/\",\"logo\":{\"@type\":\"ImageObject\",\"inLanguage\":\"en-US\",\"@id\":\"https:\/\/biosciences.vn\/#\/schema\/logo\/image\/\",\"url\":\"https:\/\/biosciences.vn\/wp-content\/uploads\/2024\/04\/LOGO-BIOSCIENCES-PNG.png\",\"contentUrl\":\"https:\/\/biosciences.vn\/wp-content\/uploads\/2024\/04\/LOGO-BIOSCIENCES-PNG.png\",\"width\":2536,\"height\":638,\"caption\":\"Biosciences\"},\"image\":{\"@id\":\"https:\/\/biosciences.vn\/#\/schema\/logo\/image\/\"}}]}<\/script>\n<!-- \/ Yoast SEO plugin. -->","yoast_head_json":{"title":"Ch\u1ee7ng chu\u1ea9n vi sinh \u0111\u1ecbnh t\u00ednh Selectrol\u00ae Listeria monocytogenes NCTC\u00ae 10527 \/ ATCC\u00ae 13932 - Biosciences","robots":{"index":"index","follow":"follow","max-snippet":"max-snippet:-1","max-image-preview":"max-image-preview:large","max-video-preview":"max-video-preview:-1"},"canonical":"https:\/\/biosciences.vn\/index.php\/product\/chung-chuan-vi-sinh-dinh-tinh-selectrol-listeria-monocytogenes-nctc-10527-atcc-13932\/","og_locale":"en_US","og_type":"article","og_title":"Ch\u1ee7ng chu\u1ea9n vi sinh \u0111\u1ecbnh t\u00ednh Selectrol\u00ae Listeria monocytogenes NCTC\u00ae 10527 \/ ATCC\u00ae 13932 - Biosciences","og_description":"Selectrol\u00ae Listeria monocytogenes NCTC\u00ae 10527 \/ ATCC\u00ae 13932 l\u00e0 ch\u1ee7ng vi sinh v\u1eadt chu\u1ea9n do TCS Biosciences cung c\u1ea5p, \u0111\u01b0\u1ee3c s\u1eed d\u1ee5ng r\u1ed9ng r\u00e3i trong ki\u1ec3m nghi\u1ec7m vi sinh v\u00e0 nghi\u00ean c\u1ee9u khoa h\u1ecdc. Ch\u1ee7ng n\u00e0y \u0111\u01b0\u1ee3c s\u1eed d\u1ee5ng \u0111\u1ec3 ki\u1ec3m tra ch\u1ea5t l\u01b0\u1ee3ng m\u00f4i tr\u01b0\u1eddng nu\u00f4i c\u1ea5y v\u00e0 \u0111\u00e1nh gi\u00e1 hi\u1ec7u qu\u1ea3 c\u1ee7a c\u00e1c [&hellip;]","og_url":"https:\/\/biosciences.vn\/index.php\/product\/chung-chuan-vi-sinh-dinh-tinh-selectrol-listeria-monocytogenes-nctc-10527-atcc-13932\/","og_site_name":"Biosciences","article_modified_time":"2025-08-28T07:55:09+00:00","og_image":[{"width":600,"height":449,"url":"https:\/\/biosciences.vn\/wp-content\/uploads\/2025\/03\/TCS-SELECTROL_01_v1.jpg","type":"image\/jpeg"}],"twitter_card":"summary_large_image","twitter_misc":{"Est. reading time":"2 minutes"},"schema":{"@context":"https:\/\/schema.org","@graph":[{"@type":"WebPage","@id":"https:\/\/biosciences.vn\/index.php\/product\/chung-chuan-vi-sinh-dinh-tinh-selectrol-listeria-monocytogenes-nctc-10527-atcc-13932\/","url":"https:\/\/biosciences.vn\/index.php\/product\/chung-chuan-vi-sinh-dinh-tinh-selectrol-listeria-monocytogenes-nctc-10527-atcc-13932\/","name":"Ch\u1ee7ng chu\u1ea9n vi sinh \u0111\u1ecbnh t\u00ednh Selectrol\u00ae Listeria monocytogenes NCTC\u00ae 10527 \/ ATCC\u00ae 13932 - Biosciences","isPartOf":{"@id":"https:\/\/biosciences.vn\/#website"},"primaryImageOfPage":{"@id":"https:\/\/biosciences.vn\/index.php\/product\/chung-chuan-vi-sinh-dinh-tinh-selectrol-listeria-monocytogenes-nctc-10527-atcc-13932\/#primaryimage"},"image":{"@id":"https:\/\/biosciences.vn\/index.php\/product\/chung-chuan-vi-sinh-dinh-tinh-selectrol-listeria-monocytogenes-nctc-10527-atcc-13932\/#primaryimage"},"thumbnailUrl":"https:\/\/biosciences.vn\/wp-content\/uploads\/2025\/03\/TCS-SELECTROL_01_v1.jpg","datePublished":"2025-03-26T08:18:50+00:00","dateModified":"2025-08-28T07:55:09+00:00","breadcrumb":{"@id":"https:\/\/biosciences.vn\/index.php\/product\/chung-chuan-vi-sinh-dinh-tinh-selectrol-listeria-monocytogenes-nctc-10527-atcc-13932\/#breadcrumb"},"inLanguage":"en-US","potentialAction":[{"@type":"ReadAction","target":["https:\/\/biosciences.vn\/index.php\/product\/chung-chuan-vi-sinh-dinh-tinh-selectrol-listeria-monocytogenes-nctc-10527-atcc-13932\/"]}]},{"@type":"ImageObject","inLanguage":"en-US","@id":"https:\/\/biosciences.vn\/index.php\/product\/chung-chuan-vi-sinh-dinh-tinh-selectrol-listeria-monocytogenes-nctc-10527-atcc-13932\/#primaryimage","url":"https:\/\/biosciences.vn\/wp-content\/uploads\/2025\/03\/TCS-SELECTROL_01_v1.jpg","contentUrl":"https:\/\/biosciences.vn\/wp-content\/uploads\/2025\/03\/TCS-SELECTROL_01_v1.jpg","width":600,"height":449},{"@type":"BreadcrumbList","@id":"https:\/\/biosciences.vn\/index.php\/product\/chung-chuan-vi-sinh-dinh-tinh-selectrol-listeria-monocytogenes-nctc-10527-atcc-13932\/#breadcrumb","itemListElement":[{"@type":"ListItem","position":1,"name":"Trang ch\u1ee7","item":"https:\/\/biosciences.vn\/index.php\/en\/home\/"},{"@type":"ListItem","position":2,"name":"Shop","item":"https:\/\/biosciences.vn\/index.php\/shop\/"},{"@type":"ListItem","position":3,"name":"Ch\u1ee7ng chu\u1ea9n vi sinh \u0111\u1ecbnh t\u00ednh Selectrol\u00ae Listeria monocytogenes NCTC\u00ae 10527 \/ ATCC\u00ae 13932"}]},{"@type":"WebSite","@id":"https:\/\/biosciences.vn\/#website","url":"https:\/\/biosciences.vn\/","name":"Biosciences","description":"","publisher":{"@id":"https:\/\/biosciences.vn\/#organization"},"potentialAction":[{"@type":"SearchAction","target":{"@type":"EntryPoint","urlTemplate":"https:\/\/biosciences.vn\/?s={search_term_string}"},"query-input":{"@type":"PropertyValueSpecification","valueRequired":true,"valueName":"search_term_string"}}],"inLanguage":"en-US"},{"@type":"Organization","@id":"https:\/\/biosciences.vn\/#organization","name":"Biosciences","url":"https:\/\/biosciences.vn\/","logo":{"@type":"ImageObject","inLanguage":"en-US","@id":"https:\/\/biosciences.vn\/#\/schema\/logo\/image\/","url":"https:\/\/biosciences.vn\/wp-content\/uploads\/2024\/04\/LOGO-BIOSCIENCES-PNG.png","contentUrl":"https:\/\/biosciences.vn\/wp-content\/uploads\/2024\/04\/LOGO-BIOSCIENCES-PNG.png","width":2536,"height":638,"caption":"Biosciences"},"image":{"@id":"https:\/\/biosciences.vn\/#\/schema\/logo\/image\/"}}]}},"brands":[{"id":644,"name":"TCS Biosciences","slug":"tcs-biosciences-vi"}],"_links":{"self":[{"href":"https:\/\/biosciences.vn\/index.php\/wp-json\/wp\/v2\/product\/6820"}],"collection":[{"href":"https:\/\/biosciences.vn\/index.php\/wp-json\/wp\/v2\/product"}],"about":[{"href":"https:\/\/biosciences.vn\/index.php\/wp-json\/wp\/v2\/types\/product"}],"replies":[{"embeddable":true,"href":"https:\/\/biosciences.vn\/index.php\/wp-json\/wp\/v2\/comments?post=6820"}],"wp:featuredmedia":[{"embeddable":true,"href":"https:\/\/biosciences.vn\/index.php\/wp-json\/wp\/v2\/media\/6710"}],"wp:attachment":[{"href":"https:\/\/biosciences.vn\/index.php\/wp-json\/wp\/v2\/media?parent=6820"}],"wp:term":[{"taxonomy":"pwb-brand","embeddable":true,"href":"https:\/\/biosciences.vn\/index.php\/wp-json\/wp\/v2\/pwb-brand?post=6820"},{"taxonomy":"product_cat","embeddable":true,"href":"https:\/\/biosciences.vn\/index.php\/wp-json\/wp\/v2\/product_cat?post=6820"},{"taxonomy":"product_tag","embeddable":true,"href":"https:\/\/biosciences.vn\/index.php\/wp-json\/wp\/v2\/product_tag?post=6820"}],"curies":[{"name":"wp","href":"https:\/\/api.w.org\/{rel}","templated":true}]}}