{"id":6831,"date":"2025-03-26T16:40:57","date_gmt":"2025-03-26T09:40:57","guid":{"rendered":"https:\/\/biosciences.vn\/?post_type=product&#038;p=6831"},"modified":"2025-08-28T14:55:09","modified_gmt":"2025-08-28T07:55:09","slug":"chung-chuan-vi-sinh-dinh-tinh-selectrol-proteus-vulgaris-nctc-4175-atcc-13315","status":"publish","type":"product","link":"https:\/\/biosciences.vn\/index.php\/product\/chung-chuan-vi-sinh-dinh-tinh-selectrol-proteus-vulgaris-nctc-4175-atcc-13315\/","title":{"rendered":"Ch\u1ee7ng chu\u1ea9n vi sinh \u0111\u1ecbnh t\u00ednh Selectrol\u00ae Proteus vulgaris NCTC\u00ae 4175 \/ ATCC\u00ae 13315"},"content":{"rendered":"<p class=\"\" data-start=\"0\" data-end=\"299\"><strong data-start=\"0\" data-end=\"56\">Selectrol\u00ae Proteus vulgaris NCTC\u00ae 4175 \/ ATCC\u00ae 13315<\/strong> l\u00e0 ch\u1ee7ng vi sinh v\u1eadt chu\u1ea9n do <strong data-start=\"87\" data-end=\"106\">TCS Biosciences<\/strong> cung c\u1ea5p, \u0111\u01b0\u1ee3c s\u1eed d\u1ee5ng trong ki\u1ec3m nghi\u1ec7m vi sinh v\u00e0 nghi\u00ean c\u1ee9u khoa h\u1ecdc. <span class=\"relative -mx-px my-[-0.2rem] rounded px-px py-[0.2rem]\">Ch\u1ee7ng n\u00e0y t\u1eebng \u0111\u01b0\u1ee3c coi l\u00e0 ch\u1ee7ng \u0111i\u1ec3n h\u00ecnh (<em data-start=\"44\" data-end=\"57\">type strain<\/em>) c\u1ee7a <em data-start=\"63\" data-end=\"81\">Proteus vulgaris<\/em>, nh\u01b0ng hi\u1ec7n nay \u0111\u01b0\u1ee3c c\u00f4ng nh\u1eadn l\u00e0 m\u1ed9t lo\u00e0i ri\u00eang bi\u1ec7t v\u1edbi t\u00ean g\u1ecdi <em data-start=\"148\" data-end=\"165\">Proteus hauseri<\/em>.<\/span> \u200b<\/p>\n<p class=\"\" data-start=\"301\" data-end=\"333\"><strong data-start=\"301\" data-end=\"333\">Th\u00f4ng tin chi ti\u1ebft s\u1ea3n ph\u1ea9m:<\/strong><\/p>\n<ul data-start=\"334\" data-end=\"882\">\n<li class=\"\" data-start=\"334\" data-end=\"434\">\n<p class=\"\" data-start=\"336\" data-end=\"434\"><strong data-start=\"336\" data-end=\"352\">M\u00e3 s\u1ea3n ph\u1ea9m:<\/strong> <span class=\"relative -mx-px my-[-0.2rem] rounded px-px py-[0.2rem]\">MM09-10<\/span>\u200b<\/p>\n<\/li>\n<li class=\"\" data-start=\"435\" data-end=\"532\">\n<p class=\"\" data-start=\"437\" data-end=\"532\"><strong data-start=\"437\" data-end=\"450\">M\u00e3 s\u1ed1 CI:<\/strong> <span class=\"relative -mx-px my-[-0.2rem] rounded px-px py-[0.2rem]\">Kh\u00f4ng c\u00f3 th\u00f4ng tin<\/span>\u200b<\/p>\n<\/li>\n<li class=\"\" data-start=\"533\" data-end=\"635\">\n<p class=\"\" data-start=\"535\" data-end=\"635\"><strong data-start=\"535\" data-end=\"553\">Ch\u1ee7ng vi sinh:<\/strong> <span class=\"relative -mx-px my-[-0.2rem] rounded px-px py-[0.2rem]\"><em data-start=\"0\" data-end=\"18\" data-is-only-node=\"\">Proteus vulgaris<\/em> NCTC\u00ae 4175 \/ ATCC\u00ae 13315<\/span>\u200b<\/p>\n<\/li>\n<li class=\"\" data-start=\"636\" data-end=\"735\">\n<p class=\"\" data-start=\"638\" data-end=\"735\"><strong data-start=\"638\" data-end=\"651\">S\u1ed1 l\u01b0\u1ee3ng:<\/strong> <span class=\"relative -mx-px my-[-0.2rem] rounded px-px py-[0.2rem]\">10 \u0111\u0129a<\/span>\u200b<\/p>\n<\/li>\n<\/ul>\n<p class=\"\" data-start=\"884\" data-end=\"897\"><strong data-start=\"884\" data-end=\"897\">\u1ee8ng d\u1ee5ng:<\/strong><\/p>\n<ul data-start=\"898\" data-end=\"1161\">\n<li class=\"\" data-start=\"898\" data-end=\"985\">\n<p class=\"\" data-start=\"900\" data-end=\"985\"><span class=\"relative -mx-px my-[-0.2rem] rounded px-px py-[0.2rem]\">Ki\u1ec3m tra ch\u1ea5t l\u01b0\u1ee3ng m\u00f4i tr\u01b0\u1eddng nu\u00f4i c\u1ea5y trong ph\u00f2ng th\u00ed nghi\u1ec7m l\u00e2m s\u00e0ng.<\/span>\u200b<\/p>\n<\/li>\n<li class=\"\" data-start=\"986\" data-end=\"1073\">\n<p class=\"\" data-start=\"988\" data-end=\"1073\"><span class=\"relative -mx-px my-[-0.2rem] rounded px-px py-[0.2rem]\">Th\u1ea9m \u0111\u1ecbnh quy tr\u00ecnh ki\u1ec3m nghi\u1ec7m vi sinh.<\/span>\u200b<\/p>\n<\/li>\n<li class=\"\" data-start=\"1074\" data-end=\"1161\">\n<p class=\"\" data-start=\"1076\" data-end=\"1161\"><span class=\"relative -mx-px my-[-0.2rem] rounded px-px py-[0.2rem]\">Nghi\u00ean c\u1ee9u v\u00e0 \u0111\u00e0o t\u1ea1o trong l\u0129nh v\u1ef1c vi sinh y t\u1ebf.<\/span>\u200b<\/p>\n<\/li>\n<\/ul>\n<p class=\"\" data-start=\"1163\" data-end=\"1184\"><strong data-start=\"1163\" data-end=\"1184\">\u0110\u1eb7c \u0111i\u1ec3m n\u1ed5i b\u1eadt:<\/strong><\/p>\n<ul data-start=\"1185\" data-end=\"1488\">\n<li class=\"\" data-start=\"1185\" data-end=\"1272\">\n<p class=\"\" data-start=\"1187\" data-end=\"1272\"><span class=\"relative -mx-px my-[-0.2rem] rounded px-px py-[0.2rem]\">S\u1ea3n xu\u1ea5t t\u1eeb ch\u1ee7ng g\u1ed1c \u0111\u01b0\u1ee3c l\u01b0u gi\u1eef t\u1ea1i NCTC\u00ae, \u0111\u1ea3m b\u1ea3o \u0111\u1ed9 ch\u00ednh x\u00e1c v\u00e0 t\u00ednh \u0111\u1ed3ng nh\u1ea5t.<\/span>\u200b<\/p>\n<\/li>\n<li class=\"\" data-start=\"1273\" data-end=\"1360\">\n<p class=\"\" data-start=\"1275\" data-end=\"1360\"><span class=\"relative -mx-px my-[-0.2rem] rounded px-px py-[0.2rem]\">D\u1ea1ng \u0111\u0129a \u0111\u00f4ng kh\u00f4 ti\u1ec7n l\u1ee3i, d\u1ec5 s\u1eed d\u1ee5ng v\u00e0 b\u1ea3o qu\u1ea3n l\u00e2u d\u00e0i.<\/span>\u200b<\/p>\n<\/li>\n<li class=\"\" data-start=\"1361\" data-end=\"1488\">\n<p class=\"\" data-start=\"1363\" data-end=\"1488\"><span class=\"relative -mx-px my-[-0.2rem] rounded px-px py-[0.2rem]\">Ch\u1ee7ng n\u00e0y c\u00f3 \u0111\u1eb7c \u0111i\u1ec3m h\u00ecnh th\u00e1i khu\u1ea9n l\u1ea1c b\u00f3ng lo\u00e1ng v\u1edbi r\u00eca lan r\u1ed9ng.<\/span> \u200b<\/p>\n<\/li>\n<\/ul>\n<p class=\"\" data-start=\"1490\" data-end=\"1666\"><strong data-start=\"1490\" data-end=\"1500\">L\u01b0u \u00fd:<\/strong> <span class=\"relative -mx-px my-[-0.2rem] rounded px-px py-[0.2rem]\"><em data-start=\"0\" data-end=\"18\" data-is-only-node=\"\">Proteus vulgaris<\/em> l\u00e0 vi khu\u1ea9n Gram \u00e2m, thu\u1ed9c h\u1ecd Enterobacteriaceae, th\u01b0\u1eddng \u0111\u01b0\u1ee3c t\u00ecm th\u1ea5y trong m\u00f4i tr\u01b0\u1eddng t\u1ef1 nhi\u00ean v\u00e0 h\u1ec7 ti\u00eau h\u00f3a c\u1ee7a ng\u01b0\u1eddi v\u00e0 \u0111\u1ed9ng v\u1eadt.<\/span> <span class=\"relative -mx-px my-[-0.2rem] rounded px-px py-[0.2rem]\">Ch\u1ee7ng NCTC\u00ae 4175 hi\u1ec7n \u0111\u01b0\u1ee3c x\u00e1c \u0111\u1ecbnh l\u00e0 <em data-start=\"39\" data-end=\"56\">Proteus hauseri<\/em>, \u0111\u01b0\u1ee3c s\u1eed d\u1ee5ng l\u00e0m ch\u1ee7ng ki\u1ec3m so\u00e1t trong ki\u1ec3m tra ch\u1ea5t l\u01b0\u1ee3ng m\u00f4i tr\u01b0\u1eddng nu\u00f4i c\u1ea5y.<\/span><\/p>\n<p class=\"\" data-start=\"1668\" data-end=\"1844\"><strong data-start=\"1668\" data-end=\"1689\">Li\u00ean h\u1ec7 \u0111\u1eb7t h\u00e0ng:<\/strong> <strong data-start=\"1690\" data-end=\"1708\">Biosciences.vn<\/strong><br data-start=\"1708\" data-end=\"1711\" \/>\ud83d\udcde <span class=\"relative -mx-px my-[-0.2rem] rounded px-px py-[0.2rem]\">0933 270 120<\/span><br data-start=\"1753\" data-end=\"1756\" \/>\ud83d\udce9 <span class=\"relative -mx-px my-[-0.2rem] rounded px-px py-[0.2rem]\"><a href=\"mailto:sales@biosciences.vn\" data-start=\"0\" data-end=\"20\" data-is-last-node=\"\" data-is-only-node=\"\">sales@biosciences.vn<\/a><\/span><\/p>\n","protected":false},"excerpt":{"rendered":"<p>Selectrol\u00ae Proteus vulgaris NCTC\u00ae 4175 \/ ATCC\u00ae 13315 l\u00e0 ch\u1ee7ng vi sinh v\u1eadt chu\u1ea9n do TCS Biosciences cung c\u1ea5p, \u0111\u01b0\u1ee3c s\u1eed d\u1ee5ng trong ki\u1ec3m nghi\u1ec7m vi sinh v\u00e0 nghi\u00ean c\u1ee9u khoa h\u1ecdc. Ch\u1ee7ng n\u00e0y t\u1eebng \u0111\u01b0\u1ee3c coi l\u00e0 ch\u1ee7ng \u0111i\u1ec3n h\u00ecnh (type strain) c\u1ee7a Proteus vulgaris, nh\u01b0ng hi\u1ec7n nay \u0111\u01b0\u1ee3c c\u00f4ng nh\u1eadn l\u00e0 m\u1ed9t lo\u00e0i [&hellip;]<\/p>\n","protected":false},"featured_media":6710,"comment_status":"open","ping_status":"closed","template":"","meta":[],"pwb-brand":[644],"product_cat":[434,485,665],"product_tag":[949,947,951],"class_list":{"0":"post-6831","1":"product","2":"type-product","3":"status-publish","4":"has-post-thumbnail","6":"pwb-brand-tcs-biosciences-vi","7":"product_cat-khoa-hoc-su-song","8":"product_cat-hoa-chat-vat-tu","9":"product_cat-chung-chuan-vi-sinh","10":"product_tag-atcc","11":"product_tag-ntcc","12":"product_tag-quality-control","14":"first","15":"onbackorder","16":"shipping-taxable","17":"purchasable","18":"product-type-simple"},"yoast_head":"<!-- This site is optimized with the Yoast SEO plugin v23.6 - https:\/\/yoast.com\/wordpress\/plugins\/seo\/ -->\n<title>Ch\u1ee7ng chu\u1ea9n vi sinh \u0111\u1ecbnh t\u00ednh Selectrol\u00ae Proteus vulgaris NCTC\u00ae 4175 \/ ATCC\u00ae 13315 - Biosciences<\/title>\n<meta name=\"robots\" content=\"index, follow, max-snippet:-1, max-image-preview:large, max-video-preview:-1\" \/>\n<link rel=\"canonical\" href=\"https:\/\/biosciences.vn\/index.php\/product\/chung-chuan-vi-sinh-dinh-tinh-selectrol-proteus-vulgaris-nctc-4175-atcc-13315\/\" \/>\n<meta property=\"og:locale\" content=\"en_US\" \/>\n<meta property=\"og:type\" content=\"article\" \/>\n<meta property=\"og:title\" content=\"Ch\u1ee7ng chu\u1ea9n vi sinh \u0111\u1ecbnh t\u00ednh Selectrol\u00ae Proteus vulgaris NCTC\u00ae 4175 \/ ATCC\u00ae 13315 - Biosciences\" \/>\n<meta property=\"og:description\" content=\"Selectrol\u00ae Proteus vulgaris NCTC\u00ae 4175 \/ ATCC\u00ae 13315 l\u00e0 ch\u1ee7ng vi sinh v\u1eadt chu\u1ea9n do TCS Biosciences cung c\u1ea5p, \u0111\u01b0\u1ee3c s\u1eed d\u1ee5ng trong ki\u1ec3m nghi\u1ec7m vi sinh v\u00e0 nghi\u00ean c\u1ee9u khoa h\u1ecdc. Ch\u1ee7ng n\u00e0y t\u1eebng \u0111\u01b0\u1ee3c coi l\u00e0 ch\u1ee7ng \u0111i\u1ec3n h\u00ecnh (type strain) c\u1ee7a Proteus vulgaris, nh\u01b0ng hi\u1ec7n nay \u0111\u01b0\u1ee3c c\u00f4ng nh\u1eadn l\u00e0 m\u1ed9t lo\u00e0i [&hellip;]\" \/>\n<meta property=\"og:url\" content=\"https:\/\/biosciences.vn\/index.php\/product\/chung-chuan-vi-sinh-dinh-tinh-selectrol-proteus-vulgaris-nctc-4175-atcc-13315\/\" \/>\n<meta property=\"og:site_name\" content=\"Biosciences\" \/>\n<meta property=\"article:modified_time\" content=\"2025-08-28T07:55:09+00:00\" \/>\n<meta property=\"og:image\" content=\"https:\/\/biosciences.vn\/wp-content\/uploads\/2025\/03\/TCS-SELECTROL_01_v1.jpg\" \/>\n\t<meta property=\"og:image:width\" content=\"600\" \/>\n\t<meta property=\"og:image:height\" content=\"449\" \/>\n\t<meta property=\"og:image:type\" content=\"image\/jpeg\" \/>\n<meta name=\"twitter:card\" content=\"summary_large_image\" \/>\n<meta name=\"twitter:label1\" content=\"Est. reading time\" \/>\n\t<meta name=\"twitter:data1\" content=\"2 minutes\" \/>\n<script type=\"application\/ld+json\" class=\"yoast-schema-graph\">{\"@context\":\"https:\/\/schema.org\",\"@graph\":[{\"@type\":\"WebPage\",\"@id\":\"https:\/\/biosciences.vn\/index.php\/product\/chung-chuan-vi-sinh-dinh-tinh-selectrol-proteus-vulgaris-nctc-4175-atcc-13315\/\",\"url\":\"https:\/\/biosciences.vn\/index.php\/product\/chung-chuan-vi-sinh-dinh-tinh-selectrol-proteus-vulgaris-nctc-4175-atcc-13315\/\",\"name\":\"Ch\u1ee7ng chu\u1ea9n vi sinh \u0111\u1ecbnh t\u00ednh Selectrol\u00ae Proteus vulgaris NCTC\u00ae 4175 \/ ATCC\u00ae 13315 - Biosciences\",\"isPartOf\":{\"@id\":\"https:\/\/biosciences.vn\/#website\"},\"primaryImageOfPage\":{\"@id\":\"https:\/\/biosciences.vn\/index.php\/product\/chung-chuan-vi-sinh-dinh-tinh-selectrol-proteus-vulgaris-nctc-4175-atcc-13315\/#primaryimage\"},\"image\":{\"@id\":\"https:\/\/biosciences.vn\/index.php\/product\/chung-chuan-vi-sinh-dinh-tinh-selectrol-proteus-vulgaris-nctc-4175-atcc-13315\/#primaryimage\"},\"thumbnailUrl\":\"https:\/\/biosciences.vn\/wp-content\/uploads\/2025\/03\/TCS-SELECTROL_01_v1.jpg\",\"datePublished\":\"2025-03-26T09:40:57+00:00\",\"dateModified\":\"2025-08-28T07:55:09+00:00\",\"breadcrumb\":{\"@id\":\"https:\/\/biosciences.vn\/index.php\/product\/chung-chuan-vi-sinh-dinh-tinh-selectrol-proteus-vulgaris-nctc-4175-atcc-13315\/#breadcrumb\"},\"inLanguage\":\"en-US\",\"potentialAction\":[{\"@type\":\"ReadAction\",\"target\":[\"https:\/\/biosciences.vn\/index.php\/product\/chung-chuan-vi-sinh-dinh-tinh-selectrol-proteus-vulgaris-nctc-4175-atcc-13315\/\"]}]},{\"@type\":\"ImageObject\",\"inLanguage\":\"en-US\",\"@id\":\"https:\/\/biosciences.vn\/index.php\/product\/chung-chuan-vi-sinh-dinh-tinh-selectrol-proteus-vulgaris-nctc-4175-atcc-13315\/#primaryimage\",\"url\":\"https:\/\/biosciences.vn\/wp-content\/uploads\/2025\/03\/TCS-SELECTROL_01_v1.jpg\",\"contentUrl\":\"https:\/\/biosciences.vn\/wp-content\/uploads\/2025\/03\/TCS-SELECTROL_01_v1.jpg\",\"width\":600,\"height\":449},{\"@type\":\"BreadcrumbList\",\"@id\":\"https:\/\/biosciences.vn\/index.php\/product\/chung-chuan-vi-sinh-dinh-tinh-selectrol-proteus-vulgaris-nctc-4175-atcc-13315\/#breadcrumb\",\"itemListElement\":[{\"@type\":\"ListItem\",\"position\":1,\"name\":\"Trang ch\u1ee7\",\"item\":\"https:\/\/biosciences.vn\/index.php\/en\/home\/\"},{\"@type\":\"ListItem\",\"position\":2,\"name\":\"Shop\",\"item\":\"https:\/\/biosciences.vn\/index.php\/shop\/\"},{\"@type\":\"ListItem\",\"position\":3,\"name\":\"Ch\u1ee7ng chu\u1ea9n vi sinh \u0111\u1ecbnh t\u00ednh Selectrol\u00ae Proteus vulgaris NCTC\u00ae 4175 \/ ATCC\u00ae 13315\"}]},{\"@type\":\"WebSite\",\"@id\":\"https:\/\/biosciences.vn\/#website\",\"url\":\"https:\/\/biosciences.vn\/\",\"name\":\"Biosciences\",\"description\":\"\",\"publisher\":{\"@id\":\"https:\/\/biosciences.vn\/#organization\"},\"potentialAction\":[{\"@type\":\"SearchAction\",\"target\":{\"@type\":\"EntryPoint\",\"urlTemplate\":\"https:\/\/biosciences.vn\/?s={search_term_string}\"},\"query-input\":{\"@type\":\"PropertyValueSpecification\",\"valueRequired\":true,\"valueName\":\"search_term_string\"}}],\"inLanguage\":\"en-US\"},{\"@type\":\"Organization\",\"@id\":\"https:\/\/biosciences.vn\/#organization\",\"name\":\"Biosciences\",\"url\":\"https:\/\/biosciences.vn\/\",\"logo\":{\"@type\":\"ImageObject\",\"inLanguage\":\"en-US\",\"@id\":\"https:\/\/biosciences.vn\/#\/schema\/logo\/image\/\",\"url\":\"https:\/\/biosciences.vn\/wp-content\/uploads\/2024\/04\/LOGO-BIOSCIENCES-PNG.png\",\"contentUrl\":\"https:\/\/biosciences.vn\/wp-content\/uploads\/2024\/04\/LOGO-BIOSCIENCES-PNG.png\",\"width\":2536,\"height\":638,\"caption\":\"Biosciences\"},\"image\":{\"@id\":\"https:\/\/biosciences.vn\/#\/schema\/logo\/image\/\"}}]}<\/script>\n<!-- \/ Yoast SEO plugin. -->","yoast_head_json":{"title":"Ch\u1ee7ng chu\u1ea9n vi sinh \u0111\u1ecbnh t\u00ednh Selectrol\u00ae Proteus vulgaris NCTC\u00ae 4175 \/ ATCC\u00ae 13315 - Biosciences","robots":{"index":"index","follow":"follow","max-snippet":"max-snippet:-1","max-image-preview":"max-image-preview:large","max-video-preview":"max-video-preview:-1"},"canonical":"https:\/\/biosciences.vn\/index.php\/product\/chung-chuan-vi-sinh-dinh-tinh-selectrol-proteus-vulgaris-nctc-4175-atcc-13315\/","og_locale":"en_US","og_type":"article","og_title":"Ch\u1ee7ng chu\u1ea9n vi sinh \u0111\u1ecbnh t\u00ednh Selectrol\u00ae Proteus vulgaris NCTC\u00ae 4175 \/ ATCC\u00ae 13315 - Biosciences","og_description":"Selectrol\u00ae Proteus vulgaris NCTC\u00ae 4175 \/ ATCC\u00ae 13315 l\u00e0 ch\u1ee7ng vi sinh v\u1eadt chu\u1ea9n do TCS Biosciences cung c\u1ea5p, \u0111\u01b0\u1ee3c s\u1eed d\u1ee5ng trong ki\u1ec3m nghi\u1ec7m vi sinh v\u00e0 nghi\u00ean c\u1ee9u khoa h\u1ecdc. Ch\u1ee7ng n\u00e0y t\u1eebng \u0111\u01b0\u1ee3c coi l\u00e0 ch\u1ee7ng \u0111i\u1ec3n h\u00ecnh (type strain) c\u1ee7a Proteus vulgaris, nh\u01b0ng hi\u1ec7n nay \u0111\u01b0\u1ee3c c\u00f4ng nh\u1eadn l\u00e0 m\u1ed9t lo\u00e0i [&hellip;]","og_url":"https:\/\/biosciences.vn\/index.php\/product\/chung-chuan-vi-sinh-dinh-tinh-selectrol-proteus-vulgaris-nctc-4175-atcc-13315\/","og_site_name":"Biosciences","article_modified_time":"2025-08-28T07:55:09+00:00","og_image":[{"width":600,"height":449,"url":"https:\/\/biosciences.vn\/wp-content\/uploads\/2025\/03\/TCS-SELECTROL_01_v1.jpg","type":"image\/jpeg"}],"twitter_card":"summary_large_image","twitter_misc":{"Est. reading time":"2 minutes"},"schema":{"@context":"https:\/\/schema.org","@graph":[{"@type":"WebPage","@id":"https:\/\/biosciences.vn\/index.php\/product\/chung-chuan-vi-sinh-dinh-tinh-selectrol-proteus-vulgaris-nctc-4175-atcc-13315\/","url":"https:\/\/biosciences.vn\/index.php\/product\/chung-chuan-vi-sinh-dinh-tinh-selectrol-proteus-vulgaris-nctc-4175-atcc-13315\/","name":"Ch\u1ee7ng chu\u1ea9n vi sinh \u0111\u1ecbnh t\u00ednh Selectrol\u00ae Proteus vulgaris NCTC\u00ae 4175 \/ ATCC\u00ae 13315 - Biosciences","isPartOf":{"@id":"https:\/\/biosciences.vn\/#website"},"primaryImageOfPage":{"@id":"https:\/\/biosciences.vn\/index.php\/product\/chung-chuan-vi-sinh-dinh-tinh-selectrol-proteus-vulgaris-nctc-4175-atcc-13315\/#primaryimage"},"image":{"@id":"https:\/\/biosciences.vn\/index.php\/product\/chung-chuan-vi-sinh-dinh-tinh-selectrol-proteus-vulgaris-nctc-4175-atcc-13315\/#primaryimage"},"thumbnailUrl":"https:\/\/biosciences.vn\/wp-content\/uploads\/2025\/03\/TCS-SELECTROL_01_v1.jpg","datePublished":"2025-03-26T09:40:57+00:00","dateModified":"2025-08-28T07:55:09+00:00","breadcrumb":{"@id":"https:\/\/biosciences.vn\/index.php\/product\/chung-chuan-vi-sinh-dinh-tinh-selectrol-proteus-vulgaris-nctc-4175-atcc-13315\/#breadcrumb"},"inLanguage":"en-US","potentialAction":[{"@type":"ReadAction","target":["https:\/\/biosciences.vn\/index.php\/product\/chung-chuan-vi-sinh-dinh-tinh-selectrol-proteus-vulgaris-nctc-4175-atcc-13315\/"]}]},{"@type":"ImageObject","inLanguage":"en-US","@id":"https:\/\/biosciences.vn\/index.php\/product\/chung-chuan-vi-sinh-dinh-tinh-selectrol-proteus-vulgaris-nctc-4175-atcc-13315\/#primaryimage","url":"https:\/\/biosciences.vn\/wp-content\/uploads\/2025\/03\/TCS-SELECTROL_01_v1.jpg","contentUrl":"https:\/\/biosciences.vn\/wp-content\/uploads\/2025\/03\/TCS-SELECTROL_01_v1.jpg","width":600,"height":449},{"@type":"BreadcrumbList","@id":"https:\/\/biosciences.vn\/index.php\/product\/chung-chuan-vi-sinh-dinh-tinh-selectrol-proteus-vulgaris-nctc-4175-atcc-13315\/#breadcrumb","itemListElement":[{"@type":"ListItem","position":1,"name":"Trang ch\u1ee7","item":"https:\/\/biosciences.vn\/index.php\/en\/home\/"},{"@type":"ListItem","position":2,"name":"Shop","item":"https:\/\/biosciences.vn\/index.php\/shop\/"},{"@type":"ListItem","position":3,"name":"Ch\u1ee7ng chu\u1ea9n vi sinh \u0111\u1ecbnh t\u00ednh Selectrol\u00ae Proteus vulgaris NCTC\u00ae 4175 \/ ATCC\u00ae 13315"}]},{"@type":"WebSite","@id":"https:\/\/biosciences.vn\/#website","url":"https:\/\/biosciences.vn\/","name":"Biosciences","description":"","publisher":{"@id":"https:\/\/biosciences.vn\/#organization"},"potentialAction":[{"@type":"SearchAction","target":{"@type":"EntryPoint","urlTemplate":"https:\/\/biosciences.vn\/?s={search_term_string}"},"query-input":{"@type":"PropertyValueSpecification","valueRequired":true,"valueName":"search_term_string"}}],"inLanguage":"en-US"},{"@type":"Organization","@id":"https:\/\/biosciences.vn\/#organization","name":"Biosciences","url":"https:\/\/biosciences.vn\/","logo":{"@type":"ImageObject","inLanguage":"en-US","@id":"https:\/\/biosciences.vn\/#\/schema\/logo\/image\/","url":"https:\/\/biosciences.vn\/wp-content\/uploads\/2024\/04\/LOGO-BIOSCIENCES-PNG.png","contentUrl":"https:\/\/biosciences.vn\/wp-content\/uploads\/2024\/04\/LOGO-BIOSCIENCES-PNG.png","width":2536,"height":638,"caption":"Biosciences"},"image":{"@id":"https:\/\/biosciences.vn\/#\/schema\/logo\/image\/"}}]}},"brands":[{"id":644,"name":"TCS Biosciences","slug":"tcs-biosciences-vi"}],"_links":{"self":[{"href":"https:\/\/biosciences.vn\/index.php\/wp-json\/wp\/v2\/product\/6831"}],"collection":[{"href":"https:\/\/biosciences.vn\/index.php\/wp-json\/wp\/v2\/product"}],"about":[{"href":"https:\/\/biosciences.vn\/index.php\/wp-json\/wp\/v2\/types\/product"}],"replies":[{"embeddable":true,"href":"https:\/\/biosciences.vn\/index.php\/wp-json\/wp\/v2\/comments?post=6831"}],"wp:featuredmedia":[{"embeddable":true,"href":"https:\/\/biosciences.vn\/index.php\/wp-json\/wp\/v2\/media\/6710"}],"wp:attachment":[{"href":"https:\/\/biosciences.vn\/index.php\/wp-json\/wp\/v2\/media?parent=6831"}],"wp:term":[{"taxonomy":"pwb-brand","embeddable":true,"href":"https:\/\/biosciences.vn\/index.php\/wp-json\/wp\/v2\/pwb-brand?post=6831"},{"taxonomy":"product_cat","embeddable":true,"href":"https:\/\/biosciences.vn\/index.php\/wp-json\/wp\/v2\/product_cat?post=6831"},{"taxonomy":"product_tag","embeddable":true,"href":"https:\/\/biosciences.vn\/index.php\/wp-json\/wp\/v2\/product_tag?post=6831"}],"curies":[{"name":"wp","href":"https:\/\/api.w.org\/{rel}","templated":true}]}}