{"id":6834,"date":"2025-03-26T16:43:56","date_gmt":"2025-03-26T09:43:56","guid":{"rendered":"https:\/\/biosciences.vn\/?post_type=product&#038;p=6834"},"modified":"2025-08-28T14:55:09","modified_gmt":"2025-08-28T07:55:09","slug":"chung-chuan-vi-sinh-dinh-tinh-pseudomonas-aeruginosa-nctc-12903-atcc-27853","status":"publish","type":"product","link":"https:\/\/biosciences.vn\/index.php\/product\/chung-chuan-vi-sinh-dinh-tinh-pseudomonas-aeruginosa-nctc-12903-atcc-27853\/","title":{"rendered":"Ch\u1ee7ng chu\u1ea9n vi sinh \u0111\u1ecbnh t\u00ednh Pseudomonas aeruginosa NCTC\u00ae 12903 \/ ATCC\u00ae 27853"},"content":{"rendered":"<p class=\"\" data-start=\"0\" data-end=\"498\"><strong data-start=\"0\" data-end=\"63\">Selectrol\u00ae Pseudomonas aeruginosa NCTC\u00ae 12903 \/ ATCC\u00ae 27853<\/strong> l\u00e0 ch\u1ee7ng vi sinh v\u1eadt chu\u1ea9n do <strong data-start=\"94\" data-end=\"113\">TCS Biosciences<\/strong> cung c\u1ea5p, \u0111\u01b0\u1ee3c s\u1eed d\u1ee5ng r\u1ed9ng r\u00e3i trong ki\u1ec3m nghi\u1ec7m vi sinh v\u00e0 nghi\u00ean c\u1ee9u khoa h\u1ecdc. Ch\u1ee7ng n\u00e0y \u0111\u01b0\u1ee3c <strong data-start=\"211\" data-end=\"221\">EUCAST<\/strong> khuy\u1ebfn ngh\u1ecb l\u00e0m ch\u1ee7ng ki\u1ec3m so\u00e1t cho th\u1eed nghi\u1ec7m \u0111\u1ed9 nh\u1ea1y c\u1ea3m kh\u00e1ng sinh v\u00e0 \u0111\u01b0\u1ee3c \u0111\u1ec1 xu\u1ea5t trong ti\u00eau chu\u1ea9n <strong data-start=\"325\" data-end=\"338\">ISO 11133<\/strong> \u0111\u1ec3 ki\u1ec3m tra ch\u1ea5t l\u01b0\u1ee3ng m\u00f4i tr\u01b0\u1eddng nu\u00f4i c\u1ea5y trong c\u00e1c l\u0129nh v\u1ef1c th\u1ef1c ph\u1ea9m, th\u1ee9c \u0103n ch\u0103n nu\u00f4i, s\u1eefa, s\u1ea3n ph\u1ea9m t\u1eeb s\u1eefa v\u00e0 n\u01b0\u1edbc.<\/p>\n<p class=\"\" data-start=\"500\" data-end=\"532\"><strong data-start=\"500\" data-end=\"532\">Th\u00f4ng tin chi ti\u1ebft s\u1ea3n ph\u1ea9m:<\/strong><\/p>\n<ul data-start=\"533\" data-end=\"746\">\n<li class=\"\" data-start=\"533\" data-end=\"559\">\n<p class=\"\" data-start=\"535\" data-end=\"559\"><strong data-start=\"535\" data-end=\"551\">M\u00e3 s\u1ea3n ph\u1ea9m:<\/strong> MM10-10<\/p>\n<\/li>\n<li class=\"\" data-start=\"560\" data-end=\"579\">\n<p class=\"\" data-start=\"562\" data-end=\"579\"><strong data-start=\"562\" data-end=\"575\">M\u00e3 s\u1ed1 CI:<\/strong> 274<\/p>\n<\/li>\n<li class=\"\" data-start=\"580\" data-end=\"651\">\n<p class=\"\" data-start=\"582\" data-end=\"651\"><strong data-start=\"582\" data-end=\"600\">Ch\u1ee7ng vi sinh:<\/strong> <em data-start=\"601\" data-end=\"625\">Pseudomonas aeruginosa<\/em> NCTC\u00ae 12903 \/ ATCC\u00ae 27853<\/p>\n<\/li>\n<li class=\"\" data-start=\"652\" data-end=\"674\">\n<p class=\"\" data-start=\"654\" data-end=\"674\"><strong data-start=\"654\" data-end=\"667\">S\u1ed1 l\u01b0\u1ee3ng:<\/strong> 10 \u0111\u0129a<\/p>\n<\/li>\n<\/ul>\n<p class=\"\" data-start=\"748\" data-end=\"761\"><strong data-start=\"748\" data-end=\"761\">\u1ee8ng d\u1ee5ng:<\/strong><\/p>\n<ul data-start=\"762\" data-end=\"920\">\n<li class=\"\" data-start=\"762\" data-end=\"824\">\n<p class=\"\" data-start=\"764\" data-end=\"824\">Ki\u1ec3m tra ch\u1ea5t l\u01b0\u1ee3ng vi sinh trong ph\u00f2ng th\u00ed nghi\u1ec7m l\u00e2m s\u00e0ng.<\/p>\n<\/li>\n<li class=\"\" data-start=\"825\" data-end=\"867\">\n<p class=\"\" data-start=\"827\" data-end=\"867\">Th\u1ea9m \u0111\u1ecbnh quy tr\u00ecnh ki\u1ec3m nghi\u1ec7m vi sinh.<\/p>\n<\/li>\n<li class=\"\" data-start=\"868\" data-end=\"920\">\n<p class=\"\" data-start=\"870\" data-end=\"920\">Nghi\u00ean c\u1ee9u v\u00e0 \u0111\u00e0o t\u1ea1o trong l\u0129nh v\u1ef1c vi sinh y t\u1ebf.<\/p>\n<\/li>\n<\/ul>\n<p class=\"\" data-start=\"922\" data-end=\"943\"><strong data-start=\"922\" data-end=\"943\">\u0110\u1eb7c \u0111i\u1ec3m n\u1ed5i b\u1eadt:<\/strong><\/p>\n<ul data-start=\"944\" data-end=\"1276\">\n<li class=\"\" data-start=\"944\" data-end=\"1031\">\n<p class=\"\" data-start=\"946\" data-end=\"1031\">S\u1ea3n xu\u1ea5t t\u1eeb ch\u1ee7ng g\u1ed1c \u0111\u01b0\u1ee3c l\u01b0u gi\u1eef t\u1ea1i NCTC\u00ae, \u0111\u1ea3m b\u1ea3o \u0111\u1ed9 ch\u00ednh x\u00e1c v\u00e0 t\u00ednh \u0111\u1ed3ng nh\u1ea5t.<\/p>\n<\/li>\n<li class=\"\" data-start=\"1032\" data-end=\"1093\">\n<p class=\"\" data-start=\"1034\" data-end=\"1093\">D\u1ea1ng \u0111\u0129a \u0111\u00f4ng kh\u00f4 ti\u1ec7n l\u1ee3i, d\u1ec5 s\u1eed d\u1ee5ng v\u00e0 b\u1ea3o qu\u1ea3n l\u00e2u d\u00e0i.<\/p>\n<\/li>\n<li class=\"\" data-start=\"1094\" data-end=\"1276\">\n<p class=\"\" data-start=\"1096\" data-end=\"1276\">Ch\u1ee7ng n\u00e0y ho\u00e0n to\u00e0n nh\u1ea1y c\u1ea3m v\u1edbi c\u00e1c kh\u00e1ng sinh ch\u1ed1ng <em data-start=\"1150\" data-end=\"1163\">Pseudomonas<\/em>, ph\u00f9 h\u1ee3p cho ki\u1ec3m tra ch\u1ea5t l\u01b0\u1ee3ng m\u00f4i tr\u01b0\u1eddng ph\u00e1t hi\u1ec7n m\u1ea7m b\u1ec7nh \u0111\u01b0\u1eddng ru\u1ed9t.<\/p>\n<\/li>\n<\/ul>\n<p class=\"\" data-start=\"1278\" data-end=\"1540\"><strong data-start=\"1278\" data-end=\"1288\">L\u01b0u \u00fd:<\/strong> <em data-start=\"1289\" data-end=\"1313\">Pseudomonas aeruginosa<\/em> l\u00e0 vi khu\u1ea9n Gram \u00e2m, c\u00f3 kh\u1ea3 n\u0103ng g\u00e2y nhi\u1ec5m tr\u00f9ng c\u01a1 h\u1ed9i \u1edf ng\u01b0\u1eddi, \u0111\u1eb7c bi\u1ec7t \u1edf nh\u1eefng b\u1ec7nh nh\u00e2n suy gi\u1ea3m mi\u1ec5n d\u1ecbch. Vi\u1ec7c s\u1eed d\u1ee5ng ch\u1ee7ng n\u00e0y trong nghi\u00ean c\u1ee9u v\u00e0 ki\u1ec3m nghi\u1ec7m vi sinh c\u1ea7n tu\u00e2n th\u1ee7 c\u00e1c quy \u0111\u1ecbnh an to\u00e0n sinh h\u1ecdc ph\u00f9 h\u1ee3p.<\/p>\n<p class=\"\" data-start=\"1749\" data-end=\"1925\"><strong data-start=\"1749\" data-end=\"1770\">Li\u00ean h\u1ec7 \u0111\u1eb7t h\u00e0ng:<\/strong> <strong data-start=\"1771\" data-end=\"1789\">Biosciences.vn<\/strong><br data-start=\"1789\" data-end=\"1792\" \/>\ud83d\udcde <span class=\"relative -mx-px my-[-0.2rem] rounded px-px py-[0.2rem]\">0933 270 120<\/span><br data-start=\"1834\" data-end=\"1837\" \/>\ud83d\udce9 <span class=\"relative -mx-px my-[-0.2rem] rounded px-px py-[0.2rem]\"><a href=\"mailto:sales@biosciences.vn\" data-start=\"0\" data-end=\"20\" data-is-last-node=\"\" data-is-only-node=\"\">sales@biosciences.vn<\/a><\/span><\/p>\n<p class=\"\" data-start=\"1668\" data-end=\"1844\">\n","protected":false},"excerpt":{"rendered":"<p>Selectrol\u00ae Pseudomonas aeruginosa NCTC\u00ae 12903 \/ ATCC\u00ae 27853 l\u00e0 ch\u1ee7ng vi sinh v\u1eadt chu\u1ea9n do TCS Biosciences cung c\u1ea5p, \u0111\u01b0\u1ee3c s\u1eed d\u1ee5ng r\u1ed9ng r\u00e3i trong ki\u1ec3m nghi\u1ec7m vi sinh v\u00e0 nghi\u00ean c\u1ee9u khoa h\u1ecdc. Ch\u1ee7ng n\u00e0y \u0111\u01b0\u1ee3c EUCAST khuy\u1ebfn ngh\u1ecb l\u00e0m ch\u1ee7ng ki\u1ec3m so\u00e1t cho th\u1eed nghi\u1ec7m \u0111\u1ed9 nh\u1ea1y c\u1ea3m kh\u00e1ng sinh v\u00e0 \u0111\u01b0\u1ee3c \u0111\u1ec1 [&hellip;]<\/p>\n","protected":false},"featured_media":6710,"comment_status":"open","ping_status":"closed","template":"","meta":[],"pwb-brand":[644],"product_cat":[434,485,665],"product_tag":[949,947,951],"class_list":{"0":"post-6834","1":"product","2":"type-product","3":"status-publish","4":"has-post-thumbnail","6":"pwb-brand-tcs-biosciences-vi","7":"product_cat-khoa-hoc-su-song","8":"product_cat-hoa-chat-vat-tu","9":"product_cat-chung-chuan-vi-sinh","10":"product_tag-atcc","11":"product_tag-ntcc","12":"product_tag-quality-control","14":"first","15":"onbackorder","16":"shipping-taxable","17":"purchasable","18":"product-type-simple"},"yoast_head":"<!-- This site is optimized with the Yoast SEO plugin v23.6 - https:\/\/yoast.com\/wordpress\/plugins\/seo\/ -->\n<title>Ch\u1ee7ng chu\u1ea9n vi sinh \u0111\u1ecbnh t\u00ednh Pseudomonas aeruginosa NCTC\u00ae 12903 \/ ATCC\u00ae 27853 - Biosciences<\/title>\n<meta name=\"robots\" content=\"index, follow, max-snippet:-1, max-image-preview:large, max-video-preview:-1\" \/>\n<link rel=\"canonical\" href=\"https:\/\/biosciences.vn\/index.php\/product\/chung-chuan-vi-sinh-dinh-tinh-pseudomonas-aeruginosa-nctc-12903-atcc-27853\/\" \/>\n<meta property=\"og:locale\" content=\"en_US\" \/>\n<meta property=\"og:type\" content=\"article\" \/>\n<meta property=\"og:title\" content=\"Ch\u1ee7ng chu\u1ea9n vi sinh \u0111\u1ecbnh t\u00ednh Pseudomonas aeruginosa NCTC\u00ae 12903 \/ ATCC\u00ae 27853 - Biosciences\" \/>\n<meta property=\"og:description\" content=\"Selectrol\u00ae Pseudomonas aeruginosa NCTC\u00ae 12903 \/ ATCC\u00ae 27853 l\u00e0 ch\u1ee7ng vi sinh v\u1eadt chu\u1ea9n do TCS Biosciences cung c\u1ea5p, \u0111\u01b0\u1ee3c s\u1eed d\u1ee5ng r\u1ed9ng r\u00e3i trong ki\u1ec3m nghi\u1ec7m vi sinh v\u00e0 nghi\u00ean c\u1ee9u khoa h\u1ecdc. Ch\u1ee7ng n\u00e0y \u0111\u01b0\u1ee3c EUCAST khuy\u1ebfn ngh\u1ecb l\u00e0m ch\u1ee7ng ki\u1ec3m so\u00e1t cho th\u1eed nghi\u1ec7m \u0111\u1ed9 nh\u1ea1y c\u1ea3m kh\u00e1ng sinh v\u00e0 \u0111\u01b0\u1ee3c \u0111\u1ec1 [&hellip;]\" \/>\n<meta property=\"og:url\" content=\"https:\/\/biosciences.vn\/index.php\/product\/chung-chuan-vi-sinh-dinh-tinh-pseudomonas-aeruginosa-nctc-12903-atcc-27853\/\" \/>\n<meta property=\"og:site_name\" content=\"Biosciences\" \/>\n<meta property=\"article:modified_time\" content=\"2025-08-28T07:55:09+00:00\" \/>\n<meta property=\"og:image\" content=\"https:\/\/biosciences.vn\/wp-content\/uploads\/2025\/03\/TCS-SELECTROL_01_v1.jpg\" \/>\n\t<meta property=\"og:image:width\" content=\"600\" \/>\n\t<meta property=\"og:image:height\" content=\"449\" \/>\n\t<meta property=\"og:image:type\" content=\"image\/jpeg\" \/>\n<meta name=\"twitter:card\" content=\"summary_large_image\" \/>\n<meta name=\"twitter:label1\" content=\"Est. reading time\" \/>\n\t<meta name=\"twitter:data1\" content=\"2 minutes\" \/>\n<script type=\"application\/ld+json\" class=\"yoast-schema-graph\">{\"@context\":\"https:\/\/schema.org\",\"@graph\":[{\"@type\":\"WebPage\",\"@id\":\"https:\/\/biosciences.vn\/index.php\/product\/chung-chuan-vi-sinh-dinh-tinh-pseudomonas-aeruginosa-nctc-12903-atcc-27853\/\",\"url\":\"https:\/\/biosciences.vn\/index.php\/product\/chung-chuan-vi-sinh-dinh-tinh-pseudomonas-aeruginosa-nctc-12903-atcc-27853\/\",\"name\":\"Ch\u1ee7ng chu\u1ea9n vi sinh \u0111\u1ecbnh t\u00ednh Pseudomonas aeruginosa NCTC\u00ae 12903 \/ ATCC\u00ae 27853 - Biosciences\",\"isPartOf\":{\"@id\":\"https:\/\/biosciences.vn\/#website\"},\"primaryImageOfPage\":{\"@id\":\"https:\/\/biosciences.vn\/index.php\/product\/chung-chuan-vi-sinh-dinh-tinh-pseudomonas-aeruginosa-nctc-12903-atcc-27853\/#primaryimage\"},\"image\":{\"@id\":\"https:\/\/biosciences.vn\/index.php\/product\/chung-chuan-vi-sinh-dinh-tinh-pseudomonas-aeruginosa-nctc-12903-atcc-27853\/#primaryimage\"},\"thumbnailUrl\":\"https:\/\/biosciences.vn\/wp-content\/uploads\/2025\/03\/TCS-SELECTROL_01_v1.jpg\",\"datePublished\":\"2025-03-26T09:43:56+00:00\",\"dateModified\":\"2025-08-28T07:55:09+00:00\",\"breadcrumb\":{\"@id\":\"https:\/\/biosciences.vn\/index.php\/product\/chung-chuan-vi-sinh-dinh-tinh-pseudomonas-aeruginosa-nctc-12903-atcc-27853\/#breadcrumb\"},\"inLanguage\":\"en-US\",\"potentialAction\":[{\"@type\":\"ReadAction\",\"target\":[\"https:\/\/biosciences.vn\/index.php\/product\/chung-chuan-vi-sinh-dinh-tinh-pseudomonas-aeruginosa-nctc-12903-atcc-27853\/\"]}]},{\"@type\":\"ImageObject\",\"inLanguage\":\"en-US\",\"@id\":\"https:\/\/biosciences.vn\/index.php\/product\/chung-chuan-vi-sinh-dinh-tinh-pseudomonas-aeruginosa-nctc-12903-atcc-27853\/#primaryimage\",\"url\":\"https:\/\/biosciences.vn\/wp-content\/uploads\/2025\/03\/TCS-SELECTROL_01_v1.jpg\",\"contentUrl\":\"https:\/\/biosciences.vn\/wp-content\/uploads\/2025\/03\/TCS-SELECTROL_01_v1.jpg\",\"width\":600,\"height\":449},{\"@type\":\"BreadcrumbList\",\"@id\":\"https:\/\/biosciences.vn\/index.php\/product\/chung-chuan-vi-sinh-dinh-tinh-pseudomonas-aeruginosa-nctc-12903-atcc-27853\/#breadcrumb\",\"itemListElement\":[{\"@type\":\"ListItem\",\"position\":1,\"name\":\"Trang ch\u1ee7\",\"item\":\"https:\/\/biosciences.vn\/index.php\/en\/home\/\"},{\"@type\":\"ListItem\",\"position\":2,\"name\":\"Shop\",\"item\":\"https:\/\/biosciences.vn\/index.php\/shop\/\"},{\"@type\":\"ListItem\",\"position\":3,\"name\":\"Ch\u1ee7ng chu\u1ea9n vi sinh \u0111\u1ecbnh t\u00ednh Pseudomonas aeruginosa NCTC\u00ae 12903 \/ ATCC\u00ae 27853\"}]},{\"@type\":\"WebSite\",\"@id\":\"https:\/\/biosciences.vn\/#website\",\"url\":\"https:\/\/biosciences.vn\/\",\"name\":\"Biosciences\",\"description\":\"\",\"publisher\":{\"@id\":\"https:\/\/biosciences.vn\/#organization\"},\"potentialAction\":[{\"@type\":\"SearchAction\",\"target\":{\"@type\":\"EntryPoint\",\"urlTemplate\":\"https:\/\/biosciences.vn\/?s={search_term_string}\"},\"query-input\":{\"@type\":\"PropertyValueSpecification\",\"valueRequired\":true,\"valueName\":\"search_term_string\"}}],\"inLanguage\":\"en-US\"},{\"@type\":\"Organization\",\"@id\":\"https:\/\/biosciences.vn\/#organization\",\"name\":\"Biosciences\",\"url\":\"https:\/\/biosciences.vn\/\",\"logo\":{\"@type\":\"ImageObject\",\"inLanguage\":\"en-US\",\"@id\":\"https:\/\/biosciences.vn\/#\/schema\/logo\/image\/\",\"url\":\"https:\/\/biosciences.vn\/wp-content\/uploads\/2024\/04\/LOGO-BIOSCIENCES-PNG.png\",\"contentUrl\":\"https:\/\/biosciences.vn\/wp-content\/uploads\/2024\/04\/LOGO-BIOSCIENCES-PNG.png\",\"width\":2536,\"height\":638,\"caption\":\"Biosciences\"},\"image\":{\"@id\":\"https:\/\/biosciences.vn\/#\/schema\/logo\/image\/\"}}]}<\/script>\n<!-- \/ Yoast SEO plugin. -->","yoast_head_json":{"title":"Ch\u1ee7ng chu\u1ea9n vi sinh \u0111\u1ecbnh t\u00ednh Pseudomonas aeruginosa NCTC\u00ae 12903 \/ ATCC\u00ae 27853 - Biosciences","robots":{"index":"index","follow":"follow","max-snippet":"max-snippet:-1","max-image-preview":"max-image-preview:large","max-video-preview":"max-video-preview:-1"},"canonical":"https:\/\/biosciences.vn\/index.php\/product\/chung-chuan-vi-sinh-dinh-tinh-pseudomonas-aeruginosa-nctc-12903-atcc-27853\/","og_locale":"en_US","og_type":"article","og_title":"Ch\u1ee7ng chu\u1ea9n vi sinh \u0111\u1ecbnh t\u00ednh Pseudomonas aeruginosa NCTC\u00ae 12903 \/ ATCC\u00ae 27853 - Biosciences","og_description":"Selectrol\u00ae Pseudomonas aeruginosa NCTC\u00ae 12903 \/ ATCC\u00ae 27853 l\u00e0 ch\u1ee7ng vi sinh v\u1eadt chu\u1ea9n do TCS Biosciences cung c\u1ea5p, \u0111\u01b0\u1ee3c s\u1eed d\u1ee5ng r\u1ed9ng r\u00e3i trong ki\u1ec3m nghi\u1ec7m vi sinh v\u00e0 nghi\u00ean c\u1ee9u khoa h\u1ecdc. Ch\u1ee7ng n\u00e0y \u0111\u01b0\u1ee3c EUCAST khuy\u1ebfn ngh\u1ecb l\u00e0m ch\u1ee7ng ki\u1ec3m so\u00e1t cho th\u1eed nghi\u1ec7m \u0111\u1ed9 nh\u1ea1y c\u1ea3m kh\u00e1ng sinh v\u00e0 \u0111\u01b0\u1ee3c \u0111\u1ec1 [&hellip;]","og_url":"https:\/\/biosciences.vn\/index.php\/product\/chung-chuan-vi-sinh-dinh-tinh-pseudomonas-aeruginosa-nctc-12903-atcc-27853\/","og_site_name":"Biosciences","article_modified_time":"2025-08-28T07:55:09+00:00","og_image":[{"width":600,"height":449,"url":"https:\/\/biosciences.vn\/wp-content\/uploads\/2025\/03\/TCS-SELECTROL_01_v1.jpg","type":"image\/jpeg"}],"twitter_card":"summary_large_image","twitter_misc":{"Est. reading time":"2 minutes"},"schema":{"@context":"https:\/\/schema.org","@graph":[{"@type":"WebPage","@id":"https:\/\/biosciences.vn\/index.php\/product\/chung-chuan-vi-sinh-dinh-tinh-pseudomonas-aeruginosa-nctc-12903-atcc-27853\/","url":"https:\/\/biosciences.vn\/index.php\/product\/chung-chuan-vi-sinh-dinh-tinh-pseudomonas-aeruginosa-nctc-12903-atcc-27853\/","name":"Ch\u1ee7ng chu\u1ea9n vi sinh \u0111\u1ecbnh t\u00ednh Pseudomonas aeruginosa NCTC\u00ae 12903 \/ ATCC\u00ae 27853 - Biosciences","isPartOf":{"@id":"https:\/\/biosciences.vn\/#website"},"primaryImageOfPage":{"@id":"https:\/\/biosciences.vn\/index.php\/product\/chung-chuan-vi-sinh-dinh-tinh-pseudomonas-aeruginosa-nctc-12903-atcc-27853\/#primaryimage"},"image":{"@id":"https:\/\/biosciences.vn\/index.php\/product\/chung-chuan-vi-sinh-dinh-tinh-pseudomonas-aeruginosa-nctc-12903-atcc-27853\/#primaryimage"},"thumbnailUrl":"https:\/\/biosciences.vn\/wp-content\/uploads\/2025\/03\/TCS-SELECTROL_01_v1.jpg","datePublished":"2025-03-26T09:43:56+00:00","dateModified":"2025-08-28T07:55:09+00:00","breadcrumb":{"@id":"https:\/\/biosciences.vn\/index.php\/product\/chung-chuan-vi-sinh-dinh-tinh-pseudomonas-aeruginosa-nctc-12903-atcc-27853\/#breadcrumb"},"inLanguage":"en-US","potentialAction":[{"@type":"ReadAction","target":["https:\/\/biosciences.vn\/index.php\/product\/chung-chuan-vi-sinh-dinh-tinh-pseudomonas-aeruginosa-nctc-12903-atcc-27853\/"]}]},{"@type":"ImageObject","inLanguage":"en-US","@id":"https:\/\/biosciences.vn\/index.php\/product\/chung-chuan-vi-sinh-dinh-tinh-pseudomonas-aeruginosa-nctc-12903-atcc-27853\/#primaryimage","url":"https:\/\/biosciences.vn\/wp-content\/uploads\/2025\/03\/TCS-SELECTROL_01_v1.jpg","contentUrl":"https:\/\/biosciences.vn\/wp-content\/uploads\/2025\/03\/TCS-SELECTROL_01_v1.jpg","width":600,"height":449},{"@type":"BreadcrumbList","@id":"https:\/\/biosciences.vn\/index.php\/product\/chung-chuan-vi-sinh-dinh-tinh-pseudomonas-aeruginosa-nctc-12903-atcc-27853\/#breadcrumb","itemListElement":[{"@type":"ListItem","position":1,"name":"Trang ch\u1ee7","item":"https:\/\/biosciences.vn\/index.php\/en\/home\/"},{"@type":"ListItem","position":2,"name":"Shop","item":"https:\/\/biosciences.vn\/index.php\/shop\/"},{"@type":"ListItem","position":3,"name":"Ch\u1ee7ng chu\u1ea9n vi sinh \u0111\u1ecbnh t\u00ednh Pseudomonas aeruginosa NCTC\u00ae 12903 \/ ATCC\u00ae 27853"}]},{"@type":"WebSite","@id":"https:\/\/biosciences.vn\/#website","url":"https:\/\/biosciences.vn\/","name":"Biosciences","description":"","publisher":{"@id":"https:\/\/biosciences.vn\/#organization"},"potentialAction":[{"@type":"SearchAction","target":{"@type":"EntryPoint","urlTemplate":"https:\/\/biosciences.vn\/?s={search_term_string}"},"query-input":{"@type":"PropertyValueSpecification","valueRequired":true,"valueName":"search_term_string"}}],"inLanguage":"en-US"},{"@type":"Organization","@id":"https:\/\/biosciences.vn\/#organization","name":"Biosciences","url":"https:\/\/biosciences.vn\/","logo":{"@type":"ImageObject","inLanguage":"en-US","@id":"https:\/\/biosciences.vn\/#\/schema\/logo\/image\/","url":"https:\/\/biosciences.vn\/wp-content\/uploads\/2024\/04\/LOGO-BIOSCIENCES-PNG.png","contentUrl":"https:\/\/biosciences.vn\/wp-content\/uploads\/2024\/04\/LOGO-BIOSCIENCES-PNG.png","width":2536,"height":638,"caption":"Biosciences"},"image":{"@id":"https:\/\/biosciences.vn\/#\/schema\/logo\/image\/"}}]}},"brands":[{"id":644,"name":"TCS Biosciences","slug":"tcs-biosciences-vi"}],"_links":{"self":[{"href":"https:\/\/biosciences.vn\/index.php\/wp-json\/wp\/v2\/product\/6834"}],"collection":[{"href":"https:\/\/biosciences.vn\/index.php\/wp-json\/wp\/v2\/product"}],"about":[{"href":"https:\/\/biosciences.vn\/index.php\/wp-json\/wp\/v2\/types\/product"}],"replies":[{"embeddable":true,"href":"https:\/\/biosciences.vn\/index.php\/wp-json\/wp\/v2\/comments?post=6834"}],"wp:featuredmedia":[{"embeddable":true,"href":"https:\/\/biosciences.vn\/index.php\/wp-json\/wp\/v2\/media\/6710"}],"wp:attachment":[{"href":"https:\/\/biosciences.vn\/index.php\/wp-json\/wp\/v2\/media?parent=6834"}],"wp:term":[{"taxonomy":"pwb-brand","embeddable":true,"href":"https:\/\/biosciences.vn\/index.php\/wp-json\/wp\/v2\/pwb-brand?post=6834"},{"taxonomy":"product_cat","embeddable":true,"href":"https:\/\/biosciences.vn\/index.php\/wp-json\/wp\/v2\/product_cat?post=6834"},{"taxonomy":"product_tag","embeddable":true,"href":"https:\/\/biosciences.vn\/index.php\/wp-json\/wp\/v2\/product_tag?post=6834"}],"curies":[{"name":"wp","href":"https:\/\/api.w.org\/{rel}","templated":true}]}}