{"id":6836,"date":"2025-03-26T16:45:26","date_gmt":"2025-03-26T09:45:26","guid":{"rendered":"https:\/\/biosciences.vn\/?post_type=product&#038;p=6836"},"modified":"2025-08-28T14:55:09","modified_gmt":"2025-08-28T07:55:09","slug":"chung-chuan-vi-sinh-dinh-tinh-selectrol-pseudomonas-aeruginosa-nctc-13359-atcc-15442","status":"publish","type":"product","link":"https:\/\/biosciences.vn\/index.php\/product\/chung-chuan-vi-sinh-dinh-tinh-selectrol-pseudomonas-aeruginosa-nctc-13359-atcc-15442\/","title":{"rendered":"Ch\u1ee7ng chu\u1ea9n vi sinh \u0111\u1ecbnh t\u00ednh Selectrol\u00ae Pseudomonas aeruginosa NCTC\u00ae 13359 \/ ATCC\u00ae 15442"},"content":{"rendered":"<p class=\"\" data-start=\"0\" data-end=\"344\"><strong data-start=\"0\" data-end=\"63\">Selectrol\u00ae Pseudomonas aeruginosa NCTC\u00ae 13359 \/ ATCC\u00ae 15442<\/strong> l\u00e0 ch\u1ee7ng vi sinh v\u1eadt chu\u1ea9n do <strong data-start=\"94\" data-end=\"113\">TCS Biosciences<\/strong> cung c\u1ea5p, \u0111\u01b0\u1ee3c s\u1eed d\u1ee5ng trong ki\u1ec3m nghi\u1ec7m vi sinh v\u00e0 nghi\u00ean c\u1ee9u khoa h\u1ecdc. <span class=\"relative -mx-px my-[-0.2rem] rounded px-px py-[0.2rem]\">Ch\u1ee7ng n\u00e0y \u0111\u01b0\u1ee3c s\u1eed d\u1ee5ng trong ng\u00e0nh n\u01b0\u1edbc v\u00e0 ki\u1ec3m tra ch\u1ea5t l\u01b0\u1ee3ng ch\u1ea5t kh\u1eed tr\u00f9ng.<\/span> <span class=\"relative -mx-px my-[-0.2rem] rounded px-px py-[0.2rem]\">L\u01b0u \u00fd r\u1eb1ng ch\u1ee7ng n\u00e0y c\u00f3 th\u1ec3 t\u1ea1o ra \u0111\u1ebfn ba ki\u1ec3u khu\u1ea9n l\u1ea1c kh\u00e1c nhau v\u00e0 kh\u00f4ng s\u1ea3n xu\u1ea5t s\u1eafc t\u1ed1 pyocyanin.<\/span> \u200b<strong data-start=\"346\" data-end=\"378\">Th\u00f4ng tin chi ti\u1ebft s\u1ea3n ph\u1ea9m:<\/strong><\/p>\n<ul data-start=\"379\" data-end=\"894\">\n<li class=\"\" data-start=\"379\" data-end=\"479\">\n<p class=\"\" data-start=\"381\" data-end=\"479\"><strong data-start=\"381\" data-end=\"397\">M\u00e3 s\u1ea3n ph\u1ea9m:<\/strong> <span class=\"relative -mx-px my-[-0.2rem] rounded px-px py-[0.2rem]\">MM41-10<\/span>\u200b<\/p>\n<\/li>\n<li class=\"\" data-start=\"480\" data-end=\"577\">\n<p class=\"\" data-start=\"482\" data-end=\"577\"><strong data-start=\"482\" data-end=\"495\">M\u00e3 s\u1ed1 CI:<\/strong> <span class=\"relative -mx-px my-[-0.2rem] rounded px-px py-[0.2rem]\">277<\/span>\u200b<\/p>\n<\/li>\n<li class=\"\" data-start=\"578\" data-end=\"649\">\n<p class=\"\" data-start=\"580\" data-end=\"649\"><strong data-start=\"580\" data-end=\"598\">Ch\u1ee7ng vi sinh:<\/strong> <em data-start=\"599\" data-end=\"623\">Pseudomonas aeruginosa<\/em> NCTC\u00ae 13359 \/ ATCC\u00ae 15442<\/p>\n<\/li>\n<li class=\"\" data-start=\"650\" data-end=\"747\">\n<p class=\"\" data-start=\"652\" data-end=\"747\"><strong data-start=\"652\" data-end=\"665\">S\u1ed1 l\u01b0\u1ee3ng:<\/strong> <span class=\"relative -mx-px my-[-0.2rem] rounded px-px py-[0.2rem]\">10 \u0111\u0129a<\/span><\/p>\n<\/li>\n<\/ul>\n<p class=\"\" data-start=\"896\" data-end=\"909\"><strong data-start=\"896\" data-end=\"909\">\u1ee8ng d\u1ee5ng:<\/strong><\/p>\n<ul data-start=\"910\" data-end=\"1173\">\n<li class=\"\" data-start=\"910\" data-end=\"997\">\n<p class=\"\" data-start=\"912\" data-end=\"997\"><span class=\"relative -mx-px my-[-0.2rem] rounded px-px py-[0.2rem]\">Ki\u1ec3m tra ch\u1ea5t l\u01b0\u1ee3ng vi sinh trong ng\u00e0nh n\u01b0\u1edbc v\u00e0 ch\u1ea5t kh\u1eed tr\u00f9ng.<\/span>\u200b<\/p>\n<\/li>\n<li class=\"\" data-start=\"998\" data-end=\"1085\">\n<p class=\"\" data-start=\"1000\" data-end=\"1085\"><span class=\"relative -mx-px my-[-0.2rem] rounded px-px py-[0.2rem]\">Th\u1ea9m \u0111\u1ecbnh quy tr\u00ecnh ki\u1ec3m nghi\u1ec7m vi sinh.<\/span>\u200b<\/p>\n<\/li>\n<li class=\"\" data-start=\"1086\" data-end=\"1173\">\n<p class=\"\" data-start=\"1088\" data-end=\"1173\"><span class=\"relative -mx-px my-[-0.2rem] rounded px-px py-[0.2rem]\">Nghi\u00ean c\u1ee9u v\u00e0 \u0111\u00e0o t\u1ea1o trong l\u0129nh v\u1ef1c vi sinh y t\u1ebf.<\/span>\u200b<\/p>\n<\/li>\n<\/ul>\n<p class=\"\" data-start=\"1175\" data-end=\"1196\"><strong data-start=\"1175\" data-end=\"1196\">\u0110\u1eb7c \u0111i\u1ec3m n\u1ed5i b\u1eadt:<\/strong><\/p>\n<ul data-start=\"1197\" data-end=\"1500\">\n<li class=\"\" data-start=\"1197\" data-end=\"1284\">\n<p class=\"\" data-start=\"1199\" data-end=\"1284\"><span class=\"relative -mx-px my-[-0.2rem] rounded px-px py-[0.2rem]\">S\u1ea3n xu\u1ea5t t\u1eeb ch\u1ee7ng g\u1ed1c \u0111\u01b0\u1ee3c l\u01b0u gi\u1eef t\u1ea1i NCTC\u00ae, \u0111\u1ea3m b\u1ea3o \u0111\u1ed9 ch\u00ednh x\u00e1c v\u00e0 t\u00ednh \u0111\u1ed3ng nh\u1ea5t.<\/span>\u200b<\/p>\n<\/li>\n<li class=\"\" data-start=\"1285\" data-end=\"1372\">\n<p class=\"\" data-start=\"1287\" data-end=\"1372\"><span class=\"relative -mx-px my-[-0.2rem] rounded px-px py-[0.2rem]\">D\u1ea1ng \u0111\u0129a \u0111\u00f4ng kh\u00f4 ti\u1ec7n l\u1ee3i, d\u1ec5 s\u1eed d\u1ee5ng v\u00e0 b\u1ea3o qu\u1ea3n l\u00e2u d\u00e0i.<\/span>\u200b<\/p>\n<\/li>\n<li class=\"\" data-start=\"1373\" data-end=\"1500\">\n<p class=\"\" data-start=\"1375\" data-end=\"1500\"><span class=\"relative -mx-px my-[-0.2rem] rounded px-px py-[0.2rem]\">Ch\u1ee7ng n\u00e0y c\u00f3 th\u1ec3 t\u1ea1o ra \u0111\u1ebfn ba ki\u1ec3u khu\u1ea9n l\u1ea1c kh\u00e1c nhau v\u00e0 kh\u00f4ng s\u1ea3n xu\u1ea5t s\u1eafc t\u1ed1 pyocyanin.<\/span> \u200b<\/p>\n<\/li>\n<\/ul>\n<p class=\"\" data-start=\"1502\" data-end=\"1764\"><strong data-start=\"1502\" data-end=\"1512\">L\u01b0u \u00fd:<\/strong> <em data-start=\"1513\" data-end=\"1537\">Pseudomonas aeruginosa<\/em> l\u00e0 vi khu\u1ea9n Gram \u00e2m, c\u00f3 kh\u1ea3 n\u0103ng g\u00e2y nhi\u1ec5m tr\u00f9ng c\u01a1 h\u1ed9i \u1edf ng\u01b0\u1eddi, \u0111\u1eb7c bi\u1ec7t \u1edf nh\u1eefng b\u1ec7nh nh\u00e2n suy gi\u1ea3m mi\u1ec5n d\u1ecbch. Vi\u1ec7c s\u1eed d\u1ee5ng ch\u1ee7ng n\u00e0y trong nghi\u00ean c\u1ee9u v\u00e0 ki\u1ec3m nghi\u1ec7m vi sinh c\u1ea7n tu\u00e2n th\u1ee7 c\u00e1c quy \u0111\u1ecbnh an to\u00e0n sinh h\u1ecdc ph\u00f9 h\u1ee3p.<\/p>\n<p class=\"\" data-start=\"1766\" data-end=\"1942\"><strong data-start=\"1766\" data-end=\"1787\">Li\u00ean h\u1ec7 \u0111\u1eb7t h\u00e0ng:<\/strong> <strong data-start=\"1788\" data-end=\"1806\">Biosciences.vn<\/strong><br data-start=\"1806\" data-end=\"1809\" \/>\ud83d\udcde <span class=\"relative -mx-px my-[-0.2rem] rounded px-px py-[0.2rem]\">0933 270 120<\/span><br data-start=\"1851\" data-end=\"1854\" \/>\ud83d\udce9 <span class=\"relative -mx-px my-[-0.2rem] rounded px-px py-[0.2rem]\"><a href=\"mailto:sales@biosciences.vn\" data-start=\"0\" data-end=\"20\" data-is-last-node=\"\" data-is-only-node=\"\">sales@biosciences.vn<\/a><\/span><\/p>\n","protected":false},"excerpt":{"rendered":"<p>Selectrol\u00ae Pseudomonas aeruginosa NCTC\u00ae 13359 \/ ATCC\u00ae 15442 l\u00e0 ch\u1ee7ng vi sinh v\u1eadt chu\u1ea9n do TCS Biosciences cung c\u1ea5p, \u0111\u01b0\u1ee3c s\u1eed d\u1ee5ng trong ki\u1ec3m nghi\u1ec7m vi sinh v\u00e0 nghi\u00ean c\u1ee9u khoa h\u1ecdc. Ch\u1ee7ng n\u00e0y \u0111\u01b0\u1ee3c s\u1eed d\u1ee5ng trong ng\u00e0nh n\u01b0\u1edbc v\u00e0 ki\u1ec3m tra ch\u1ea5t l\u01b0\u1ee3ng ch\u1ea5t kh\u1eed tr\u00f9ng. L\u01b0u \u00fd r\u1eb1ng ch\u1ee7ng n\u00e0y c\u00f3 th\u1ec3 [&hellip;]<\/p>\n","protected":false},"featured_media":6710,"comment_status":"open","ping_status":"closed","template":"","meta":[],"pwb-brand":[644],"product_cat":[434,485,665],"product_tag":[949,947,951],"class_list":{"0":"post-6836","1":"product","2":"type-product","3":"status-publish","4":"has-post-thumbnail","6":"pwb-brand-tcs-biosciences-vi","7":"product_cat-khoa-hoc-su-song","8":"product_cat-hoa-chat-vat-tu","9":"product_cat-chung-chuan-vi-sinh","10":"product_tag-atcc","11":"product_tag-ntcc","12":"product_tag-quality-control","14":"first","15":"onbackorder","16":"shipping-taxable","17":"purchasable","18":"product-type-simple"},"yoast_head":"<!-- This site is optimized with the Yoast SEO plugin v23.6 - https:\/\/yoast.com\/wordpress\/plugins\/seo\/ -->\n<title>Ch\u1ee7ng chu\u1ea9n vi sinh \u0111\u1ecbnh t\u00ednh Selectrol\u00ae Pseudomonas aeruginosa NCTC\u00ae 13359 \/ ATCC\u00ae 15442 - Biosciences<\/title>\n<meta name=\"robots\" content=\"index, follow, max-snippet:-1, max-image-preview:large, max-video-preview:-1\" \/>\n<link rel=\"canonical\" href=\"https:\/\/biosciences.vn\/index.php\/product\/chung-chuan-vi-sinh-dinh-tinh-selectrol-pseudomonas-aeruginosa-nctc-13359-atcc-15442\/\" \/>\n<meta property=\"og:locale\" content=\"en_US\" \/>\n<meta property=\"og:type\" content=\"article\" \/>\n<meta property=\"og:title\" content=\"Ch\u1ee7ng chu\u1ea9n vi sinh \u0111\u1ecbnh t\u00ednh Selectrol\u00ae Pseudomonas aeruginosa NCTC\u00ae 13359 \/ ATCC\u00ae 15442 - Biosciences\" \/>\n<meta property=\"og:description\" content=\"Selectrol\u00ae Pseudomonas aeruginosa NCTC\u00ae 13359 \/ ATCC\u00ae 15442 l\u00e0 ch\u1ee7ng vi sinh v\u1eadt chu\u1ea9n do TCS Biosciences cung c\u1ea5p, \u0111\u01b0\u1ee3c s\u1eed d\u1ee5ng trong ki\u1ec3m nghi\u1ec7m vi sinh v\u00e0 nghi\u00ean c\u1ee9u khoa h\u1ecdc. Ch\u1ee7ng n\u00e0y \u0111\u01b0\u1ee3c s\u1eed d\u1ee5ng trong ng\u00e0nh n\u01b0\u1edbc v\u00e0 ki\u1ec3m tra ch\u1ea5t l\u01b0\u1ee3ng ch\u1ea5t kh\u1eed tr\u00f9ng. L\u01b0u \u00fd r\u1eb1ng ch\u1ee7ng n\u00e0y c\u00f3 th\u1ec3 [&hellip;]\" \/>\n<meta property=\"og:url\" content=\"https:\/\/biosciences.vn\/index.php\/product\/chung-chuan-vi-sinh-dinh-tinh-selectrol-pseudomonas-aeruginosa-nctc-13359-atcc-15442\/\" \/>\n<meta property=\"og:site_name\" content=\"Biosciences\" \/>\n<meta property=\"article:modified_time\" content=\"2025-08-28T07:55:09+00:00\" \/>\n<meta property=\"og:image\" content=\"https:\/\/biosciences.vn\/wp-content\/uploads\/2025\/03\/TCS-SELECTROL_01_v1.jpg\" \/>\n\t<meta property=\"og:image:width\" content=\"600\" \/>\n\t<meta property=\"og:image:height\" content=\"449\" \/>\n\t<meta property=\"og:image:type\" content=\"image\/jpeg\" \/>\n<meta name=\"twitter:card\" content=\"summary_large_image\" \/>\n<meta name=\"twitter:label1\" content=\"Est. reading time\" \/>\n\t<meta name=\"twitter:data1\" content=\"2 minutes\" \/>\n<script type=\"application\/ld+json\" class=\"yoast-schema-graph\">{\"@context\":\"https:\/\/schema.org\",\"@graph\":[{\"@type\":\"WebPage\",\"@id\":\"https:\/\/biosciences.vn\/index.php\/product\/chung-chuan-vi-sinh-dinh-tinh-selectrol-pseudomonas-aeruginosa-nctc-13359-atcc-15442\/\",\"url\":\"https:\/\/biosciences.vn\/index.php\/product\/chung-chuan-vi-sinh-dinh-tinh-selectrol-pseudomonas-aeruginosa-nctc-13359-atcc-15442\/\",\"name\":\"Ch\u1ee7ng chu\u1ea9n vi sinh \u0111\u1ecbnh t\u00ednh Selectrol\u00ae Pseudomonas aeruginosa NCTC\u00ae 13359 \/ ATCC\u00ae 15442 - Biosciences\",\"isPartOf\":{\"@id\":\"https:\/\/biosciences.vn\/#website\"},\"primaryImageOfPage\":{\"@id\":\"https:\/\/biosciences.vn\/index.php\/product\/chung-chuan-vi-sinh-dinh-tinh-selectrol-pseudomonas-aeruginosa-nctc-13359-atcc-15442\/#primaryimage\"},\"image\":{\"@id\":\"https:\/\/biosciences.vn\/index.php\/product\/chung-chuan-vi-sinh-dinh-tinh-selectrol-pseudomonas-aeruginosa-nctc-13359-atcc-15442\/#primaryimage\"},\"thumbnailUrl\":\"https:\/\/biosciences.vn\/wp-content\/uploads\/2025\/03\/TCS-SELECTROL_01_v1.jpg\",\"datePublished\":\"2025-03-26T09:45:26+00:00\",\"dateModified\":\"2025-08-28T07:55:09+00:00\",\"breadcrumb\":{\"@id\":\"https:\/\/biosciences.vn\/index.php\/product\/chung-chuan-vi-sinh-dinh-tinh-selectrol-pseudomonas-aeruginosa-nctc-13359-atcc-15442\/#breadcrumb\"},\"inLanguage\":\"en-US\",\"potentialAction\":[{\"@type\":\"ReadAction\",\"target\":[\"https:\/\/biosciences.vn\/index.php\/product\/chung-chuan-vi-sinh-dinh-tinh-selectrol-pseudomonas-aeruginosa-nctc-13359-atcc-15442\/\"]}]},{\"@type\":\"ImageObject\",\"inLanguage\":\"en-US\",\"@id\":\"https:\/\/biosciences.vn\/index.php\/product\/chung-chuan-vi-sinh-dinh-tinh-selectrol-pseudomonas-aeruginosa-nctc-13359-atcc-15442\/#primaryimage\",\"url\":\"https:\/\/biosciences.vn\/wp-content\/uploads\/2025\/03\/TCS-SELECTROL_01_v1.jpg\",\"contentUrl\":\"https:\/\/biosciences.vn\/wp-content\/uploads\/2025\/03\/TCS-SELECTROL_01_v1.jpg\",\"width\":600,\"height\":449},{\"@type\":\"BreadcrumbList\",\"@id\":\"https:\/\/biosciences.vn\/index.php\/product\/chung-chuan-vi-sinh-dinh-tinh-selectrol-pseudomonas-aeruginosa-nctc-13359-atcc-15442\/#breadcrumb\",\"itemListElement\":[{\"@type\":\"ListItem\",\"position\":1,\"name\":\"Trang ch\u1ee7\",\"item\":\"https:\/\/biosciences.vn\/index.php\/en\/home\/\"},{\"@type\":\"ListItem\",\"position\":2,\"name\":\"Shop\",\"item\":\"https:\/\/biosciences.vn\/index.php\/shop\/\"},{\"@type\":\"ListItem\",\"position\":3,\"name\":\"Ch\u1ee7ng chu\u1ea9n vi sinh \u0111\u1ecbnh t\u00ednh Selectrol\u00ae Pseudomonas aeruginosa NCTC\u00ae 13359 \/ ATCC\u00ae 15442\"}]},{\"@type\":\"WebSite\",\"@id\":\"https:\/\/biosciences.vn\/#website\",\"url\":\"https:\/\/biosciences.vn\/\",\"name\":\"Biosciences\",\"description\":\"\",\"publisher\":{\"@id\":\"https:\/\/biosciences.vn\/#organization\"},\"potentialAction\":[{\"@type\":\"SearchAction\",\"target\":{\"@type\":\"EntryPoint\",\"urlTemplate\":\"https:\/\/biosciences.vn\/?s={search_term_string}\"},\"query-input\":{\"@type\":\"PropertyValueSpecification\",\"valueRequired\":true,\"valueName\":\"search_term_string\"}}],\"inLanguage\":\"en-US\"},{\"@type\":\"Organization\",\"@id\":\"https:\/\/biosciences.vn\/#organization\",\"name\":\"Biosciences\",\"url\":\"https:\/\/biosciences.vn\/\",\"logo\":{\"@type\":\"ImageObject\",\"inLanguage\":\"en-US\",\"@id\":\"https:\/\/biosciences.vn\/#\/schema\/logo\/image\/\",\"url\":\"https:\/\/biosciences.vn\/wp-content\/uploads\/2024\/04\/LOGO-BIOSCIENCES-PNG.png\",\"contentUrl\":\"https:\/\/biosciences.vn\/wp-content\/uploads\/2024\/04\/LOGO-BIOSCIENCES-PNG.png\",\"width\":2536,\"height\":638,\"caption\":\"Biosciences\"},\"image\":{\"@id\":\"https:\/\/biosciences.vn\/#\/schema\/logo\/image\/\"}}]}<\/script>\n<!-- \/ Yoast SEO plugin. -->","yoast_head_json":{"title":"Ch\u1ee7ng chu\u1ea9n vi sinh \u0111\u1ecbnh t\u00ednh Selectrol\u00ae Pseudomonas aeruginosa NCTC\u00ae 13359 \/ ATCC\u00ae 15442 - Biosciences","robots":{"index":"index","follow":"follow","max-snippet":"max-snippet:-1","max-image-preview":"max-image-preview:large","max-video-preview":"max-video-preview:-1"},"canonical":"https:\/\/biosciences.vn\/index.php\/product\/chung-chuan-vi-sinh-dinh-tinh-selectrol-pseudomonas-aeruginosa-nctc-13359-atcc-15442\/","og_locale":"en_US","og_type":"article","og_title":"Ch\u1ee7ng chu\u1ea9n vi sinh \u0111\u1ecbnh t\u00ednh Selectrol\u00ae Pseudomonas aeruginosa NCTC\u00ae 13359 \/ ATCC\u00ae 15442 - Biosciences","og_description":"Selectrol\u00ae Pseudomonas aeruginosa NCTC\u00ae 13359 \/ ATCC\u00ae 15442 l\u00e0 ch\u1ee7ng vi sinh v\u1eadt chu\u1ea9n do TCS Biosciences cung c\u1ea5p, \u0111\u01b0\u1ee3c s\u1eed d\u1ee5ng trong ki\u1ec3m nghi\u1ec7m vi sinh v\u00e0 nghi\u00ean c\u1ee9u khoa h\u1ecdc. Ch\u1ee7ng n\u00e0y \u0111\u01b0\u1ee3c s\u1eed d\u1ee5ng trong ng\u00e0nh n\u01b0\u1edbc v\u00e0 ki\u1ec3m tra ch\u1ea5t l\u01b0\u1ee3ng ch\u1ea5t kh\u1eed tr\u00f9ng. L\u01b0u \u00fd r\u1eb1ng ch\u1ee7ng n\u00e0y c\u00f3 th\u1ec3 [&hellip;]","og_url":"https:\/\/biosciences.vn\/index.php\/product\/chung-chuan-vi-sinh-dinh-tinh-selectrol-pseudomonas-aeruginosa-nctc-13359-atcc-15442\/","og_site_name":"Biosciences","article_modified_time":"2025-08-28T07:55:09+00:00","og_image":[{"width":600,"height":449,"url":"https:\/\/biosciences.vn\/wp-content\/uploads\/2025\/03\/TCS-SELECTROL_01_v1.jpg","type":"image\/jpeg"}],"twitter_card":"summary_large_image","twitter_misc":{"Est. reading time":"2 minutes"},"schema":{"@context":"https:\/\/schema.org","@graph":[{"@type":"WebPage","@id":"https:\/\/biosciences.vn\/index.php\/product\/chung-chuan-vi-sinh-dinh-tinh-selectrol-pseudomonas-aeruginosa-nctc-13359-atcc-15442\/","url":"https:\/\/biosciences.vn\/index.php\/product\/chung-chuan-vi-sinh-dinh-tinh-selectrol-pseudomonas-aeruginosa-nctc-13359-atcc-15442\/","name":"Ch\u1ee7ng chu\u1ea9n vi sinh \u0111\u1ecbnh t\u00ednh Selectrol\u00ae Pseudomonas aeruginosa NCTC\u00ae 13359 \/ ATCC\u00ae 15442 - Biosciences","isPartOf":{"@id":"https:\/\/biosciences.vn\/#website"},"primaryImageOfPage":{"@id":"https:\/\/biosciences.vn\/index.php\/product\/chung-chuan-vi-sinh-dinh-tinh-selectrol-pseudomonas-aeruginosa-nctc-13359-atcc-15442\/#primaryimage"},"image":{"@id":"https:\/\/biosciences.vn\/index.php\/product\/chung-chuan-vi-sinh-dinh-tinh-selectrol-pseudomonas-aeruginosa-nctc-13359-atcc-15442\/#primaryimage"},"thumbnailUrl":"https:\/\/biosciences.vn\/wp-content\/uploads\/2025\/03\/TCS-SELECTROL_01_v1.jpg","datePublished":"2025-03-26T09:45:26+00:00","dateModified":"2025-08-28T07:55:09+00:00","breadcrumb":{"@id":"https:\/\/biosciences.vn\/index.php\/product\/chung-chuan-vi-sinh-dinh-tinh-selectrol-pseudomonas-aeruginosa-nctc-13359-atcc-15442\/#breadcrumb"},"inLanguage":"en-US","potentialAction":[{"@type":"ReadAction","target":["https:\/\/biosciences.vn\/index.php\/product\/chung-chuan-vi-sinh-dinh-tinh-selectrol-pseudomonas-aeruginosa-nctc-13359-atcc-15442\/"]}]},{"@type":"ImageObject","inLanguage":"en-US","@id":"https:\/\/biosciences.vn\/index.php\/product\/chung-chuan-vi-sinh-dinh-tinh-selectrol-pseudomonas-aeruginosa-nctc-13359-atcc-15442\/#primaryimage","url":"https:\/\/biosciences.vn\/wp-content\/uploads\/2025\/03\/TCS-SELECTROL_01_v1.jpg","contentUrl":"https:\/\/biosciences.vn\/wp-content\/uploads\/2025\/03\/TCS-SELECTROL_01_v1.jpg","width":600,"height":449},{"@type":"BreadcrumbList","@id":"https:\/\/biosciences.vn\/index.php\/product\/chung-chuan-vi-sinh-dinh-tinh-selectrol-pseudomonas-aeruginosa-nctc-13359-atcc-15442\/#breadcrumb","itemListElement":[{"@type":"ListItem","position":1,"name":"Trang ch\u1ee7","item":"https:\/\/biosciences.vn\/index.php\/en\/home\/"},{"@type":"ListItem","position":2,"name":"Shop","item":"https:\/\/biosciences.vn\/index.php\/shop\/"},{"@type":"ListItem","position":3,"name":"Ch\u1ee7ng chu\u1ea9n vi sinh \u0111\u1ecbnh t\u00ednh Selectrol\u00ae Pseudomonas aeruginosa NCTC\u00ae 13359 \/ ATCC\u00ae 15442"}]},{"@type":"WebSite","@id":"https:\/\/biosciences.vn\/#website","url":"https:\/\/biosciences.vn\/","name":"Biosciences","description":"","publisher":{"@id":"https:\/\/biosciences.vn\/#organization"},"potentialAction":[{"@type":"SearchAction","target":{"@type":"EntryPoint","urlTemplate":"https:\/\/biosciences.vn\/?s={search_term_string}"},"query-input":{"@type":"PropertyValueSpecification","valueRequired":true,"valueName":"search_term_string"}}],"inLanguage":"en-US"},{"@type":"Organization","@id":"https:\/\/biosciences.vn\/#organization","name":"Biosciences","url":"https:\/\/biosciences.vn\/","logo":{"@type":"ImageObject","inLanguage":"en-US","@id":"https:\/\/biosciences.vn\/#\/schema\/logo\/image\/","url":"https:\/\/biosciences.vn\/wp-content\/uploads\/2024\/04\/LOGO-BIOSCIENCES-PNG.png","contentUrl":"https:\/\/biosciences.vn\/wp-content\/uploads\/2024\/04\/LOGO-BIOSCIENCES-PNG.png","width":2536,"height":638,"caption":"Biosciences"},"image":{"@id":"https:\/\/biosciences.vn\/#\/schema\/logo\/image\/"}}]}},"brands":[{"id":644,"name":"TCS Biosciences","slug":"tcs-biosciences-vi"}],"_links":{"self":[{"href":"https:\/\/biosciences.vn\/index.php\/wp-json\/wp\/v2\/product\/6836"}],"collection":[{"href":"https:\/\/biosciences.vn\/index.php\/wp-json\/wp\/v2\/product"}],"about":[{"href":"https:\/\/biosciences.vn\/index.php\/wp-json\/wp\/v2\/types\/product"}],"replies":[{"embeddable":true,"href":"https:\/\/biosciences.vn\/index.php\/wp-json\/wp\/v2\/comments?post=6836"}],"wp:featuredmedia":[{"embeddable":true,"href":"https:\/\/biosciences.vn\/index.php\/wp-json\/wp\/v2\/media\/6710"}],"wp:attachment":[{"href":"https:\/\/biosciences.vn\/index.php\/wp-json\/wp\/v2\/media?parent=6836"}],"wp:term":[{"taxonomy":"pwb-brand","embeddable":true,"href":"https:\/\/biosciences.vn\/index.php\/wp-json\/wp\/v2\/pwb-brand?post=6836"},{"taxonomy":"product_cat","embeddable":true,"href":"https:\/\/biosciences.vn\/index.php\/wp-json\/wp\/v2\/product_cat?post=6836"},{"taxonomy":"product_tag","embeddable":true,"href":"https:\/\/biosciences.vn\/index.php\/wp-json\/wp\/v2\/product_tag?post=6836"}],"curies":[{"name":"wp","href":"https:\/\/api.w.org\/{rel}","templated":true}]}}