{"id":6838,"date":"2025-03-26T16:47:58","date_gmt":"2025-03-26T09:47:58","guid":{"rendered":"https:\/\/biosciences.vn\/?post_type=product&#038;p=6838"},"modified":"2025-08-28T14:55:09","modified_gmt":"2025-08-28T07:55:09","slug":"chung-chuan-vi-sinh-dinh-tinh-pseudomonas-paraeruginosa-nctc-12924-atcc-9027-2","status":"publish","type":"product","link":"https:\/\/biosciences.vn\/index.php\/product\/chung-chuan-vi-sinh-dinh-tinh-pseudomonas-paraeruginosa-nctc-12924-atcc-9027-2\/","title":{"rendered":"Ch\u1ee7ng chu\u1ea9n vi sinh \u0111\u1ecbnh t\u00ednh Pseudomonas paraeruginosa NCTC\u00ae 12924 \/ ATCC\u00ae 9027"},"content":{"rendered":"<p class=\"\" data-start=\"0\" data-end=\"245\"><strong data-start=\"0\" data-end=\"65\">Selectrol\u00ae Pseudomonas paraeruginosa NCTC\u00ae 12924 \/ ATCC\u00ae 9027<\/strong> l\u00e0 ch\u1ee7ng vi sinh v\u1eadt chu\u1ea9n do <strong data-start=\"96\" data-end=\"115\">TCS Biosciences<\/strong> cung c\u1ea5p, <span class=\"relative -mx-px my-[-0.2rem] rounded px-px py-[0.2rem]\">\u0111\u01b0\u1ee3c s\u1eed d\u1ee5ng trong c\u00e1c th\u1eed nghi\u1ec7m vi sinh v\u00e0 nghi\u00ean c\u1ee9u khoa h\u1ecdc, \u0111\u1eb7c bi\u1ec7t trong ng\u00e0nh c\u00f4ng nghi\u1ec7p n\u01b0\u1edbc, th\u1eed nghi\u1ec7m ch\u1ea5t kh\u1eed tr\u00f9ng v\u00e0 ki\u1ec3m tra \u0111\u1ed9 v\u00f4 tr\u00f9ng.<\/span><\/p>\n<p class=\"\" data-start=\"247\" data-end=\"279\"><strong data-start=\"247\" data-end=\"279\">Th\u00f4ng tin chi ti\u1ebft s\u1ea3n ph\u1ea9m:<\/strong><\/p>\n<ul data-start=\"280\" data-end=\"828\">\n<li class=\"\" data-start=\"280\" data-end=\"380\">\n<p class=\"\" data-start=\"282\" data-end=\"380\"><strong data-start=\"282\" data-end=\"298\">M\u00e3 s\u1ea3n ph\u1ea9m:<\/strong> MM40-25\u200b<\/p>\n<\/li>\n<li class=\"\" data-start=\"381\" data-end=\"478\">\n<p class=\"\" data-start=\"383\" data-end=\"478\"><strong data-start=\"383\" data-end=\"396\">M\u00e3 s\u1ed1 CI:<\/strong> <span class=\"relative -mx-px my-[-0.2rem] rounded px-px py-[0.2rem]\">275<\/span>\u200b<\/p>\n<\/li>\n<li class=\"\" data-start=\"479\" data-end=\"581\">\n<p class=\"\" data-start=\"481\" data-end=\"581\"><strong data-start=\"481\" data-end=\"499\">Ch\u1ee7ng vi sinh:<\/strong> <span class=\"relative -mx-px my-[-0.2rem] rounded px-px py-[0.2rem]\"><em data-start=\"0\" data-end=\"27\" data-is-only-node=\"\">Pseudomonas paraeruginosa<\/em> NCTC\u00ae 12924 \/ ATCC\u00ae 9027<\/span>\u200b<\/p>\n<\/li>\n<li class=\"\" data-start=\"582\" data-end=\"681\">\n<p class=\"\" data-start=\"584\" data-end=\"681\"><strong data-start=\"584\" data-end=\"597\">S\u1ed1 l\u01b0\u1ee3ng:<\/strong> <span class=\"relative -mx-px my-[-0.2rem] rounded px-px py-[0.2rem]\">25 \u0111\u0129a<\/span>\u200b<\/p>\n<\/li>\n<\/ul>\n<p class=\"\" data-start=\"830\" data-end=\"843\"><strong data-start=\"830\" data-end=\"843\">\u1ee8ng d\u1ee5ng:<\/strong><\/p>\n<ul data-start=\"844\" data-end=\"1107\">\n<li class=\"\" data-start=\"844\" data-end=\"931\">\n<p class=\"\" data-start=\"846\" data-end=\"931\"><span class=\"relative -mx-px my-[-0.2rem] rounded px-px py-[0.2rem]\">Ki\u1ec3m tra ch\u1ea5t l\u01b0\u1ee3ng vi sinh trong ng\u00e0nh c\u00f4ng nghi\u1ec7p n\u01b0\u1edbc v\u00e0 th\u1eed nghi\u1ec7m ch\u1ea5t kh\u1eed tr\u00f9ng.<\/span>\u200b<\/p>\n<\/li>\n<li class=\"\" data-start=\"932\" data-end=\"1019\">\n<p class=\"\" data-start=\"934\" data-end=\"1019\"><span class=\"relative -mx-px my-[-0.2rem] rounded px-px py-[0.2rem]\">Th\u1ea9m \u0111\u1ecbnh quy tr\u00ecnh ki\u1ec3m nghi\u1ec7m vi sinh.<\/span>\u200b<\/p>\n<\/li>\n<li class=\"\" data-start=\"1020\" data-end=\"1107\">\n<p class=\"\" data-start=\"1022\" data-end=\"1107\"><span class=\"relative -mx-px my-[-0.2rem] rounded px-px py-[0.2rem]\">Nghi\u00ean c\u1ee9u v\u00e0 \u0111\u00e0o t\u1ea1o trong l\u0129nh v\u1ef1c vi sinh y t\u1ebf.<\/span>\u200b<\/p>\n<\/li>\n<\/ul>\n<p class=\"\" data-start=\"1109\" data-end=\"1130\"><strong data-start=\"1109\" data-end=\"1130\">\u0110\u1eb7c \u0111i\u1ec3m n\u1ed5i b\u1eadt:<\/strong><\/p>\n<ul data-start=\"1131\" data-end=\"1434\">\n<li class=\"\" data-start=\"1131\" data-end=\"1218\">\n<p class=\"\" data-start=\"1133\" data-end=\"1218\"><span class=\"relative -mx-px my-[-0.2rem] rounded px-px py-[0.2rem]\">S\u1ea3n xu\u1ea5t t\u1eeb ch\u1ee7ng g\u1ed1c \u0111\u01b0\u1ee3c l\u01b0u gi\u1eef t\u1ea1i NCTC\u00ae, \u0111\u1ea3m b\u1ea3o \u0111\u1ed9 ch\u00ednh x\u00e1c v\u00e0 t\u00ednh \u0111\u1ed3ng nh\u1ea5t.<\/span>\u200b<\/p>\n<\/li>\n<li class=\"\" data-start=\"1219\" data-end=\"1306\">\n<p class=\"\" data-start=\"1221\" data-end=\"1306\"><span class=\"relative -mx-px my-[-0.2rem] rounded px-px py-[0.2rem]\">D\u1ea1ng \u0111\u0129a \u0111\u00f4ng kh\u00f4 ti\u1ec7n l\u1ee3i, d\u1ec5 s\u1eed d\u1ee5ng v\u00e0 b\u1ea3o qu\u1ea3n l\u00e2u d\u00e0i.<\/span>\u200b<\/p>\n<\/li>\n<li class=\"\" data-start=\"1307\" data-end=\"1434\">\n<p class=\"\" data-start=\"1309\" data-end=\"1434\"><span class=\"relative -mx-px my-[-0.2rem] rounded px-px py-[0.2rem]\">Ch\u1ee7ng n\u00e0y t\u1ea1o khu\u1ea9n l\u1ea1c tr\u00ean \u0111\u0129a th\u1ea1ch c\u00f3 b\u1ec1 m\u1eb7t b\u00f3ng lo\u00e1ng, nh\u1ea7y v\u00e0 b\u1ec1 m\u1eb7t h\u1ea1t.<\/span> \u200b<\/p>\n<\/li>\n<\/ul>\n<p class=\"\" data-start=\"1436\" data-end=\"1572\"><strong data-start=\"1436\" data-end=\"1446\">L\u01b0u \u00fd:<\/strong> <span class=\"relative -mx-px my-[-0.2rem] rounded px-px py-[0.2rem]\"><em data-start=\"0\" data-end=\"27\" data-is-only-node=\"\">Pseudomonas paraeruginosa<\/em> l\u00e0 vi khu\u1ea9n Gram \u00e2m, c\u00f3 kh\u1ea3 n\u0103ng g\u00e2y nhi\u1ec5m tr\u00f9ng c\u01a1 h\u1ed9i \u1edf ng\u01b0\u1eddi, \u0111\u1eb7c bi\u1ec7t \u1edf nh\u1eefng b\u1ec7nh nh\u00e2n suy gi\u1ea3m mi\u1ec5n d\u1ecbch.<\/span> <span class=\"relative -mx-px my-[-0.2rem] rounded px-px py-[0.2rem]\">Vi\u1ec7c s\u1eed d\u1ee5ng ch\u1ee7ng n\u00e0y trong nghi\u00ean c\u1ee9u v\u00e0 ki\u1ec3m nghi\u1ec7m vi sinh c\u1ea7n tu\u00e2n th\u1ee7 c\u00e1c quy \u0111\u1ecbnh an to\u00e0n sinh h\u1ecdc ph\u00f9 h\u1ee3p.<\/span>\u200b<\/p>\n<p class=\"\" data-start=\"1574\" data-end=\"1750\"><strong data-start=\"1574\" data-end=\"1595\">Li\u00ean h\u1ec7 \u0111\u1eb7t h\u00e0ng:<\/strong> <strong data-start=\"1596\" data-end=\"1614\">Biosciences.vn<\/strong><br data-start=\"1614\" data-end=\"1617\" \/>\ud83d\udcde <span class=\"relative -mx-px my-[-0.2rem] rounded px-px py-[0.2rem]\">0933 270 120<\/span><br data-start=\"1659\" data-end=\"1662\" \/>\ud83d\udce9 <span class=\"relative -mx-px my-[-0.2rem] rounded px-px py-[0.2rem]\"><a href=\"mailto:sales@biosciences.vn\" data-start=\"0\" data-end=\"20\" data-is-last-node=\"\" data-is-only-node=\"\">sales@biosciences.vn<\/a><\/span><\/p>\n<p class=\"\" data-start=\"1766\" data-end=\"1942\">\n","protected":false},"excerpt":{"rendered":"<p>Selectrol\u00ae Pseudomonas paraeruginosa NCTC\u00ae 12924 \/ ATCC\u00ae 9027 l\u00e0 ch\u1ee7ng vi sinh v\u1eadt chu\u1ea9n do TCS Biosciences cung c\u1ea5p, \u0111\u01b0\u1ee3c s\u1eed d\u1ee5ng trong c\u00e1c th\u1eed nghi\u1ec7m vi sinh v\u00e0 nghi\u00ean c\u1ee9u khoa h\u1ecdc, \u0111\u1eb7c bi\u1ec7t trong ng\u00e0nh c\u00f4ng nghi\u1ec7p n\u01b0\u1edbc, th\u1eed nghi\u1ec7m ch\u1ea5t kh\u1eed tr\u00f9ng v\u00e0 ki\u1ec3m tra \u0111\u1ed9 v\u00f4 tr\u00f9ng. Th\u00f4ng tin chi ti\u1ebft [&hellip;]<\/p>\n","protected":false},"featured_media":6710,"comment_status":"open","ping_status":"closed","template":"","meta":[],"pwb-brand":[644],"product_cat":[434,485,665],"product_tag":[949,947,951],"class_list":{"0":"post-6838","1":"product","2":"type-product","3":"status-publish","4":"has-post-thumbnail","6":"pwb-brand-tcs-biosciences-vi","7":"product_cat-khoa-hoc-su-song","8":"product_cat-hoa-chat-vat-tu","9":"product_cat-chung-chuan-vi-sinh","10":"product_tag-atcc","11":"product_tag-ntcc","12":"product_tag-quality-control","14":"first","15":"onbackorder","16":"shipping-taxable","17":"purchasable","18":"product-type-simple"},"yoast_head":"<!-- This site is optimized with the Yoast SEO plugin v23.6 - https:\/\/yoast.com\/wordpress\/plugins\/seo\/ -->\n<title>Ch\u1ee7ng chu\u1ea9n vi sinh \u0111\u1ecbnh t\u00ednh Pseudomonas paraeruginosa NCTC\u00ae 12924 \/ ATCC\u00ae 9027 - Biosciences<\/title>\n<meta name=\"robots\" content=\"index, follow, max-snippet:-1, max-image-preview:large, max-video-preview:-1\" \/>\n<link rel=\"canonical\" href=\"https:\/\/biosciences.vn\/index.php\/product\/chung-chuan-vi-sinh-dinh-tinh-pseudomonas-paraeruginosa-nctc-12924-atcc-9027-2\/\" \/>\n<meta property=\"og:locale\" content=\"en_US\" \/>\n<meta property=\"og:type\" content=\"article\" \/>\n<meta property=\"og:title\" content=\"Ch\u1ee7ng chu\u1ea9n vi sinh \u0111\u1ecbnh t\u00ednh Pseudomonas paraeruginosa NCTC\u00ae 12924 \/ ATCC\u00ae 9027 - Biosciences\" \/>\n<meta property=\"og:description\" content=\"Selectrol\u00ae Pseudomonas paraeruginosa NCTC\u00ae 12924 \/ ATCC\u00ae 9027 l\u00e0 ch\u1ee7ng vi sinh v\u1eadt chu\u1ea9n do TCS Biosciences cung c\u1ea5p, \u0111\u01b0\u1ee3c s\u1eed d\u1ee5ng trong c\u00e1c th\u1eed nghi\u1ec7m vi sinh v\u00e0 nghi\u00ean c\u1ee9u khoa h\u1ecdc, \u0111\u1eb7c bi\u1ec7t trong ng\u00e0nh c\u00f4ng nghi\u1ec7p n\u01b0\u1edbc, th\u1eed nghi\u1ec7m ch\u1ea5t kh\u1eed tr\u00f9ng v\u00e0 ki\u1ec3m tra \u0111\u1ed9 v\u00f4 tr\u00f9ng. Th\u00f4ng tin chi ti\u1ebft [&hellip;]\" \/>\n<meta property=\"og:url\" content=\"https:\/\/biosciences.vn\/index.php\/product\/chung-chuan-vi-sinh-dinh-tinh-pseudomonas-paraeruginosa-nctc-12924-atcc-9027-2\/\" \/>\n<meta property=\"og:site_name\" content=\"Biosciences\" \/>\n<meta property=\"article:modified_time\" content=\"2025-08-28T07:55:09+00:00\" \/>\n<meta property=\"og:image\" content=\"https:\/\/biosciences.vn\/wp-content\/uploads\/2025\/03\/TCS-SELECTROL_01_v1.jpg\" \/>\n\t<meta property=\"og:image:width\" content=\"600\" \/>\n\t<meta property=\"og:image:height\" content=\"449\" \/>\n\t<meta property=\"og:image:type\" content=\"image\/jpeg\" \/>\n<meta name=\"twitter:card\" content=\"summary_large_image\" \/>\n<meta name=\"twitter:label1\" content=\"Est. reading time\" \/>\n\t<meta name=\"twitter:data1\" content=\"2 minutes\" \/>\n<script type=\"application\/ld+json\" class=\"yoast-schema-graph\">{\"@context\":\"https:\/\/schema.org\",\"@graph\":[{\"@type\":\"WebPage\",\"@id\":\"https:\/\/biosciences.vn\/index.php\/product\/chung-chuan-vi-sinh-dinh-tinh-pseudomonas-paraeruginosa-nctc-12924-atcc-9027-2\/\",\"url\":\"https:\/\/biosciences.vn\/index.php\/product\/chung-chuan-vi-sinh-dinh-tinh-pseudomonas-paraeruginosa-nctc-12924-atcc-9027-2\/\",\"name\":\"Ch\u1ee7ng chu\u1ea9n vi sinh \u0111\u1ecbnh t\u00ednh Pseudomonas paraeruginosa NCTC\u00ae 12924 \/ ATCC\u00ae 9027 - Biosciences\",\"isPartOf\":{\"@id\":\"https:\/\/biosciences.vn\/#website\"},\"primaryImageOfPage\":{\"@id\":\"https:\/\/biosciences.vn\/index.php\/product\/chung-chuan-vi-sinh-dinh-tinh-pseudomonas-paraeruginosa-nctc-12924-atcc-9027-2\/#primaryimage\"},\"image\":{\"@id\":\"https:\/\/biosciences.vn\/index.php\/product\/chung-chuan-vi-sinh-dinh-tinh-pseudomonas-paraeruginosa-nctc-12924-atcc-9027-2\/#primaryimage\"},\"thumbnailUrl\":\"https:\/\/biosciences.vn\/wp-content\/uploads\/2025\/03\/TCS-SELECTROL_01_v1.jpg\",\"datePublished\":\"2025-03-26T09:47:58+00:00\",\"dateModified\":\"2025-08-28T07:55:09+00:00\",\"breadcrumb\":{\"@id\":\"https:\/\/biosciences.vn\/index.php\/product\/chung-chuan-vi-sinh-dinh-tinh-pseudomonas-paraeruginosa-nctc-12924-atcc-9027-2\/#breadcrumb\"},\"inLanguage\":\"en-US\",\"potentialAction\":[{\"@type\":\"ReadAction\",\"target\":[\"https:\/\/biosciences.vn\/index.php\/product\/chung-chuan-vi-sinh-dinh-tinh-pseudomonas-paraeruginosa-nctc-12924-atcc-9027-2\/\"]}]},{\"@type\":\"ImageObject\",\"inLanguage\":\"en-US\",\"@id\":\"https:\/\/biosciences.vn\/index.php\/product\/chung-chuan-vi-sinh-dinh-tinh-pseudomonas-paraeruginosa-nctc-12924-atcc-9027-2\/#primaryimage\",\"url\":\"https:\/\/biosciences.vn\/wp-content\/uploads\/2025\/03\/TCS-SELECTROL_01_v1.jpg\",\"contentUrl\":\"https:\/\/biosciences.vn\/wp-content\/uploads\/2025\/03\/TCS-SELECTROL_01_v1.jpg\",\"width\":600,\"height\":449},{\"@type\":\"BreadcrumbList\",\"@id\":\"https:\/\/biosciences.vn\/index.php\/product\/chung-chuan-vi-sinh-dinh-tinh-pseudomonas-paraeruginosa-nctc-12924-atcc-9027-2\/#breadcrumb\",\"itemListElement\":[{\"@type\":\"ListItem\",\"position\":1,\"name\":\"Trang ch\u1ee7\",\"item\":\"https:\/\/biosciences.vn\/index.php\/en\/home\/\"},{\"@type\":\"ListItem\",\"position\":2,\"name\":\"Shop\",\"item\":\"https:\/\/biosciences.vn\/index.php\/shop\/\"},{\"@type\":\"ListItem\",\"position\":3,\"name\":\"Ch\u1ee7ng chu\u1ea9n vi sinh \u0111\u1ecbnh t\u00ednh Pseudomonas paraeruginosa NCTC\u00ae 12924 \/ ATCC\u00ae 9027\"}]},{\"@type\":\"WebSite\",\"@id\":\"https:\/\/biosciences.vn\/#website\",\"url\":\"https:\/\/biosciences.vn\/\",\"name\":\"Biosciences\",\"description\":\"\",\"publisher\":{\"@id\":\"https:\/\/biosciences.vn\/#organization\"},\"potentialAction\":[{\"@type\":\"SearchAction\",\"target\":{\"@type\":\"EntryPoint\",\"urlTemplate\":\"https:\/\/biosciences.vn\/?s={search_term_string}\"},\"query-input\":{\"@type\":\"PropertyValueSpecification\",\"valueRequired\":true,\"valueName\":\"search_term_string\"}}],\"inLanguage\":\"en-US\"},{\"@type\":\"Organization\",\"@id\":\"https:\/\/biosciences.vn\/#organization\",\"name\":\"Biosciences\",\"url\":\"https:\/\/biosciences.vn\/\",\"logo\":{\"@type\":\"ImageObject\",\"inLanguage\":\"en-US\",\"@id\":\"https:\/\/biosciences.vn\/#\/schema\/logo\/image\/\",\"url\":\"https:\/\/biosciences.vn\/wp-content\/uploads\/2024\/04\/LOGO-BIOSCIENCES-PNG.png\",\"contentUrl\":\"https:\/\/biosciences.vn\/wp-content\/uploads\/2024\/04\/LOGO-BIOSCIENCES-PNG.png\",\"width\":2536,\"height\":638,\"caption\":\"Biosciences\"},\"image\":{\"@id\":\"https:\/\/biosciences.vn\/#\/schema\/logo\/image\/\"}}]}<\/script>\n<!-- \/ Yoast SEO plugin. -->","yoast_head_json":{"title":"Ch\u1ee7ng chu\u1ea9n vi sinh \u0111\u1ecbnh t\u00ednh Pseudomonas paraeruginosa NCTC\u00ae 12924 \/ ATCC\u00ae 9027 - Biosciences","robots":{"index":"index","follow":"follow","max-snippet":"max-snippet:-1","max-image-preview":"max-image-preview:large","max-video-preview":"max-video-preview:-1"},"canonical":"https:\/\/biosciences.vn\/index.php\/product\/chung-chuan-vi-sinh-dinh-tinh-pseudomonas-paraeruginosa-nctc-12924-atcc-9027-2\/","og_locale":"en_US","og_type":"article","og_title":"Ch\u1ee7ng chu\u1ea9n vi sinh \u0111\u1ecbnh t\u00ednh Pseudomonas paraeruginosa NCTC\u00ae 12924 \/ ATCC\u00ae 9027 - Biosciences","og_description":"Selectrol\u00ae Pseudomonas paraeruginosa NCTC\u00ae 12924 \/ ATCC\u00ae 9027 l\u00e0 ch\u1ee7ng vi sinh v\u1eadt chu\u1ea9n do TCS Biosciences cung c\u1ea5p, \u0111\u01b0\u1ee3c s\u1eed d\u1ee5ng trong c\u00e1c th\u1eed nghi\u1ec7m vi sinh v\u00e0 nghi\u00ean c\u1ee9u khoa h\u1ecdc, \u0111\u1eb7c bi\u1ec7t trong ng\u00e0nh c\u00f4ng nghi\u1ec7p n\u01b0\u1edbc, th\u1eed nghi\u1ec7m ch\u1ea5t kh\u1eed tr\u00f9ng v\u00e0 ki\u1ec3m tra \u0111\u1ed9 v\u00f4 tr\u00f9ng. Th\u00f4ng tin chi ti\u1ebft [&hellip;]","og_url":"https:\/\/biosciences.vn\/index.php\/product\/chung-chuan-vi-sinh-dinh-tinh-pseudomonas-paraeruginosa-nctc-12924-atcc-9027-2\/","og_site_name":"Biosciences","article_modified_time":"2025-08-28T07:55:09+00:00","og_image":[{"width":600,"height":449,"url":"https:\/\/biosciences.vn\/wp-content\/uploads\/2025\/03\/TCS-SELECTROL_01_v1.jpg","type":"image\/jpeg"}],"twitter_card":"summary_large_image","twitter_misc":{"Est. reading time":"2 minutes"},"schema":{"@context":"https:\/\/schema.org","@graph":[{"@type":"WebPage","@id":"https:\/\/biosciences.vn\/index.php\/product\/chung-chuan-vi-sinh-dinh-tinh-pseudomonas-paraeruginosa-nctc-12924-atcc-9027-2\/","url":"https:\/\/biosciences.vn\/index.php\/product\/chung-chuan-vi-sinh-dinh-tinh-pseudomonas-paraeruginosa-nctc-12924-atcc-9027-2\/","name":"Ch\u1ee7ng chu\u1ea9n vi sinh \u0111\u1ecbnh t\u00ednh Pseudomonas paraeruginosa NCTC\u00ae 12924 \/ ATCC\u00ae 9027 - Biosciences","isPartOf":{"@id":"https:\/\/biosciences.vn\/#website"},"primaryImageOfPage":{"@id":"https:\/\/biosciences.vn\/index.php\/product\/chung-chuan-vi-sinh-dinh-tinh-pseudomonas-paraeruginosa-nctc-12924-atcc-9027-2\/#primaryimage"},"image":{"@id":"https:\/\/biosciences.vn\/index.php\/product\/chung-chuan-vi-sinh-dinh-tinh-pseudomonas-paraeruginosa-nctc-12924-atcc-9027-2\/#primaryimage"},"thumbnailUrl":"https:\/\/biosciences.vn\/wp-content\/uploads\/2025\/03\/TCS-SELECTROL_01_v1.jpg","datePublished":"2025-03-26T09:47:58+00:00","dateModified":"2025-08-28T07:55:09+00:00","breadcrumb":{"@id":"https:\/\/biosciences.vn\/index.php\/product\/chung-chuan-vi-sinh-dinh-tinh-pseudomonas-paraeruginosa-nctc-12924-atcc-9027-2\/#breadcrumb"},"inLanguage":"en-US","potentialAction":[{"@type":"ReadAction","target":["https:\/\/biosciences.vn\/index.php\/product\/chung-chuan-vi-sinh-dinh-tinh-pseudomonas-paraeruginosa-nctc-12924-atcc-9027-2\/"]}]},{"@type":"ImageObject","inLanguage":"en-US","@id":"https:\/\/biosciences.vn\/index.php\/product\/chung-chuan-vi-sinh-dinh-tinh-pseudomonas-paraeruginosa-nctc-12924-atcc-9027-2\/#primaryimage","url":"https:\/\/biosciences.vn\/wp-content\/uploads\/2025\/03\/TCS-SELECTROL_01_v1.jpg","contentUrl":"https:\/\/biosciences.vn\/wp-content\/uploads\/2025\/03\/TCS-SELECTROL_01_v1.jpg","width":600,"height":449},{"@type":"BreadcrumbList","@id":"https:\/\/biosciences.vn\/index.php\/product\/chung-chuan-vi-sinh-dinh-tinh-pseudomonas-paraeruginosa-nctc-12924-atcc-9027-2\/#breadcrumb","itemListElement":[{"@type":"ListItem","position":1,"name":"Trang ch\u1ee7","item":"https:\/\/biosciences.vn\/index.php\/en\/home\/"},{"@type":"ListItem","position":2,"name":"Shop","item":"https:\/\/biosciences.vn\/index.php\/shop\/"},{"@type":"ListItem","position":3,"name":"Ch\u1ee7ng chu\u1ea9n vi sinh \u0111\u1ecbnh t\u00ednh Pseudomonas paraeruginosa NCTC\u00ae 12924 \/ ATCC\u00ae 9027"}]},{"@type":"WebSite","@id":"https:\/\/biosciences.vn\/#website","url":"https:\/\/biosciences.vn\/","name":"Biosciences","description":"","publisher":{"@id":"https:\/\/biosciences.vn\/#organization"},"potentialAction":[{"@type":"SearchAction","target":{"@type":"EntryPoint","urlTemplate":"https:\/\/biosciences.vn\/?s={search_term_string}"},"query-input":{"@type":"PropertyValueSpecification","valueRequired":true,"valueName":"search_term_string"}}],"inLanguage":"en-US"},{"@type":"Organization","@id":"https:\/\/biosciences.vn\/#organization","name":"Biosciences","url":"https:\/\/biosciences.vn\/","logo":{"@type":"ImageObject","inLanguage":"en-US","@id":"https:\/\/biosciences.vn\/#\/schema\/logo\/image\/","url":"https:\/\/biosciences.vn\/wp-content\/uploads\/2024\/04\/LOGO-BIOSCIENCES-PNG.png","contentUrl":"https:\/\/biosciences.vn\/wp-content\/uploads\/2024\/04\/LOGO-BIOSCIENCES-PNG.png","width":2536,"height":638,"caption":"Biosciences"},"image":{"@id":"https:\/\/biosciences.vn\/#\/schema\/logo\/image\/"}}]}},"brands":[{"id":644,"name":"TCS Biosciences","slug":"tcs-biosciences-vi"}],"_links":{"self":[{"href":"https:\/\/biosciences.vn\/index.php\/wp-json\/wp\/v2\/product\/6838"}],"collection":[{"href":"https:\/\/biosciences.vn\/index.php\/wp-json\/wp\/v2\/product"}],"about":[{"href":"https:\/\/biosciences.vn\/index.php\/wp-json\/wp\/v2\/types\/product"}],"replies":[{"embeddable":true,"href":"https:\/\/biosciences.vn\/index.php\/wp-json\/wp\/v2\/comments?post=6838"}],"wp:featuredmedia":[{"embeddable":true,"href":"https:\/\/biosciences.vn\/index.php\/wp-json\/wp\/v2\/media\/6710"}],"wp:attachment":[{"href":"https:\/\/biosciences.vn\/index.php\/wp-json\/wp\/v2\/media?parent=6838"}],"wp:term":[{"taxonomy":"pwb-brand","embeddable":true,"href":"https:\/\/biosciences.vn\/index.php\/wp-json\/wp\/v2\/pwb-brand?post=6838"},{"taxonomy":"product_cat","embeddable":true,"href":"https:\/\/biosciences.vn\/index.php\/wp-json\/wp\/v2\/product_cat?post=6838"},{"taxonomy":"product_tag","embeddable":true,"href":"https:\/\/biosciences.vn\/index.php\/wp-json\/wp\/v2\/product_tag?post=6838"}],"curies":[{"name":"wp","href":"https:\/\/api.w.org\/{rel}","templated":true}]}}