{"id":6840,"date":"2025-03-26T16:49:39","date_gmt":"2025-03-26T09:49:39","guid":{"rendered":"https:\/\/biosciences.vn\/?post_type=product&#038;p=6840"},"modified":"2025-08-28T14:55:09","modified_gmt":"2025-08-28T07:55:09","slug":"chung-chuan-vi-sinh-dinh-tinh-rhodococcus-hoagii-nctc-1621-atcc-6939","status":"publish","type":"product","link":"https:\/\/biosciences.vn\/index.php\/product\/chung-chuan-vi-sinh-dinh-tinh-rhodococcus-hoagii-nctc-1621-atcc-6939\/","title":{"rendered":"Ch\u1ee7ng chu\u1ea9n vi sinh \u0111\u1ecbnh t\u00ednh Rhodococcus hoagii NCTC\u00ae 1621 \/ ATCC\u00ae 6939"},"content":{"rendered":"<p class=\"\" data-start=\"0\" data-end=\"275\"><strong data-start=\"0\" data-end=\"57\">Selectrol\u00ae Rhodococcus hoagii NCTC\u00ae 1621 \/ ATCC\u00ae 6939<\/strong> l\u00e0 ch\u1ee7ng vi sinh v\u1eadt chu\u1ea9n do <strong data-start=\"88\" data-end=\"107\">TCS Biosciences<\/strong> cung c\u1ea5p, <span class=\"relative -mx-px my-[-0.2rem] rounded px-px py-[0.2rem]\">\u0111\u01b0\u1ee3c s\u1eed d\u1ee5ng trong ki\u1ec3m nghi\u1ec7m vi sinh v\u00e0 nghi\u00ean c\u1ee9u khoa h\u1ecdc.<\/span> <span class=\"relative -mx-px my-[-0.2rem] rounded px-px py-[0.2rem]\">Ch\u1ee7ng n\u00e0y tr\u01b0\u1edbc \u0111\u00e2y \u0111\u01b0\u1ee3c bi\u1ebft \u0111\u1ebfn v\u1edbi t\u00ean g\u1ecdi <em data-start=\"46\" data-end=\"64\">Rhodococcus equi<\/em>, nh\u01b0ng hi\u1ec7n nay \u0111\u01b0\u1ee3c \u0111\u1ed5i t\u00ean th\u00e0nh <em data-start=\"100\" data-end=\"120\">Rhodococcus hoagii<\/em>.<\/span> \u200b<\/p>\n<p class=\"\" data-start=\"277\" data-end=\"309\"><strong data-start=\"277\" data-end=\"309\">Th\u00f4ng tin chi ti\u1ebft s\u1ea3n ph\u1ea9m:<\/strong><\/p>\n<ul data-start=\"310\" data-end=\"925\">\n<li class=\"\" data-start=\"310\" data-end=\"410\">\n<p class=\"\" data-start=\"312\" data-end=\"410\"><strong data-start=\"312\" data-end=\"328\">M\u00e3 s\u1ea3n ph\u1ea9m:<\/strong> <span class=\"relative -mx-px my-[-0.2rem] rounded px-px py-[0.2rem]\">MM97-10<\/span>\u200b<\/p>\n<\/li>\n<li class=\"\" data-start=\"411\" data-end=\"508\">\n<p class=\"\" data-start=\"413\" data-end=\"508\"><strong data-start=\"413\" data-end=\"426\">M\u00e3 s\u1ed1 CI:<\/strong> <span class=\"relative -mx-px my-[-0.2rem] rounded px-px py-[0.2rem]\">00028<\/span>\u200b<\/p>\n<\/li>\n<li class=\"\" data-start=\"509\" data-end=\"611\">\n<p class=\"\" data-start=\"511\" data-end=\"611\"><strong data-start=\"511\" data-end=\"529\">Ch\u1ee7ng vi sinh:<\/strong> <span class=\"relative -mx-px my-[-0.2rem] rounded px-px py-[0.2rem]\"><em data-start=\"0\" data-end=\"20\" data-is-only-node=\"\">Rhodococcus hoagii<\/em> NCTC\u00ae 1621 \/ ATCC\u00ae 6939<\/span>\u200b<\/p>\n<\/li>\n<li class=\"\" data-start=\"612\" data-end=\"713\">\n<p class=\"\" data-start=\"614\" data-end=\"713\"><strong data-start=\"614\" data-end=\"627\">S\u1ed1 l\u01b0\u1ee3ng:<\/strong> <span class=\"relative -mx-px my-[-0.2rem] rounded px-px py-[0.2rem]\">10 \u0111\u0129a<\/span><\/p>\n<\/li>\n<li class=\"\" data-start=\"714\" data-end=\"815\">\n<p class=\"\" data-start=\"716\" data-end=\"815\"><strong data-start=\"716\" data-end=\"729\">B\u1ea3o qu\u1ea3n:<\/strong> <span class=\"relative -mx-px my-[-0.2rem] rounded px-px py-[0.2rem]\">t\u1eeb -20\u00b0C \u0111\u1ebfn +8\u00b0C<\/span>\u200b<\/p>\n<\/li>\n<li class=\"\" data-start=\"816\" data-end=\"925\">\n<p class=\"\" data-start=\"818\" data-end=\"925\"><strong data-start=\"818\" data-end=\"839\">Th\u1eddi h\u1ea1n s\u1eed d\u1ee5ng:<\/strong> <span class=\"relative -mx-px my-[-0.2rem] rounded px-px py-[0.2rem]\">9 th\u00e1ng k\u1ec3 t\u1eeb ng\u00e0y s\u1ea3n xu\u1ea5t<\/span>\u200b<\/p>\n<\/li>\n<\/ul>\n<p class=\"\" data-start=\"927\" data-end=\"940\"><strong data-start=\"927\" data-end=\"940\">\u1ee8ng d\u1ee5ng:<\/strong><\/p>\n<ul data-start=\"941\" data-end=\"1204\">\n<li class=\"\" data-start=\"941\" data-end=\"1028\">\n<p class=\"\" data-start=\"943\" data-end=\"1028\"><span class=\"relative -mx-px my-[-0.2rem] rounded px-px py-[0.2rem]\">Ki\u1ec3m tra ch\u1ea5t l\u01b0\u1ee3ng vi sinh trong c\u00e1c l\u0129nh v\u1ef1c y t\u1ebf v\u00e0 m\u00f4i tr\u01b0\u1eddng.<\/span>\u200b<\/p>\n<\/li>\n<li class=\"\" data-start=\"1029\" data-end=\"1116\">\n<p class=\"\" data-start=\"1031\" data-end=\"1116\"><span class=\"relative -mx-px my-[-0.2rem] rounded px-px py-[0.2rem]\">Th\u1ea9m \u0111\u1ecbnh quy tr\u00ecnh ki\u1ec3m nghi\u1ec7m vi sinh.<\/span>\u200b<\/p>\n<\/li>\n<li class=\"\" data-start=\"1117\" data-end=\"1204\">\n<p class=\"\" data-start=\"1119\" data-end=\"1204\"><span class=\"relative -mx-px my-[-0.2rem] rounded px-px py-[0.2rem]\">Nghi\u00ean c\u1ee9u v\u00e0 \u0111\u00e0o t\u1ea1o trong l\u0129nh v\u1ef1c vi sinh y t\u1ebf.<\/span>\u200b<\/p>\n<\/li>\n<\/ul>\n<p class=\"\" data-start=\"1206\" data-end=\"1227\"><strong data-start=\"1206\" data-end=\"1227\">\u0110\u1eb7c \u0111i\u1ec3m n\u1ed5i b\u1eadt:<\/strong><\/p>\n<ul data-start=\"1228\" data-end=\"1403\">\n<li class=\"\" data-start=\"1228\" data-end=\"1315\">\n<p class=\"\" data-start=\"1230\" data-end=\"1315\"><span class=\"relative -mx-px my-[-0.2rem] rounded px-px py-[0.2rem]\">S\u1ea3n xu\u1ea5t t\u1eeb ch\u1ee7ng g\u1ed1c \u0111\u01b0\u1ee3c l\u01b0u gi\u1eef t\u1ea1i NCTC\u00ae, \u0111\u1ea3m b\u1ea3o \u0111\u1ed9 ch\u00ednh x\u00e1c v\u00e0 t\u00ednh \u0111\u1ed3ng nh\u1ea5t.<\/span>\u200b<\/p>\n<\/li>\n<li class=\"\" data-start=\"1316\" data-end=\"1403\">\n<p class=\"\" data-start=\"1318\" data-end=\"1403\"><span class=\"relative -mx-px my-[-0.2rem] rounded px-px py-[0.2rem]\">D\u1ea1ng \u0111\u0129a \u0111\u00f4ng kh\u00f4 ti\u1ec7n l\u1ee3i, d\u1ec5 s\u1eed d\u1ee5ng v\u00e0 b\u1ea3o qu\u1ea3n l\u00e2u d\u00e0i.<\/span>\u200b<\/p>\n<\/li>\n<\/ul>\n<p class=\"\" data-start=\"1405\" data-end=\"1541\"><strong data-start=\"1405\" data-end=\"1415\">L\u01b0u \u00fd:<\/strong> <span class=\"relative -mx-px my-[-0.2rem] rounded px-px py-[0.2rem]\"><em data-start=\"0\" data-end=\"20\" data-is-only-node=\"\">Rhodococcus hoagii<\/em> l\u00e0 vi khu\u1ea9n Gram d\u01b0\u01a1ng, hi\u1ebfu kh\u00ed, c\u00f3 kh\u1ea3 n\u0103ng g\u00e2y b\u1ec7nh \u1edf ng\u01b0\u1eddi v\u00e0 \u0111\u1ed9ng v\u1eadt, \u0111\u1eb7c bi\u1ec7t l\u00e0 vi\u00eam ph\u1ed5i \u1edf ng\u1ef1a non.<\/span> <span class=\"relative -mx-px my-[-0.2rem] rounded px-px py-[0.2rem]\">Vi\u1ec7c s\u1eed d\u1ee5ng ch\u1ee7ng n\u00e0y trong nghi\u00ean c\u1ee9u v\u00e0 ki\u1ec3m nghi\u1ec7m vi sinh c\u1ea7n tu\u00e2n th\u1ee7 c\u00e1c quy \u0111\u1ecbnh an to\u00e0n sinh h\u1ecdc ph\u00f9 h\u1ee3p.<\/span>\u200b<\/p>\n<p class=\"\" data-start=\"1543\" data-end=\"1719\"><strong data-start=\"1543\" data-end=\"1564\">Li\u00ean h\u1ec7 \u0111\u1eb7t h\u00e0ng:<\/strong> <strong data-start=\"1565\" data-end=\"1583\">Biosciences.vn<\/strong><br data-start=\"1583\" data-end=\"1586\" \/>\ud83d\udcde <span class=\"relative -mx-px my-[-0.2rem] rounded px-px py-[0.2rem]\">0933 270 120<\/span><br data-start=\"1628\" data-end=\"1631\" \/>\ud83d\udce9 <span class=\"relative -mx-px my-[-0.2rem] rounded px-px py-[0.2rem]\"><a href=\"mailto:sales@biosciences.vn\" data-start=\"0\" data-end=\"20\" data-is-last-node=\"\" data-is-only-node=\"\">sales@biosciences.vn<\/a><\/span><\/p>\n<p class=\"\" data-start=\"1556\" data-end=\"1732\">\n","protected":false},"excerpt":{"rendered":"<p>Selectrol\u00ae Rhodococcus hoagii NCTC\u00ae 1621 \/ ATCC\u00ae 6939 l\u00e0 ch\u1ee7ng vi sinh v\u1eadt chu\u1ea9n do TCS Biosciences cung c\u1ea5p, \u0111\u01b0\u1ee3c s\u1eed d\u1ee5ng trong ki\u1ec3m nghi\u1ec7m vi sinh v\u00e0 nghi\u00ean c\u1ee9u khoa h\u1ecdc. Ch\u1ee7ng n\u00e0y tr\u01b0\u1edbc \u0111\u00e2y \u0111\u01b0\u1ee3c bi\u1ebft \u0111\u1ebfn v\u1edbi t\u00ean g\u1ecdi Rhodococcus equi, nh\u01b0ng hi\u1ec7n nay \u0111\u01b0\u1ee3c \u0111\u1ed5i t\u00ean th\u00e0nh Rhodococcus hoagii. \u200b Th\u00f4ng [&hellip;]<\/p>\n","protected":false},"featured_media":6710,"comment_status":"open","ping_status":"closed","template":"","meta":[],"pwb-brand":[644],"product_cat":[434,485,665],"product_tag":[949,947,951],"class_list":{"0":"post-6840","1":"product","2":"type-product","3":"status-publish","4":"has-post-thumbnail","6":"pwb-brand-tcs-biosciences-vi","7":"product_cat-khoa-hoc-su-song","8":"product_cat-hoa-chat-vat-tu","9":"product_cat-chung-chuan-vi-sinh","10":"product_tag-atcc","11":"product_tag-ntcc","12":"product_tag-quality-control","14":"first","15":"onbackorder","16":"shipping-taxable","17":"purchasable","18":"product-type-simple"},"yoast_head":"<!-- This site is optimized with the Yoast SEO plugin v23.6 - https:\/\/yoast.com\/wordpress\/plugins\/seo\/ -->\n<title>Ch\u1ee7ng chu\u1ea9n vi sinh \u0111\u1ecbnh t\u00ednh Rhodococcus hoagii NCTC\u00ae 1621 \/ ATCC\u00ae 6939 - Biosciences<\/title>\n<meta name=\"robots\" content=\"index, follow, max-snippet:-1, max-image-preview:large, max-video-preview:-1\" \/>\n<link rel=\"canonical\" href=\"https:\/\/biosciences.vn\/index.php\/product\/chung-chuan-vi-sinh-dinh-tinh-rhodococcus-hoagii-nctc-1621-atcc-6939\/\" \/>\n<meta property=\"og:locale\" content=\"en_US\" \/>\n<meta property=\"og:type\" content=\"article\" \/>\n<meta property=\"og:title\" content=\"Ch\u1ee7ng chu\u1ea9n vi sinh \u0111\u1ecbnh t\u00ednh Rhodococcus hoagii NCTC\u00ae 1621 \/ ATCC\u00ae 6939 - Biosciences\" \/>\n<meta property=\"og:description\" content=\"Selectrol\u00ae Rhodococcus hoagii NCTC\u00ae 1621 \/ ATCC\u00ae 6939 l\u00e0 ch\u1ee7ng vi sinh v\u1eadt chu\u1ea9n do TCS Biosciences cung c\u1ea5p, \u0111\u01b0\u1ee3c s\u1eed d\u1ee5ng trong ki\u1ec3m nghi\u1ec7m vi sinh v\u00e0 nghi\u00ean c\u1ee9u khoa h\u1ecdc. Ch\u1ee7ng n\u00e0y tr\u01b0\u1edbc \u0111\u00e2y \u0111\u01b0\u1ee3c bi\u1ebft \u0111\u1ebfn v\u1edbi t\u00ean g\u1ecdi Rhodococcus equi, nh\u01b0ng hi\u1ec7n nay \u0111\u01b0\u1ee3c \u0111\u1ed5i t\u00ean th\u00e0nh Rhodococcus hoagii. \u200b Th\u00f4ng [&hellip;]\" \/>\n<meta property=\"og:url\" content=\"https:\/\/biosciences.vn\/index.php\/product\/chung-chuan-vi-sinh-dinh-tinh-rhodococcus-hoagii-nctc-1621-atcc-6939\/\" \/>\n<meta property=\"og:site_name\" content=\"Biosciences\" \/>\n<meta property=\"article:modified_time\" content=\"2025-08-28T07:55:09+00:00\" \/>\n<meta property=\"og:image\" content=\"https:\/\/biosciences.vn\/wp-content\/uploads\/2025\/03\/TCS-SELECTROL_01_v1.jpg\" \/>\n\t<meta property=\"og:image:width\" content=\"600\" \/>\n\t<meta property=\"og:image:height\" content=\"449\" \/>\n\t<meta property=\"og:image:type\" content=\"image\/jpeg\" \/>\n<meta name=\"twitter:card\" content=\"summary_large_image\" \/>\n<meta name=\"twitter:label1\" content=\"Est. reading time\" \/>\n\t<meta name=\"twitter:data1\" content=\"2 minutes\" \/>\n<script type=\"application\/ld+json\" class=\"yoast-schema-graph\">{\"@context\":\"https:\/\/schema.org\",\"@graph\":[{\"@type\":\"WebPage\",\"@id\":\"https:\/\/biosciences.vn\/index.php\/product\/chung-chuan-vi-sinh-dinh-tinh-rhodococcus-hoagii-nctc-1621-atcc-6939\/\",\"url\":\"https:\/\/biosciences.vn\/index.php\/product\/chung-chuan-vi-sinh-dinh-tinh-rhodococcus-hoagii-nctc-1621-atcc-6939\/\",\"name\":\"Ch\u1ee7ng chu\u1ea9n vi sinh \u0111\u1ecbnh t\u00ednh Rhodococcus hoagii NCTC\u00ae 1621 \/ ATCC\u00ae 6939 - Biosciences\",\"isPartOf\":{\"@id\":\"https:\/\/biosciences.vn\/#website\"},\"primaryImageOfPage\":{\"@id\":\"https:\/\/biosciences.vn\/index.php\/product\/chung-chuan-vi-sinh-dinh-tinh-rhodococcus-hoagii-nctc-1621-atcc-6939\/#primaryimage\"},\"image\":{\"@id\":\"https:\/\/biosciences.vn\/index.php\/product\/chung-chuan-vi-sinh-dinh-tinh-rhodococcus-hoagii-nctc-1621-atcc-6939\/#primaryimage\"},\"thumbnailUrl\":\"https:\/\/biosciences.vn\/wp-content\/uploads\/2025\/03\/TCS-SELECTROL_01_v1.jpg\",\"datePublished\":\"2025-03-26T09:49:39+00:00\",\"dateModified\":\"2025-08-28T07:55:09+00:00\",\"breadcrumb\":{\"@id\":\"https:\/\/biosciences.vn\/index.php\/product\/chung-chuan-vi-sinh-dinh-tinh-rhodococcus-hoagii-nctc-1621-atcc-6939\/#breadcrumb\"},\"inLanguage\":\"en-US\",\"potentialAction\":[{\"@type\":\"ReadAction\",\"target\":[\"https:\/\/biosciences.vn\/index.php\/product\/chung-chuan-vi-sinh-dinh-tinh-rhodococcus-hoagii-nctc-1621-atcc-6939\/\"]}]},{\"@type\":\"ImageObject\",\"inLanguage\":\"en-US\",\"@id\":\"https:\/\/biosciences.vn\/index.php\/product\/chung-chuan-vi-sinh-dinh-tinh-rhodococcus-hoagii-nctc-1621-atcc-6939\/#primaryimage\",\"url\":\"https:\/\/biosciences.vn\/wp-content\/uploads\/2025\/03\/TCS-SELECTROL_01_v1.jpg\",\"contentUrl\":\"https:\/\/biosciences.vn\/wp-content\/uploads\/2025\/03\/TCS-SELECTROL_01_v1.jpg\",\"width\":600,\"height\":449},{\"@type\":\"BreadcrumbList\",\"@id\":\"https:\/\/biosciences.vn\/index.php\/product\/chung-chuan-vi-sinh-dinh-tinh-rhodococcus-hoagii-nctc-1621-atcc-6939\/#breadcrumb\",\"itemListElement\":[{\"@type\":\"ListItem\",\"position\":1,\"name\":\"Trang ch\u1ee7\",\"item\":\"https:\/\/biosciences.vn\/index.php\/en\/home\/\"},{\"@type\":\"ListItem\",\"position\":2,\"name\":\"Shop\",\"item\":\"https:\/\/biosciences.vn\/index.php\/shop\/\"},{\"@type\":\"ListItem\",\"position\":3,\"name\":\"Ch\u1ee7ng chu\u1ea9n vi sinh \u0111\u1ecbnh t\u00ednh Rhodococcus hoagii NCTC\u00ae 1621 \/ ATCC\u00ae 6939\"}]},{\"@type\":\"WebSite\",\"@id\":\"https:\/\/biosciences.vn\/#website\",\"url\":\"https:\/\/biosciences.vn\/\",\"name\":\"Biosciences\",\"description\":\"\",\"publisher\":{\"@id\":\"https:\/\/biosciences.vn\/#organization\"},\"potentialAction\":[{\"@type\":\"SearchAction\",\"target\":{\"@type\":\"EntryPoint\",\"urlTemplate\":\"https:\/\/biosciences.vn\/?s={search_term_string}\"},\"query-input\":{\"@type\":\"PropertyValueSpecification\",\"valueRequired\":true,\"valueName\":\"search_term_string\"}}],\"inLanguage\":\"en-US\"},{\"@type\":\"Organization\",\"@id\":\"https:\/\/biosciences.vn\/#organization\",\"name\":\"Biosciences\",\"url\":\"https:\/\/biosciences.vn\/\",\"logo\":{\"@type\":\"ImageObject\",\"inLanguage\":\"en-US\",\"@id\":\"https:\/\/biosciences.vn\/#\/schema\/logo\/image\/\",\"url\":\"https:\/\/biosciences.vn\/wp-content\/uploads\/2024\/04\/LOGO-BIOSCIENCES-PNG.png\",\"contentUrl\":\"https:\/\/biosciences.vn\/wp-content\/uploads\/2024\/04\/LOGO-BIOSCIENCES-PNG.png\",\"width\":2536,\"height\":638,\"caption\":\"Biosciences\"},\"image\":{\"@id\":\"https:\/\/biosciences.vn\/#\/schema\/logo\/image\/\"}}]}<\/script>\n<!-- \/ Yoast SEO plugin. -->","yoast_head_json":{"title":"Ch\u1ee7ng chu\u1ea9n vi sinh \u0111\u1ecbnh t\u00ednh Rhodococcus hoagii NCTC\u00ae 1621 \/ ATCC\u00ae 6939 - Biosciences","robots":{"index":"index","follow":"follow","max-snippet":"max-snippet:-1","max-image-preview":"max-image-preview:large","max-video-preview":"max-video-preview:-1"},"canonical":"https:\/\/biosciences.vn\/index.php\/product\/chung-chuan-vi-sinh-dinh-tinh-rhodococcus-hoagii-nctc-1621-atcc-6939\/","og_locale":"en_US","og_type":"article","og_title":"Ch\u1ee7ng chu\u1ea9n vi sinh \u0111\u1ecbnh t\u00ednh Rhodococcus hoagii NCTC\u00ae 1621 \/ ATCC\u00ae 6939 - Biosciences","og_description":"Selectrol\u00ae Rhodococcus hoagii NCTC\u00ae 1621 \/ ATCC\u00ae 6939 l\u00e0 ch\u1ee7ng vi sinh v\u1eadt chu\u1ea9n do TCS Biosciences cung c\u1ea5p, \u0111\u01b0\u1ee3c s\u1eed d\u1ee5ng trong ki\u1ec3m nghi\u1ec7m vi sinh v\u00e0 nghi\u00ean c\u1ee9u khoa h\u1ecdc. Ch\u1ee7ng n\u00e0y tr\u01b0\u1edbc \u0111\u00e2y \u0111\u01b0\u1ee3c bi\u1ebft \u0111\u1ebfn v\u1edbi t\u00ean g\u1ecdi Rhodococcus equi, nh\u01b0ng hi\u1ec7n nay \u0111\u01b0\u1ee3c \u0111\u1ed5i t\u00ean th\u00e0nh Rhodococcus hoagii. \u200b Th\u00f4ng [&hellip;]","og_url":"https:\/\/biosciences.vn\/index.php\/product\/chung-chuan-vi-sinh-dinh-tinh-rhodococcus-hoagii-nctc-1621-atcc-6939\/","og_site_name":"Biosciences","article_modified_time":"2025-08-28T07:55:09+00:00","og_image":[{"width":600,"height":449,"url":"https:\/\/biosciences.vn\/wp-content\/uploads\/2025\/03\/TCS-SELECTROL_01_v1.jpg","type":"image\/jpeg"}],"twitter_card":"summary_large_image","twitter_misc":{"Est. reading time":"2 minutes"},"schema":{"@context":"https:\/\/schema.org","@graph":[{"@type":"WebPage","@id":"https:\/\/biosciences.vn\/index.php\/product\/chung-chuan-vi-sinh-dinh-tinh-rhodococcus-hoagii-nctc-1621-atcc-6939\/","url":"https:\/\/biosciences.vn\/index.php\/product\/chung-chuan-vi-sinh-dinh-tinh-rhodococcus-hoagii-nctc-1621-atcc-6939\/","name":"Ch\u1ee7ng chu\u1ea9n vi sinh \u0111\u1ecbnh t\u00ednh Rhodococcus hoagii NCTC\u00ae 1621 \/ ATCC\u00ae 6939 - Biosciences","isPartOf":{"@id":"https:\/\/biosciences.vn\/#website"},"primaryImageOfPage":{"@id":"https:\/\/biosciences.vn\/index.php\/product\/chung-chuan-vi-sinh-dinh-tinh-rhodococcus-hoagii-nctc-1621-atcc-6939\/#primaryimage"},"image":{"@id":"https:\/\/biosciences.vn\/index.php\/product\/chung-chuan-vi-sinh-dinh-tinh-rhodococcus-hoagii-nctc-1621-atcc-6939\/#primaryimage"},"thumbnailUrl":"https:\/\/biosciences.vn\/wp-content\/uploads\/2025\/03\/TCS-SELECTROL_01_v1.jpg","datePublished":"2025-03-26T09:49:39+00:00","dateModified":"2025-08-28T07:55:09+00:00","breadcrumb":{"@id":"https:\/\/biosciences.vn\/index.php\/product\/chung-chuan-vi-sinh-dinh-tinh-rhodococcus-hoagii-nctc-1621-atcc-6939\/#breadcrumb"},"inLanguage":"en-US","potentialAction":[{"@type":"ReadAction","target":["https:\/\/biosciences.vn\/index.php\/product\/chung-chuan-vi-sinh-dinh-tinh-rhodococcus-hoagii-nctc-1621-atcc-6939\/"]}]},{"@type":"ImageObject","inLanguage":"en-US","@id":"https:\/\/biosciences.vn\/index.php\/product\/chung-chuan-vi-sinh-dinh-tinh-rhodococcus-hoagii-nctc-1621-atcc-6939\/#primaryimage","url":"https:\/\/biosciences.vn\/wp-content\/uploads\/2025\/03\/TCS-SELECTROL_01_v1.jpg","contentUrl":"https:\/\/biosciences.vn\/wp-content\/uploads\/2025\/03\/TCS-SELECTROL_01_v1.jpg","width":600,"height":449},{"@type":"BreadcrumbList","@id":"https:\/\/biosciences.vn\/index.php\/product\/chung-chuan-vi-sinh-dinh-tinh-rhodococcus-hoagii-nctc-1621-atcc-6939\/#breadcrumb","itemListElement":[{"@type":"ListItem","position":1,"name":"Trang ch\u1ee7","item":"https:\/\/biosciences.vn\/index.php\/en\/home\/"},{"@type":"ListItem","position":2,"name":"Shop","item":"https:\/\/biosciences.vn\/index.php\/shop\/"},{"@type":"ListItem","position":3,"name":"Ch\u1ee7ng chu\u1ea9n vi sinh \u0111\u1ecbnh t\u00ednh Rhodococcus hoagii NCTC\u00ae 1621 \/ ATCC\u00ae 6939"}]},{"@type":"WebSite","@id":"https:\/\/biosciences.vn\/#website","url":"https:\/\/biosciences.vn\/","name":"Biosciences","description":"","publisher":{"@id":"https:\/\/biosciences.vn\/#organization"},"potentialAction":[{"@type":"SearchAction","target":{"@type":"EntryPoint","urlTemplate":"https:\/\/biosciences.vn\/?s={search_term_string}"},"query-input":{"@type":"PropertyValueSpecification","valueRequired":true,"valueName":"search_term_string"}}],"inLanguage":"en-US"},{"@type":"Organization","@id":"https:\/\/biosciences.vn\/#organization","name":"Biosciences","url":"https:\/\/biosciences.vn\/","logo":{"@type":"ImageObject","inLanguage":"en-US","@id":"https:\/\/biosciences.vn\/#\/schema\/logo\/image\/","url":"https:\/\/biosciences.vn\/wp-content\/uploads\/2024\/04\/LOGO-BIOSCIENCES-PNG.png","contentUrl":"https:\/\/biosciences.vn\/wp-content\/uploads\/2024\/04\/LOGO-BIOSCIENCES-PNG.png","width":2536,"height":638,"caption":"Biosciences"},"image":{"@id":"https:\/\/biosciences.vn\/#\/schema\/logo\/image\/"}}]}},"brands":[{"id":644,"name":"TCS Biosciences","slug":"tcs-biosciences-vi"}],"_links":{"self":[{"href":"https:\/\/biosciences.vn\/index.php\/wp-json\/wp\/v2\/product\/6840"}],"collection":[{"href":"https:\/\/biosciences.vn\/index.php\/wp-json\/wp\/v2\/product"}],"about":[{"href":"https:\/\/biosciences.vn\/index.php\/wp-json\/wp\/v2\/types\/product"}],"replies":[{"embeddable":true,"href":"https:\/\/biosciences.vn\/index.php\/wp-json\/wp\/v2\/comments?post=6840"}],"wp:featuredmedia":[{"embeddable":true,"href":"https:\/\/biosciences.vn\/index.php\/wp-json\/wp\/v2\/media\/6710"}],"wp:attachment":[{"href":"https:\/\/biosciences.vn\/index.php\/wp-json\/wp\/v2\/media?parent=6840"}],"wp:term":[{"taxonomy":"pwb-brand","embeddable":true,"href":"https:\/\/biosciences.vn\/index.php\/wp-json\/wp\/v2\/pwb-brand?post=6840"},{"taxonomy":"product_cat","embeddable":true,"href":"https:\/\/biosciences.vn\/index.php\/wp-json\/wp\/v2\/product_cat?post=6840"},{"taxonomy":"product_tag","embeddable":true,"href":"https:\/\/biosciences.vn\/index.php\/wp-json\/wp\/v2\/product_tag?post=6840"}],"curies":[{"name":"wp","href":"https:\/\/api.w.org\/{rel}","templated":true}]}}