{"id":6859,"date":"2025-03-26T17:09:44","date_gmt":"2025-03-26T10:09:44","guid":{"rendered":"https:\/\/biosciences.vn\/?post_type=product&#038;p=6859"},"modified":"2025-08-28T14:55:09","modified_gmt":"2025-08-28T07:55:09","slug":"chung-chuan-vi-sinh-dinh-tinh-staphylococcus-aureus-nctc-7447-atcc-6538p","status":"publish","type":"product","link":"https:\/\/biosciences.vn\/index.php\/product\/chung-chuan-vi-sinh-dinh-tinh-staphylococcus-aureus-nctc-7447-atcc-6538p\/","title":{"rendered":"Ch\u1ee7ng chu\u1ea9n vi sinh \u0111\u1ecbnh t\u00ednh Staphylococcus aureus NCTC\u00ae 7447 \/ ATCC\u00ae 6538P"},"content":{"rendered":"<p class=\"\" data-start=\"0\" data-end=\"266\"><strong data-start=\"0\" data-end=\"61\">Selectrol\u00ae Staphylococcus aureus NCTC\u00ae 7447 \/ ATCC\u00ae 6538P<\/strong> l\u00e0 ch\u1ee7ng vi sinh v\u1eadt chu\u1ea9n do <strong data-start=\"92\" data-end=\"111\">TCS Biosciences<\/strong> cung c\u1ea5p, \u0111\u01b0\u1ee3c s\u1eed d\u1ee5ng r\u1ed9ng r\u00e3i trong ki\u1ec3m nghi\u1ec7m vi sinh v\u00e0 nghi\u00ean c\u1ee9u khoa h\u1ecdc, \u0111\u1eb7c bi\u1ec7t trong ki\u1ec3m tra \u0111\u1ed9 nh\u1ea1y kh\u00e1ng sinh v\u00e0 th\u1eed nghi\u1ec7m ch\u1ea5t kh\u1eed tr\u00f9ng.<\/p>\n<p class=\"\" data-start=\"268\" data-end=\"300\"><strong data-start=\"268\" data-end=\"300\">Th\u00f4ng tin chi ti\u1ebft s\u1ea3n ph\u1ea9m:<\/strong><\/p>\n<ul data-start=\"301\" data-end=\"494\">\n<li class=\"\" data-start=\"301\" data-end=\"327\">\n<p class=\"\" data-start=\"303\" data-end=\"327\"><strong data-start=\"303\" data-end=\"319\">M\u00e3 s\u1ea3n ph\u1ea9m:<\/strong> MM30-10<\/p>\n<\/li>\n<li class=\"\" data-start=\"328\" data-end=\"349\">\n<p class=\"\" data-start=\"330\" data-end=\"349\"><strong data-start=\"330\" data-end=\"343\">M\u00e3 s\u1ed1 CI:<\/strong> 00033<\/p>\n<\/li>\n<li class=\"\" data-start=\"350\" data-end=\"419\">\n<p class=\"\" data-start=\"352\" data-end=\"419\"><strong data-start=\"352\" data-end=\"370\">Ch\u1ee7ng vi sinh:<\/strong> <em data-start=\"371\" data-end=\"394\">Staphylococcus aureus<\/em> NCTC\u00ae 7447 \/ ATCC\u00ae 6538P<\/p>\n<\/li>\n<li class=\"\" data-start=\"420\" data-end=\"442\">\n<p class=\"\" data-start=\"422\" data-end=\"442\"><strong data-start=\"422\" data-end=\"435\">S\u1ed1 l\u01b0\u1ee3ng:<\/strong> 10 \u0111\u0129a<\/p>\n<\/li>\n<li class=\"\" data-start=\"443\" data-end=\"460\">\n<p class=\"\" data-start=\"445\" data-end=\"460\"><strong data-start=\"445\" data-end=\"454\">WDCM:<\/strong> 00033<\/p>\n<\/li>\n<\/ul>\n<p class=\"\" data-start=\"496\" data-end=\"509\"><strong data-start=\"496\" data-end=\"509\">\u1ee8ng d\u1ee5ng:<\/strong><\/p>\n<ul data-start=\"510\" data-end=\"829\">\n<li class=\"\" data-start=\"510\" data-end=\"589\">\n<p class=\"\" data-start=\"512\" data-end=\"589\">Ki\u1ec3m tra ch\u1ea5t l\u01b0\u1ee3ng vi sinh trong th\u1ef1c ph\u1ea9m, n\u01b0\u1edbc u\u1ed1ng, d\u01b0\u1ee3c ph\u1ea9m v\u00e0 m\u1ef9 ph\u1ea9m.<\/p>\n<\/li>\n<li class=\"\" data-start=\"590\" data-end=\"632\">\n<p class=\"\" data-start=\"592\" data-end=\"632\">Th\u1ea9m \u0111\u1ecbnh quy tr\u00ecnh ki\u1ec3m nghi\u1ec7m vi sinh.<\/p>\n<\/li>\n<li class=\"\" data-start=\"633\" data-end=\"696\">\n<p class=\"\" data-start=\"635\" data-end=\"696\">Ki\u1ec3m tra \u0111\u1ed9 nh\u1ea1y kh\u00e1ng sinh trong c\u00e1c ph\u01b0\u01a1ng ph\u00e1p th\u1eed nghi\u1ec7m.<\/p>\n<\/li>\n<li class=\"\" data-start=\"697\" data-end=\"762\">\n<p class=\"\" data-start=\"699\" data-end=\"762\">Th\u1eed nghi\u1ec7m hi\u1ec7u qu\u1ea3 c\u1ee7a ch\u1ea5t kh\u1eed tr\u00f9ng v\u00e0 quy tr\u00ecnh ti\u1ec7t tr\u00f9ng.<\/p>\n<\/li>\n<li class=\"\" data-start=\"763\" data-end=\"829\">\n<p class=\"\" data-start=\"765\" data-end=\"829\">Nghi\u00ean c\u1ee9u v\u00e0 \u0111\u00e0o t\u1ea1o trong l\u0129nh v\u1ef1c vi sinh y t\u1ebf v\u00e0 m\u00f4i tr\u01b0\u1eddng.<\/p>\n<\/li>\n<\/ul>\n<p class=\"\" data-start=\"831\" data-end=\"852\"><strong data-start=\"831\" data-end=\"852\">\u0110\u1eb7c \u0111i\u1ec3m n\u1ed5i b\u1eadt:<\/strong><\/p>\n<ul data-start=\"853\" data-end=\"1100\">\n<li class=\"\" data-start=\"853\" data-end=\"940\">\n<p class=\"\" data-start=\"855\" data-end=\"940\">S\u1ea3n xu\u1ea5t t\u1eeb ch\u1ee7ng g\u1ed1c \u0111\u01b0\u1ee3c l\u01b0u gi\u1eef t\u1ea1i NCTC\u00ae, \u0111\u1ea3m b\u1ea3o \u0111\u1ed9 ch\u00ednh x\u00e1c v\u00e0 t\u00ednh \u0111\u1ed3ng nh\u1ea5t.<\/p>\n<\/li>\n<li class=\"\" data-start=\"941\" data-end=\"1002\">\n<p class=\"\" data-start=\"943\" data-end=\"1002\">D\u1ea1ng \u0111\u0129a \u0111\u00f4ng kh\u00f4 ti\u1ec7n l\u1ee3i, d\u1ec5 s\u1eed d\u1ee5ng v\u00e0 b\u1ea3o qu\u1ea3n l\u00e2u d\u00e0i.<\/p>\n<\/li>\n<li class=\"\" data-start=\"1003\" data-end=\"1100\">\n<p class=\"\" data-start=\"1005\" data-end=\"1100\">Ch\u1ee7ng n\u00e0y \u0111\u01b0\u1ee3c s\u1eed d\u1ee5ng r\u1ed9ng r\u00e3i trong ki\u1ec3m tra \u0111\u1ed9 nh\u1ea1y kh\u00e1ng sinh v\u00e0 th\u1eed nghi\u1ec7m ch\u1ea5t kh\u1eed tr\u00f9ng.<\/p>\n<\/li>\n<\/ul>\n<p class=\"\" data-start=\"1102\" data-end=\"1323\"><strong data-start=\"1102\" data-end=\"1112\">L\u01b0u \u00fd:<\/strong> <em data-start=\"1113\" data-end=\"1136\">Staphylococcus aureus<\/em> l\u00e0 vi khu\u1ea9n Gram d\u01b0\u01a1ng, c\u00f3 kh\u1ea3 n\u0103ng g\u00e2y nhi\u1ec1u lo\u1ea1i nhi\u1ec5m tr\u00f9ng \u1edf ng\u01b0\u1eddi. Vi\u1ec7c s\u1eed d\u1ee5ng ch\u1ee7ng n\u00e0y trong nghi\u00ean c\u1ee9u v\u00e0 ki\u1ec3m nghi\u1ec7m vi sinh c\u1ea7n tu\u00e2n th\u1ee7 c\u00e1c quy \u0111\u1ecbnh an to\u00e0n sinh h\u1ecdc ph\u00f9 h\u1ee3p.<\/p>\n<p class=\"\" data-start=\"1325\" data-end=\"1409\"><strong data-start=\"1325\" data-end=\"1346\">Li\u00ean h\u1ec7 \u0111\u1eb7t h\u00e0ng:<\/strong> <strong data-start=\"1347\" data-end=\"1365\">Biosciences.vn<\/strong><br data-start=\"1365\" data-end=\"1368\" \/>\ud83d\udcde 0933 270 120<br data-start=\"1383\" data-end=\"1386\" \/>\ud83d\udce9 <a rel=\"noopener\" data-start=\"1389\" data-end=\"1409\">sales@biosciences.vn<\/a><\/p>\n","protected":false},"excerpt":{"rendered":"<p>Selectrol\u00ae Staphylococcus aureus NCTC\u00ae 7447 \/ ATCC\u00ae 6538P l\u00e0 ch\u1ee7ng vi sinh v\u1eadt chu\u1ea9n do TCS Biosciences cung c\u1ea5p, \u0111\u01b0\u1ee3c s\u1eed d\u1ee5ng r\u1ed9ng r\u00e3i trong ki\u1ec3m nghi\u1ec7m vi sinh v\u00e0 nghi\u00ean c\u1ee9u khoa h\u1ecdc, \u0111\u1eb7c bi\u1ec7t trong ki\u1ec3m tra \u0111\u1ed9 nh\u1ea1y kh\u00e1ng sinh v\u00e0 th\u1eed nghi\u1ec7m ch\u1ea5t kh\u1eed tr\u00f9ng. Th\u00f4ng tin chi ti\u1ebft s\u1ea3n ph\u1ea9m: [&hellip;]<\/p>\n","protected":false},"featured_media":6710,"comment_status":"open","ping_status":"closed","template":"","meta":[],"pwb-brand":[644],"product_cat":[434,485,665],"product_tag":[949,947,951],"class_list":{"0":"post-6859","1":"product","2":"type-product","3":"status-publish","4":"has-post-thumbnail","6":"pwb-brand-tcs-biosciences-vi","7":"product_cat-khoa-hoc-su-song","8":"product_cat-hoa-chat-vat-tu","9":"product_cat-chung-chuan-vi-sinh","10":"product_tag-atcc","11":"product_tag-ntcc","12":"product_tag-quality-control","14":"first","15":"onbackorder","16":"shipping-taxable","17":"purchasable","18":"product-type-simple"},"yoast_head":"<!-- This site is optimized with the Yoast SEO plugin v23.6 - https:\/\/yoast.com\/wordpress\/plugins\/seo\/ -->\n<title>Ch\u1ee7ng chu\u1ea9n vi sinh \u0111\u1ecbnh t\u00ednh Staphylococcus aureus NCTC\u00ae 7447 \/ ATCC\u00ae 6538P - Biosciences<\/title>\n<meta name=\"robots\" content=\"index, follow, max-snippet:-1, max-image-preview:large, max-video-preview:-1\" \/>\n<link rel=\"canonical\" href=\"https:\/\/biosciences.vn\/index.php\/product\/chung-chuan-vi-sinh-dinh-tinh-staphylococcus-aureus-nctc-7447-atcc-6538p\/\" \/>\n<meta property=\"og:locale\" content=\"en_US\" \/>\n<meta property=\"og:type\" content=\"article\" \/>\n<meta property=\"og:title\" content=\"Ch\u1ee7ng chu\u1ea9n vi sinh \u0111\u1ecbnh t\u00ednh Staphylococcus aureus NCTC\u00ae 7447 \/ ATCC\u00ae 6538P - Biosciences\" \/>\n<meta property=\"og:description\" content=\"Selectrol\u00ae Staphylococcus aureus NCTC\u00ae 7447 \/ ATCC\u00ae 6538P l\u00e0 ch\u1ee7ng vi sinh v\u1eadt chu\u1ea9n do TCS Biosciences cung c\u1ea5p, \u0111\u01b0\u1ee3c s\u1eed d\u1ee5ng r\u1ed9ng r\u00e3i trong ki\u1ec3m nghi\u1ec7m vi sinh v\u00e0 nghi\u00ean c\u1ee9u khoa h\u1ecdc, \u0111\u1eb7c bi\u1ec7t trong ki\u1ec3m tra \u0111\u1ed9 nh\u1ea1y kh\u00e1ng sinh v\u00e0 th\u1eed nghi\u1ec7m ch\u1ea5t kh\u1eed tr\u00f9ng. Th\u00f4ng tin chi ti\u1ebft s\u1ea3n ph\u1ea9m: [&hellip;]\" \/>\n<meta property=\"og:url\" content=\"https:\/\/biosciences.vn\/index.php\/product\/chung-chuan-vi-sinh-dinh-tinh-staphylococcus-aureus-nctc-7447-atcc-6538p\/\" \/>\n<meta property=\"og:site_name\" content=\"Biosciences\" \/>\n<meta property=\"article:modified_time\" content=\"2025-08-28T07:55:09+00:00\" \/>\n<meta property=\"og:image\" content=\"https:\/\/biosciences.vn\/wp-content\/uploads\/2025\/03\/TCS-SELECTROL_01_v1.jpg\" \/>\n\t<meta property=\"og:image:width\" content=\"600\" \/>\n\t<meta property=\"og:image:height\" content=\"449\" \/>\n\t<meta property=\"og:image:type\" content=\"image\/jpeg\" \/>\n<meta name=\"twitter:card\" content=\"summary_large_image\" \/>\n<meta name=\"twitter:label1\" content=\"Est. reading time\" \/>\n\t<meta name=\"twitter:data1\" content=\"2 minutes\" \/>\n<script type=\"application\/ld+json\" class=\"yoast-schema-graph\">{\"@context\":\"https:\/\/schema.org\",\"@graph\":[{\"@type\":\"WebPage\",\"@id\":\"https:\/\/biosciences.vn\/index.php\/product\/chung-chuan-vi-sinh-dinh-tinh-staphylococcus-aureus-nctc-7447-atcc-6538p\/\",\"url\":\"https:\/\/biosciences.vn\/index.php\/product\/chung-chuan-vi-sinh-dinh-tinh-staphylococcus-aureus-nctc-7447-atcc-6538p\/\",\"name\":\"Ch\u1ee7ng chu\u1ea9n vi sinh \u0111\u1ecbnh t\u00ednh Staphylococcus aureus NCTC\u00ae 7447 \/ ATCC\u00ae 6538P - Biosciences\",\"isPartOf\":{\"@id\":\"https:\/\/biosciences.vn\/#website\"},\"primaryImageOfPage\":{\"@id\":\"https:\/\/biosciences.vn\/index.php\/product\/chung-chuan-vi-sinh-dinh-tinh-staphylococcus-aureus-nctc-7447-atcc-6538p\/#primaryimage\"},\"image\":{\"@id\":\"https:\/\/biosciences.vn\/index.php\/product\/chung-chuan-vi-sinh-dinh-tinh-staphylococcus-aureus-nctc-7447-atcc-6538p\/#primaryimage\"},\"thumbnailUrl\":\"https:\/\/biosciences.vn\/wp-content\/uploads\/2025\/03\/TCS-SELECTROL_01_v1.jpg\",\"datePublished\":\"2025-03-26T10:09:44+00:00\",\"dateModified\":\"2025-08-28T07:55:09+00:00\",\"breadcrumb\":{\"@id\":\"https:\/\/biosciences.vn\/index.php\/product\/chung-chuan-vi-sinh-dinh-tinh-staphylococcus-aureus-nctc-7447-atcc-6538p\/#breadcrumb\"},\"inLanguage\":\"en-US\",\"potentialAction\":[{\"@type\":\"ReadAction\",\"target\":[\"https:\/\/biosciences.vn\/index.php\/product\/chung-chuan-vi-sinh-dinh-tinh-staphylococcus-aureus-nctc-7447-atcc-6538p\/\"]}]},{\"@type\":\"ImageObject\",\"inLanguage\":\"en-US\",\"@id\":\"https:\/\/biosciences.vn\/index.php\/product\/chung-chuan-vi-sinh-dinh-tinh-staphylococcus-aureus-nctc-7447-atcc-6538p\/#primaryimage\",\"url\":\"https:\/\/biosciences.vn\/wp-content\/uploads\/2025\/03\/TCS-SELECTROL_01_v1.jpg\",\"contentUrl\":\"https:\/\/biosciences.vn\/wp-content\/uploads\/2025\/03\/TCS-SELECTROL_01_v1.jpg\",\"width\":600,\"height\":449},{\"@type\":\"BreadcrumbList\",\"@id\":\"https:\/\/biosciences.vn\/index.php\/product\/chung-chuan-vi-sinh-dinh-tinh-staphylococcus-aureus-nctc-7447-atcc-6538p\/#breadcrumb\",\"itemListElement\":[{\"@type\":\"ListItem\",\"position\":1,\"name\":\"Trang ch\u1ee7\",\"item\":\"https:\/\/biosciences.vn\/index.php\/en\/home\/\"},{\"@type\":\"ListItem\",\"position\":2,\"name\":\"Shop\",\"item\":\"https:\/\/biosciences.vn\/index.php\/shop\/\"},{\"@type\":\"ListItem\",\"position\":3,\"name\":\"Ch\u1ee7ng chu\u1ea9n vi sinh \u0111\u1ecbnh t\u00ednh Staphylococcus aureus NCTC\u00ae 7447 \/ ATCC\u00ae 6538P\"}]},{\"@type\":\"WebSite\",\"@id\":\"https:\/\/biosciences.vn\/#website\",\"url\":\"https:\/\/biosciences.vn\/\",\"name\":\"Biosciences\",\"description\":\"\",\"publisher\":{\"@id\":\"https:\/\/biosciences.vn\/#organization\"},\"potentialAction\":[{\"@type\":\"SearchAction\",\"target\":{\"@type\":\"EntryPoint\",\"urlTemplate\":\"https:\/\/biosciences.vn\/?s={search_term_string}\"},\"query-input\":{\"@type\":\"PropertyValueSpecification\",\"valueRequired\":true,\"valueName\":\"search_term_string\"}}],\"inLanguage\":\"en-US\"},{\"@type\":\"Organization\",\"@id\":\"https:\/\/biosciences.vn\/#organization\",\"name\":\"Biosciences\",\"url\":\"https:\/\/biosciences.vn\/\",\"logo\":{\"@type\":\"ImageObject\",\"inLanguage\":\"en-US\",\"@id\":\"https:\/\/biosciences.vn\/#\/schema\/logo\/image\/\",\"url\":\"https:\/\/biosciences.vn\/wp-content\/uploads\/2024\/04\/LOGO-BIOSCIENCES-PNG.png\",\"contentUrl\":\"https:\/\/biosciences.vn\/wp-content\/uploads\/2024\/04\/LOGO-BIOSCIENCES-PNG.png\",\"width\":2536,\"height\":638,\"caption\":\"Biosciences\"},\"image\":{\"@id\":\"https:\/\/biosciences.vn\/#\/schema\/logo\/image\/\"}}]}<\/script>\n<!-- \/ Yoast SEO plugin. -->","yoast_head_json":{"title":"Ch\u1ee7ng chu\u1ea9n vi sinh \u0111\u1ecbnh t\u00ednh Staphylococcus aureus NCTC\u00ae 7447 \/ ATCC\u00ae 6538P - Biosciences","robots":{"index":"index","follow":"follow","max-snippet":"max-snippet:-1","max-image-preview":"max-image-preview:large","max-video-preview":"max-video-preview:-1"},"canonical":"https:\/\/biosciences.vn\/index.php\/product\/chung-chuan-vi-sinh-dinh-tinh-staphylococcus-aureus-nctc-7447-atcc-6538p\/","og_locale":"en_US","og_type":"article","og_title":"Ch\u1ee7ng chu\u1ea9n vi sinh \u0111\u1ecbnh t\u00ednh Staphylococcus aureus NCTC\u00ae 7447 \/ ATCC\u00ae 6538P - Biosciences","og_description":"Selectrol\u00ae Staphylococcus aureus NCTC\u00ae 7447 \/ ATCC\u00ae 6538P l\u00e0 ch\u1ee7ng vi sinh v\u1eadt chu\u1ea9n do TCS Biosciences cung c\u1ea5p, \u0111\u01b0\u1ee3c s\u1eed d\u1ee5ng r\u1ed9ng r\u00e3i trong ki\u1ec3m nghi\u1ec7m vi sinh v\u00e0 nghi\u00ean c\u1ee9u khoa h\u1ecdc, \u0111\u1eb7c bi\u1ec7t trong ki\u1ec3m tra \u0111\u1ed9 nh\u1ea1y kh\u00e1ng sinh v\u00e0 th\u1eed nghi\u1ec7m ch\u1ea5t kh\u1eed tr\u00f9ng. Th\u00f4ng tin chi ti\u1ebft s\u1ea3n ph\u1ea9m: [&hellip;]","og_url":"https:\/\/biosciences.vn\/index.php\/product\/chung-chuan-vi-sinh-dinh-tinh-staphylococcus-aureus-nctc-7447-atcc-6538p\/","og_site_name":"Biosciences","article_modified_time":"2025-08-28T07:55:09+00:00","og_image":[{"width":600,"height":449,"url":"https:\/\/biosciences.vn\/wp-content\/uploads\/2025\/03\/TCS-SELECTROL_01_v1.jpg","type":"image\/jpeg"}],"twitter_card":"summary_large_image","twitter_misc":{"Est. reading time":"2 minutes"},"schema":{"@context":"https:\/\/schema.org","@graph":[{"@type":"WebPage","@id":"https:\/\/biosciences.vn\/index.php\/product\/chung-chuan-vi-sinh-dinh-tinh-staphylococcus-aureus-nctc-7447-atcc-6538p\/","url":"https:\/\/biosciences.vn\/index.php\/product\/chung-chuan-vi-sinh-dinh-tinh-staphylococcus-aureus-nctc-7447-atcc-6538p\/","name":"Ch\u1ee7ng chu\u1ea9n vi sinh \u0111\u1ecbnh t\u00ednh Staphylococcus aureus NCTC\u00ae 7447 \/ ATCC\u00ae 6538P - Biosciences","isPartOf":{"@id":"https:\/\/biosciences.vn\/#website"},"primaryImageOfPage":{"@id":"https:\/\/biosciences.vn\/index.php\/product\/chung-chuan-vi-sinh-dinh-tinh-staphylococcus-aureus-nctc-7447-atcc-6538p\/#primaryimage"},"image":{"@id":"https:\/\/biosciences.vn\/index.php\/product\/chung-chuan-vi-sinh-dinh-tinh-staphylococcus-aureus-nctc-7447-atcc-6538p\/#primaryimage"},"thumbnailUrl":"https:\/\/biosciences.vn\/wp-content\/uploads\/2025\/03\/TCS-SELECTROL_01_v1.jpg","datePublished":"2025-03-26T10:09:44+00:00","dateModified":"2025-08-28T07:55:09+00:00","breadcrumb":{"@id":"https:\/\/biosciences.vn\/index.php\/product\/chung-chuan-vi-sinh-dinh-tinh-staphylococcus-aureus-nctc-7447-atcc-6538p\/#breadcrumb"},"inLanguage":"en-US","potentialAction":[{"@type":"ReadAction","target":["https:\/\/biosciences.vn\/index.php\/product\/chung-chuan-vi-sinh-dinh-tinh-staphylococcus-aureus-nctc-7447-atcc-6538p\/"]}]},{"@type":"ImageObject","inLanguage":"en-US","@id":"https:\/\/biosciences.vn\/index.php\/product\/chung-chuan-vi-sinh-dinh-tinh-staphylococcus-aureus-nctc-7447-atcc-6538p\/#primaryimage","url":"https:\/\/biosciences.vn\/wp-content\/uploads\/2025\/03\/TCS-SELECTROL_01_v1.jpg","contentUrl":"https:\/\/biosciences.vn\/wp-content\/uploads\/2025\/03\/TCS-SELECTROL_01_v1.jpg","width":600,"height":449},{"@type":"BreadcrumbList","@id":"https:\/\/biosciences.vn\/index.php\/product\/chung-chuan-vi-sinh-dinh-tinh-staphylococcus-aureus-nctc-7447-atcc-6538p\/#breadcrumb","itemListElement":[{"@type":"ListItem","position":1,"name":"Trang ch\u1ee7","item":"https:\/\/biosciences.vn\/index.php\/en\/home\/"},{"@type":"ListItem","position":2,"name":"Shop","item":"https:\/\/biosciences.vn\/index.php\/shop\/"},{"@type":"ListItem","position":3,"name":"Ch\u1ee7ng chu\u1ea9n vi sinh \u0111\u1ecbnh t\u00ednh Staphylococcus aureus NCTC\u00ae 7447 \/ ATCC\u00ae 6538P"}]},{"@type":"WebSite","@id":"https:\/\/biosciences.vn\/#website","url":"https:\/\/biosciences.vn\/","name":"Biosciences","description":"","publisher":{"@id":"https:\/\/biosciences.vn\/#organization"},"potentialAction":[{"@type":"SearchAction","target":{"@type":"EntryPoint","urlTemplate":"https:\/\/biosciences.vn\/?s={search_term_string}"},"query-input":{"@type":"PropertyValueSpecification","valueRequired":true,"valueName":"search_term_string"}}],"inLanguage":"en-US"},{"@type":"Organization","@id":"https:\/\/biosciences.vn\/#organization","name":"Biosciences","url":"https:\/\/biosciences.vn\/","logo":{"@type":"ImageObject","inLanguage":"en-US","@id":"https:\/\/biosciences.vn\/#\/schema\/logo\/image\/","url":"https:\/\/biosciences.vn\/wp-content\/uploads\/2024\/04\/LOGO-BIOSCIENCES-PNG.png","contentUrl":"https:\/\/biosciences.vn\/wp-content\/uploads\/2024\/04\/LOGO-BIOSCIENCES-PNG.png","width":2536,"height":638,"caption":"Biosciences"},"image":{"@id":"https:\/\/biosciences.vn\/#\/schema\/logo\/image\/"}}]}},"brands":[{"id":644,"name":"TCS Biosciences","slug":"tcs-biosciences-vi"}],"_links":{"self":[{"href":"https:\/\/biosciences.vn\/index.php\/wp-json\/wp\/v2\/product\/6859"}],"collection":[{"href":"https:\/\/biosciences.vn\/index.php\/wp-json\/wp\/v2\/product"}],"about":[{"href":"https:\/\/biosciences.vn\/index.php\/wp-json\/wp\/v2\/types\/product"}],"replies":[{"embeddable":true,"href":"https:\/\/biosciences.vn\/index.php\/wp-json\/wp\/v2\/comments?post=6859"}],"wp:featuredmedia":[{"embeddable":true,"href":"https:\/\/biosciences.vn\/index.php\/wp-json\/wp\/v2\/media\/6710"}],"wp:attachment":[{"href":"https:\/\/biosciences.vn\/index.php\/wp-json\/wp\/v2\/media?parent=6859"}],"wp:term":[{"taxonomy":"pwb-brand","embeddable":true,"href":"https:\/\/biosciences.vn\/index.php\/wp-json\/wp\/v2\/pwb-brand?post=6859"},{"taxonomy":"product_cat","embeddable":true,"href":"https:\/\/biosciences.vn\/index.php\/wp-json\/wp\/v2\/product_cat?post=6859"},{"taxonomy":"product_tag","embeddable":true,"href":"https:\/\/biosciences.vn\/index.php\/wp-json\/wp\/v2\/product_tag?post=6859"}],"curies":[{"name":"wp","href":"https:\/\/api.w.org\/{rel}","templated":true}]}}