{"id":6999,"date":"2025-08-29T14:30:15","date_gmt":"2025-08-29T07:30:15","guid":{"rendered":"https:\/\/biosciences.vn\/?post_type=product&#038;p=6999"},"modified":"2025-08-29T14:57:20","modified_gmt":"2025-08-29T07:57:20","slug":"acanthamoeba-spp-qpcr-kit","status":"publish","type":"product","link":"https:\/\/biosciences.vn\/index.php\/product\/acanthamoeba-spp-qpcr-kit\/","title":{"rendered":"Acanthamoeba spp qPCR Kit (MD04981)"},"content":{"rendered":"<p><i><span dir=\"auto\">Acanthamoeba<\/span><\/i><span dir=\"auto\">\u00a0l\u00e0 m\u1ed9t chi amip th\u01b0\u1eddng \u0111\u01b0\u1ee3c t\u00ecm th\u1ea5y trong \u0111\u1ea5t, n\u01b0\u1edbc ng\u1ecdt v\u00e0 c\u00e1c m\u00f4i tr\u01b0\u1eddng s\u1ed1ng kh\u00e1c. Trong t\u1ef1 nhi\u00ean, c\u00e1c lo\u00e0i\u00a0<\/span><i><span dir=\"auto\">Acanthamoeba<\/span><\/i><span dir=\"auto\">\u00a0l\u00e0 lo\u00e0i \u0103n vi khu\u1ea9n s\u1ed1ng t\u1ef1 do, nh\u01b0ng trong m\u1ed9t s\u1ed1 tr\u01b0\u1eddng h\u1ee3p, ch\u00fang c\u00f3 th\u1ec3 g\u00e2y nhi\u1ec5m tr\u00f9ng (b\u1ec7nh acanthamebiasis) \u1edf ng\u01b0\u1eddi v\u00e0 c\u00e1c \u0111\u1ed9ng v\u1eadt kh\u00e1c.<\/span><\/p>\n<p><span dir=\"auto\">B\u1ed9 d\u1ee5ng c\u1ee5 qPCR Acanthamoeba spp \u0111\u01b0\u1ee3c thi\u1ebft k\u1ebf \u0111\u1ec3 ph\u00e1t hi\u1ec7n\u00a0<\/span><i><span dir=\"auto\">in vitro<\/span><\/i><span dir=\"auto\">\u00a0b\u1ed9 gen c\u1ee7a c\u00e1c lo\u00e0i\u00a0<\/span><i><span dir=\"auto\">Acanthamoeba<\/span><\/i><span dir=\"auto\">\u00a0spp. B\u1ed9 d\u1ee5ng c\u1ee5 \u0111\u01b0\u1ee3c ch\u1ebf t\u1ea1o \u0111\u1ec3 c\u00f3 h\u1ed3 s\u01a1 ph\u00e1t hi\u1ec7n r\u1ed9ng nh\u1ea5t c\u00f3 th\u1ec3 trong khi v\u1eabn \u0111\u1eb7c hi\u1ec7u v\u1edbi c\u00e1c lo\u00e0i\u00a0<\/span><i><span dir=\"auto\">Acanthamoeba<\/span><\/i><span dir=\"auto\">\u00a0. Do \u0111\u00f3, b\u1ed9 d\u1ee5ng c\u1ee5 n\u00e0y \u0111\u01b0\u1ee3c thi\u1ebft k\u1ebf \u0111\u1ec3 ph\u00e1t hi\u1ec7n\u00a0<\/span><i><span dir=\"auto\">in vitro<\/span><\/i><span dir=\"auto\">\u00a0\u0111\u1eb7c hi\u1ec7u (bao g\u1ed3m) v\u00e0 \u0111\u1ed9c quy\u1ec1n (\u0111\u1ed9c quy\u1ec1n) c\u1ee7a chi n\u00e0y. C\u00e1c tr\u00ecnh t\u1ef1 m\u1ed3i v\u00e0 \u0111\u1ea7u d\u00f2 c\u00f3 \u0111\u1ed9 \u0111\u1ed3ng nh\u1ea5t r\u1ea5t cao (&gt;95%) v\u1edbi m\u1ed9t lo\u1ea1t c\u00e1c b\u1ed9 gen c\u1ee7a c\u00e1c lo\u00e0i\u00a0<\/span><i><span dir=\"auto\">Acanthamoeba<\/span><\/i><span dir=\"auto\">\u00a0spp. d\u1ef1a tr\u00ean ph\u00e2n t\u00edch tin sinh h\u1ecdc to\u00e0n di\u1ec7n v\u1edbi t\u1ea5t c\u1ea3 d\u1eef li\u1ec7u tham chi\u1ebfu trong c\u01a1 s\u1edf d\u1eef li\u1ec7u NCBI. C\u00e1c chi c\u00f3 li\u00ean quan ch\u1eb7t ch\u1ebd kh\u00e1c kh\u00f4ng \u0111\u01b0\u1ee3c ph\u00e1t hi\u1ec7n. C\u00e1c ph\u01b0\u01a1ng ph\u00e1p ph\u00e1t hi\u1ec7n PCR th\u1eddi gian th\u1ef1c \u0111\u00e3 \u0111\u01b0\u1ee3c s\u1eed d\u1ee5ng trong m\u1ed9t s\u1ed1 nghi\u00ean c\u1ee9u \u0111\u1ec3 x\u00e1c \u0111\u1ecbnh\u00a0<\/span><i><span dir=\"auto\">c\u00e1c lo\u00e0i Acanthamoeba<\/span><\/i><span dir=\"auto\">\u00a0spp. b\u1ed9 gen (Kao P.\u00a0<\/span><i><span dir=\"auto\">v\u00e0 c\u1ed9ng s\u1ef1<\/span><\/i><span dir=\"auto\">\u00a02013).<\/span><\/p>\n<p><span dir=\"auto\">B\u1ed9 d\u1ee5ng c\u1ee5 n\u00e0y \u0111\u01b0\u1ee3c thi\u1ebft k\u1ebf v\u00e0 x\u00e1c nh\u1eadn t\u1ec9 m\u1ec9 \u0111\u1ec3 \u0111\u00e1p \u1ee9ng c\u00e1c ti\u00eau ch\u00ed nghi\u00eam ng\u1eb7t c\u1ee7a x\u00e9t nghi\u1ec7m \u0111\u1ecbnh l\u01b0\u1ee3ng. Tuy nhi\u00ean, \u0111i\u1ec1u quan tr\u1ecdng c\u1ea7n l\u01b0u \u00fd l\u00e0 \u0110\u1ed1i ch\u1ee9ng D\u01b0\u01a1ng t\u00ednh \u0111\u01b0\u1ee3c cung c\u1ea5p kh\u00f4ng d\u00f9ng cho m\u1ee5c \u0111\u00edch \u0111\u1ecbnh l\u01b0\u1ee3ng. Ch\u00fang t\u00f4i khuy\u00ean b\u1ea1n n\u00ean ki\u1ec3m tra trang web c\u1ee7a NZYtech \u0111\u1ec3 bi\u1ebft th\u00f4ng tin v\u1ec1 Ti\u00eau chu\u1ea9n \u0110\u1ecbnh l\u01b0\u1ee3ng ph\u00f9 h\u1ee3p cho vi\u1ec7c \u0111\u1ecbnh l\u01b0\u1ee3ng ch\u00ednh x\u00e1c. Ngo\u00e0i ra, b\u1ea1n c\u0169ng c\u00f3 th\u1ec3 s\u1eed d\u1ee5ng c\u00e1c ti\u00eau chu\u1ea9n DNA b\u1ed9 gen th\u01b0\u01a1ng m\u1ea1i.<\/span><\/p>\n<p><span dir=\"auto\">N\u1ebfu c\u1ea7n, b\u1ed9 d\u1ee5ng c\u1ee5 b\u1ed5 sung \u0111\u1ec3 ph\u00e1t hi\u1ec7n gen n\u1ed9i sinh c\u1ee7a lo\u00e0i m\u00e0 m\u1eabu \u0111ang \u0111\u01b0\u1ee3c chi\u1ebft xu\u1ea5t c\u00f3 s\u1eb5n t\u1ea1i NZYtech (xem m\u1ee5c\u00a0<\/span><a href=\"https:\/\/www.nzytech.com\/en\/molecular-diagnostics\/human\/endogenous-controls\/\"><span dir=\"auto\">Con ng\u01b0\u1eddi<\/span><\/a><span dir=\"auto\">\u00a0). Vi\u1ec7c s\u1eed d\u1ee5ng b\u1ed5 sung ph\u1ea3n \u1ee9ng Ph\u00e1t hi\u1ec7n N\u1ed9i sinh cung c\u1ea5p x\u00e1c nh\u1eadn ch\u1eafc ch\u1eafn r\u1eb1ng axit nucleic \u0111\u00e3 \u0111\u01b0\u1ee3c chi\u1ebft xu\u1ea5t \u0111\u00fang c\u00e1ch t\u1eeb ma tr\u1eadn sinh h\u1ecdc \u0111\u00e3 ch\u1ecdn. N\u1ebfu b\u1ea1n c\u1ea7n th\u00eam th\u00f4ng tin ho\u1eb7c c\u00f3 c\u00e2u h\u1ecfi c\u1ee5 th\u1ec3 v\u1ec1 h\u1ed3 s\u01a1 ph\u00e1t hi\u1ec7n c\u1ee7a b\u1ed9 d\u1ee5ng c\u1ee5 n\u00e0y, vui l\u00f2ng g\u1eedi email \u0111\u1ebfn info@NZYtech.com v\u00e0 \u0111\u1ed9i ng\u0169 khoa h\u1ecdc c\u1ee7a ch\u00fang t\u00f4i s\u1ebd tr\u1ea3 l\u1eddi c\u00e2u h\u1ecfi c\u1ee7a b\u1ea1n. B\u1ed9 d\u1ee5ng c\u1ee5 n\u00e0y \u0111\u01b0\u1ee3c thi\u1ebft k\u1ebf \u0111\u1ec3 ng\u01b0\u1eddi d\u00f9ng \u0111\u01b0\u1ee3c \u0111\u00e0o t\u1ea1o s\u1eed d\u1ee5ng trong m\u00f4i tr\u01b0\u1eddng ph\u00f2ng th\u00ed nghi\u1ec7m sinh h\u1ecdc ph\u00e2n t\u1eed ph\u00f9 h\u1ee3p.<\/span><\/p>\n","protected":false},"excerpt":{"rendered":"<p>Acanthamoeba\u00a0l\u00e0 m\u1ed9t chi amip th\u01b0\u1eddng \u0111\u01b0\u1ee3c t\u00ecm th\u1ea5y trong \u0111\u1ea5t, n\u01b0\u1edbc ng\u1ecdt v\u00e0 c\u00e1c m\u00f4i tr\u01b0\u1eddng s\u1ed1ng kh\u00e1c. Trong t\u1ef1 nhi\u00ean, c\u00e1c lo\u00e0i\u00a0Acanthamoeba\u00a0l\u00e0 lo\u00e0i \u0103n vi khu\u1ea9n s\u1ed1ng t\u1ef1 do, nh\u01b0ng trong m\u1ed9t s\u1ed1 tr\u01b0\u1eddng h\u1ee3p, ch\u00fang c\u00f3 th\u1ec3 g\u00e2y nhi\u1ec5m tr\u00f9ng (b\u1ec7nh acanthamebiasis) \u1edf ng\u01b0\u1eddi v\u00e0 c\u00e1c \u0111\u1ed9ng v\u1eadt kh\u00e1c. B\u1ed9 d\u1ee5ng c\u1ee5 qPCR [&hellip;]<\/p>\n","protected":false},"featured_media":6394,"comment_status":"open","ping_status":"closed","template":"","meta":[],"pwb-brand":[933],"product_cat":[437,846,854],"product_tag":[969],"class_list":{"0":"post-6999","1":"product","2":"type-product","3":"status-publish","4":"has-post-thumbnail","6":"pwb-brand-nzytech","7":"product_cat-chan-doan-lam-sang","8":"product_cat-hoa-chat-chan-doan-phan-tu","9":"product_cat-pcr-qpcr","10":"product_tag-predesigned-qpcr-assays","12":"first","13":"onbackorder","14":"shipping-taxable","15":"purchasable","16":"product-type-simple"},"yoast_head":"<!-- This site is optimized with the Yoast SEO plugin v23.6 - https:\/\/yoast.com\/wordpress\/plugins\/seo\/ -->\n<title>Acanthamoeba spp qPCR Kit (MD04981) - Biosciences<\/title>\n<meta name=\"robots\" content=\"index, follow, max-snippet:-1, max-image-preview:large, max-video-preview:-1\" \/>\n<link rel=\"canonical\" href=\"https:\/\/biosciences.vn\/index.php\/product\/acanthamoeba-spp-qpcr-kit\/\" \/>\n<meta property=\"og:locale\" content=\"en_US\" \/>\n<meta property=\"og:type\" content=\"article\" \/>\n<meta property=\"og:title\" content=\"Acanthamoeba spp qPCR Kit (MD04981) - Biosciences\" \/>\n<meta property=\"og:description\" content=\"Acanthamoeba\u00a0l\u00e0 m\u1ed9t chi amip th\u01b0\u1eddng \u0111\u01b0\u1ee3c t\u00ecm th\u1ea5y trong \u0111\u1ea5t, n\u01b0\u1edbc ng\u1ecdt v\u00e0 c\u00e1c m\u00f4i tr\u01b0\u1eddng s\u1ed1ng kh\u00e1c. Trong t\u1ef1 nhi\u00ean, c\u00e1c lo\u00e0i\u00a0Acanthamoeba\u00a0l\u00e0 lo\u00e0i \u0103n vi khu\u1ea9n s\u1ed1ng t\u1ef1 do, nh\u01b0ng trong m\u1ed9t s\u1ed1 tr\u01b0\u1eddng h\u1ee3p, ch\u00fang c\u00f3 th\u1ec3 g\u00e2y nhi\u1ec5m tr\u00f9ng (b\u1ec7nh acanthamebiasis) \u1edf ng\u01b0\u1eddi v\u00e0 c\u00e1c \u0111\u1ed9ng v\u1eadt kh\u00e1c. B\u1ed9 d\u1ee5ng c\u1ee5 qPCR [&hellip;]\" \/>\n<meta property=\"og:url\" content=\"https:\/\/biosciences.vn\/index.php\/product\/acanthamoeba-spp-qpcr-kit\/\" \/>\n<meta property=\"og:site_name\" content=\"Biosciences\" \/>\n<meta property=\"article:modified_time\" content=\"2025-08-29T07:57:20+00:00\" \/>\n<meta property=\"og:image\" content=\"https:\/\/biosciences.vn\/wp-content\/uploads\/2024\/10\/NZYtech-.jpg\" \/>\n\t<meta property=\"og:image:width\" content=\"700\" \/>\n\t<meta property=\"og:image:height\" content=\"700\" \/>\n\t<meta property=\"og:image:type\" content=\"image\/jpeg\" \/>\n<meta name=\"twitter:card\" content=\"summary_large_image\" \/>\n<meta name=\"twitter:label1\" content=\"Est. reading time\" \/>\n\t<meta name=\"twitter:data1\" content=\"3 minutes\" \/>\n<script type=\"application\/ld+json\" class=\"yoast-schema-graph\">{\"@context\":\"https:\/\/schema.org\",\"@graph\":[{\"@type\":\"WebPage\",\"@id\":\"https:\/\/biosciences.vn\/index.php\/product\/acanthamoeba-spp-qpcr-kit\/\",\"url\":\"https:\/\/biosciences.vn\/index.php\/product\/acanthamoeba-spp-qpcr-kit\/\",\"name\":\"Acanthamoeba spp qPCR Kit (MD04981) - Biosciences\",\"isPartOf\":{\"@id\":\"https:\/\/biosciences.vn\/#website\"},\"primaryImageOfPage\":{\"@id\":\"https:\/\/biosciences.vn\/index.php\/product\/acanthamoeba-spp-qpcr-kit\/#primaryimage\"},\"image\":{\"@id\":\"https:\/\/biosciences.vn\/index.php\/product\/acanthamoeba-spp-qpcr-kit\/#primaryimage\"},\"thumbnailUrl\":\"https:\/\/biosciences.vn\/wp-content\/uploads\/2024\/10\/NZYtech-.jpg\",\"datePublished\":\"2025-08-29T07:30:15+00:00\",\"dateModified\":\"2025-08-29T07:57:20+00:00\",\"breadcrumb\":{\"@id\":\"https:\/\/biosciences.vn\/index.php\/product\/acanthamoeba-spp-qpcr-kit\/#breadcrumb\"},\"inLanguage\":\"en-US\",\"potentialAction\":[{\"@type\":\"ReadAction\",\"target\":[\"https:\/\/biosciences.vn\/index.php\/product\/acanthamoeba-spp-qpcr-kit\/\"]}]},{\"@type\":\"ImageObject\",\"inLanguage\":\"en-US\",\"@id\":\"https:\/\/biosciences.vn\/index.php\/product\/acanthamoeba-spp-qpcr-kit\/#primaryimage\",\"url\":\"https:\/\/biosciences.vn\/wp-content\/uploads\/2024\/10\/NZYtech-.jpg\",\"contentUrl\":\"https:\/\/biosciences.vn\/wp-content\/uploads\/2024\/10\/NZYtech-.jpg\",\"width\":700,\"height\":700},{\"@type\":\"BreadcrumbList\",\"@id\":\"https:\/\/biosciences.vn\/index.php\/product\/acanthamoeba-spp-qpcr-kit\/#breadcrumb\",\"itemListElement\":[{\"@type\":\"ListItem\",\"position\":1,\"name\":\"Trang ch\u1ee7\",\"item\":\"https:\/\/biosciences.vn\/index.php\/en\/home\/\"},{\"@type\":\"ListItem\",\"position\":2,\"name\":\"Shop\",\"item\":\"https:\/\/biosciences.vn\/index.php\/shop\/\"},{\"@type\":\"ListItem\",\"position\":3,\"name\":\"Acanthamoeba spp qPCR Kit (MD04981)\"}]},{\"@type\":\"WebSite\",\"@id\":\"https:\/\/biosciences.vn\/#website\",\"url\":\"https:\/\/biosciences.vn\/\",\"name\":\"Biosciences\",\"description\":\"\",\"publisher\":{\"@id\":\"https:\/\/biosciences.vn\/#organization\"},\"potentialAction\":[{\"@type\":\"SearchAction\",\"target\":{\"@type\":\"EntryPoint\",\"urlTemplate\":\"https:\/\/biosciences.vn\/?s={search_term_string}\"},\"query-input\":{\"@type\":\"PropertyValueSpecification\",\"valueRequired\":true,\"valueName\":\"search_term_string\"}}],\"inLanguage\":\"en-US\"},{\"@type\":\"Organization\",\"@id\":\"https:\/\/biosciences.vn\/#organization\",\"name\":\"Biosciences\",\"url\":\"https:\/\/biosciences.vn\/\",\"logo\":{\"@type\":\"ImageObject\",\"inLanguage\":\"en-US\",\"@id\":\"https:\/\/biosciences.vn\/#\/schema\/logo\/image\/\",\"url\":\"https:\/\/biosciences.vn\/wp-content\/uploads\/2024\/04\/LOGO-BIOSCIENCES-PNG.png\",\"contentUrl\":\"https:\/\/biosciences.vn\/wp-content\/uploads\/2024\/04\/LOGO-BIOSCIENCES-PNG.png\",\"width\":2536,\"height\":638,\"caption\":\"Biosciences\"},\"image\":{\"@id\":\"https:\/\/biosciences.vn\/#\/schema\/logo\/image\/\"}}]}<\/script>\n<!-- \/ Yoast SEO plugin. -->","yoast_head_json":{"title":"Acanthamoeba spp qPCR Kit (MD04981) - Biosciences","robots":{"index":"index","follow":"follow","max-snippet":"max-snippet:-1","max-image-preview":"max-image-preview:large","max-video-preview":"max-video-preview:-1"},"canonical":"https:\/\/biosciences.vn\/index.php\/product\/acanthamoeba-spp-qpcr-kit\/","og_locale":"en_US","og_type":"article","og_title":"Acanthamoeba spp qPCR Kit (MD04981) - Biosciences","og_description":"Acanthamoeba\u00a0l\u00e0 m\u1ed9t chi amip th\u01b0\u1eddng \u0111\u01b0\u1ee3c t\u00ecm th\u1ea5y trong \u0111\u1ea5t, n\u01b0\u1edbc ng\u1ecdt v\u00e0 c\u00e1c m\u00f4i tr\u01b0\u1eddng s\u1ed1ng kh\u00e1c. Trong t\u1ef1 nhi\u00ean, c\u00e1c lo\u00e0i\u00a0Acanthamoeba\u00a0l\u00e0 lo\u00e0i \u0103n vi khu\u1ea9n s\u1ed1ng t\u1ef1 do, nh\u01b0ng trong m\u1ed9t s\u1ed1 tr\u01b0\u1eddng h\u1ee3p, ch\u00fang c\u00f3 th\u1ec3 g\u00e2y nhi\u1ec5m tr\u00f9ng (b\u1ec7nh acanthamebiasis) \u1edf ng\u01b0\u1eddi v\u00e0 c\u00e1c \u0111\u1ed9ng v\u1eadt kh\u00e1c. B\u1ed9 d\u1ee5ng c\u1ee5 qPCR [&hellip;]","og_url":"https:\/\/biosciences.vn\/index.php\/product\/acanthamoeba-spp-qpcr-kit\/","og_site_name":"Biosciences","article_modified_time":"2025-08-29T07:57:20+00:00","og_image":[{"width":700,"height":700,"url":"https:\/\/biosciences.vn\/wp-content\/uploads\/2024\/10\/NZYtech-.jpg","type":"image\/jpeg"}],"twitter_card":"summary_large_image","twitter_misc":{"Est. reading time":"3 minutes"},"schema":{"@context":"https:\/\/schema.org","@graph":[{"@type":"WebPage","@id":"https:\/\/biosciences.vn\/index.php\/product\/acanthamoeba-spp-qpcr-kit\/","url":"https:\/\/biosciences.vn\/index.php\/product\/acanthamoeba-spp-qpcr-kit\/","name":"Acanthamoeba spp qPCR Kit (MD04981) - Biosciences","isPartOf":{"@id":"https:\/\/biosciences.vn\/#website"},"primaryImageOfPage":{"@id":"https:\/\/biosciences.vn\/index.php\/product\/acanthamoeba-spp-qpcr-kit\/#primaryimage"},"image":{"@id":"https:\/\/biosciences.vn\/index.php\/product\/acanthamoeba-spp-qpcr-kit\/#primaryimage"},"thumbnailUrl":"https:\/\/biosciences.vn\/wp-content\/uploads\/2024\/10\/NZYtech-.jpg","datePublished":"2025-08-29T07:30:15+00:00","dateModified":"2025-08-29T07:57:20+00:00","breadcrumb":{"@id":"https:\/\/biosciences.vn\/index.php\/product\/acanthamoeba-spp-qpcr-kit\/#breadcrumb"},"inLanguage":"en-US","potentialAction":[{"@type":"ReadAction","target":["https:\/\/biosciences.vn\/index.php\/product\/acanthamoeba-spp-qpcr-kit\/"]}]},{"@type":"ImageObject","inLanguage":"en-US","@id":"https:\/\/biosciences.vn\/index.php\/product\/acanthamoeba-spp-qpcr-kit\/#primaryimage","url":"https:\/\/biosciences.vn\/wp-content\/uploads\/2024\/10\/NZYtech-.jpg","contentUrl":"https:\/\/biosciences.vn\/wp-content\/uploads\/2024\/10\/NZYtech-.jpg","width":700,"height":700},{"@type":"BreadcrumbList","@id":"https:\/\/biosciences.vn\/index.php\/product\/acanthamoeba-spp-qpcr-kit\/#breadcrumb","itemListElement":[{"@type":"ListItem","position":1,"name":"Trang ch\u1ee7","item":"https:\/\/biosciences.vn\/index.php\/en\/home\/"},{"@type":"ListItem","position":2,"name":"Shop","item":"https:\/\/biosciences.vn\/index.php\/shop\/"},{"@type":"ListItem","position":3,"name":"Acanthamoeba spp qPCR Kit (MD04981)"}]},{"@type":"WebSite","@id":"https:\/\/biosciences.vn\/#website","url":"https:\/\/biosciences.vn\/","name":"Biosciences","description":"","publisher":{"@id":"https:\/\/biosciences.vn\/#organization"},"potentialAction":[{"@type":"SearchAction","target":{"@type":"EntryPoint","urlTemplate":"https:\/\/biosciences.vn\/?s={search_term_string}"},"query-input":{"@type":"PropertyValueSpecification","valueRequired":true,"valueName":"search_term_string"}}],"inLanguage":"en-US"},{"@type":"Organization","@id":"https:\/\/biosciences.vn\/#organization","name":"Biosciences","url":"https:\/\/biosciences.vn\/","logo":{"@type":"ImageObject","inLanguage":"en-US","@id":"https:\/\/biosciences.vn\/#\/schema\/logo\/image\/","url":"https:\/\/biosciences.vn\/wp-content\/uploads\/2024\/04\/LOGO-BIOSCIENCES-PNG.png","contentUrl":"https:\/\/biosciences.vn\/wp-content\/uploads\/2024\/04\/LOGO-BIOSCIENCES-PNG.png","width":2536,"height":638,"caption":"Biosciences"},"image":{"@id":"https:\/\/biosciences.vn\/#\/schema\/logo\/image\/"}}]}},"brands":[{"id":933,"name":"NZYtech","slug":"nzytech"}],"_links":{"self":[{"href":"https:\/\/biosciences.vn\/index.php\/wp-json\/wp\/v2\/product\/6999"}],"collection":[{"href":"https:\/\/biosciences.vn\/index.php\/wp-json\/wp\/v2\/product"}],"about":[{"href":"https:\/\/biosciences.vn\/index.php\/wp-json\/wp\/v2\/types\/product"}],"replies":[{"embeddable":true,"href":"https:\/\/biosciences.vn\/index.php\/wp-json\/wp\/v2\/comments?post=6999"}],"wp:featuredmedia":[{"embeddable":true,"href":"https:\/\/biosciences.vn\/index.php\/wp-json\/wp\/v2\/media\/6394"}],"wp:attachment":[{"href":"https:\/\/biosciences.vn\/index.php\/wp-json\/wp\/v2\/media?parent=6999"}],"wp:term":[{"taxonomy":"pwb-brand","embeddable":true,"href":"https:\/\/biosciences.vn\/index.php\/wp-json\/wp\/v2\/pwb-brand?post=6999"},{"taxonomy":"product_cat","embeddable":true,"href":"https:\/\/biosciences.vn\/index.php\/wp-json\/wp\/v2\/product_cat?post=6999"},{"taxonomy":"product_tag","embeddable":true,"href":"https:\/\/biosciences.vn\/index.php\/wp-json\/wp\/v2\/product_tag?post=6999"}],"curies":[{"name":"wp","href":"https:\/\/api.w.org\/{rel}","templated":true}]}}