{"id":7000,"date":"2025-08-29T14:30:15","date_gmt":"2025-08-29T07:30:15","guid":{"rendered":"https:\/\/biosciences.vn\/?post_type=product&#038;p=7000"},"modified":"2025-08-29T14:57:20","modified_gmt":"2025-08-29T07:57:20","slug":"acanthamoeba-spp-qpcr-kit-2","status":"publish","type":"product","link":"https:\/\/biosciences.vn\/index.php\/product\/acanthamoeba-spp-qpcr-kit-2\/","title":{"rendered":"Acanthamoeba spp qPCR Kit (MD04982)"},"content":{"rendered":"<h2 data-start=\"142\" data-end=\"187\">B\u1ed9 kit qPCR ph\u00e1t hi\u1ec7n <strong data-start=\"167\" data-end=\"187\">Acanthamoeba spp<\/strong><\/h2>\n<h3 data-start=\"189\" data-end=\"209\">M\u00f4 t\u1ea3 s\u1ea3n ph\u1ea9m<\/h3>\n<p data-start=\"210\" data-end=\"429\"><em data-start=\"210\" data-end=\"224\">Acanthamoeba<\/em> l\u00e0 m\u1ed9t chi am\u00edp th\u01b0\u1eddng xu\u1ea5t hi\u1ec7n trong \u0111\u1ea5t, n\u01b0\u1edbc ng\u1ecdt v\u00e0 m\u00f4i tr\u01b0\u1eddng t\u1ef1 nhi\u00ean. B\u00ecnh th\u01b0\u1eddng ch\u00fang s\u1ed1ng t\u1ef1 do, nh\u01b0ng trong m\u1ed9t s\u1ed1 tr\u01b0\u1eddng h\u1ee3p c\u00f3 th\u1ec3 g\u00e2y b\u1ec7nh nguy hi\u1ec3m (acanthamebiasis) \u1edf ng\u01b0\u1eddi v\u00e0 \u0111\u1ed9ng v\u1eadt.<\/p>\n<p data-start=\"431\" data-end=\"787\"><strong data-start=\"431\" data-end=\"463\">B\u1ed9 kit qPCR Acanthamoeba spp<\/strong> \u0111\u01b0\u1ee3c ph\u00e1t tri\u1ec3n chuy\u00ean bi\u1ec7t \u0111\u1ec3 ph\u00e1t hi\u1ec7n <strong data-start=\"505\" data-end=\"517\">in vitro<\/strong> b\u1ed9 gen <em data-start=\"525\" data-end=\"539\">Acanthamoeba<\/em> v\u1edbi \u0111\u1ed9 nh\u1ea1y cao v\u00e0 \u0111\u1ed9 \u0111\u1eb7c hi\u1ec7u v\u01b0\u1ee3t tr\u1ed9i. S\u1ea3n ph\u1ea9m ph\u00f9 h\u1ee3p s\u1eed d\u1ee5ng trong c\u00e1c ph\u00f2ng th\u00ed nghi\u1ec7m sinh h\u1ecdc ph\u00e2n t\u1eed, gi\u00fap c\u00e1c nh\u00e0 nghi\u00ean c\u1ee9u v\u00e0 chuy\u00ean gia x\u00e9t nghi\u1ec7m ph\u00e1t hi\u1ec7n nhanh v\u00e0 ch\u00ednh x\u00e1c s\u1ef1 hi\u1ec7n di\u1ec7n c\u1ee7a <em data-start=\"747\" data-end=\"765\">Acanthamoeba spp<\/em> trong m\u1eabu sinh h\u1ecdc.<\/p>\n<h3 data-start=\"794\" data-end=\"815\">\u01afu \u0111i\u1ec3m n\u1ed5i b\u1eadt<\/h3>\n<ul data-start=\"816\" data-end=\"1295\">\n<li data-start=\"816\" data-end=\"924\">\n<p data-start=\"818\" data-end=\"924\">\ud83d\udd2c <strong data-start=\"821\" data-end=\"841\">\u0110\u1ed9 ch\u00ednh x\u00e1c cao<\/strong>: C\u1eb7p m\u1ed3i v\u00e0 probe \u0111\u1eb7c hi\u1ec7u, c\u00f3 \u0111\u1ed9 t\u01b0\u01a1ng \u0111\u1ed3ng &gt;95% v\u1edbi b\u1ed9 gen <em data-start=\"903\" data-end=\"921\">Acanthamoeba spp<\/em>.<\/p>\n<\/li>\n<li data-start=\"925\" data-end=\"996\">\n<p data-start=\"927\" data-end=\"996\">\ud83d\udeab <strong data-start=\"930\" data-end=\"950\">Kh\u00f4ng nhi\u1ec5m ch\u00e9o<\/strong>: Kh\u00f4ng ph\u00e1t hi\u1ec7n nh\u1ea7m c\u00e1c chi g\u1ea7n g\u0169i kh\u00e1c.<\/p>\n<\/li>\n<li data-start=\"997\" data-end=\"1093\">\n<p data-start=\"999\" data-end=\"1093\">\ud83d\udcd1 <strong data-start=\"1002\" data-end=\"1030\">\u0110\u01b0\u1ee3c ki\u1ec3m ch\u1ee9ng khoa h\u1ecdc<\/strong>: Ph\u01b0\u01a1ng ph\u00e1p \u0111\u00e3 \u0111\u01b0\u1ee3c s\u1eed d\u1ee5ng trong nhi\u1ec1u nghi\u00ean c\u1ee9u qu\u1ed1c t\u1ebf.<\/p>\n<\/li>\n<li data-start=\"1094\" data-end=\"1183\">\n<p data-start=\"1096\" data-end=\"1183\">\u2714\ufe0f <strong data-start=\"1099\" data-end=\"1119\">\u0110\u1ed1i ch\u1ee9ng \u0111i k\u00e8m<\/strong>: C\u00f3 Positive Control, NTC v\u00e0 RNA Internal Extraction Control.<\/p>\n<\/li>\n<li data-start=\"1184\" data-end=\"1295\">\n<p data-start=\"1186\" data-end=\"1295\">\ud83d\udcca <strong data-start=\"1189\" data-end=\"1229\">H\u1ed7 tr\u1ee3 x\u00e1c nh\u1eadn qu\u00e1 tr\u00ecnh t\u00e1ch chi\u1ebft<\/strong>: C\u00f3 th\u1ec3 d\u00f9ng k\u00e8m kit ph\u00e1t hi\u1ec7n gen n\u1ed9i sinh \u0111\u1ec3 t\u0103ng \u0111\u1ed9 tin c\u1eady.<\/p>\n<\/li>\n<\/ul>\n<h3 data-start=\"1302\" data-end=\"1325\">Th\u00e0nh ph\u1ea7n b\u1ed9 kit<\/h3>\n<p data-start=\"1327\" data-end=\"1343\"><strong data-start=\"1327\" data-end=\"1341\">M\u00e3 MD06601<\/strong><\/p>\n<ul data-start=\"1344\" data-end=\"1564\">\n<li data-start=\"1344\" data-end=\"1395\">\n<p data-start=\"1346\" data-end=\"1395\">Lyo NZYSupreme One-step RT-qPCR Master Mix (2x)<\/p>\n<\/li>\n<li data-start=\"1396\" data-end=\"1440\">\n<p data-start=\"1398\" data-end=\"1440\">Dung d\u1ecbch ho\u00e0n nguy\u00ean master mix RT-qPCR<\/p>\n<\/li>\n<li data-start=\"1441\" data-end=\"1460\">\n<p data-start=\"1443\" data-end=\"1460\">Lyo PPMix (10x)<\/p>\n<\/li>\n<li data-start=\"1461\" data-end=\"1483\">\n<p data-start=\"1463\" data-end=\"1483\">\u0110\u1ed1i ch\u1ee9ng \u00e2m (NTC)<\/p>\n<\/li>\n<li data-start=\"1484\" data-end=\"1522\">\n<p data-start=\"1486\" data-end=\"1522\">\u0110\u1ed1i ch\u1ee9ng d\u01b0\u01a1ng (Positive Control)<\/p>\n<\/li>\n<li data-start=\"1523\" data-end=\"1564\">\n<p data-start=\"1525\" data-end=\"1564\">RNA Internal Extraction Control (IEC)<\/p>\n<\/li>\n<\/ul>\n<p data-start=\"1566\" data-end=\"1582\"><strong data-start=\"1566\" data-end=\"1580\">M\u00e3 MD06602<\/strong><\/p>\n<ul data-start=\"1583\" data-end=\"1733\">\n<li data-start=\"1583\" data-end=\"1598\">\n<p data-start=\"1585\" data-end=\"1598\">Lyo PMix 2x<\/p>\n<\/li>\n<li data-start=\"1599\" data-end=\"1629\">\n<p data-start=\"1601\" data-end=\"1629\">Dung d\u1ecbch ho\u00e0n nguy\u00ean PMix<\/p>\n<\/li>\n<li data-start=\"1630\" data-end=\"1652\">\n<p data-start=\"1632\" data-end=\"1652\">\u0110\u1ed1i ch\u1ee9ng \u00e2m (NTC)<\/p>\n<\/li>\n<li data-start=\"1653\" data-end=\"1691\">\n<p data-start=\"1655\" data-end=\"1691\">\u0110\u1ed1i ch\u1ee9ng d\u01b0\u01a1ng (Positive Control)<\/p>\n<\/li>\n<li data-start=\"1692\" data-end=\"1733\">\n<p data-start=\"1694\" data-end=\"1733\">RNA Internal Extraction Control (IEC)<\/p>\n<\/li>\n<\/ul>\n<h3 data-start=\"1740\" data-end=\"1763\">H\u01b0\u1edbng d\u1eabn s\u1eed d\u1ee5ng<\/h3>\n<ul data-start=\"1764\" data-end=\"1967\">\n<li data-start=\"1764\" data-end=\"1824\">\n<p data-start=\"1766\" data-end=\"1824\">Ch\u1ec9 s\u1eed d\u1ee5ng trong <strong data-start=\"1784\" data-end=\"1821\">ph\u00f2ng th\u00ed nghi\u1ec7m sinh h\u1ecdc ph\u00e2n t\u1eed<\/strong>.<\/p>\n<\/li>\n<li data-start=\"1825\" data-end=\"1880\">\n<p data-start=\"1827\" data-end=\"1880\">D\u00e0nh cho ng\u01b0\u1eddi d\u00f9ng \u0111\u00e3 \u0111\u01b0\u1ee3c <strong data-start=\"1855\" data-end=\"1877\">\u0111\u00e0o t\u1ea1o chuy\u00ean m\u00f4n<\/strong>.<\/p>\n<\/li>\n<li data-start=\"1881\" data-end=\"1967\">\n<p data-start=\"1883\" data-end=\"1967\">Tham kh\u1ea3o website NZYtech ho\u1eb7c li\u00ean h\u1ec7 tr\u1ef1c ti\u1ebfp \u0111\u1ec3 \u0111\u01b0\u1ee3c h\u1ed7 tr\u1ee3 k\u1ef9 thu\u1eadt chi ti\u1ebft.<\/p>\n<\/li>\n<\/ul>\n<p data-start=\"1969\" data-end=\"2051\">\ud83d\udce9 <strong data-start=\"1972\" data-end=\"2005\">Li\u00ean h\u1ec7 \u0111\u1ec3 b\u00e1o gi\u00e1 v\u00e0 t\u01b0 v\u1ea5n:<\/strong> <a class=\"decorated-link cursor-pointer\" rel=\"noopener\" data-start=\"2006\" data-end=\"2049\">sales@biosciences.com<\/a><\/p>\n","protected":false},"excerpt":{"rendered":"<p>B\u1ed9 kit qPCR ph\u00e1t hi\u1ec7n Acanthamoeba spp M\u00f4 t\u1ea3 s\u1ea3n ph\u1ea9m Acanthamoeba l\u00e0 m\u1ed9t chi am\u00edp th\u01b0\u1eddng xu\u1ea5t hi\u1ec7n trong \u0111\u1ea5t, n\u01b0\u1edbc ng\u1ecdt v\u00e0 m\u00f4i tr\u01b0\u1eddng t\u1ef1 nhi\u00ean. B\u00ecnh th\u01b0\u1eddng ch\u00fang s\u1ed1ng t\u1ef1 do, nh\u01b0ng trong m\u1ed9t s\u1ed1 tr\u01b0\u1eddng h\u1ee3p c\u00f3 th\u1ec3 g\u00e2y b\u1ec7nh nguy hi\u1ec3m (acanthamebiasis) \u1edf ng\u01b0\u1eddi v\u00e0 \u0111\u1ed9ng v\u1eadt. B\u1ed9 kit qPCR [&hellip;]<\/p>\n","protected":false},"featured_media":6394,"comment_status":"open","ping_status":"closed","template":"","meta":[],"pwb-brand":[933],"product_cat":[437,846,854],"product_tag":[969],"class_list":{"0":"post-7000","1":"product","2":"type-product","3":"status-publish","4":"has-post-thumbnail","6":"pwb-brand-nzytech","7":"product_cat-chan-doan-lam-sang","8":"product_cat-hoa-chat-chan-doan-phan-tu","9":"product_cat-pcr-qpcr","10":"product_tag-predesigned-qpcr-assays","12":"first","13":"onbackorder","14":"shipping-taxable","15":"purchasable","16":"product-type-simple"},"yoast_head":"<!-- This site is optimized with the Yoast SEO plugin v23.6 - https:\/\/yoast.com\/wordpress\/plugins\/seo\/ -->\n<title>Acanthamoeba spp qPCR Kit (MD04982) - Biosciences<\/title>\n<meta name=\"robots\" content=\"index, follow, max-snippet:-1, max-image-preview:large, max-video-preview:-1\" \/>\n<link rel=\"canonical\" href=\"https:\/\/biosciences.vn\/index.php\/product\/acanthamoeba-spp-qpcr-kit-2\/\" \/>\n<meta property=\"og:locale\" content=\"en_US\" \/>\n<meta property=\"og:type\" content=\"article\" \/>\n<meta property=\"og:title\" content=\"Acanthamoeba spp qPCR Kit (MD04982) - Biosciences\" \/>\n<meta property=\"og:description\" content=\"B\u1ed9 kit qPCR ph\u00e1t hi\u1ec7n Acanthamoeba spp M\u00f4 t\u1ea3 s\u1ea3n ph\u1ea9m Acanthamoeba l\u00e0 m\u1ed9t chi am\u00edp th\u01b0\u1eddng xu\u1ea5t hi\u1ec7n trong \u0111\u1ea5t, n\u01b0\u1edbc ng\u1ecdt v\u00e0 m\u00f4i tr\u01b0\u1eddng t\u1ef1 nhi\u00ean. B\u00ecnh th\u01b0\u1eddng ch\u00fang s\u1ed1ng t\u1ef1 do, nh\u01b0ng trong m\u1ed9t s\u1ed1 tr\u01b0\u1eddng h\u1ee3p c\u00f3 th\u1ec3 g\u00e2y b\u1ec7nh nguy hi\u1ec3m (acanthamebiasis) \u1edf ng\u01b0\u1eddi v\u00e0 \u0111\u1ed9ng v\u1eadt. B\u1ed9 kit qPCR [&hellip;]\" \/>\n<meta property=\"og:url\" content=\"https:\/\/biosciences.vn\/index.php\/product\/acanthamoeba-spp-qpcr-kit-2\/\" \/>\n<meta property=\"og:site_name\" content=\"Biosciences\" \/>\n<meta property=\"article:modified_time\" content=\"2025-08-29T07:57:20+00:00\" \/>\n<meta property=\"og:image\" content=\"https:\/\/biosciences.vn\/wp-content\/uploads\/2024\/10\/NZYtech-.jpg\" \/>\n\t<meta property=\"og:image:width\" content=\"700\" \/>\n\t<meta property=\"og:image:height\" content=\"700\" \/>\n\t<meta property=\"og:image:type\" content=\"image\/jpeg\" \/>\n<meta name=\"twitter:card\" content=\"summary_large_image\" \/>\n<meta name=\"twitter:label1\" content=\"Est. reading time\" \/>\n\t<meta name=\"twitter:data1\" content=\"2 minutes\" \/>\n<script type=\"application\/ld+json\" class=\"yoast-schema-graph\">{\"@context\":\"https:\/\/schema.org\",\"@graph\":[{\"@type\":\"WebPage\",\"@id\":\"https:\/\/biosciences.vn\/index.php\/product\/acanthamoeba-spp-qpcr-kit-2\/\",\"url\":\"https:\/\/biosciences.vn\/index.php\/product\/acanthamoeba-spp-qpcr-kit-2\/\",\"name\":\"Acanthamoeba spp qPCR Kit (MD04982) - Biosciences\",\"isPartOf\":{\"@id\":\"https:\/\/biosciences.vn\/#website\"},\"primaryImageOfPage\":{\"@id\":\"https:\/\/biosciences.vn\/index.php\/product\/acanthamoeba-spp-qpcr-kit-2\/#primaryimage\"},\"image\":{\"@id\":\"https:\/\/biosciences.vn\/index.php\/product\/acanthamoeba-spp-qpcr-kit-2\/#primaryimage\"},\"thumbnailUrl\":\"https:\/\/biosciences.vn\/wp-content\/uploads\/2024\/10\/NZYtech-.jpg\",\"datePublished\":\"2025-08-29T07:30:15+00:00\",\"dateModified\":\"2025-08-29T07:57:20+00:00\",\"breadcrumb\":{\"@id\":\"https:\/\/biosciences.vn\/index.php\/product\/acanthamoeba-spp-qpcr-kit-2\/#breadcrumb\"},\"inLanguage\":\"en-US\",\"potentialAction\":[{\"@type\":\"ReadAction\",\"target\":[\"https:\/\/biosciences.vn\/index.php\/product\/acanthamoeba-spp-qpcr-kit-2\/\"]}]},{\"@type\":\"ImageObject\",\"inLanguage\":\"en-US\",\"@id\":\"https:\/\/biosciences.vn\/index.php\/product\/acanthamoeba-spp-qpcr-kit-2\/#primaryimage\",\"url\":\"https:\/\/biosciences.vn\/wp-content\/uploads\/2024\/10\/NZYtech-.jpg\",\"contentUrl\":\"https:\/\/biosciences.vn\/wp-content\/uploads\/2024\/10\/NZYtech-.jpg\",\"width\":700,\"height\":700},{\"@type\":\"BreadcrumbList\",\"@id\":\"https:\/\/biosciences.vn\/index.php\/product\/acanthamoeba-spp-qpcr-kit-2\/#breadcrumb\",\"itemListElement\":[{\"@type\":\"ListItem\",\"position\":1,\"name\":\"Trang ch\u1ee7\",\"item\":\"https:\/\/biosciences.vn\/index.php\/en\/home\/\"},{\"@type\":\"ListItem\",\"position\":2,\"name\":\"Shop\",\"item\":\"https:\/\/biosciences.vn\/index.php\/shop\/\"},{\"@type\":\"ListItem\",\"position\":3,\"name\":\"Acanthamoeba spp qPCR Kit (MD04982)\"}]},{\"@type\":\"WebSite\",\"@id\":\"https:\/\/biosciences.vn\/#website\",\"url\":\"https:\/\/biosciences.vn\/\",\"name\":\"Biosciences\",\"description\":\"\",\"publisher\":{\"@id\":\"https:\/\/biosciences.vn\/#organization\"},\"potentialAction\":[{\"@type\":\"SearchAction\",\"target\":{\"@type\":\"EntryPoint\",\"urlTemplate\":\"https:\/\/biosciences.vn\/?s={search_term_string}\"},\"query-input\":{\"@type\":\"PropertyValueSpecification\",\"valueRequired\":true,\"valueName\":\"search_term_string\"}}],\"inLanguage\":\"en-US\"},{\"@type\":\"Organization\",\"@id\":\"https:\/\/biosciences.vn\/#organization\",\"name\":\"Biosciences\",\"url\":\"https:\/\/biosciences.vn\/\",\"logo\":{\"@type\":\"ImageObject\",\"inLanguage\":\"en-US\",\"@id\":\"https:\/\/biosciences.vn\/#\/schema\/logo\/image\/\",\"url\":\"https:\/\/biosciences.vn\/wp-content\/uploads\/2024\/04\/LOGO-BIOSCIENCES-PNG.png\",\"contentUrl\":\"https:\/\/biosciences.vn\/wp-content\/uploads\/2024\/04\/LOGO-BIOSCIENCES-PNG.png\",\"width\":2536,\"height\":638,\"caption\":\"Biosciences\"},\"image\":{\"@id\":\"https:\/\/biosciences.vn\/#\/schema\/logo\/image\/\"}}]}<\/script>\n<!-- \/ Yoast SEO plugin. -->","yoast_head_json":{"title":"Acanthamoeba spp qPCR Kit (MD04982) - Biosciences","robots":{"index":"index","follow":"follow","max-snippet":"max-snippet:-1","max-image-preview":"max-image-preview:large","max-video-preview":"max-video-preview:-1"},"canonical":"https:\/\/biosciences.vn\/index.php\/product\/acanthamoeba-spp-qpcr-kit-2\/","og_locale":"en_US","og_type":"article","og_title":"Acanthamoeba spp qPCR Kit (MD04982) - Biosciences","og_description":"B\u1ed9 kit qPCR ph\u00e1t hi\u1ec7n Acanthamoeba spp M\u00f4 t\u1ea3 s\u1ea3n ph\u1ea9m Acanthamoeba l\u00e0 m\u1ed9t chi am\u00edp th\u01b0\u1eddng xu\u1ea5t hi\u1ec7n trong \u0111\u1ea5t, n\u01b0\u1edbc ng\u1ecdt v\u00e0 m\u00f4i tr\u01b0\u1eddng t\u1ef1 nhi\u00ean. B\u00ecnh th\u01b0\u1eddng ch\u00fang s\u1ed1ng t\u1ef1 do, nh\u01b0ng trong m\u1ed9t s\u1ed1 tr\u01b0\u1eddng h\u1ee3p c\u00f3 th\u1ec3 g\u00e2y b\u1ec7nh nguy hi\u1ec3m (acanthamebiasis) \u1edf ng\u01b0\u1eddi v\u00e0 \u0111\u1ed9ng v\u1eadt. B\u1ed9 kit qPCR [&hellip;]","og_url":"https:\/\/biosciences.vn\/index.php\/product\/acanthamoeba-spp-qpcr-kit-2\/","og_site_name":"Biosciences","article_modified_time":"2025-08-29T07:57:20+00:00","og_image":[{"width":700,"height":700,"url":"https:\/\/biosciences.vn\/wp-content\/uploads\/2024\/10\/NZYtech-.jpg","type":"image\/jpeg"}],"twitter_card":"summary_large_image","twitter_misc":{"Est. reading time":"2 minutes"},"schema":{"@context":"https:\/\/schema.org","@graph":[{"@type":"WebPage","@id":"https:\/\/biosciences.vn\/index.php\/product\/acanthamoeba-spp-qpcr-kit-2\/","url":"https:\/\/biosciences.vn\/index.php\/product\/acanthamoeba-spp-qpcr-kit-2\/","name":"Acanthamoeba spp qPCR Kit (MD04982) - Biosciences","isPartOf":{"@id":"https:\/\/biosciences.vn\/#website"},"primaryImageOfPage":{"@id":"https:\/\/biosciences.vn\/index.php\/product\/acanthamoeba-spp-qpcr-kit-2\/#primaryimage"},"image":{"@id":"https:\/\/biosciences.vn\/index.php\/product\/acanthamoeba-spp-qpcr-kit-2\/#primaryimage"},"thumbnailUrl":"https:\/\/biosciences.vn\/wp-content\/uploads\/2024\/10\/NZYtech-.jpg","datePublished":"2025-08-29T07:30:15+00:00","dateModified":"2025-08-29T07:57:20+00:00","breadcrumb":{"@id":"https:\/\/biosciences.vn\/index.php\/product\/acanthamoeba-spp-qpcr-kit-2\/#breadcrumb"},"inLanguage":"en-US","potentialAction":[{"@type":"ReadAction","target":["https:\/\/biosciences.vn\/index.php\/product\/acanthamoeba-spp-qpcr-kit-2\/"]}]},{"@type":"ImageObject","inLanguage":"en-US","@id":"https:\/\/biosciences.vn\/index.php\/product\/acanthamoeba-spp-qpcr-kit-2\/#primaryimage","url":"https:\/\/biosciences.vn\/wp-content\/uploads\/2024\/10\/NZYtech-.jpg","contentUrl":"https:\/\/biosciences.vn\/wp-content\/uploads\/2024\/10\/NZYtech-.jpg","width":700,"height":700},{"@type":"BreadcrumbList","@id":"https:\/\/biosciences.vn\/index.php\/product\/acanthamoeba-spp-qpcr-kit-2\/#breadcrumb","itemListElement":[{"@type":"ListItem","position":1,"name":"Trang ch\u1ee7","item":"https:\/\/biosciences.vn\/index.php\/en\/home\/"},{"@type":"ListItem","position":2,"name":"Shop","item":"https:\/\/biosciences.vn\/index.php\/shop\/"},{"@type":"ListItem","position":3,"name":"Acanthamoeba spp qPCR Kit (MD04982)"}]},{"@type":"WebSite","@id":"https:\/\/biosciences.vn\/#website","url":"https:\/\/biosciences.vn\/","name":"Biosciences","description":"","publisher":{"@id":"https:\/\/biosciences.vn\/#organization"},"potentialAction":[{"@type":"SearchAction","target":{"@type":"EntryPoint","urlTemplate":"https:\/\/biosciences.vn\/?s={search_term_string}"},"query-input":{"@type":"PropertyValueSpecification","valueRequired":true,"valueName":"search_term_string"}}],"inLanguage":"en-US"},{"@type":"Organization","@id":"https:\/\/biosciences.vn\/#organization","name":"Biosciences","url":"https:\/\/biosciences.vn\/","logo":{"@type":"ImageObject","inLanguage":"en-US","@id":"https:\/\/biosciences.vn\/#\/schema\/logo\/image\/","url":"https:\/\/biosciences.vn\/wp-content\/uploads\/2024\/04\/LOGO-BIOSCIENCES-PNG.png","contentUrl":"https:\/\/biosciences.vn\/wp-content\/uploads\/2024\/04\/LOGO-BIOSCIENCES-PNG.png","width":2536,"height":638,"caption":"Biosciences"},"image":{"@id":"https:\/\/biosciences.vn\/#\/schema\/logo\/image\/"}}]}},"brands":[{"id":933,"name":"NZYtech","slug":"nzytech"}],"_links":{"self":[{"href":"https:\/\/biosciences.vn\/index.php\/wp-json\/wp\/v2\/product\/7000"}],"collection":[{"href":"https:\/\/biosciences.vn\/index.php\/wp-json\/wp\/v2\/product"}],"about":[{"href":"https:\/\/biosciences.vn\/index.php\/wp-json\/wp\/v2\/types\/product"}],"replies":[{"embeddable":true,"href":"https:\/\/biosciences.vn\/index.php\/wp-json\/wp\/v2\/comments?post=7000"}],"wp:featuredmedia":[{"embeddable":true,"href":"https:\/\/biosciences.vn\/index.php\/wp-json\/wp\/v2\/media\/6394"}],"wp:attachment":[{"href":"https:\/\/biosciences.vn\/index.php\/wp-json\/wp\/v2\/media?parent=7000"}],"wp:term":[{"taxonomy":"pwb-brand","embeddable":true,"href":"https:\/\/biosciences.vn\/index.php\/wp-json\/wp\/v2\/pwb-brand?post=7000"},{"taxonomy":"product_cat","embeddable":true,"href":"https:\/\/biosciences.vn\/index.php\/wp-json\/wp\/v2\/product_cat?post=7000"},{"taxonomy":"product_tag","embeddable":true,"href":"https:\/\/biosciences.vn\/index.php\/wp-json\/wp\/v2\/product_tag?post=7000"}],"curies":[{"name":"wp","href":"https:\/\/api.w.org\/{rel}","templated":true}]}}